{"id":16065,"date":"2019-03-01T11:17:27","date_gmt":"2019-03-01T10:17:27","guid":{"rendered":"http:\/\/agora.xtec.cat\/ieportalbatea\/?page_id=16065"},"modified":"2026-04-08T13:48:13","modified_gmt":"2026-04-08T11:48:13","slug":"circulars","status":"publish","type":"page","link":"https:\/\/agora.xtec.cat\/ieportalbatea\/circulars\/","title":{"rendered":"CIRCULARS"},"content":{"rendered":"<p style=\"text-align: center;\">Canal de comunicaci\u00f3 fam\u00edlia-escola que publica mensualment les novetats del dia a dia escolar. La intenci\u00f3 \u00e9s que tota la comunitat educativa estigui assabentada de les coses que hi passen.<\/p>\n<p style=\"text-align: center;\"><a href=\"https:\/\/agora.xtec.cat\/ieportalbatea\/wp-content\/uploads\/usu92\/2026\/01\/DESEMBRE.pdf\">DESEMBRE<\/a> 2025<\/p>\n<p style=\"text-align: center;\"><a href=\"https:\/\/agora.xtec.cat\/ieportalbatea\/wp-content\/uploads\/usu92\/2026\/01\/GENER-FAMILIES.pdf\">GENER FAM\u00cdLIES<\/a> 2026<\/p>\n<p style=\"text-align: center;\"><a href=\"https:\/\/agora.xtec.cat\/ieportalbatea\/wp-content\/uploads\/usu92\/2026\/01\/FEBRER-FAMILIES.pdf\">FEBRER FAM\u00cdLIES<\/a> 2026<\/p>\n<p style=\"text-align: center;\"><a href=\"https:\/\/agora.xtec.cat\/ieportalbatea\/wp-content\/uploads\/usu92\/2026\/03\/MARC-FAMILIES.pdf\">MAR\u00c7 FAM\u00cdLIES<\/a> 2026<\/p>\n<p style=\"text-align: center;\"><a href=\"https:\/\/agora.xtec.cat\/ieportalbatea\/wp-content\/uploads\/usu92\/2026\/04\/FAMILIES-ABRIL.pdf\">FAM\u00cdLIES ABRIL<\/a> 2026<\/p>\n<p>&nbsp;<\/p>\n<div style=\"text-align: center;\">\n<div><\/div>\n<div><\/div>\n<\/div>\n","protected":false},"excerpt":{"rendered":"<p>Canal de comunicaci\u00f3 fam\u00edlia-escola que publica mensualment les novetats del dia a dia escolar. La intenci\u00f3 \u00e9s que tota la comunitat educativa estigui assabentada de les coses que hi passen. DESEMBRE 2025 GENER FAM\u00cdLIES 2026 FEBRER FAM\u00cdLIES 2026 MAR\u00c7 FAM\u00cdLIES 2026 FAM\u00cdLIES ABRIL 2026 &nbsp;<\/p>\n","protected":false},"author":1,"featured_media":0,"parent":0,"menu_order":0,"comment_status":"closed","ping_status":"closed","template":"","meta":{"_bbp_topic_count":0,"_bbp_reply_count":0,"_bbp_total_topic_count":0,"_bbp_total_reply_count":0,"_bbp_voice_count":0,"_bbp_anonymous_reply_count":0,"_bbp_topic_count_hidden":0,"_bbp_reply_count_hidden":0,"_bbp_forum_subforum_count":0,"site-sidebar-layout":"default","site-content-layout":"","ast-site-content-layout":"default","site-content-style":"default","site-sidebar-style":"default","ast-global-header-display":"","ast-banner-title-visibility":"","ast-main-header-display":"","ast-hfb-above-header-display":"","ast-hfb-below-header-display":"","ast-hfb-mobile-header-display":"","site-post-title":"","ast-breadcrumbs-content":"","ast-featured-img":"","footer-sml-layout":"","theme-transparent-header-meta":"default","adv-header-id-meta":"","stick-header-meta":"","header-above-stick-meta":"","header-main-stick-meta":"","header-below-stick-meta":"","astra-migrate-meta-layouts":"set","ast-page-background-enabled":"default","ast-page-background-meta":{"desktop":{"background-color":"var(--ast-global-color-4)","background-image":"","background-repeat":"repeat","background-position":"center center","background-size":"auto","background-attachment":"scroll","background-type":"","background-media":"","overlay-type":"","overlay-color":"","overlay-opacity":"","overlay-gradient":""},"tablet":{"background-color":"","background-image":"","background-repeat":"repeat","background-position":"center center","background-size":"auto","background-attachment":"scroll","background-type":"","background-media":"","overlay-type":"","overlay-color":"","overlay-opacity":"","overlay-gradient":""},"mobile":{"background-color":"","background-image":"","background-repeat":"repeat","background-position":"center center","background-size":"auto","background-attachment":"scroll","background-type":"","background-media":"","overlay-type":"","overlay-color":"","overlay-opacity":"","overlay-gradient":""}},"ast-content-background-meta":{"desktop":{"background-color":"var(--ast-global-color-5)","background-image":"","background-repeat":"repeat","background-position":"center center","background-size":"auto","background-attachment":"scroll","background-type":"","background-media":"","overlay-type":"","overlay-color":"","overlay-opacity":"","overlay-gradient":""},"tablet":{"background-color":"var(--ast-global-color-5)","background-image":"","background-repeat":"repeat","background-position":"center center","background-size":"auto","background-attachment":"scroll","background-type":"","background-media":"","overlay-type":"","overlay-color":"","overlay-opacity":"","overlay-gradient":""},"mobile":{"background-color":"var(--ast-global-color-5)","background-image":"","background-repeat":"repeat","background-position":"center center","background-size":"auto","background-attachment":"scroll","background-type":"","background-media":"","overlay-type":"","overlay-color":"","overlay-opacity":"","overlay-gradient":""}},"footnotes":""},"class_list":["post-16065","page","type-page","status-publish","hentry"],"post_mailing_queue_ids":[],"_links":{"self":[{"href":"https:\/\/agora.xtec.cat\/ieportalbatea\/wp-json\/wp\/v2\/pages\/16065","targetHints":{"allow":["GET"]}}],"collection":[{"href":"https:\/\/agora.xtec.cat\/ieportalbatea\/wp-json\/wp\/v2\/pages"}],"about":[{"href":"https:\/\/agora.xtec.cat\/ieportalbatea\/wp-json\/wp\/v2\/types\/page"}],"author":[{"embeddable":true,"href":"https:\/\/agora.xtec.cat\/ieportalbatea\/wp-json\/wp\/v2\/users\/1"}],"replies":[{"embeddable":true,"href":"https:\/\/agora.xtec.cat\/ieportalbatea\/wp-json\/wp\/v2\/comments?post=16065"}],"version-history":[{"count":7,"href":"https:\/\/agora.xtec.cat\/ieportalbatea\/wp-json\/wp\/v2\/pages\/16065\/revisions"}],"predecessor-version":[{"id":24163,"href":"https:\/\/agora.xtec.cat\/ieportalbatea\/wp-json\/wp\/v2\/pages\/16065\/revisions\/24163"}],"wp:attachment":[{"href":"https:\/\/agora.xtec.cat\/ieportalbatea\/wp-json\/wp\/v2\/media?parent=16065"}],"curies":[{"name":"wp","href":"https:\/\/api.w.org\/{rel}","templated":true}]}}