{"id":2672,"date":"2023-03-16T15:04:23","date_gmt":"2023-03-16T14:04:23","guid":{"rendered":"https:\/\/agora.xtec.cat\/iepompeufabra\/?page_id=2672"},"modified":"2023-03-17T13:58:09","modified_gmt":"2023-03-17T12:58:09","slug":"xarxa-de-transformacio-educativa-xtte","status":"publish","type":"page","link":"https:\/\/agora.xtec.cat\/iepompeufabra\/treball-en-xarxa\/xarxa-de-transformacio-educativa-xtte\/","title":{"rendered":"Xarxa de Transformaci\u00f3 Educativa (XTTE)"},"content":{"rendered":"<p>Des de l&#8217;Institut Escola Pompeu Fabra participem a la Xarxa de Transformaci\u00f3 Educativa (XTTE). Aquesta manera de treballar en xarxa \u00e9s una bona alternativa per integrar esfor\u00e7os, recursos i plans conjunts. Esdev\u00e9 un entorn de coneixement que ens ajuda a desenvolupar les compet\u00e8ncies col\u00b7laborant i compartint informaci\u00f3 entre nosaltres.<\/p>\n<p>Els objectius de la Xarxa s\u00f3n:<\/p>\n<p><img loading=\"lazy\" decoding=\"async\" class=\"aligncenter\" src=\"https:\/\/projectes.xtec.cat\/transformacioenxarxa\/wp-content\/uploads\/usu1468\/2020\/11\/Presentacio%CC%81-del-Lab-2020-21-6.jpg\" width=\"532\" height=\"299\" \/><\/p>\n","protected":false},"excerpt":{"rendered":"<p>Des de l&#8217;Institut Escola Pompeu Fabra participem a la Xarxa de Transformaci\u00f3 Educativa (XTTE). Aquesta manera de treballar en xarxa \u00e9s una bona alternativa per integrar esfor\u00e7os, recursos i plans conjunts. Esdev\u00e9 un entorn de coneixement que ens ajuda a desenvolupar les compet\u00e8ncies col\u00b7laborant i&hellip;  <a href=\"https:\/\/agora.xtec.cat\/iepompeufabra\/treball-en-xarxa\/xarxa-de-transformacio-educativa-xtte\/\" title=\"Read Xarxa de Transformaci\u00f3 Educativa (XTTE)\">Llegeix m\u00e9s\u00bb<\/a><\/p>\n","protected":false},"author":3,"featured_media":0,"parent":2668,"menu_order":0,"comment_status":"closed","ping_status":"closed","template":"page-templates\/side-menu.php","meta":{"_bbp_topic_count":0,"_bbp_reply_count":0,"_bbp_total_topic_count":0,"_bbp_total_reply_count":0,"_bbp_voice_count":0,"_bbp_anonymous_reply_count":0,"_bbp_topic_count_hidden":0,"_bbp_reply_count_hidden":0,"_bbp_forum_subforum_count":0,"footnotes":""},"class_list":["post-2672","page","type-page","status-publish","hentry"],"post_mailing_queue_ids":[],"_links":{"self":[{"href":"https:\/\/agora.xtec.cat\/iepompeufabra\/wp-json\/wp\/v2\/pages\/2672","targetHints":{"allow":["GET"]}}],"collection":[{"href":"https:\/\/agora.xtec.cat\/iepompeufabra\/wp-json\/wp\/v2\/pages"}],"about":[{"href":"https:\/\/agora.xtec.cat\/iepompeufabra\/wp-json\/wp\/v2\/types\/page"}],"author":[{"embeddable":true,"href":"https:\/\/agora.xtec.cat\/iepompeufabra\/wp-json\/wp\/v2\/users\/3"}],"replies":[{"embeddable":true,"href":"https:\/\/agora.xtec.cat\/iepompeufabra\/wp-json\/wp\/v2\/comments?post=2672"}],"version-history":[{"count":3,"href":"https:\/\/agora.xtec.cat\/iepompeufabra\/wp-json\/wp\/v2\/pages\/2672\/revisions"}],"predecessor-version":[{"id":2681,"href":"https:\/\/agora.xtec.cat\/iepompeufabra\/wp-json\/wp\/v2\/pages\/2672\/revisions\/2681"}],"up":[{"embeddable":true,"href":"https:\/\/agora.xtec.cat\/iepompeufabra\/wp-json\/wp\/v2\/pages\/2668"}],"wp:attachment":[{"href":"https:\/\/agora.xtec.cat\/iepompeufabra\/wp-json\/wp\/v2\/media?parent=2672"}],"curies":[{"name":"wp","href":"https:\/\/api.w.org\/{rel}","templated":true}]}}