{"id":2508,"date":"2023-02-03T09:37:05","date_gmt":"2023-02-03T08:37:05","guid":{"rendered":"https:\/\/agora.xtec.cat\/iepompeufabra\/?page_id=2508"},"modified":"2023-10-03T09:48:12","modified_gmt":"2023-10-03T07:48:12","slug":"transport-escolar","status":"publish","type":"page","link":"https:\/\/agora.xtec.cat\/iepompeufabra\/serveis\/transport-escolar\/","title":{"rendered":"Transport escolar"},"content":{"rendered":"<p><img loading=\"lazy\" decoding=\"async\" class=\"aligncenter size-full wp-image-2851\" src=\"https:\/\/agora.xtec.cat\/iepompeufabra\/wp-content\/uploads\/usu1689\/2023\/10\/Escut-tipografia-inferior.jpg\" alt=\"\" width=\"1021\" height=\"292\" srcset=\"https:\/\/agora.xtec.cat\/iepompeufabra\/wp-content\/uploads\/usu1689\/2023\/10\/Escut-tipografia-inferior.jpg 1021w, https:\/\/agora.xtec.cat\/iepompeufabra\/wp-content\/uploads\/usu1689\/2023\/10\/Escut-tipografia-inferior-300x86.jpg 300w, https:\/\/agora.xtec.cat\/iepompeufabra\/wp-content\/uploads\/usu1689\/2023\/10\/Escut-tipografia-inferior-768x220.jpg 768w\" sizes=\"auto, (max-width: 1021px) 100vw, 1021px\" \/><\/p>\n<p>Per m\u00e9s informaci\u00f3 cliqueu el seg\u00fcent <a href=\"https:\/\/www.ccbages.cat\/educacioicultura\/educacio\/transport\/\">enlla\u00e7<\/a><\/p>\n","protected":false},"excerpt":{"rendered":"<p>Per m\u00e9s informaci\u00f3 cliqueu el seg\u00fcent <a href=\"https:\/\/www.ccbages.cat\/educacioicultura\/educacio\/transport\/\">enlla\u00e7<\/a><\/p>\n","protected":false},"author":3,"featured_media":0,"parent":66,"menu_order":0,"comment_status":"closed","ping_status":"closed","template":"page-templates\/side-menu.php","meta":{"_bbp_topic_count":0,"_bbp_reply_count":0,"_bbp_total_topic_count":0,"_bbp_total_reply_count":0,"_bbp_voice_count":0,"_bbp_anonymous_reply_count":0,"_bbp_topic_count_hidden":0,"_bbp_reply_count_hidden":0,"_bbp_forum_subforum_count":0,"footnotes":""},"class_list":["post-2508","page","type-page","status-publish","hentry"],"post_mailing_queue_ids":[],"_links":{"self":[{"href":"https:\/\/agora.xtec.cat\/iepompeufabra\/wp-json\/wp\/v2\/pages\/2508","targetHints":{"allow":["GET"]}}],"collection":[{"href":"https:\/\/agora.xtec.cat\/iepompeufabra\/wp-json\/wp\/v2\/pages"}],"about":[{"href":"https:\/\/agora.xtec.cat\/iepompeufabra\/wp-json\/wp\/v2\/types\/page"}],"author":[{"embeddable":true,"href":"https:\/\/agora.xtec.cat\/iepompeufabra\/wp-json\/wp\/v2\/users\/3"}],"replies":[{"embeddable":true,"href":"https:\/\/agora.xtec.cat\/iepompeufabra\/wp-json\/wp\/v2\/comments?post=2508"}],"version-history":[{"count":3,"href":"https:\/\/agora.xtec.cat\/iepompeufabra\/wp-json\/wp\/v2\/pages\/2508\/revisions"}],"predecessor-version":[{"id":2853,"href":"https:\/\/agora.xtec.cat\/iepompeufabra\/wp-json\/wp\/v2\/pages\/2508\/revisions\/2853"}],"up":[{"embeddable":true,"href":"https:\/\/agora.xtec.cat\/iepompeufabra\/wp-json\/wp\/v2\/pages\/66"}],"wp:attachment":[{"href":"https:\/\/agora.xtec.cat\/iepompeufabra\/wp-json\/wp\/v2\/media?parent=2508"}],"curies":[{"name":"wp","href":"https:\/\/api.w.org\/{rel}","templated":true}]}}