{"id":2345,"date":"2022-04-27T16:26:12","date_gmt":"2022-04-27T14:26:12","guid":{"rendered":"https:\/\/agora.xtec.cat\/iepompeufabra\/?page_id=2345"},"modified":"2023-04-14T09:03:22","modified_gmt":"2023-04-14T07:03:22","slug":"edc-estrategia-digital-de-centre","status":"publish","type":"page","link":"https:\/\/agora.xtec.cat\/iepompeufabra\/edc-estrategia-digital-de-centre\/","title":{"rendered":"EDC. Estrat\u00e8gia digital de centre"},"content":{"rendered":"<p>Els canvis tecnol\u00f2gics es produeixen cada cop a un ritme m\u00e9s accelerat. Tecnologies digitals que apareixen i d\u2019altres que deixen de ser utilitzades. Els centres educatius no s\u00f3n aliens a aquest ritme. Ben al contrari, hi s\u00f3n immersos i no poden desvincular-se\u2019n. Les eines digitals permeten no sols tenir els estudiants com a receptors d\u2019aprenentatge sin\u00f3 incrementar exponencialment les possibilitats creatives. Per tant, les tecnologies digitals poden tenir un impacte favorable en l\u2019aprenentatge dels alumnes si s\u2019utilitzen de manera adequada, amb objectius clars i definits. Definir clarament quina estrat\u00e8gia vol seguir un centre vers aquestes tecnologies digitals, l\u2019ajudar\u00e0 a treure\u2019n el m\u00e0xim profit educatiu.<\/p>\n<p><a href=\"https:\/\/educacio.gencat.cat\/web\/.content\/home\/departament\/publicacions\/colleccions\/pla-educacio-digital\/estrategia-digital-centre\/estrategia-digital-centre.pdf\" rel=\"noopener\" target=\"_blank\">Estrat\u00e8gia digital de centre<\/a><\/p>\n<p>L\u2019EDC t\u00e9, b\u00e0sicament dues parts. Una primera part que \u00e9s m\u00e9s estrat\u00e8gica (objectius, activitats, planificaci\u00f3, etc.), on es defineix on vol arribar el centre digitalment parlant. La segona part mostra la cultura digital, ja que \u00e9s on es va recollint el que el centre ja t\u00e9 establert en aquest sentit.<\/p>\n<p><a href=\"https:\/\/projectes.xtec.cat\/edc-suport\/continguts-de-ledc\/\" rel=\"noopener\" target=\"_blank\">Continguts de l&#8217; Estrat\u00e8gia digital de centre<\/a><\/p>\n","protected":false},"excerpt":{"rendered":"<p>Els canvis tecnol\u00f2gics es produeixen cada cop a un ritme m\u00e9s accelerat. Tecnologies digitals que apareixen i d\u2019altres que deixen de ser utilitzades. Els centres educatius no s\u00f3n aliens a aquest ritme. Ben al contrari, hi s\u00f3n immersos i no poden desvincular-se\u2019n. Les eines digitals&hellip;  <a href=\"https:\/\/agora.xtec.cat\/iepompeufabra\/edc-estrategia-digital-de-centre\/\" title=\"Read EDC. Estrat\u00e8gia digital de centre\">Llegeix m\u00e9s\u00bb<\/a><\/p>\n","protected":false},"author":1,"featured_media":0,"parent":0,"menu_order":0,"comment_status":"closed","ping_status":"closed","template":"page-templates\/side-menu.php","meta":{"_bbp_topic_count":0,"_bbp_reply_count":0,"_bbp_total_topic_count":0,"_bbp_total_reply_count":0,"_bbp_voice_count":0,"_bbp_anonymous_reply_count":0,"_bbp_topic_count_hidden":0,"_bbp_reply_count_hidden":0,"_bbp_forum_subforum_count":0,"footnotes":""},"class_list":["post-2345","page","type-page","status-publish","hentry"],"post_mailing_queue_ids":[],"_links":{"self":[{"href":"https:\/\/agora.xtec.cat\/iepompeufabra\/wp-json\/wp\/v2\/pages\/2345","targetHints":{"allow":["GET"]}}],"collection":[{"href":"https:\/\/agora.xtec.cat\/iepompeufabra\/wp-json\/wp\/v2\/pages"}],"about":[{"href":"https:\/\/agora.xtec.cat\/iepompeufabra\/wp-json\/wp\/v2\/types\/page"}],"author":[{"embeddable":true,"href":"https:\/\/agora.xtec.cat\/iepompeufabra\/wp-json\/wp\/v2\/users\/1"}],"replies":[{"embeddable":true,"href":"https:\/\/agora.xtec.cat\/iepompeufabra\/wp-json\/wp\/v2\/comments?post=2345"}],"version-history":[{"count":3,"href":"https:\/\/agora.xtec.cat\/iepompeufabra\/wp-json\/wp\/v2\/pages\/2345\/revisions"}],"predecessor-version":[{"id":2714,"href":"https:\/\/agora.xtec.cat\/iepompeufabra\/wp-json\/wp\/v2\/pages\/2345\/revisions\/2714"}],"wp:attachment":[{"href":"https:\/\/agora.xtec.cat\/iepompeufabra\/wp-json\/wp\/v2\/media?parent=2345"}],"curies":[{"name":"wp","href":"https:\/\/api.w.org\/{rel}","templated":true}]}}