{"id":1608,"date":"2020-06-03T19:17:17","date_gmt":"2020-06-03T17:17:17","guid":{"rendered":"https:\/\/agora.xtec.cat\/iepompeufabra\/?page_id=1608"},"modified":"2023-02-06T13:20:42","modified_gmt":"2023-02-06T12:20:42","slug":"ampa","status":"publish","type":"page","link":"https:\/\/agora.xtec.cat\/iepompeufabra\/ampa\/","title":{"rendered":"AMPA"},"content":{"rendered":"<p><span style=\"font-size: medium;\">A aquells que comenceu el vostre cam\u00ed en el m\u00f3n escolar us donem la benvinguda i a aquells que ja porteu un tros recorregut ens alegrem de retrobar-vos, som l&#8217;AMPA, l&#8217;Associaci\u00f3 de Mares i Pares de l&#8217;escola POMPEU FABRA.<br \/>\nSom una associaci\u00f3 sense \u00e0nim de lucre on tots hi teniu cabuda.<br \/>\nMantenint un di\u00e0leg, col\u00b7laborem amb els diversos sectors de la comunitat educativa, pretenem ajudar a l&#8217;escola en la dif\u00edcil tasca d&#8217;educar els nostres infants.<br \/>\nTamb\u00e9 organitzem les activitats extraescolars, col\u00b7laborem amb les festes de l&#8217;escola , amb la festa major del poble, esmorzars a l&#8217;escola,&#8230;<br \/>\nMitjan\u00e7ant la quota anual de 20 \u20ac (2100 1408 94 0200022708) participeu com a socis i feu possible la nostra tasca.<br \/>\nNom\u00e9s ens queda convidar-vos a assistir als actes i reunions on la participaci\u00f3 activa dels pares i mares ens ajudar\u00e0 a tots en la nostra tasca, aix\u00ed com la sempre ben agra\u00efda col\u00b7laboraci\u00f3 puntual en les diverses activitats que realitzem al llarg del curs.<br \/>\nAmb una fam\u00edlia activa i col\u00b7laboradora ensenyarem als nostres infants un grapat de valors que els seran molt profitosos en el futur.<br \/>\nA continuaci\u00f3 teniu el llistat de la junta i vocals, pares i mares d&#8217;alumnes que estarem encantats d&#8217;escoltar les vostres inquietuds i\/o sugger\u00e8ncies. Tamb\u00e9 ens les podeu fer arribar a <i><b>ampapontdevilomara@gmail.com<\/b>.<\/i><\/span><\/p>\n","protected":false},"excerpt":{"rendered":"<p>A aquells que comenceu el vostre cam\u00ed en el m\u00f3n escolar us donem la benvinguda i a aquells que ja porteu un tros recorregut ens alegrem de retrobar-vos, som l&#8217;AMPA, l&#8217;Associaci\u00f3 de Mares i Pares de l&#8217;escola POMPEU FABRA.<br \/>\nSom una associaci\u00f3 sense \u00e0nim de lucre&hellip;  <a href=\"https:\/\/agora.xtec.cat\/iepompeufabra\/ampa\/\" title=\"Read AMPA\">Llegeix m\u00e9s\u00bb<\/a><\/p>\n","protected":false},"author":1,"featured_media":0,"parent":0,"menu_order":6,"comment_status":"closed","ping_status":"closed","template":"page-templates\/side-menu.php","meta":{"_bbp_topic_count":0,"_bbp_reply_count":0,"_bbp_total_topic_count":0,"_bbp_total_reply_count":0,"_bbp_voice_count":0,"_bbp_anonymous_reply_count":0,"_bbp_topic_count_hidden":0,"_bbp_reply_count_hidden":0,"_bbp_forum_subforum_count":0,"footnotes":""},"class_list":["post-1608","page","type-page","status-publish","hentry"],"post_mailing_queue_ids":[],"_links":{"self":[{"href":"https:\/\/agora.xtec.cat\/iepompeufabra\/wp-json\/wp\/v2\/pages\/1608","targetHints":{"allow":["GET"]}}],"collection":[{"href":"https:\/\/agora.xtec.cat\/iepompeufabra\/wp-json\/wp\/v2\/pages"}],"about":[{"href":"https:\/\/agora.xtec.cat\/iepompeufabra\/wp-json\/wp\/v2\/types\/page"}],"author":[{"embeddable":true,"href":"https:\/\/agora.xtec.cat\/iepompeufabra\/wp-json\/wp\/v2\/users\/1"}],"replies":[{"embeddable":true,"href":"https:\/\/agora.xtec.cat\/iepompeufabra\/wp-json\/wp\/v2\/comments?post=1608"}],"version-history":[{"count":2,"href":"https:\/\/agora.xtec.cat\/iepompeufabra\/wp-json\/wp\/v2\/pages\/1608\/revisions"}],"predecessor-version":[{"id":1610,"href":"https:\/\/agora.xtec.cat\/iepompeufabra\/wp-json\/wp\/v2\/pages\/1608\/revisions\/1610"}],"wp:attachment":[{"href":"https:\/\/agora.xtec.cat\/iepompeufabra\/wp-json\/wp\/v2\/media?parent=1608"}],"curies":[{"name":"wp","href":"https:\/\/api.w.org\/{rel}","templated":true}]}}