{"id":810,"date":"2017-11-08T15:23:06","date_gmt":"2017-11-08T14:23:06","guid":{"rendered":"http:\/\/agora.xtec.cat\/iepladelavella\/\/?page_id=810"},"modified":"2022-06-29T19:31:11","modified_gmt":"2022-06-29T17:31:11","slug":"projecte-linguistic","status":"publish","type":"page","link":"https:\/\/agora.xtec.cat\/iepladelavella\/lescola\/projecte-linguistic\/","title":{"rendered":"Projecte ling\u00fc\u00edstic"},"content":{"rendered":"<p>Podeu consultar el nostre projecte ling\u00fc\u00edstic al seg\u00fcent enlla\u00e7:<\/p>\n<p><a href=\"https:\/\/agora.xtec.cat\/iepladelavella\/wp-content\/uploads\/usu753\/2022\/06\/PROJECTE-LINGUISTIC-DE-CENTRE-1.pdf\">Projecte ling\u00fc\u00edstic<\/a><\/p>\n<p>Estat en revisi\u00f3.<\/p>\n","protected":false},"excerpt":{"rendered":"<p>Podeu consultar el nostre projecte ling\u00fc\u00edstic al seg\u00fcent enlla\u00e7:<br \/>\n<a href=\"https:\/\/agora.xtec.cat\/iepladelavella\/wp-content\/uploads\/usu753\/2022\/06\/PROJECTE-LINGUISTIC-DE-CENTRE-1.pdf\">Projecte ling\u00fc\u00edstic<\/a><br \/>\nEstat en revisi\u00f3.<\/p>\n","protected":false},"author":1,"featured_media":0,"parent":22,"menu_order":0,"comment_status":"closed","ping_status":"closed","template":"","meta":{"_bbp_topic_count":0,"_bbp_reply_count":0,"_bbp_total_topic_count":0,"_bbp_total_reply_count":0,"_bbp_voice_count":0,"_bbp_anonymous_reply_count":0,"_bbp_topic_count_hidden":0,"_bbp_reply_count_hidden":0,"_bbp_forum_subforum_count":0,"footnotes":""},"class_list":["post-810","page","type-page","status-publish","hentry"],"post_mailing_queue_ids":[],"_links":{"self":[{"href":"https:\/\/agora.xtec.cat\/iepladelavella\/wp-json\/wp\/v2\/pages\/810","targetHints":{"allow":["GET"]}}],"collection":[{"href":"https:\/\/agora.xtec.cat\/iepladelavella\/wp-json\/wp\/v2\/pages"}],"about":[{"href":"https:\/\/agora.xtec.cat\/iepladelavella\/wp-json\/wp\/v2\/types\/page"}],"author":[{"embeddable":true,"href":"https:\/\/agora.xtec.cat\/iepladelavella\/wp-json\/wp\/v2\/users\/1"}],"replies":[{"embeddable":true,"href":"https:\/\/agora.xtec.cat\/iepladelavella\/wp-json\/wp\/v2\/comments?post=810"}],"version-history":[{"count":4,"href":"https:\/\/agora.xtec.cat\/iepladelavella\/wp-json\/wp\/v2\/pages\/810\/revisions"}],"predecessor-version":[{"id":14393,"href":"https:\/\/agora.xtec.cat\/iepladelavella\/wp-json\/wp\/v2\/pages\/810\/revisions\/14393"}],"up":[{"embeddable":true,"href":"https:\/\/agora.xtec.cat\/iepladelavella\/wp-json\/wp\/v2\/pages\/22"}],"wp:attachment":[{"href":"https:\/\/agora.xtec.cat\/iepladelavella\/wp-json\/wp\/v2\/media?parent=810"}],"curies":[{"name":"wp","href":"https:\/\/api.w.org\/{rel}","templated":true}]}}