{"id":73,"date":"2014-09-18T14:01:51","date_gmt":"2014-09-18T13:01:51","guid":{"rendered":"http:\/\/agora.xtec.cat\/iepladelavella\/\/?page_id=73"},"modified":"2024-05-09T09:10:43","modified_gmt":"2024-05-09T07:10:43","slug":"menjador-escolar","status":"publish","type":"page","link":"https:\/\/agora.xtec.cat\/iepladelavella\/serveis\/menjador-escolar\/","title":{"rendered":"Menjador escolar"},"content":{"rendered":"<h5>MEN\u00da MENSUAL<\/h5>\n<pre>Recordeu que la informaci\u00f3 actualitzada la trobareu al nou web: <a href=\"https:\/\/iepladelavella.cat\/\">iepladelavella.cat<\/a>, a la pestanya de Serveis.\r\n\r\n<\/pre>\n<table style=\"border-collapse: collapse; width: 100%; height: 112px;\">\n<tbody>\n<tr style=\"height: 32px;\">\n<td style=\"width: 25%; height: 32px;\"><a href=\"https:\/\/agora.xtec.cat\/iepladelavella\/wp-content\/uploads\/usu753\/2023\/09\/Menu\u0301s-setembre-2023-copia.pdf\">SETEMBRE<\/a><\/td>\n<td style=\"width: 25%; height: 32px;\"><a href=\"https:\/\/agora.xtec.cat\/iepladelavella\/wp-content\/uploads\/usu753\/2023\/09\/Menu-Octubre_page-0001.jpg\">OCTUBRE<\/a><\/td>\n<td style=\"width: 25%; height: 32px;\"><a href=\"https:\/\/agora.xtec.cat\/iepladelavella\/wp-content\/uploads\/usu753\/2023\/11\/MN-BASAL-Nov-23-ReCrea-INSTITUT-ESCOLA-PLA-DE-LAVELLA-1.pdf\">NOVEMBRE<\/a><\/td>\n<td style=\"width: 25%; height: 32px;\"><a href=\"https:\/\/agora.xtec.cat\/iepladelavella\/wp-content\/uploads\/usu753\/2023\/11\/MN-BASAL-Des-23-ReCrea-INSTITUT-ESCOLA-PLA-DE-LAVELLA-fusionado.pdf\">DESEMBRE<\/a><\/td>\n<\/tr>\n<tr style=\"height: 48px;\">\n<td style=\"width: 25%; height: 48px;\"><a href=\"https:\/\/agora.xtec.cat\/iepladelavella\/wp-content\/uploads\/usu753\/2024\/01\/Menu-Gener.pdf\">GENER<\/a><\/td>\n<td style=\"width: 25%; height: 48px;\"><a href=\"https:\/\/agora.xtec.cat\/iepladelavella\/wp-content\/uploads\/usu753\/2024\/02\/Menu-Febrer.pdf\">FEBRER<\/a><\/td>\n<td style=\"width: 25%; height: 48px;\"><a href=\"https:\/\/agora.xtec.cat\/iepladelavella\/wp-content\/uploads\/usu753\/2024\/02\/Menu_marc.pdf\">MAR\u00c7<\/a><\/td>\n<td style=\"width: 25%; height: 48px;\"><a href=\"https:\/\/agora.xtec.cat\/iepladelavella\/wp-content\/uploads\/usu753\/2024\/04\/Menu_Abril.pdf\">ABRIL<\/a><\/td>\n<\/tr>\n<tr style=\"height: 32px;\">\n<td style=\"width: 25%; height: 32px;\"><a href=\"https:\/\/agora.xtec.cat\/iepladelavella\/wp-content\/uploads\/usu753\/2024\/05\/Menu_maig.pdf\">MAIG<\/a><\/td>\n<td style=\"width: 25%; height: 32px;\">JUNY<\/td>\n<td style=\"width: 25%; height: 32px;\"><\/td>\n<td style=\"width: 25%; height: 32px;\"><\/td>\n<\/tr>\n<\/tbody>\n<\/table>\n<p><strong>Acord de la comissi\u00f3 de menjador:<\/strong><\/p>\n<p><a href=\"https:\/\/agora.xtec.cat\/iepladelavella\/wp-content\/uploads\/usu753\/2024\/02\/ACORDS-COMISSIO-MENJADOR-4.pdf\">ACORDS COMISSI\u00d3 MENJADOR<\/a><\/p>\n<p><strong>Comissi\u00f3 de menjador:<\/strong><\/p>\n<p><a href=\"https:\/\/agora.xtec.cat\/iepladelavella\/wp-content\/uploads\/usu753\/2023\/11\/Integrants-de-la-comissio.docx-3.pdf\">INTEGRANTS DE LA COMISSI\u00d3<\/a><\/p>\n<p>Les fam\u00edlies es podran comunicar amb la comissi\u00f3 a trav\u00e9s dels delegats de fam\u00edlies, que ho comunicaran a l&#8217;AMPA.<\/p>\n<p>Per a consultes de la gesti\u00f3 di\u00e0ria del servei, contactar amb la coordinadora de menjador, Uchi Galiana, a trav\u00e9s del correu: iepladelavella@recreagastronomia.com<\/p>\n<p>Al seg\u00fcent enlla\u00e7 podeu consultar la normativa vigent i el manual d&#8217;\u00fas de l&#8217;App.<\/p>\n<p><a href=\"https:\/\/agora.xtec.cat\/iepladelavella\/wp-content\/uploads\/usu753\/2023\/10\/NORMATIVA-ESPAI-DE-MIGDIA-ESCOLA-PLA-DE-LAVELLA-CURS-23-24.pdf\">NORMATIVA ESPAI DE MIGDIA ESCOLA PL\u00c0 DE L&#8217;AVELL\u00c0 CURS 23-24<\/a><\/p>\n<p><strong>Manual d&#8217;\u00fas:<\/strong><\/p>\n<p><a href=\"https:\/\/agora.xtec.cat\/iepladelavella\/wp-content\/uploads\/usu753\/2023\/09\/MANUAL-APP-RECREA-NOVES-ESCOLES-CURS-23-24-ALUMNES-ESCOLES-NOVES-1.pdf\" target=\"_blank\" rel=\"noopener\"><img loading=\"lazy\" decoding=\"async\" class=\"wp-image-14617 alignnone\" src=\"https:\/\/agora.xtec.cat\/iepladelavella\/wp-content\/uploads\/usu753\/2023\/09\/Captura-de-pantalla-2023-09-11-a-las-15.07.14-300x222.png\" alt=\"\" width=\"341\" height=\"252\" srcset=\"https:\/\/agora.xtec.cat\/iepladelavella\/wp-content\/uploads\/usu753\/2023\/09\/Captura-de-pantalla-2023-09-11-a-las-15.07.14-300x222.png 300w, https:\/\/agora.xtec.cat\/iepladelavella\/wp-content\/uploads\/usu753\/2023\/09\/Captura-de-pantalla-2023-09-11-a-las-15.07.14-1024x759.png 1024w, https:\/\/agora.xtec.cat\/iepladelavella\/wp-content\/uploads\/usu753\/2023\/09\/Captura-de-pantalla-2023-09-11-a-las-15.07.14-768x569.png 768w, https:\/\/agora.xtec.cat\/iepladelavella\/wp-content\/uploads\/usu753\/2023\/09\/Captura-de-pantalla-2023-09-11-a-las-15.07.14-1536x1138.png 1536w, https:\/\/agora.xtec.cat\/iepladelavella\/wp-content\/uploads\/usu753\/2023\/09\/Captura-de-pantalla-2023-09-11-a-las-15.07.14.png 1560w\" sizes=\"auto, (max-width: 341px) 100vw, 341px\" \/><\/a><\/p>\n<p><strong>Centre d&#8217;inter\u00e8s curs 2023-2024:<\/strong><a href=\"https:\/\/agora.xtec.cat\/iepladelavella\/wp-content\/uploads\/usu753\/2023\/09\/Families__Presentacio_CentreInteres_SomArtistes-1.pdf\"><br \/>\n<img loading=\"lazy\" decoding=\"async\" class=\"wp-image-14666 alignleft\" src=\"https:\/\/agora.xtec.cat\/iepladelavella\/wp-content\/uploads\/usu753\/2023\/09\/Families__Presentacio_CentreInteres_SomArtistes-1_page-0001-300x212.jpg\" alt=\"\" width=\"340\" height=\"240\" srcset=\"https:\/\/agora.xtec.cat\/iepladelavella\/wp-content\/uploads\/usu753\/2023\/09\/Families__Presentacio_CentreInteres_SomArtistes-1_page-0001-300x212.jpg 300w, https:\/\/agora.xtec.cat\/iepladelavella\/wp-content\/uploads\/usu753\/2023\/09\/Families__Presentacio_CentreInteres_SomArtistes-1_page-0001-1024x725.jpg 1024w, https:\/\/agora.xtec.cat\/iepladelavella\/wp-content\/uploads\/usu753\/2023\/09\/Families__Presentacio_CentreInteres_SomArtistes-1_page-0001-768x543.jpg 768w, https:\/\/agora.xtec.cat\/iepladelavella\/wp-content\/uploads\/usu753\/2023\/09\/Families__Presentacio_CentreInteres_SomArtistes-1_page-0001-1536x1087.jpg 1536w, https:\/\/agora.xtec.cat\/iepladelavella\/wp-content\/uploads\/usu753\/2023\/09\/Families__Presentacio_CentreInteres_SomArtistes-1_page-0001.jpg 1754w\" sizes=\"auto, (max-width: 340px) 100vw, 340px\" \/><\/a><\/p>\n<p>&nbsp;<\/p>\n<p>&nbsp;<\/p>\n<p>&nbsp;<\/p>\n<p>&nbsp;<\/p>\n<p>&nbsp;<\/p>\n<p>&nbsp;<\/p>\n<p>&nbsp;<\/p>\n","protected":false},"excerpt":{"rendered":"<p>MEN\u00da MENSUAL<br \/>\nRecordeu que la informaci\u00f3 actualitzada la trobareu al nou web: <a href=\"https:\/\/iepladelavella.cat\/\">iepladelavella.cat<\/a>, a la pestanya de Serveis.<\/p>\n<p><a href=\"https:\/\/agora.xtec.cat\/iepladelavella\/wp-content\/uploads\/usu753\/2023\/09\/Menu\u0301s-setembre-2023-copia.pdf\">SETEMBRE<\/a><br \/>\n<a href=\"https:\/\/agora.xtec.cat\/iepladelavella\/wp-content\/uploads\/usu753\/2023\/09\/Menu-Octubre_page-0001.jpg\">OCTUBRE<\/a><br \/>\n<a href=\"https:\/\/agora.xtec.cat\/iepladelavella\/wp-content\/uploads\/usu753\/2023\/11\/MN-BASAL-Nov-23-ReCrea-INSTITUT-ESCOLA-PLA-DE-LAVELLA-1.pdf\">NOVEMBRE<\/a><br \/>\n<a href=\"https:\/\/agora.xtec.cat\/iepladelavella\/wp-content\/uploads\/usu753\/2023\/11\/MN-BASAL-Des-23-ReCrea-INSTITUT-ESCOLA-PLA-DE-LAVELLA-fusionado.pdf\">DESEMBRE<\/a><\/p>\n<p><a href=\"https:\/\/agora.xtec.cat\/iepladelavella\/wp-content\/uploads\/usu753\/2024\/01\/Menu-Gener.pdf\">GENER<\/a><br \/>\n<a href=\"https:\/\/agora.xtec.cat\/iepladelavella\/wp-content\/uploads\/usu753\/2024\/02\/Menu-Febrer.pdf\">FEBRER<\/a><br \/>\n<a href=\"https:\/\/agora.xtec.cat\/iepladelavella\/wp-content\/uploads\/usu753\/2024\/02\/Menu_marc.pdf\">MAR\u00c7<\/a><br \/>\n<a href=\"https:\/\/agora.xtec.cat\/iepladelavella\/wp-content\/uploads\/usu753\/2024\/04\/Menu_Abril.pdf\">ABRIL<\/a><\/p>\n<p><a href=\"https:\/\/agora.xtec.cat\/iepladelavella\/wp-content\/uploads\/usu753\/2024\/05\/Menu_maig.pdf\">MAIG<\/a><br \/>\nJUNY<\/p>\n<p>Acord de la comissi\u00f3 de menjador:<br \/>\n<a href=\"https:\/\/agora.xtec.cat\/iepladelavella\/wp-content\/uploads\/usu753\/2024\/02\/ACORDS-COMISSIO-MENJADOR-4.pdf\">ACORDS COMISSI\u00d3 MENJADOR<\/a><br \/>\nComissi\u00f3 de menjador:<br \/>\n<a href=\"https:\/\/agora.xtec.cat\/iepladelavella\/wp-content\/uploads\/usu753\/2023\/11\/Integrants-de-la-comissio.docx-3.pdf\">INTEGRANTS DE LA COMISSI\u00d3<\/a><br \/>\nLes fam\u00edlies es podran comunicar&hellip;  <a href=\"https:\/\/agora.xtec.cat\/iepladelavella\/serveis\/menjador-escolar\/\" title=\"Read Menjador escolar\">Llegeix m\u00e9s\u00bb<\/a><\/p>\n","protected":false},"author":1,"featured_media":0,"parent":66,"menu_order":30,"comment_status":"closed","ping_status":"closed","template":"page-templates\/side-menu.php","meta":{"_bbp_topic_count":0,"_bbp_reply_count":0,"_bbp_total_topic_count":0,"_bbp_total_reply_count":0,"_bbp_voice_count":0,"_bbp_anonymous_reply_count":0,"_bbp_topic_count_hidden":0,"_bbp_reply_count_hidden":0,"_bbp_forum_subforum_count":0,"footnotes":""},"class_list":["post-73","page","type-page","status-publish","hentry"],"post_mailing_queue_ids":[],"_links":{"self":[{"href":"https:\/\/agora.xtec.cat\/iepladelavella\/wp-json\/wp\/v2\/pages\/73","targetHints":{"allow":["GET"]}}],"collection":[{"href":"https:\/\/agora.xtec.cat\/iepladelavella\/wp-json\/wp\/v2\/pages"}],"about":[{"href":"https:\/\/agora.xtec.cat\/iepladelavella\/wp-json\/wp\/v2\/types\/page"}],"author":[{"embeddable":true,"href":"https:\/\/agora.xtec.cat\/iepladelavella\/wp-json\/wp\/v2\/users\/1"}],"replies":[{"embeddable":true,"href":"https:\/\/agora.xtec.cat\/iepladelavella\/wp-json\/wp\/v2\/comments?post=73"}],"version-history":[{"count":6,"href":"https:\/\/agora.xtec.cat\/iepladelavella\/wp-json\/wp\/v2\/pages\/73\/revisions"}],"predecessor-version":[{"id":14846,"href":"https:\/\/agora.xtec.cat\/iepladelavella\/wp-json\/wp\/v2\/pages\/73\/revisions\/14846"}],"up":[{"embeddable":true,"href":"https:\/\/agora.xtec.cat\/iepladelavella\/wp-json\/wp\/v2\/pages\/66"}],"wp:attachment":[{"href":"https:\/\/agora.xtec.cat\/iepladelavella\/wp-json\/wp\/v2\/media?parent=73"}],"curies":[{"name":"wp","href":"https:\/\/api.w.org\/{rel}","templated":true}]}}