{"id":71,"date":"2014-09-18T12:44:56","date_gmt":"2014-09-18T11:44:56","guid":{"rendered":"http:\/\/agora.xtec.cat\/iepladelavella\/\/?page_id=71"},"modified":"2015-10-27T10:05:42","modified_gmt":"2015-10-27T09:05:42","slug":"serveis-digitals","status":"publish","type":"page","link":"https:\/\/agora.xtec.cat\/iepladelavella\/serveis\/serveis-digitals\/","title":{"rendered":"Serveis digitals"},"content":{"rendered":"<p>L&#8217;oferta de <strong>serveis\u00a0digitals<\/strong>\u00a0constitueix un element\u00a0molt important de l&#8217;engranatge d&#8217;un centre educatiu.<\/p>\n<p>En aquesta p\u00e0gina es poden referenciar altres serveis en l\u00ednia\u00a0que ofereix l&#8217;escola com ara Moodle, blogs externs, aplicacions de tutoria o gesti\u00f3 acad\u00e8mica, aplicacions m\u00f2bils, etc.<\/p>\n<p>Si el centre posa en funcionament la <strong>xarxa Nodes<\/strong>, aquest pot ser un bon lloc per referenciar els\u00a0principals grups i activitats que s&#8217;hi duen a terme.<\/p>\n","protected":false},"excerpt":{"rendered":"<p>L&#8217;oferta de serveis\u00a0digitals\u00a0constitueix un element\u00a0molt important de l&#8217;engranatge d&#8217;un centre educatiu.<br \/>\nEn aquesta p\u00e0gina es poden referenciar altres serveis en l\u00ednia\u00a0que ofereix l&#8217;escola com ara Moodle, blogs externs, aplicacions de tutoria o gesti\u00f3 acad\u00e8mica, aplicacions m\u00f2bils, etc.<br \/>\nSi el centre posa en funcionament la xarxa Nodes, aquest&hellip;  <a href=\"https:\/\/agora.xtec.cat\/iepladelavella\/serveis\/serveis-digitals\/\" title=\"Read Serveis digitals\">Llegeix m\u00e9s\u00bb<\/a><\/p>\n","protected":false},"author":1,"featured_media":0,"parent":66,"menu_order":10,"comment_status":"closed","ping_status":"closed","template":"page-templates\/side-menu.php","meta":{"_bbp_topic_count":0,"_bbp_reply_count":0,"_bbp_total_topic_count":0,"_bbp_total_reply_count":0,"_bbp_voice_count":0,"_bbp_anonymous_reply_count":0,"_bbp_topic_count_hidden":0,"_bbp_reply_count_hidden":0,"_bbp_forum_subforum_count":0,"footnotes":""},"class_list":["post-71","page","type-page","status-publish","hentry"],"post_mailing_queue_ids":[],"_links":{"self":[{"href":"https:\/\/agora.xtec.cat\/iepladelavella\/wp-json\/wp\/v2\/pages\/71","targetHints":{"allow":["GET"]}}],"collection":[{"href":"https:\/\/agora.xtec.cat\/iepladelavella\/wp-json\/wp\/v2\/pages"}],"about":[{"href":"https:\/\/agora.xtec.cat\/iepladelavella\/wp-json\/wp\/v2\/types\/page"}],"author":[{"embeddable":true,"href":"https:\/\/agora.xtec.cat\/iepladelavella\/wp-json\/wp\/v2\/users\/1"}],"replies":[{"embeddable":true,"href":"https:\/\/agora.xtec.cat\/iepladelavella\/wp-json\/wp\/v2\/comments?post=71"}],"version-history":[{"count":2,"href":"https:\/\/agora.xtec.cat\/iepladelavella\/wp-json\/wp\/v2\/pages\/71\/revisions"}],"predecessor-version":[{"id":171,"href":"https:\/\/agora.xtec.cat\/iepladelavella\/wp-json\/wp\/v2\/pages\/71\/revisions\/171"}],"up":[{"embeddable":true,"href":"https:\/\/agora.xtec.cat\/iepladelavella\/wp-json\/wp\/v2\/pages\/66"}],"wp:attachment":[{"href":"https:\/\/agora.xtec.cat\/iepladelavella\/wp-json\/wp\/v2\/media?parent=71"}],"curies":[{"name":"wp","href":"https:\/\/api.w.org\/{rel}","templated":true}]}}