{"id":22,"date":"2014-09-18T12:19:57","date_gmt":"2014-09-18T11:19:57","guid":{"rendered":"http:\/\/agora.xtec.cat\/iepladelavella\/\/?page_id=22"},"modified":"2022-05-23T16:01:42","modified_gmt":"2022-05-23T14:01:42","slug":"lescola","status":"publish","type":"page","link":"https:\/\/agora.xtec.cat\/iepladelavella\/lescola\/","title":{"rendered":"L&#8217;escola"},"content":{"rendered":"<p>L&#8217;Institut Escola Pla de l\u2019Avell\u00e0 \u00e9s a Cabrera de Mar, un municipi de la comarca del Maresme, situat en una petita vall oberta al litoral entre les localitats de Matar\u00f3 i Vilassar de Mar. L\u2019entorn combina mar i muntanya amb una gran riquesa arqueol\u00f2gica: un poblat iber, el Castell de Burriac i diversos jaciments romans al nucli urb\u00e0. El poble est\u00e0 separat en dues zones ben diferenciades: el centre del poble a la part de muntanya i el barri del Pla de l\u2019Avell\u00e0 a tocar de mar.<\/p>\n<p>L\u2019IE Pla de l\u2019Avell\u00e0 \u00e9s un centre educatiu de titularitat p\u00fablica del Departament d\u2019Educaci\u00f3 de la Generalitat de Catalunya, \u00fanic centre p\u00fablic del municipi, que va ser creat l\u2019any 2001 com a escola d\u2019educaci\u00f3 infantil i prim\u00e0ria i que el curs 2019-2020 va convertir-se en Institut Escola. Es tracta d\u2019un centre de doble l\u00ednia a les tres etapes educatives i l\u2019alumnat prov\u00e9 principalment del mateix barri, del poble de Cabrera de Mar i del poble de Vilassar de Mar, que est\u00e0 a tocar del centre escolar.<\/p>\n","protected":false},"excerpt":{"rendered":"<p>L&#8217;Institut Escola Pla de l\u2019Avell\u00e0 \u00e9s a Cabrera de Mar, un municipi de la comarca del Maresme, situat en una petita vall oberta al litoral entre les localitats de Matar\u00f3 i Vilassar de Mar. L\u2019entorn combina mar i muntanya amb una gran riquesa arqueol\u00f2gica: un&hellip;  <a href=\"https:\/\/agora.xtec.cat\/iepladelavella\/lescola\/\" title=\"Read L&#8217;escola\">Llegeix m\u00e9s\u00bb<\/a><\/p>\n","protected":false},"author":1,"featured_media":0,"parent":0,"menu_order":0,"comment_status":"closed","ping_status":"closed","template":"page-templates\/side-menu.php","meta":{"_bbp_topic_count":0,"_bbp_reply_count":0,"_bbp_total_topic_count":0,"_bbp_total_reply_count":0,"_bbp_voice_count":0,"_bbp_anonymous_reply_count":0,"_bbp_topic_count_hidden":0,"_bbp_reply_count_hidden":0,"_bbp_forum_subforum_count":0,"footnotes":""},"class_list":["post-22","page","type-page","status-publish","hentry"],"post_mailing_queue_ids":[],"_links":{"self":[{"href":"https:\/\/agora.xtec.cat\/iepladelavella\/wp-json\/wp\/v2\/pages\/22","targetHints":{"allow":["GET"]}}],"collection":[{"href":"https:\/\/agora.xtec.cat\/iepladelavella\/wp-json\/wp\/v2\/pages"}],"about":[{"href":"https:\/\/agora.xtec.cat\/iepladelavella\/wp-json\/wp\/v2\/types\/page"}],"author":[{"embeddable":true,"href":"https:\/\/agora.xtec.cat\/iepladelavella\/wp-json\/wp\/v2\/users\/1"}],"replies":[{"embeddable":true,"href":"https:\/\/agora.xtec.cat\/iepladelavella\/wp-json\/wp\/v2\/comments?post=22"}],"version-history":[{"count":3,"href":"https:\/\/agora.xtec.cat\/iepladelavella\/wp-json\/wp\/v2\/pages\/22\/revisions"}],"predecessor-version":[{"id":14336,"href":"https:\/\/agora.xtec.cat\/iepladelavella\/wp-json\/wp\/v2\/pages\/22\/revisions\/14336"}],"wp:attachment":[{"href":"https:\/\/agora.xtec.cat\/iepladelavella\/wp-json\/wp\/v2\/media?parent=22"}],"curies":[{"name":"wp","href":"https:\/\/api.w.org\/{rel}","templated":true}]}}