{"id":4146,"date":"2021-10-12T10:38:11","date_gmt":"2021-10-12T08:38:11","guid":{"rendered":"https:\/\/agora.xtec.cat\/ceipperelliscart\/?page_id=4146"},"modified":"2021-10-12T11:48:35","modified_gmt":"2021-10-12T09:48:35","slug":"estades-dimmersio-linguistica-en-angles","status":"publish","type":"page","link":"https:\/\/agora.xtec.cat\/ieperelliscart\/recursos-2\/estades-dimmersio-linguistica-en-angles\/","title":{"rendered":"Estades d&#8217;immersi\u00f3 ling\u00fc\u00edstica en angl\u00e8s"},"content":{"rendered":"<p><img loading=\"lazy\" decoding=\"async\" class=\"aligncenter size-full wp-image-3691\" src=\"https:\/\/agora.xtec.cat\/ceipperelliscart\/wp-content\/uploads\/usu1611\/2020\/12\/Logo_Ministerio_FSE.jpg\" alt=\"\" width=\"595\" height=\"80\" srcset=\"https:\/\/agora.xtec.cat\/ieperelliscart\/wp-content\/uploads\/usu1611\/2020\/12\/Logo_Ministerio_FSE.jpg 595w, https:\/\/agora.xtec.cat\/ieperelliscart\/wp-content\/uploads\/usu1611\/2020\/12\/Logo_Ministerio_FSE-300x40.jpg 300w\" sizes=\"auto, (max-width: 595px) 100vw, 595px\" \/><\/p>\n<p>Del 5 al 9 de juliol de 2021,\u00a0 11 joves de 1r i 2n d&#8217;ES0 han pogut gaudir de les estades d&#8217;immersi\u00f3 ling\u00fc\u00edstca en angl\u00e8s a l&#8217;alberg Olot Xanascat, a la comarca de La Garrotxa. Aquestes estades han estat finan\u00e7ades pel Fons Social Europeu, de manera que les fam\u00edlies nom\u00e9s s&#8217;han hagut de fer c\u00e0rrec de l&#8217;import de l&#8217;autocar. El grau de satisfacci\u00f3 per part de l&#8217;alumnat participant ha estat molt bo i els agradaria poder tornar a gaudir d&#8217;aquest recurs.<\/p>\n<p><img loading=\"lazy\" decoding=\"async\" class=\"aligncenter size-full wp-image-4149\" src=\"https:\/\/agora.xtec.cat\/ceipperelliscart\/wp-content\/uploads\/usu1611\/2021\/10\/3_4-1.jpg\" alt=\"\" width=\"639\" height=\"460\" srcset=\"https:\/\/agora.xtec.cat\/ieperelliscart\/wp-content\/uploads\/usu1611\/2021\/10\/3_4-1.jpg 639w, https:\/\/agora.xtec.cat\/ieperelliscart\/wp-content\/uploads\/usu1611\/2021\/10\/3_4-1-300x216.jpg 300w\" sizes=\"auto, (max-width: 639px) 100vw, 639px\" \/><\/p>\n<p>#ESTFSE21<\/p>\n<p>&nbsp;<\/p>\n","protected":false},"excerpt":{"rendered":"<p>Del 5 al 9 de juliol de 2021,\u00a0 11 joves de 1r i 2n d&#8217;ES0 han pogut gaudir de les estades d&#8217;immersi\u00f3 ling\u00fc\u00edstca en angl\u00e8s a l&#8217;alberg Olot Xanascat, a la comarca de La Garrotxa. Aquestes estades han estat finan\u00e7ades pel Fons Social Europeu, de&hellip;  <a href=\"https:\/\/agora.xtec.cat\/ieperelliscart\/recursos-2\/estades-dimmersio-linguistica-en-angles\/\" title=\"Read Estades d&#8217;immersi\u00f3 ling\u00fc\u00edstica en angl\u00e8s\">Llegeix m\u00e9s\u00bb<\/a><\/p>\n","protected":false},"author":1,"featured_media":0,"parent":2828,"menu_order":0,"comment_status":"closed","ping_status":"closed","template":"","meta":{"_bbp_topic_count":0,"_bbp_reply_count":0,"_bbp_total_topic_count":0,"_bbp_total_reply_count":0,"_bbp_voice_count":0,"_bbp_anonymous_reply_count":0,"_bbp_topic_count_hidden":0,"_bbp_reply_count_hidden":0,"_bbp_forum_subforum_count":0,"footnotes":""},"class_list":["post-4146","page","type-page","status-publish","hentry"],"post_mailing_queue_ids":[],"_links":{"self":[{"href":"https:\/\/agora.xtec.cat\/ieperelliscart\/wp-json\/wp\/v2\/pages\/4146","targetHints":{"allow":["GET"]}}],"collection":[{"href":"https:\/\/agora.xtec.cat\/ieperelliscart\/wp-json\/wp\/v2\/pages"}],"about":[{"href":"https:\/\/agora.xtec.cat\/ieperelliscart\/wp-json\/wp\/v2\/types\/page"}],"author":[{"embeddable":true,"href":"https:\/\/agora.xtec.cat\/ieperelliscart\/wp-json\/wp\/v2\/users\/1"}],"replies":[{"embeddable":true,"href":"https:\/\/agora.xtec.cat\/ieperelliscart\/wp-json\/wp\/v2\/comments?post=4146"}],"version-history":[{"count":2,"href":"https:\/\/agora.xtec.cat\/ieperelliscart\/wp-json\/wp\/v2\/pages\/4146\/revisions"}],"predecessor-version":[{"id":4151,"href":"https:\/\/agora.xtec.cat\/ieperelliscart\/wp-json\/wp\/v2\/pages\/4146\/revisions\/4151"}],"up":[{"embeddable":true,"href":"https:\/\/agora.xtec.cat\/ieperelliscart\/wp-json\/wp\/v2\/pages\/2828"}],"wp:attachment":[{"href":"https:\/\/agora.xtec.cat\/ieperelliscart\/wp-json\/wp\/v2\/media?parent=4146"}],"curies":[{"name":"wp","href":"https:\/\/api.w.org\/{rel}","templated":true}]}}