{"id":3460,"date":"2020-07-03T12:08:34","date_gmt":"2020-07-03T10:08:34","guid":{"rendered":"http:\/\/agora.xtec.cat\/ceipperelliscart\/?page_id=3460"},"modified":"2022-04-24T18:57:45","modified_gmt":"2022-04-24T16:57:45","slug":"poefa","status":"publish","type":"page","link":"https:\/\/agora.xtec.cat\/ieperelliscart\/recursos-2\/poefa\/","title":{"rendered":"POEFA"},"content":{"rendered":"<p><em>Programa operatiu d\u2019ocupaci\u00f3, formaci\u00f3 i educaci\u00f3 de l\u2019FSE 2014-2020<\/em><br \/>\n<em>Programa finan\u00e7at pel Ministeri d\u2019Educaci\u00f3 i Formaci\u00f3 Professional i cofinan\u00e7at pel Fons Social Europeu<\/em><br \/>\n<img loading=\"lazy\" decoding=\"async\" class=\"aligncenter size-full wp-image-2898\" src=\"https:\/\/agora.xtec.cat\/ceipperelliscart\/wp-content\/uploads\/usu1611\/2020\/02\/Logo_Ministerio_FSE.jpg\" alt=\"\" width=\"595\" height=\"80\" srcset=\"https:\/\/agora.xtec.cat\/ieperelliscart\/wp-content\/uploads\/usu1611\/2020\/02\/Logo_Ministerio_FSE.jpg 595w, https:\/\/agora.xtec.cat\/ieperelliscart\/wp-content\/uploads\/usu1611\/2020\/02\/Logo_Ministerio_FSE-300x40.jpg 300w\" sizes=\"auto, (max-width: 595px) 100vw, 595px\" \/><\/p>\n<p>La finalitat del nostre projecte \u00e9s conscienciar l&#8217;alumnat sobre la just\u00edcia energ\u00e8tica i l&#8217;impacte de l&#8217;energia al medi ambient. Per aconseguir-lo farem les seg\u00fcents activitats:<br \/>\n. Col\u00f2nies en el medi natural, per a poder realitzar part del cr\u00e8dit de s\u00edntesis de primer d&#8217;ESO. Concretament a Roques Blanques (Vall de N\u00faria).<br \/>\n. Itinerari de natura amb bicicleta per Collserola<\/p>\n<p><img loading=\"lazy\" decoding=\"async\" class=\"aligncenter size-full wp-image-3462\" src=\"https:\/\/agora.xtec.cat\/ceipperelliscart\/wp-content\/uploads\/usu1611\/2020\/07\/collserola.jpeg\" alt=\"\" width=\"785\" height=\"439\" srcset=\"https:\/\/agora.xtec.cat\/ieperelliscart\/wp-content\/uploads\/usu1611\/2020\/07\/collserola.jpeg 785w, https:\/\/agora.xtec.cat\/ieperelliscart\/wp-content\/uploads\/usu1611\/2020\/07\/collserola-300x168.jpeg 300w, https:\/\/agora.xtec.cat\/ieperelliscart\/wp-content\/uploads\/usu1611\/2020\/07\/collserola-768x429.jpeg 768w\" sizes=\"auto, (max-width: 785px) 100vw, 785px\" \/><br \/>\n<img loading=\"lazy\" decoding=\"async\" class=\"aligncenter size-full wp-image-3461\" src=\"https:\/\/agora.xtec.cat\/ceipperelliscart\/wp-content\/uploads\/usu1611\/2020\/07\/roques-blanques.jpg\" alt=\"\" width=\"512\" height=\"384\" srcset=\"https:\/\/agora.xtec.cat\/ieperelliscart\/wp-content\/uploads\/usu1611\/2020\/07\/roques-blanques.jpg 512w, https:\/\/agora.xtec.cat\/ieperelliscart\/wp-content\/uploads\/usu1611\/2020\/07\/roques-blanques-300x225.jpg 300w, https:\/\/agora.xtec.cat\/ieperelliscart\/wp-content\/uploads\/usu1611\/2020\/07\/roques-blanques-200x150.jpg 200w\" sizes=\"auto, (max-width: 512px) 100vw, 512px\" \/><\/p>\n","protected":false},"excerpt":{"rendered":"<p>Programa operatiu d\u2019ocupaci\u00f3, formaci\u00f3 i educaci\u00f3 de l\u2019FSE 2014-2020<br \/>\nPrograma finan\u00e7at pel Ministeri d\u2019Educaci\u00f3 i Formaci\u00f3 Professional i cofinan\u00e7at pel Fons Social Europeu<\/p>\n<p>La finalitat del nostre projecte \u00e9s conscienciar l&#8217;alumnat sobre la just\u00edcia energ\u00e8tica i l&#8217;impacte de l&#8217;energia al medi ambient. Per aconseguir-lo farem les seg\u00fcents&hellip;  <a href=\"https:\/\/agora.xtec.cat\/ieperelliscart\/recursos-2\/poefa\/\" title=\"Read POEFA\">Llegeix m\u00e9s\u00bb<\/a><\/p>\n","protected":false},"author":1,"featured_media":0,"parent":2828,"menu_order":1,"comment_status":"closed","ping_status":"closed","template":"","meta":{"_bbp_topic_count":0,"_bbp_reply_count":0,"_bbp_total_topic_count":0,"_bbp_total_reply_count":0,"_bbp_voice_count":0,"_bbp_anonymous_reply_count":0,"_bbp_topic_count_hidden":0,"_bbp_reply_count_hidden":0,"_bbp_forum_subforum_count":0,"footnotes":""},"class_list":["post-3460","page","type-page","status-publish","hentry"],"post_mailing_queue_ids":[],"_links":{"self":[{"href":"https:\/\/agora.xtec.cat\/ieperelliscart\/wp-json\/wp\/v2\/pages\/3460","targetHints":{"allow":["GET"]}}],"collection":[{"href":"https:\/\/agora.xtec.cat\/ieperelliscart\/wp-json\/wp\/v2\/pages"}],"about":[{"href":"https:\/\/agora.xtec.cat\/ieperelliscart\/wp-json\/wp\/v2\/types\/page"}],"author":[{"embeddable":true,"href":"https:\/\/agora.xtec.cat\/ieperelliscart\/wp-json\/wp\/v2\/users\/1"}],"replies":[{"embeddable":true,"href":"https:\/\/agora.xtec.cat\/ieperelliscart\/wp-json\/wp\/v2\/comments?post=3460"}],"version-history":[{"count":3,"href":"https:\/\/agora.xtec.cat\/ieperelliscart\/wp-json\/wp\/v2\/pages\/3460\/revisions"}],"predecessor-version":[{"id":4501,"href":"https:\/\/agora.xtec.cat\/ieperelliscart\/wp-json\/wp\/v2\/pages\/3460\/revisions\/4501"}],"up":[{"embeddable":true,"href":"https:\/\/agora.xtec.cat\/ieperelliscart\/wp-json\/wp\/v2\/pages\/2828"}],"wp:attachment":[{"href":"https:\/\/agora.xtec.cat\/ieperelliscart\/wp-json\/wp\/v2\/media?parent=3460"}],"curies":[{"name":"wp","href":"https:\/\/api.w.org\/{rel}","templated":true}]}}