{"id":2897,"date":"2020-02-04T21:11:32","date_gmt":"2020-02-04T20:11:32","guid":{"rendered":"http:\/\/agora.xtec.cat\/ceipperelliscart\/?page_id=2897"},"modified":"2021-07-04T19:45:52","modified_gmt":"2021-07-04T17:45:52","slug":"tallers-diversificats-de-reforc-i-suport-educatiu","status":"publish","type":"page","link":"https:\/\/agora.xtec.cat\/ieperelliscart\/tallers-diversificats-de-reforc-i-suport-educatiu\/","title":{"rendered":"Tallers diversificats de refor\u00e7 i suport educatiu"},"content":{"rendered":"<p><em>Programa operatiu d\u2019ocupaci\u00f3, formaci\u00f3 i educaci\u00f3 de l\u2019FSE 2014-2020<\/em><br \/>\n<em>Programa finan\u00e7at pel Ministeri d\u2019Educaci\u00f3 i Formaci\u00f3 Professional i cofinan\u00e7at pel Fons Social Europeu<\/em><br \/>\n<img loading=\"lazy\" decoding=\"async\" class=\"aligncenter size-full wp-image-2898\" src=\"https:\/\/agora.xtec.cat\/ceipperelliscart\/wp-content\/uploads\/usu1611\/2020\/02\/Logo_Ministerio_FSE.jpg\" alt=\"\" width=\"595\" height=\"80\" srcset=\"https:\/\/agora.xtec.cat\/ieperelliscart\/wp-content\/uploads\/usu1611\/2020\/02\/Logo_Ministerio_FSE.jpg 595w, https:\/\/agora.xtec.cat\/ieperelliscart\/wp-content\/uploads\/usu1611\/2020\/02\/Logo_Ministerio_FSE-300x40.jpg 300w\" sizes=\"auto, (max-width: 595px) 100vw, 595px\" \/><\/p>\n<h4><\/h4>\n<h4>Tallers curs 2020-21<\/h4>\n<p>El curs 2020-21 ha estat marcat plenament per la pand\u00e8mia del COVID 19. Per aquest motiu hem hagut de realitzar els tallers en grups bombolla sense barrejar-nos amb altres centres de l&#8217;entorn i triar un grup de CS o d&#8217;ESO com a diana del recurs. \u00c9s per aix\u00f2 que hem triat el grup de 5\u00e8 C. Aquest grup ha realitzat 3 activitats diferents: teatre amb la col\u00b7laboraci\u00f3 de l&#8217;EMCA, rob\u00f2tica amb la col\u00b7laboraci\u00f3 de l&#8217;entitat Nub\u00f2tica i art mural amb la col\u00b7laboraci\u00f3 de Contorno Urbano.<\/p>\n<p><img loading=\"lazy\" decoding=\"async\" class=\"aligncenter size-large wp-image-4097\" src=\"https:\/\/agora.xtec.cat\/ceipperelliscart\/wp-content\/uploads\/usu1611\/2021\/07\/robotica-1024x1024.jpg\" alt=\"\" width=\"1024\" height=\"1024\" srcset=\"https:\/\/agora.xtec.cat\/ieperelliscart\/wp-content\/uploads\/usu1611\/2021\/07\/robotica-1024x1024.jpg 1024w, https:\/\/agora.xtec.cat\/ieperelliscart\/wp-content\/uploads\/usu1611\/2021\/07\/robotica-150x150.jpg 150w, https:\/\/agora.xtec.cat\/ieperelliscart\/wp-content\/uploads\/usu1611\/2021\/07\/robotica-300x300.jpg 300w, https:\/\/agora.xtec.cat\/ieperelliscart\/wp-content\/uploads\/usu1611\/2021\/07\/robotica-768x768.jpg 768w, https:\/\/agora.xtec.cat\/ieperelliscart\/wp-content\/uploads\/usu1611\/2021\/07\/robotica.jpg 1200w\" sizes=\"auto, (max-width: 1024px) 100vw, 1024px\" \/><img loading=\"lazy\" decoding=\"async\" class=\"aligncenter size-large wp-image-4096\" src=\"https:\/\/agora.xtec.cat\/ceipperelliscart\/wp-content\/uploads\/usu1611\/2021\/07\/mural-1024x1024.jpg\" alt=\"\" width=\"1024\" height=\"1024\" srcset=\"https:\/\/agora.xtec.cat\/ieperelliscart\/wp-content\/uploads\/usu1611\/2021\/07\/mural-1024x1024.jpg 1024w, https:\/\/agora.xtec.cat\/ieperelliscart\/wp-content\/uploads\/usu1611\/2021\/07\/mural-150x150.jpg 150w, https:\/\/agora.xtec.cat\/ieperelliscart\/wp-content\/uploads\/usu1611\/2021\/07\/mural-300x300.jpg 300w, https:\/\/agora.xtec.cat\/ieperelliscart\/wp-content\/uploads\/usu1611\/2021\/07\/mural-768x768.jpg 768w, https:\/\/agora.xtec.cat\/ieperelliscart\/wp-content\/uploads\/usu1611\/2021\/07\/mural.jpg 1200w\" sizes=\"auto, (max-width: 1024px) 100vw, 1024px\" \/><\/p>\n<p><img loading=\"lazy\" decoding=\"async\" class=\"aligncenter size-large wp-image-4098\" src=\"https:\/\/agora.xtec.cat\/ceipperelliscart\/wp-content\/uploads\/usu1611\/2021\/07\/IMG_20210629_083531-1024x149.jpg\" alt=\"\" width=\"1024\" height=\"149\" srcset=\"https:\/\/agora.xtec.cat\/ieperelliscart\/wp-content\/uploads\/usu1611\/2021\/07\/IMG_20210629_083531-1024x149.jpg 1024w, https:\/\/agora.xtec.cat\/ieperelliscart\/wp-content\/uploads\/usu1611\/2021\/07\/IMG_20210629_083531-300x44.jpg 300w, https:\/\/agora.xtec.cat\/ieperelliscart\/wp-content\/uploads\/usu1611\/2021\/07\/IMG_20210629_083531-768x112.jpg 768w\" sizes=\"auto, (max-width: 1024px) 100vw, 1024px\" \/><\/p>\n<p>Aqu\u00ed us deixem un v\u00eddeo sobre l&#8217;activitat de teatre, on els infants partcicipants han pogut recrear una faula:<\/p>\n<p><iframe loading=\"lazy\" title=\"FAULES PERE LLISCART\" width=\"500\" height=\"375\" src=\"https:\/\/www.youtube.com\/embed\/wQb3oDbzcnA?feature=oembed\" frameborder=\"0\" allow=\"accelerometer; autoplay; clipboard-write; encrypted-media; gyroscope; picture-in-picture; web-share\" referrerpolicy=\"strict-origin-when-cross-origin\" allowfullscreen><\/iframe><\/p>\n<p>I finalment s&#8217;ha pogut fer una sessi\u00f3 de tutoria on els infants han pogut expressar els seus gustos i habilitats personals:<\/p>\n<p><iframe loading=\"lazy\" title=\"tutoria PereLliscart\" width=\"500\" height=\"281\" src=\"https:\/\/www.youtube.com\/embed\/pTFRYxlnN04?feature=oembed\" frameborder=\"0\" allow=\"accelerometer; autoplay; clipboard-write; encrypted-media; gyroscope; picture-in-picture; web-share\" referrerpolicy=\"strict-origin-when-cross-origin\" allowfullscreen><\/iframe><\/p>\n<h4>Tallers curs 2019-20<\/h4>\n<p>Els tallers de suport a la tasca escolar s\u00f3n una acci\u00f3 educativa per acompanyar infants i joves per potenciar les seves capacitats i per generar condicions d\u2019igualtat d\u2019oportunitats, tant en els processos educatius com en els resultats. Es vinculen directament a la millora en el progr\u00e9s cap a l\u2019\u00e8xit educatiu.<\/p>\n<p>Objectius generals dels tallers:<br \/>\n1. Orientar i acompanyar els infants, els joves i les seves fam\u00edlies en els diversos itineraris educatius, afavorint la igualtat d\u2019oportunitats d\u2019acc\u00e9s als recursos.<br \/>\n2. Acompanyar els processos educatius i els itineraris formatius, des de l\u2019entorn, en col\u00b7laboraci\u00f3 amb les entitats i institucions educatives corresponsables de l\u2019educaci\u00f3 a la ciutat.<br \/>\n3. Promoure el coneixement de la llengua catalana per afavorir la igualtat d\u2019oportunitats.<br \/>\n4. Afavorir l&#8217;assoliment dels objectius d\u2019aprenentatge mitjan\u00e7ant activitats educatives complement\u00e0ries a les de l\u2019\u00e0mbit formal.<br \/>\n5. Augmentar les expectatives de l\u2019alumnat vers els estudis.<\/p>\n<p>Els tallers que ofereix el nostre centre s\u00f3n:<br \/>\n. Taller d\u2019acollida i socialitzaci\u00f3<br \/>\n. Aules de catal\u00e0<br \/>\n. Espai d\u2019aprenentatges digitals<br \/>\n. Teatre extraescolar<\/p>\n<p>&nbsp;<\/p>\n<p><img loading=\"lazy\" decoding=\"async\" class=\"aligncenter size-large wp-image-2903\" src=\"https:\/\/agora.xtec.cat\/ceipperelliscart\/wp-content\/uploads\/usu1611\/2020\/02\/collage-1024x256.jpg\" alt=\"\" width=\"1024\" height=\"256\" srcset=\"https:\/\/agora.xtec.cat\/ieperelliscart\/wp-content\/uploads\/usu1611\/2020\/02\/collage-1024x256.jpg 1024w, https:\/\/agora.xtec.cat\/ieperelliscart\/wp-content\/uploads\/usu1611\/2020\/02\/collage-300x75.jpg 300w, https:\/\/agora.xtec.cat\/ieperelliscart\/wp-content\/uploads\/usu1611\/2020\/02\/collage-768x192.jpg 768w, https:\/\/agora.xtec.cat\/ieperelliscart\/wp-content\/uploads\/usu1611\/2020\/02\/collage.jpg 1200w\" sizes=\"auto, (max-width: 1024px) 100vw, 1024px\" \/><\/p>\n<p>&nbsp;<\/p>\n","protected":false},"excerpt":{"rendered":"<p>Programa operatiu d\u2019ocupaci\u00f3, formaci\u00f3 i educaci\u00f3 de l\u2019FSE 2014-2020<br \/>\nPrograma finan\u00e7at pel Ministeri d\u2019Educaci\u00f3 i Formaci\u00f3 Professional i cofinan\u00e7at pel Fons Social Europeu<\/p>\n<p>Tallers curs 2020-21<br \/>\nEl curs 2020-21 ha estat marcat plenament per la pand\u00e8mia del COVID 19. Per aquest motiu hem hagut de realitzar els tallers&hellip;  <a href=\"https:\/\/agora.xtec.cat\/ieperelliscart\/tallers-diversificats-de-reforc-i-suport-educatiu\/\" title=\"Read Tallers diversificats de refor\u00e7 i suport educatiu\">Llegeix m\u00e9s\u00bb<\/a><\/p>\n","protected":false},"author":1,"featured_media":0,"parent":0,"menu_order":0,"comment_status":"closed","ping_status":"closed","template":"","meta":{"_bbp_topic_count":0,"_bbp_reply_count":0,"_bbp_total_topic_count":0,"_bbp_total_reply_count":0,"_bbp_voice_count":0,"_bbp_anonymous_reply_count":0,"_bbp_topic_count_hidden":0,"_bbp_reply_count_hidden":0,"_bbp_forum_subforum_count":0,"footnotes":""},"class_list":["post-2897","page","type-page","status-publish","hentry"],"post_mailing_queue_ids":[],"_links":{"self":[{"href":"https:\/\/agora.xtec.cat\/ieperelliscart\/wp-json\/wp\/v2\/pages\/2897","targetHints":{"allow":["GET"]}}],"collection":[{"href":"https:\/\/agora.xtec.cat\/ieperelliscart\/wp-json\/wp\/v2\/pages"}],"about":[{"href":"https:\/\/agora.xtec.cat\/ieperelliscart\/wp-json\/wp\/v2\/types\/page"}],"author":[{"embeddable":true,"href":"https:\/\/agora.xtec.cat\/ieperelliscart\/wp-json\/wp\/v2\/users\/1"}],"replies":[{"embeddable":true,"href":"https:\/\/agora.xtec.cat\/ieperelliscart\/wp-json\/wp\/v2\/comments?post=2897"}],"version-history":[{"count":3,"href":"https:\/\/agora.xtec.cat\/ieperelliscart\/wp-json\/wp\/v2\/pages\/2897\/revisions"}],"predecessor-version":[{"id":4099,"href":"https:\/\/agora.xtec.cat\/ieperelliscart\/wp-json\/wp\/v2\/pages\/2897\/revisions\/4099"}],"wp:attachment":[{"href":"https:\/\/agora.xtec.cat\/ieperelliscart\/wp-json\/wp\/v2\/media?parent=2897"}],"curies":[{"name":"wp","href":"https:\/\/api.w.org\/{rel}","templated":true}]}}