{"id":28,"date":"2014-09-18T12:29:35","date_gmt":"2014-09-18T11:29:35","guid":{"rendered":"http:\/\/agora.xtec.cat\/ceipperelliscart\/?page_id=28"},"modified":"2026-01-17T21:41:10","modified_gmt":"2026-01-17T20:41:10","slug":"consell-escolar","status":"publish","type":"page","link":"https:\/\/agora.xtec.cat\/ieperelliscart\/serveis\/lescola\/consell-escolar\/","title":{"rendered":"Consell escolar"},"content":{"rendered":"<p>El consell escolar del centre \u00e9s l&#8217;<strong>\u00f2rgan col\u00b7legiat de participaci\u00f3<\/strong> de la comunitat escolar en el govern del centre. En el consell escolar hi ha representats tots els col\u00b7lectius que intervenen en la <a href=\"http:\/\/agora.xtec.cat\/ceipperelliscart\/wp-content\/uploads\/usu1611\/2016\/12\/cooperativa.jpg\"><img loading=\"lazy\" decoding=\"async\" class=\"wp-image-473 alignright\" src=\"http:\/\/agora.xtec.cat\/ceipperelliscart\/wp-content\/uploads\/usu1611\/2016\/12\/cooperativa.jpg\" alt=\"cooperativa\" width=\"275\" height=\"275\" srcset=\"https:\/\/agora.xtec.cat\/ieperelliscart\/wp-content\/uploads\/usu1611\/2016\/12\/cooperativa.jpg 450w, https:\/\/agora.xtec.cat\/ieperelliscart\/wp-content\/uploads\/usu1611\/2016\/12\/cooperativa-150x150.jpg 150w, https:\/\/agora.xtec.cat\/ieperelliscart\/wp-content\/uploads\/usu1611\/2016\/12\/cooperativa-300x300.jpg 300w\" sizes=\"auto, (max-width: 275px) 100vw, 275px\" \/><\/a>comunitat educativa: director, professorat, alumnat, personal d&#8217;administraci\u00f3 i serveis, etc.<\/p>\n<p>En els centres p\u00fablics, la funci\u00f3 principal del consell escolar \u00e9s participar en la presa de decisions en relaci\u00f3 amb aquells temes importants per al funcionament i l&#8217;organitzaci\u00f3 del centre: el projecte educatiu, la programaci\u00f3 general, la gesti\u00f3 econ\u00f2mica, etc.<\/p>\n<p>Els membres del consell escolar s\u00f3n elegits per un per\u00edode de quatre anys i es renoven per meitats cada dos anys.<\/p>\n<div><strong><em>Presidenta: <\/em><\/strong><\/div>\n<blockquote>\n<div>Sonia L\u00f3pez L\u00f3pez<\/div>\n<\/blockquote>\n<div><strong><em>Cap d&#8217;estudis:<\/em><\/strong><\/div>\n<blockquote>\n<div>Sara Surriel Rodr\u00edguez<\/div>\n<\/blockquote>\n<div><em><strong>Secretari:<\/strong><\/em><\/div>\n<blockquote>\n<div>Manel Medarde Barrag\u00e1n<\/div>\n<\/blockquote>\n<div><\/div>\n<p><strong><em>Membres del sector pares i mares<br \/>\n<\/em><\/strong><\/p>\n<blockquote>\n<div>\n<div>Laura Jim\u00e9nez<\/div>\n<div>Azucena L\u00f3pez<\/div>\n<div>Elena Oprea<\/div>\n<\/div>\n<div>David Cresp\u00ed (AFA)<\/div>\n<\/blockquote>\n<div><em><strong>Membres del sector alumnat<\/strong><\/em><\/div>\n<div><\/div>\n<blockquote>\n<div>Rabia Fayyaz<\/div>\n<div>Ashley Nicole<\/div>\n<\/blockquote>\n<p><strong><em>Membres del sector professorat<\/em><\/strong><\/p>\n<blockquote>\n<div>\n<div>Elisenda Nistal<\/div>\n<div>Mar Rey<\/div>\n<div>Pau Cab\u00fas<\/div>\n<div>Manel Cano<\/div>\n<div>Luc\u00eda de la Fuente<\/div>\n<div>Marc Pons<\/div>\n<\/div>\n<div><\/div>\n<\/blockquote>\n<div><strong><em>Representant PAS (Personal d&#8217;Administraci\u00f3 i Serveis)<\/em><\/strong><\/div>\n<div><em><strong>Representant PAE (Personal d&#8217;Atenci\u00f3 Educativa)<\/strong><\/em><\/div>\n<blockquote><p>Nil Puig Zysset<\/p><\/blockquote>\n<div><strong><em>Representant de l&#8217;Ajuntament<\/em><\/strong><\/div>\n<blockquote><p>Fatiha Berchak El Mejdoubi<\/p><\/blockquote>\n","protected":false},"excerpt":{"rendered":"<p>El consell escolar del centre \u00e9s l&#8217;\u00f2rgan col\u00b7legiat de participaci\u00f3 de la comunitat escolar en el govern del centre. En el consell escolar hi ha representats tots els col\u00b7lectius que intervenen en la <a href=\"http:\/\/agora.xtec.cat\/ceipperelliscart\/wp-content\/uploads\/usu1611\/2016\/12\/cooperativa.jpg\"><\/a>comunitat educativa: director, professorat, alumnat, personal d&#8217;administraci\u00f3 i serveis, etc.<br \/>\nEn els&hellip;  <a href=\"https:\/\/agora.xtec.cat\/ieperelliscart\/serveis\/lescola\/consell-escolar\/\" title=\"Read Consell escolar\">Llegeix m\u00e9s\u00bb<\/a><\/p>\n","protected":false},"author":1,"featured_media":0,"parent":22,"menu_order":30,"comment_status":"closed","ping_status":"closed","template":"page-templates\/side-menu.php","meta":{"_bbp_topic_count":0,"_bbp_reply_count":0,"_bbp_total_topic_count":0,"_bbp_total_reply_count":0,"_bbp_voice_count":0,"_bbp_anonymous_reply_count":0,"_bbp_topic_count_hidden":0,"_bbp_reply_count_hidden":0,"_bbp_forum_subforum_count":0,"footnotes":""},"class_list":["post-28","page","type-page","status-publish","hentry"],"post_mailing_queue_ids":[],"_links":{"self":[{"href":"https:\/\/agora.xtec.cat\/ieperelliscart\/wp-json\/wp\/v2\/pages\/28","targetHints":{"allow":["GET"]}}],"collection":[{"href":"https:\/\/agora.xtec.cat\/ieperelliscart\/wp-json\/wp\/v2\/pages"}],"about":[{"href":"https:\/\/agora.xtec.cat\/ieperelliscart\/wp-json\/wp\/v2\/types\/page"}],"author":[{"embeddable":true,"href":"https:\/\/agora.xtec.cat\/ieperelliscart\/wp-json\/wp\/v2\/users\/1"}],"replies":[{"embeddable":true,"href":"https:\/\/agora.xtec.cat\/ieperelliscart\/wp-json\/wp\/v2\/comments?post=28"}],"version-history":[{"count":5,"href":"https:\/\/agora.xtec.cat\/ieperelliscart\/wp-json\/wp\/v2\/pages\/28\/revisions"}],"predecessor-version":[{"id":6110,"href":"https:\/\/agora.xtec.cat\/ieperelliscart\/wp-json\/wp\/v2\/pages\/28\/revisions\/6110"}],"up":[{"embeddable":true,"href":"https:\/\/agora.xtec.cat\/ieperelliscart\/wp-json\/wp\/v2\/pages\/22"}],"wp:attachment":[{"href":"https:\/\/agora.xtec.cat\/ieperelliscart\/wp-json\/wp\/v2\/media?parent=28"}],"curies":[{"name":"wp","href":"https:\/\/api.w.org\/{rel}","templated":true}]}}