{"id":26,"date":"2014-09-18T12:24:32","date_gmt":"2014-09-18T11:24:32","guid":{"rendered":"http:\/\/agora.xtec.cat\/ceipperelliscart\/?page_id=26"},"modified":"2023-07-01T14:21:05","modified_gmt":"2023-07-01T12:21:05","slug":"historia","status":"publish","type":"page","link":"https:\/\/agora.xtec.cat\/ieperelliscart\/serveis\/lescola\/historia\/","title":{"rendered":"Hist\u00f2ria"},"content":{"rendered":"<p>L\u2019escola Pere Lliscat \u00e9s un centre p\u00fablic de la Generalitat de Catalunya. El seu nom esdev\u00e9 del primer mestre contractat a L\u2019Hospitalet pel Consell municipal, l\u2019any 1574, el vicari Pere Lliscart.<\/p>\n<p>L\u2019escola va ser inaugurada al 1976-77 i l\u2019edifici d\u2019educaci\u00f3 infantil el curs 1982-83.<\/p>\n<p>El curs 2016-17 vam fer 40 anys. El curs 2019-20 vam comen\u00e7ar a funcionar com a Institut-Escola.<\/p>\n<p>&nbsp;<\/p>\n<p><a href=\"http:\/\/agora.xtec.cat\/ceipperelliscart\/wp-content\/uploads\/usu1611\/2016\/12\/pau1red.jpg\"><img loading=\"lazy\" decoding=\"async\" class=\"aligncenter size-large wp-image-463\" src=\"http:\/\/agora.xtec.cat\/ceipperelliscart\/wp-content\/uploads\/usu1611\/2016\/12\/pau1red-1024x683.jpg\" alt=\"pau1red\" width=\"1024\" height=\"683\" srcset=\"https:\/\/agora.xtec.cat\/ieperelliscart\/wp-content\/uploads\/usu1611\/2016\/12\/pau1red-1024x683.jpg 1024w, https:\/\/agora.xtec.cat\/ieperelliscart\/wp-content\/uploads\/usu1611\/2016\/12\/pau1red-300x200.jpg 300w, https:\/\/agora.xtec.cat\/ieperelliscart\/wp-content\/uploads\/usu1611\/2016\/12\/pau1red-768x512.jpg 768w\" sizes=\"auto, (max-width: 1024px) 100vw, 1024px\" \/><\/a><\/p>\n","protected":false},"excerpt":{"rendered":"<p>L\u2019escola Pere Lliscat \u00e9s un centre p\u00fablic de la Generalitat de Catalunya. El seu nom esdev\u00e9 del primer mestre contractat a L\u2019Hospitalet pel Consell municipal, l\u2019any 1574, el vicari Pere Lliscart.<br \/>\nL\u2019escola va ser inaugurada al 1976-77 i l\u2019edifici d\u2019educaci\u00f3 infantil el curs 1982-83.<br \/>\nEl curs 2016-17&hellip;  <a href=\"https:\/\/agora.xtec.cat\/ieperelliscart\/serveis\/lescola\/historia\/\" title=\"Read Hist\u00f2ria\">Llegeix m\u00e9s\u00bb<\/a><\/p>\n","protected":false},"author":1,"featured_media":0,"parent":22,"menu_order":20,"comment_status":"closed","ping_status":"closed","template":"page-templates\/side-menu.php","meta":{"_bbp_topic_count":0,"_bbp_reply_count":0,"_bbp_total_topic_count":0,"_bbp_total_reply_count":0,"_bbp_voice_count":0,"_bbp_anonymous_reply_count":0,"_bbp_topic_count_hidden":0,"_bbp_reply_count_hidden":0,"_bbp_forum_subforum_count":0,"footnotes":""},"class_list":["post-26","page","type-page","status-publish","hentry"],"post_mailing_queue_ids":[],"_links":{"self":[{"href":"https:\/\/agora.xtec.cat\/ieperelliscart\/wp-json\/wp\/v2\/pages\/26","targetHints":{"allow":["GET"]}}],"collection":[{"href":"https:\/\/agora.xtec.cat\/ieperelliscart\/wp-json\/wp\/v2\/pages"}],"about":[{"href":"https:\/\/agora.xtec.cat\/ieperelliscart\/wp-json\/wp\/v2\/types\/page"}],"author":[{"embeddable":true,"href":"https:\/\/agora.xtec.cat\/ieperelliscart\/wp-json\/wp\/v2\/users\/1"}],"replies":[{"embeddable":true,"href":"https:\/\/agora.xtec.cat\/ieperelliscart\/wp-json\/wp\/v2\/comments?post=26"}],"version-history":[{"count":4,"href":"https:\/\/agora.xtec.cat\/ieperelliscart\/wp-json\/wp\/v2\/pages\/26\/revisions"}],"predecessor-version":[{"id":4996,"href":"https:\/\/agora.xtec.cat\/ieperelliscart\/wp-json\/wp\/v2\/pages\/26\/revisions\/4996"}],"up":[{"embeddable":true,"href":"https:\/\/agora.xtec.cat\/ieperelliscart\/wp-json\/wp\/v2\/pages\/22"}],"wp:attachment":[{"href":"https:\/\/agora.xtec.cat\/ieperelliscart\/wp-json\/wp\/v2\/media?parent=26"}],"curies":[{"name":"wp","href":"https:\/\/api.w.org\/{rel}","templated":true}]}}