{"id":73,"date":"2016-09-07T14:01:51","date_gmt":"2016-09-07T12:01:51","guid":{"rendered":"http:\/\/agora.xtec.cat\/iepepacolomer\/?page_id=73"},"modified":"2020-01-07T17:08:03","modified_gmt":"2020-01-07T16:08:03","slug":"menjador-escolar","status":"publish","type":"page","link":"https:\/\/agora.xtec.cat\/iepepacolomer\/serveis\/menjador-escolar\/","title":{"rendered":"Servei de menjador de l&#8217;Institut Escola Pepa Colomer"},"content":{"rendered":"<p><strong>ANUNCI pel qual es fa p\u00fablica la licitaci\u00f3 d&#8217;un contracte de serveis de menjador escolar.\u00a0<\/strong><\/p>\n<div>\n<div class=\"fitxaCosFitxa\">\n<div class=\"fitxaVigencia\">\n<div class=\"FW_BoxSimple\">\n<div class=\"FW_BoxSimpleB\">\n<h3>Dades de l&#8217;anunci<\/h3>\n<\/div>\n<div class=\"FW_BoxSimplePeu\"><\/div>\n<\/div>\n<div id=\"llista-contracte\">\n<dl>\n<dt class=\"catcert\">Data de publicaci\u00f3:<\/dt>\n<dd id=\"catcert\">02\/01\/20 13:45 h<img decoding=\"async\" class=\"tooltip\" title=\"Publicaci\u00f3 certificada per la Plataforma de Serveis d'Identificaci\u00f3 i Signatura Electr\u00f2nica \n\nCN=Servei de segellat de temps de PSIS \nOU=Jerarquia Entitats de Certificacio Catalanes\nOU=Vegeu https:\/\/www.catcert.net\/verCIT-1 (c)05\nOU=Serveis Publics de Certificacio CIT-1\nO=Agencia Catalana de Certificacio (NIF Q-0801176-I)\nC=ES\" src=\"https:\/\/contractaciopublica.gencat.cat\/images\/pscp\/catcert.png\" alt=\"\" \/><a title=\"Publicaci\u00f3 acreditada pel Consorci Administraci\u00f3 Oberta de Catalunya\" href=\"https:\/\/contractaciopublica.gencat.cat\/ecofin_pscp\/AppJava\/portalfileretrieving.pscp?reqCode=getNoticeSignature&amp;documentId=57260798&amp;prefix=CN_\">Publicaci\u00f3 acreditada pel Consorci Administraci\u00f3 Oberta de Catalunya<\/a><\/dd>\n<\/dl>\n<\/div>\n<dl>\n<dt>Reserva social:<\/dt>\n<dd>No<\/dd>\n<dt>Divisi\u00f3 en lots:<\/dt>\n<dd>No<\/dd>\n<dt>Nombre de lots:<\/dt>\n<dd>No hi ha lots<\/dd>\n<dt>Criteris d&#8217;adjudicaci\u00f3:<\/dt>\n<dd>\n<div><strong>Ponderaci\u00f3:<\/strong>\u00a012.00 &#8211;\u00a0<strong>Criteri:<\/strong>\u00a0Proposta t\u00e8cnica (judici de valor)<\/div>\n<div><strong>Ponderaci\u00f3:<\/strong>\u00a088.00 &#8211;\u00a0<strong>Criteri:<\/strong>\u00a0Proposta econ\u00f2mica (preu ofertat) i altres criteris amb aplicaci\u00f3 de f\u00f3rmules<\/div>\n<\/dd>\n<dt>S&#8217;accepten variants:<\/dt>\n<dd>No<\/dd>\n<dt>Codi CPV:<\/dt>\n<dd>55523100<\/dd>\n<dt>Garantia provisional:<\/dt>\n<dd>No<\/dd>\n<dt class=\"titol-grup-dl\">Solv\u00e8ncia econ\u00f2mica i financera<\/dt>\n<dd>\n<dl class=\"solv-grup\">\n<dt>Mitj\u00e0 de solv\u00e8ncia:<\/dt>\n<dd>Xifra anual de negoci<\/dd>\n<\/dl>\n<div class=\"columns-solvencia\"><\/div>\n<\/dd>\n<dt>Descripci\u00f3:<\/dt>\n<dd>\n<div class=\"columns-solvencia\"><\/div>\n<\/dd>\n<dd>\n<div>Declaraci\u00f3 sobre el volum anual de negocis en l&#8217;\u00e0mbit de l&#8217;objecte del contracte, referit al millor exercici dins dels tres \u00faltims disponibles en funci\u00f3 de la data de constituci\u00f3 o d&#8217;inici d&#8217;activitats de l&#8217;empresari i de presentaci\u00f3 de les ofertes. El volum de negocis m\u00ednim anual ha de ser per un import igual o superior a l&#8217;import base de licitaci\u00f3 (IVA excl\u00f2s).<\/div>\n<\/dd>\n<dd>\n<div class=\"columns-solvencia\"><\/div>\n<div class=\"clear\"><\/div>\n<\/dd>\n<dt class=\"titol-grup-dl\">Solv\u00e8ncia t\u00e8cnica i professional<\/dt>\n<dd>\n<dl class=\"solv-grup\">\n<dt>Mitj\u00e0 de solv\u00e8ncia:<\/dt>\n<dd>Treballs realitzats<\/dd>\n<\/dl>\n<div class=\"columns-solvencia\"><\/div>\n<\/dd>\n<dt>Descripci\u00f3:<\/dt>\n<dd>\n<div class=\"columns-solvencia\"><\/div>\n<\/dd>\n<dd>\n<div>Relaci\u00f3 dels principals serveis o treballs efectuats de la mateixa o similar naturalesa que els que constitueixen l&#8217;objecte del contracte en el curs de, com a m\u00e0xim els tres \u00faltims anys, en la qual se n&#8217;indiqui l&#8217;import, la data i el destinatari, p\u00fablic o privat. Els serveis o treballs efectuats s&#8217;han d&#8217;acreditar mitjan\u00e7ant certificats expedits o visats per l&#8217;\u00f2rgan competent, quan el destinatari sigui una entitat del sector p\u00fablic; quan el destinatari sigui un subjecte privat, mitjan\u00e7ant un certificat expedit per aquest o, a falta d&#8217;aquest certificat, mitjan\u00e7ant una declaraci\u00f3 de l&#8217;empresari, acompanyada dels documents en poder seu que acreditin la realitzaci\u00f3 de la prestaci\u00f3. En aquesta relaci\u00f3 ha de constar, com a m\u00ednim, un servei o treball efectuat de la mateixa o similar naturalesa que els que constitueixen l&#8217;objecte del contracte i per un import igual o superior a l&#8217;import de licitaci\u00f3.<\/div>\n<\/dd>\n<dd>\n<div class=\"columns-solvencia\">\n<div class=\"FW_BoxSimple\">\n<div class=\"FW_BoxSimpleB\">\n<h3>Dades del contracte<\/h3>\n<\/div>\n<div class=\"FW_BoxSimplePeu\"><\/div>\n<\/div>\n<dl>\n<dt>Descripci\u00f3 de la prestaci\u00f3:<\/dt>\n<dd>Servei de menjador de l&#8217;Institut Escola Pepa Colomer<\/dd>\n<dt>Pressupost de licitaci\u00f3:<\/dt>\n<dd><span class=\"pressupost\">130.466,70 \u20ac sense IVA\u00a0<\/span><span class=\"pressupost\">137.767,50 \u20ac IVA incl\u00f2s (10,00%)<\/span><\/dd>\n<dt>Termini d&#8217;execuci\u00f3:<\/dt>\n<dd>01\/04\/20 &#8211; 31\/12\/20<\/dd>\n<dt>\u00c0mbit geogr\u00e0fic:<\/dt>\n<dd>Prat de Llobregat<\/dd>\n<dt>Termini de presentaci\u00f3 d&#8217;ofertes:<\/dt>\n<dd>17\/01\/20 14:00 h<\/dd>\n<dt>Valor estimat del contracte:<\/dt>\n<dd>326.724,30 \u20ac sense IVA<\/dd>\n<dt>Subhasta electr\u00f2nica:<\/dt>\n<dd>No<\/dd>\n<dt>Contracte harmonitzat:<\/dt>\n<dd>No<\/dd>\n<dt>Pr\u00f2rroga:<\/dt>\n<dd>S\u00ed<\/dd>\n<dt>Informaci\u00f3 complement\u00e0ria sobre la pr\u00f2rroga:<\/dt>\n<dd>Possibilitat d&#8217;1 any de pr\u00f2rroga: de l&#8217;1 de gener de 2021 al 31 de desembre de 2021<\/dd>\n<dt>Es preveuen modificacions als plecs:<\/dt>\n<dd>S\u00ed<\/dd>\n<\/dl>\n<\/div>\n<div class=\"clear\"><\/div>\n<\/dd>\n<\/dl>\n<div class=\"FW_BoxSimple\">\n<div class=\"FW_BoxSimpleB\">\n<h3><\/h3>\n<\/div>\n<\/div>\n<\/div>\n<div class=\"article-document\">\n<div id=\"art-1\" class=\"articulos\"><\/div>\n<\/div>\n<\/div>\n<\/div>\n<p>&nbsp;<\/p>\n","protected":false},"excerpt":{"rendered":"<p>ANUNCI pel qual es fa p\u00fablica la licitaci\u00f3 d&#8217;un contracte de serveis de menjador escolar.\u00a0 Dades de l&#8217;anunci Data de publicaci\u00f3: 02\/01\/20 13:45 hPublicaci\u00f3 acreditada pel Consorci Administraci\u00f3 Oberta de Catalunya Reserva social: No Divisi\u00f3 en lots: No Nombre de lots: No hi ha lots Criteris d&#8217;adjudicaci\u00f3: Ponderaci\u00f3:\u00a012.00 &#8211;\u00a0Criteri:\u00a0Proposta t\u00e8cnica (judici de valor) Ponderaci\u00f3:\u00a088.00 &#8211;\u00a0Criteri:\u00a0Proposta [&hellip;]<\/p>\n","protected":false},"author":1,"featured_media":0,"parent":66,"menu_order":10,"comment_status":"closed","ping_status":"closed","template":"page-templates\/side-menu.php","meta":{"_bbp_topic_count":0,"_bbp_reply_count":0,"_bbp_total_topic_count":0,"_bbp_total_reply_count":0,"_bbp_voice_count":0,"_bbp_anonymous_reply_count":0,"_bbp_topic_count_hidden":0,"_bbp_reply_count_hidden":0,"_bbp_forum_subforum_count":0,"site-sidebar-layout":"default","site-content-layout":"","ast-site-content-layout":"","site-content-style":"default","site-sidebar-style":"default","ast-global-header-display":"","ast-banner-title-visibility":"","ast-main-header-display":"","ast-hfb-above-header-display":"","ast-hfb-below-header-display":"","ast-hfb-mobile-header-display":"","site-post-title":"","ast-breadcrumbs-content":"","ast-featured-img":"","footer-sml-layout":"","theme-transparent-header-meta":"","adv-header-id-meta":"","stick-header-meta":"","header-above-stick-meta":"","header-main-stick-meta":"","header-below-stick-meta":"","astra-migrate-meta-layouts":"default","ast-page-background-enabled":"default","ast-page-background-meta":{"desktop":{"background-color":"var(--ast-global-color-4)","background-image":"","background-repeat":"repeat","background-position":"center center","background-size":"auto","background-attachment":"scroll","background-type":"","background-media":"","overlay-type":"","overlay-color":"","overlay-opacity":"","overlay-gradient":""},"tablet":{"background-color":"","background-image":"","background-repeat":"repeat","background-position":"center center","background-size":"auto","background-attachment":"scroll","background-type":"","background-media":"","overlay-type":"","overlay-color":"","overlay-opacity":"","overlay-gradient":""},"mobile":{"background-color":"","background-image":"","background-repeat":"repeat","background-position":"center center","background-size":"auto","background-attachment":"scroll","background-type":"","background-media":"","overlay-type":"","overlay-color":"","overlay-opacity":"","overlay-gradient":""}},"ast-content-background-meta":{"desktop":{"background-color":"var(--ast-global-color-5)","background-image":"","background-repeat":"repeat","background-position":"center center","background-size":"auto","background-attachment":"scroll","background-type":"","background-media":"","overlay-type":"","overlay-color":"","overlay-opacity":"","overlay-gradient":""},"tablet":{"background-color":"var(--ast-global-color-5)","background-image":"","background-repeat":"repeat","background-position":"center center","background-size":"auto","background-attachment":"scroll","background-type":"","background-media":"","overlay-type":"","overlay-color":"","overlay-opacity":"","overlay-gradient":""},"mobile":{"background-color":"var(--ast-global-color-5)","background-image":"","background-repeat":"repeat","background-position":"center center","background-size":"auto","background-attachment":"scroll","background-type":"","background-media":"","overlay-type":"","overlay-color":"","overlay-opacity":"","overlay-gradient":""}},"footnotes":""},"class_list":["post-73","page","type-page","status-publish","hentry"],"post_mailing_queue_ids":[],"_links":{"self":[{"href":"https:\/\/agora.xtec.cat\/iepepacolomer\/wp-json\/wp\/v2\/pages\/73","targetHints":{"allow":["GET"]}}],"collection":[{"href":"https:\/\/agora.xtec.cat\/iepepacolomer\/wp-json\/wp\/v2\/pages"}],"about":[{"href":"https:\/\/agora.xtec.cat\/iepepacolomer\/wp-json\/wp\/v2\/types\/page"}],"author":[{"embeddable":true,"href":"https:\/\/agora.xtec.cat\/iepepacolomer\/wp-json\/wp\/v2\/users\/1"}],"replies":[{"embeddable":true,"href":"https:\/\/agora.xtec.cat\/iepepacolomer\/wp-json\/wp\/v2\/comments?post=73"}],"version-history":[{"count":3,"href":"https:\/\/agora.xtec.cat\/iepepacolomer\/wp-json\/wp\/v2\/pages\/73\/revisions"}],"predecessor-version":[{"id":3278,"href":"https:\/\/agora.xtec.cat\/iepepacolomer\/wp-json\/wp\/v2\/pages\/73\/revisions\/3278"}],"up":[{"embeddable":true,"href":"https:\/\/agora.xtec.cat\/iepepacolomer\/wp-json\/wp\/v2\/pages\/66"}],"wp:attachment":[{"href":"https:\/\/agora.xtec.cat\/iepepacolomer\/wp-json\/wp\/v2\/media?parent=73"}],"curies":[{"name":"wp","href":"https:\/\/api.w.org\/{rel}","templated":true}]}}