{"id":6947,"date":"2025-06-21T18:09:10","date_gmt":"2025-06-21T16:09:10","guid":{"rendered":"https:\/\/agora.xtec.cat\/iepepacolomer\/?page_id=6947"},"modified":"2025-06-21T18:09:10","modified_gmt":"2025-06-21T16:09:10","slug":"pdd","status":"publish","type":"page","link":"https:\/\/agora.xtec.cat\/iepepacolomer\/lescola\/pdd\/","title":{"rendered":"PdD"},"content":{"rendered":"<p><span style=\"font-family: inherit; font-size: 1em;\">El Projecte de Direcci\u00f3 constitueix el document de refer\u00e8ncia que defineix les l\u00ednies d\u2019actuaci\u00f3, els objectius estrat\u00e8gics i les propostes de millora que orienten el funcionament del centre en els pr\u00f2xims anys.\u00a0<\/span><\/p>\n<p data-start=\"579\" data-end=\"838\">A trav\u00e9s d\u2019aquest instrument de planificaci\u00f3 i lideratge, es pret\u00e9n consolidar una cultura de participaci\u00f3, col\u00b7laboraci\u00f3 i innovaci\u00f3 pedag\u00f2gica, afavorint la implicaci\u00f3 de tota la comunitat educativa i l\u2019arrelament del centre en l\u2019entorn social i cultural.<\/p>\n<p data-start=\"840\" data-end=\"1020\">Convidem les fam\u00edlies, el professorat i els agents de la comunitat a con\u00e8ixer en profunditat aquest projecte i a sumar esfor\u00e7os per assolir conjuntament els objectius establerts.<\/p>\n<p data-start=\"840\" data-end=\"1020\">\n<p data-start=\"840\" data-end=\"1020\">El trobareu aqu\u00ed &#8211; <a href=\"https:\/\/www.yumpu.com\/xx\/document\/view\/70610878\/pdd\">PdD<\/a><\/p>\n","protected":false},"excerpt":{"rendered":"<p>El Projecte de Direcci\u00f3 constitueix el document de refer\u00e8ncia que defineix les l\u00ednies d\u2019actuaci\u00f3, els objectius estrat\u00e8gics i les propostes de millora que orienten el funcionament del centre en els pr\u00f2xims anys.\u00a0 A trav\u00e9s d\u2019aquest instrument de planificaci\u00f3 i lideratge, es pret\u00e9n consolidar una cultura de participaci\u00f3, col\u00b7laboraci\u00f3 i innovaci\u00f3 pedag\u00f2gica, afavorint la implicaci\u00f3 de [&hellip;]<\/p>\n","protected":false},"author":1,"featured_media":0,"parent":22,"menu_order":0,"comment_status":"closed","ping_status":"closed","template":"page-templates\/side-menu.php","meta":{"_bbp_topic_count":0,"_bbp_reply_count":0,"_bbp_total_topic_count":0,"_bbp_total_reply_count":0,"_bbp_voice_count":0,"_bbp_anonymous_reply_count":0,"_bbp_topic_count_hidden":0,"_bbp_reply_count_hidden":0,"_bbp_forum_subforum_count":0,"site-sidebar-layout":"default","site-content-layout":"","ast-site-content-layout":"","site-content-style":"default","site-sidebar-style":"default","ast-global-header-display":"","ast-banner-title-visibility":"","ast-main-header-display":"","ast-hfb-above-header-display":"","ast-hfb-below-header-display":"","ast-hfb-mobile-header-display":"","site-post-title":"","ast-breadcrumbs-content":"","ast-featured-img":"","footer-sml-layout":"","theme-transparent-header-meta":"","adv-header-id-meta":"","stick-header-meta":"","header-above-stick-meta":"","header-main-stick-meta":"","header-below-stick-meta":"","astra-migrate-meta-layouts":"default","ast-page-background-enabled":"default","ast-page-background-meta":{"desktop":{"background-color":"var(--ast-global-color-4)","background-image":"","background-repeat":"repeat","background-position":"center center","background-size":"auto","background-attachment":"scroll","background-type":"","background-media":"","overlay-type":"","overlay-color":"","overlay-opacity":"","overlay-gradient":""},"tablet":{"background-color":"","background-image":"","background-repeat":"repeat","background-position":"center center","background-size":"auto","background-attachment":"scroll","background-type":"","background-media":"","overlay-type":"","overlay-color":"","overlay-opacity":"","overlay-gradient":""},"mobile":{"background-color":"","background-image":"","background-repeat":"repeat","background-position":"center center","background-size":"auto","background-attachment":"scroll","background-type":"","background-media":"","overlay-type":"","overlay-color":"","overlay-opacity":"","overlay-gradient":""}},"ast-content-background-meta":{"desktop":{"background-color":"var(--ast-global-color-5)","background-image":"","background-repeat":"repeat","background-position":"center center","background-size":"auto","background-attachment":"scroll","background-type":"","background-media":"","overlay-type":"","overlay-color":"","overlay-opacity":"","overlay-gradient":""},"tablet":{"background-color":"var(--ast-global-color-5)","background-image":"","background-repeat":"repeat","background-position":"center center","background-size":"auto","background-attachment":"scroll","background-type":"","background-media":"","overlay-type":"","overlay-color":"","overlay-opacity":"","overlay-gradient":""},"mobile":{"background-color":"var(--ast-global-color-5)","background-image":"","background-repeat":"repeat","background-position":"center center","background-size":"auto","background-attachment":"scroll","background-type":"","background-media":"","overlay-type":"","overlay-color":"","overlay-opacity":"","overlay-gradient":""}},"footnotes":""},"class_list":["post-6947","page","type-page","status-publish","hentry"],"post_mailing_queue_ids":[],"_links":{"self":[{"href":"https:\/\/agora.xtec.cat\/iepepacolomer\/wp-json\/wp\/v2\/pages\/6947","targetHints":{"allow":["GET"]}}],"collection":[{"href":"https:\/\/agora.xtec.cat\/iepepacolomer\/wp-json\/wp\/v2\/pages"}],"about":[{"href":"https:\/\/agora.xtec.cat\/iepepacolomer\/wp-json\/wp\/v2\/types\/page"}],"author":[{"embeddable":true,"href":"https:\/\/agora.xtec.cat\/iepepacolomer\/wp-json\/wp\/v2\/users\/1"}],"replies":[{"embeddable":true,"href":"https:\/\/agora.xtec.cat\/iepepacolomer\/wp-json\/wp\/v2\/comments?post=6947"}],"version-history":[{"count":3,"href":"https:\/\/agora.xtec.cat\/iepepacolomer\/wp-json\/wp\/v2\/pages\/6947\/revisions"}],"predecessor-version":[{"id":6950,"href":"https:\/\/agora.xtec.cat\/iepepacolomer\/wp-json\/wp\/v2\/pages\/6947\/revisions\/6950"}],"up":[{"embeddable":true,"href":"https:\/\/agora.xtec.cat\/iepepacolomer\/wp-json\/wp\/v2\/pages\/22"}],"wp:attachment":[{"href":"https:\/\/agora.xtec.cat\/iepepacolomer\/wp-json\/wp\/v2\/media?parent=6947"}],"curies":[{"name":"wp","href":"https:\/\/api.w.org\/{rel}","templated":true}]}}