{"id":6471,"date":"2023-12-15T13:42:15","date_gmt":"2023-12-15T12:42:15","guid":{"rendered":"https:\/\/agora.xtec.cat\/iepepacolomer\/?page_id=6471"},"modified":"2023-12-15T13:58:00","modified_gmt":"2023-12-15T12:58:00","slug":"edc","status":"publish","type":"page","link":"https:\/\/agora.xtec.cat\/iepepacolomer\/lescola\/edc\/","title":{"rendered":"EDC"},"content":{"rendered":"<p>El nostre centre s\u2019ha marcat un horitz\u00f3 digital amb la idea d\u2019avan\u00e7ar de la mateixa<br \/>\nmanera que avan\u00e7a la nostra societat. Per aquest motiu, recollim dins del PEC la<br \/>\ncompet\u00e8ncia digital com una eina fonamental per al desenvolupament no nom\u00e9s del<br \/>\nnostre alumnat sin\u00f3 de tota la comunitat educativa.<\/p>\n<p>El desplegament d\u2019aquesta compet\u00e8ncia es concreta en el document d\u2019Estrat\u00e8gia<br \/>\nDigital del Centre (<a href=\"https:\/\/view.genial.ly\/647f57d92274560013eb4321\" target=\"_blank\" rel=\"noopener\">EDC<\/a>) i s\u2019ha fonamentat en el marc legislatiu actual:<\/p>\n<p>\u2794 Marc europeu de compet\u00e8ncies digitals DigComp.<br \/>\n\u2794 El DECRET 175\/2022 (auton\u00f2mic) el qual regula l\u2019educaci\u00f3 b\u00e0sica (Prim\u00e0ria i<br \/>\nSecund\u00e0ria) i estableix el desenvolupament d\u2019aquesta compet\u00e8ncia clau.<\/p>\n<p>&nbsp;<\/p>\n<p>&nbsp;<\/p>\n","protected":false},"excerpt":{"rendered":"<p>El nostre centre s\u2019ha marcat un horitz\u00f3 digital amb la idea d\u2019avan\u00e7ar de la mateixa manera que avan\u00e7a la nostra societat. Per aquest motiu, recollim dins del PEC la compet\u00e8ncia digital com una eina fonamental per al desenvolupament no nom\u00e9s del nostre alumnat sin\u00f3 de tota la comunitat educativa. El desplegament d\u2019aquesta compet\u00e8ncia es concreta [&hellip;]<\/p>\n","protected":false},"author":1,"featured_media":0,"parent":22,"menu_order":0,"comment_status":"closed","ping_status":"closed","template":"","meta":{"_bbp_topic_count":0,"_bbp_reply_count":0,"_bbp_total_topic_count":0,"_bbp_total_reply_count":0,"_bbp_voice_count":0,"_bbp_anonymous_reply_count":0,"_bbp_topic_count_hidden":0,"_bbp_reply_count_hidden":0,"_bbp_forum_subforum_count":0,"site-sidebar-layout":"default","site-content-layout":"","ast-site-content-layout":"","site-content-style":"default","site-sidebar-style":"default","ast-global-header-display":"","ast-banner-title-visibility":"","ast-main-header-display":"","ast-hfb-above-header-display":"","ast-hfb-below-header-display":"","ast-hfb-mobile-header-display":"","site-post-title":"","ast-breadcrumbs-content":"","ast-featured-img":"","footer-sml-layout":"","theme-transparent-header-meta":"","adv-header-id-meta":"","stick-header-meta":"","header-above-stick-meta":"","header-main-stick-meta":"","header-below-stick-meta":"","astra-migrate-meta-layouts":"default","ast-page-background-enabled":"default","ast-page-background-meta":{"desktop":{"background-color":"var(--ast-global-color-4)","background-image":"","background-repeat":"repeat","background-position":"center center","background-size":"auto","background-attachment":"scroll","background-type":"","background-media":"","overlay-type":"","overlay-color":"","overlay-opacity":"","overlay-gradient":""},"tablet":{"background-color":"","background-image":"","background-repeat":"repeat","background-position":"center center","background-size":"auto","background-attachment":"scroll","background-type":"","background-media":"","overlay-type":"","overlay-color":"","overlay-opacity":"","overlay-gradient":""},"mobile":{"background-color":"","background-image":"","background-repeat":"repeat","background-position":"center center","background-size":"auto","background-attachment":"scroll","background-type":"","background-media":"","overlay-type":"","overlay-color":"","overlay-opacity":"","overlay-gradient":""}},"ast-content-background-meta":{"desktop":{"background-color":"var(--ast-global-color-5)","background-image":"","background-repeat":"repeat","background-position":"center center","background-size":"auto","background-attachment":"scroll","background-type":"","background-media":"","overlay-type":"","overlay-color":"","overlay-opacity":"","overlay-gradient":""},"tablet":{"background-color":"var(--ast-global-color-5)","background-image":"","background-repeat":"repeat","background-position":"center center","background-size":"auto","background-attachment":"scroll","background-type":"","background-media":"","overlay-type":"","overlay-color":"","overlay-opacity":"","overlay-gradient":""},"mobile":{"background-color":"var(--ast-global-color-5)","background-image":"","background-repeat":"repeat","background-position":"center center","background-size":"auto","background-attachment":"scroll","background-type":"","background-media":"","overlay-type":"","overlay-color":"","overlay-opacity":"","overlay-gradient":""}},"footnotes":""},"class_list":["post-6471","page","type-page","status-publish","hentry"],"post_mailing_queue_ids":[],"_links":{"self":[{"href":"https:\/\/agora.xtec.cat\/iepepacolomer\/wp-json\/wp\/v2\/pages\/6471","targetHints":{"allow":["GET"]}}],"collection":[{"href":"https:\/\/agora.xtec.cat\/iepepacolomer\/wp-json\/wp\/v2\/pages"}],"about":[{"href":"https:\/\/agora.xtec.cat\/iepepacolomer\/wp-json\/wp\/v2\/types\/page"}],"author":[{"embeddable":true,"href":"https:\/\/agora.xtec.cat\/iepepacolomer\/wp-json\/wp\/v2\/users\/1"}],"replies":[{"embeddable":true,"href":"https:\/\/agora.xtec.cat\/iepepacolomer\/wp-json\/wp\/v2\/comments?post=6471"}],"version-history":[{"count":4,"href":"https:\/\/agora.xtec.cat\/iepepacolomer\/wp-json\/wp\/v2\/pages\/6471\/revisions"}],"predecessor-version":[{"id":6477,"href":"https:\/\/agora.xtec.cat\/iepepacolomer\/wp-json\/wp\/v2\/pages\/6471\/revisions\/6477"}],"up":[{"embeddable":true,"href":"https:\/\/agora.xtec.cat\/iepepacolomer\/wp-json\/wp\/v2\/pages\/22"}],"wp:attachment":[{"href":"https:\/\/agora.xtec.cat\/iepepacolomer\/wp-json\/wp\/v2\/media?parent=6471"}],"curies":[{"name":"wp","href":"https:\/\/api.w.org\/{rel}","templated":true}]}}