{"id":64,"date":"2014-09-18T12:39:08","date_gmt":"2014-09-18T10:39:08","guid":{"rendered":"http:\/\/agora.xtec.cat\/iepepacolomer\/?page_id=64"},"modified":"2025-06-18T12:07:57","modified_gmt":"2025-06-18T10:07:57","slug":"projecte-educatiu","status":"publish","type":"page","link":"https:\/\/agora.xtec.cat\/iepepacolomer\/lescola\/projecte-educatiu\/","title":{"rendered":"Projecte educatiu"},"content":{"rendered":"<p>El present document \u00e9s el projecte educatiu del centre Pepa Colomer.\u00a0 S\u2019ha elaborat d\u2019acord amb el que estableixen els diferents <a href=\"https:\/\/portaljuridic.gencat.cat\/ca\/document-del-pjur\/?documentId=480169#fragment-1182442\">articles de la Llei 12\/2009, del 10 de juliol<\/a>, d\u2019educaci\u00f3, i del Decret 102\/2010, de 3 d\u2019agost, d\u2019autonomia dels centres educatius.\u00a0 En ell es recull la identitat del centre, se n&#8217;expliciten els objectius, s&#8217;orienta l&#8217;activitat i se li d\u00f3na sentit amb la finalitat que l&#8217;alumnat assoleixi les compet\u00e8ncies b\u00e0siques i, m\u00e9s en general, el m\u00e0xim aprofitament educatiu.<\/p>\n<p>Aquest document s\u2019ha dissenyat d\u2019acord amb els projectes educatius territorials i amb el projecte de Direcci\u00f3 vigents, garantint, d\u2019aquesta manera, el desenvolupament coordinat de totes les activitats educatives\u00a0 en el centre docent.<\/p>\n<p>Amb aquest projecte educatiu es pret\u00e9n impulsar la col\u00b7laboraci\u00f3 entre els diversos sectors de la comunitat educativa i la relaci\u00f3 entre el centre i l&#8217;entorn social.<\/p>\n<p>Per a dissenyar aquest projecte educatiu, tenim molt present les caracter\u00edstiques socials i culturals del nostre context escolar, aix\u00ed com de l&#8217;entorn productiu, i preveient les necessitats educatives de l&#8217;alumnat.<\/p>\n<p>Est\u00e0 essent elaborat per la comissi\u00f3 d\u2019elaboraci\u00f3 dels documents d\u2019autonomia\u00a0 de centre amb la participaci\u00f3 de membres de tots els sectors de la comunitat educativa\u00a0 i recull les aportacions fetes per tots els components de la comissi\u00f3.<\/p>\n<p>Les sessions de treball s\u2019estan desenvolupat seguint la metodologia de la pr\u00e0ctica reflexiva, partint de les experi\u00e8ncies personals de cada membre de la comunitat en el context del centre i fomentant la reflexi\u00f3 sobre la pr\u00f2pia visi\u00f3 de l\u2019escola. El fet que parteixi de la persona i no del saber te\u00f2ric, i tingui en compte l\u2019experi\u00e8ncia personal per a definici\u00f3 dels trets d\u2019identitat i els objectius de centre,\u00a0 ha donat seguretat i import\u00e0ncia a la tasca valuosa que realitza tota la comunitat educativa en l\u2019educaci\u00f3 dels nostres infants i d\u00f3na valor a la seva praxis. Aquesta pr\u00e0ctica dinamitzadora ens ha perm\u00e8s aprofundir en el coneixement sobre el propi centre i en la sistematitzaci\u00f3 de la reflexi\u00f3 i la construcci\u00f3 conjunta de propostes.<\/p>\n<p><a href=\"https:\/\/www.yumpu.com\/xx\/document\/view\/70602697\/aprenem-a-aprendre\">PROJECTE EDUCATIU DE CENTRE<\/a> <strong>(pendent de publicar les darreres modificacions del document) febrer 2022<\/strong><\/p>\n<p>&nbsp;<\/p>\n<div class=\"issuuembed\" style=\"width: 525px; height: 371px;\" data-configid=\"13755635\/68053485\">\n<h4><\/h4>\n<h4><a href=\"https:\/\/agora.xtec.cat\/iepepacolomer\/wp-content\/uploads\/usu1405\/2022\/02\/493329917e728c8e55c2f75e65991d03-ilustracion-de-flecha-con-curvas.png\"><img loading=\"lazy\" decoding=\"async\" class=\"wp-image-5796 alignnone\" src=\"https:\/\/agora.xtec.cat\/iepepacolomer\/wp-content\/uploads\/usu1405\/2022\/02\/493329917e728c8e55c2f75e65991d03-ilustracion-de-flecha-con-curvas-e1644925283777-150x150.png\" alt=\"\" width=\"59\" height=\"59\" srcset=\"https:\/\/agora.xtec.cat\/iepepacolomer\/wp-content\/uploads\/usu1405\/2022\/02\/493329917e728c8e55c2f75e65991d03-ilustracion-de-flecha-con-curvas-e1644925283777-150x150.png 150w, https:\/\/agora.xtec.cat\/iepepacolomer\/wp-content\/uploads\/usu1405\/2022\/02\/493329917e728c8e55c2f75e65991d03-ilustracion-de-flecha-con-curvas-e1644925283777.png 256w\" sizes=\"auto, (max-width: 59px) 100vw, 59px\" \/><\/a><a href=\"https:\/\/agora.xtec.cat\/iepepacolomer\/portes-obertes\/\">En resum som<\/a> &#8230;<\/h4>\n<p>&nbsp;<\/p>\n<\/div>\n","protected":false},"excerpt":{"rendered":"<p>El present document \u00e9s el projecte educatiu del centre Pepa Colomer.\u00a0 S\u2019ha elaborat d\u2019acord amb el que estableixen els diferents articles de la Llei 12\/2009, del 10 de juliol, d\u2019educaci\u00f3, i del Decret 102\/2010, de 3 d\u2019agost, d\u2019autonomia dels centres educatius.\u00a0 En ell es recull la identitat del centre, se n&#8217;expliciten els objectius, s&#8217;orienta l&#8217;activitat [&hellip;]<\/p>\n","protected":false},"author":1,"featured_media":0,"parent":22,"menu_order":0,"comment_status":"closed","ping_status":"closed","template":"page-templates\/side-menu.php","meta":{"_bbp_topic_count":0,"_bbp_reply_count":0,"_bbp_total_topic_count":0,"_bbp_total_reply_count":0,"_bbp_voice_count":0,"_bbp_anonymous_reply_count":0,"_bbp_topic_count_hidden":0,"_bbp_reply_count_hidden":0,"_bbp_forum_subforum_count":0,"site-sidebar-layout":"default","site-content-layout":"","ast-site-content-layout":"","site-content-style":"default","site-sidebar-style":"default","ast-global-header-display":"","ast-banner-title-visibility":"","ast-main-header-display":"","ast-hfb-above-header-display":"","ast-hfb-below-header-display":"","ast-hfb-mobile-header-display":"","site-post-title":"","ast-breadcrumbs-content":"","ast-featured-img":"","footer-sml-layout":"","theme-transparent-header-meta":"","adv-header-id-meta":"","stick-header-meta":"","header-above-stick-meta":"","header-main-stick-meta":"","header-below-stick-meta":"","astra-migrate-meta-layouts":"default","ast-page-background-enabled":"default","ast-page-background-meta":{"desktop":{"background-color":"var(--ast-global-color-4)","background-image":"","background-repeat":"repeat","background-position":"center center","background-size":"auto","background-attachment":"scroll","background-type":"","background-media":"","overlay-type":"","overlay-color":"","overlay-opacity":"","overlay-gradient":""},"tablet":{"background-color":"","background-image":"","background-repeat":"repeat","background-position":"center center","background-size":"auto","background-attachment":"scroll","background-type":"","background-media":"","overlay-type":"","overlay-color":"","overlay-opacity":"","overlay-gradient":""},"mobile":{"background-color":"","background-image":"","background-repeat":"repeat","background-position":"center center","background-size":"auto","background-attachment":"scroll","background-type":"","background-media":"","overlay-type":"","overlay-color":"","overlay-opacity":"","overlay-gradient":""}},"ast-content-background-meta":{"desktop":{"background-color":"var(--ast-global-color-5)","background-image":"","background-repeat":"repeat","background-position":"center center","background-size":"auto","background-attachment":"scroll","background-type":"","background-media":"","overlay-type":"","overlay-color":"","overlay-opacity":"","overlay-gradient":""},"tablet":{"background-color":"var(--ast-global-color-5)","background-image":"","background-repeat":"repeat","background-position":"center center","background-size":"auto","background-attachment":"scroll","background-type":"","background-media":"","overlay-type":"","overlay-color":"","overlay-opacity":"","overlay-gradient":""},"mobile":{"background-color":"var(--ast-global-color-5)","background-image":"","background-repeat":"repeat","background-position":"center center","background-size":"auto","background-attachment":"scroll","background-type":"","background-media":"","overlay-type":"","overlay-color":"","overlay-opacity":"","overlay-gradient":""}},"footnotes":""},"class_list":["post-64","page","type-page","status-publish","hentry"],"post_mailing_queue_ids":[],"_links":{"self":[{"href":"https:\/\/agora.xtec.cat\/iepepacolomer\/wp-json\/wp\/v2\/pages\/64","targetHints":{"allow":["GET"]}}],"collection":[{"href":"https:\/\/agora.xtec.cat\/iepepacolomer\/wp-json\/wp\/v2\/pages"}],"about":[{"href":"https:\/\/agora.xtec.cat\/iepepacolomer\/wp-json\/wp\/v2\/types\/page"}],"author":[{"embeddable":true,"href":"https:\/\/agora.xtec.cat\/iepepacolomer\/wp-json\/wp\/v2\/users\/1"}],"replies":[{"embeddable":true,"href":"https:\/\/agora.xtec.cat\/iepepacolomer\/wp-json\/wp\/v2\/comments?post=64"}],"version-history":[{"count":5,"href":"https:\/\/agora.xtec.cat\/iepepacolomer\/wp-json\/wp\/v2\/pages\/64\/revisions"}],"predecessor-version":[{"id":6946,"href":"https:\/\/agora.xtec.cat\/iepepacolomer\/wp-json\/wp\/v2\/pages\/64\/revisions\/6946"}],"up":[{"embeddable":true,"href":"https:\/\/agora.xtec.cat\/iepepacolomer\/wp-json\/wp\/v2\/pages\/22"}],"wp:attachment":[{"href":"https:\/\/agora.xtec.cat\/iepepacolomer\/wp-json\/wp\/v2\/media?parent=64"}],"curies":[{"name":"wp","href":"https:\/\/api.w.org\/{rel}","templated":true}]}}