{"id":5777,"date":"2022-02-15T10:50:55","date_gmt":"2022-02-15T09:50:55","guid":{"rendered":"https:\/\/agora.xtec.cat\/iepepacolomer\/?page_id=5777"},"modified":"2025-01-24T17:15:20","modified_gmt":"2025-01-24T16:15:20","slug":"families-delegades","status":"publish","type":"page","link":"https:\/\/agora.xtec.cat\/iepepacolomer\/lescola\/families-delegades\/","title":{"rendered":"Fam\u00edlies Delegades"},"content":{"rendered":"<p><em><span style=\"text-decoration: underline;\"><strong>Fam\u00edlies Delegades, qu\u00e8 \u00e9s?<\/strong><\/span><\/em><\/p>\n<p>La mare o pare delegat facilita la comunicaci\u00f3 entre les fam\u00edlies del grup-aula del seu fill o filla amb la tutoria o direcci\u00f3 del Centre.<\/p>\n<p>El Centre, tutora o altres membres del claustre es comunicar\u00e0 amb els representants delegats via e-mail o a les sortides dels alumnes de l&#8217;escola.<\/p>\n<p><span style=\"text-decoration: underline;\"><strong><em>Objectius<\/em><\/strong><\/span><\/p>\n<ul style=\"list-style-type: circle;\">\n<li>Afavorir la comunicaci\u00f3 escola-tutors amb les fam\u00edlies per fomentar la participaci\u00f3 de les fam\u00edlies a la vida del centre com a la vida escolar dels seus infants.<\/li>\n<li>Aportar informaci\u00f3 de les activitats que poden ser d&#8217;inter\u00e8s dels nostres infants tan sigui via centre, AFA, ajuntament o entitats que col\u00b7laboren amb el centre.<\/li>\n<li>Col\u00b7laborar amb els tutors en el desenvolupament de les activitats del curs.<\/li>\n<\/ul>\n<p><span style=\"text-decoration: underline;\"><strong><em>Comunicaci\u00f3 amb l\u2019Escola<\/em><\/strong><\/span><\/p>\n<ul style=\"list-style-type: circle;\">\n<li>La mare\/pare delegada contactar\u00e0 directament amb el tutor o tutora del grup expressant les idees, inquietuds, &#8230; del grup de fam\u00edlies de l&#8217;aula. Si aquesta comunicaci\u00f3 no d\u00f3na una resposta adequada o b\u00e9 la proposta implica de comunicaci\u00f3 directa amb direcci\u00f3, ser\u00e0 el representant de les fam\u00edlies qui es posi en contacte amb direcci\u00f3.<\/li>\n<\/ul>\n<p><span style=\"text-decoration: underline;\"><em><strong>Trobades amb direcci\u00f3<\/strong><\/em><\/span><\/p>\n<ul style=\"list-style-type: circle;\">\n<li>Al llarg del curs escolar es fan varies trobades amb direcci\u00f3 i les fam\u00edlies delegades de les etapes d&#8217;Infantil i Prim\u00e0ria o b\u00e9 de l&#8217;etapa de Secund\u00e0ria.<\/li>\n<\/ul>\n<p>&nbsp;<\/p>\n","protected":false},"excerpt":{"rendered":"<p>Fam\u00edlies Delegades, qu\u00e8 \u00e9s? La mare o pare delegat facilita la comunicaci\u00f3 entre les fam\u00edlies del grup-aula del seu fill o filla amb la tutoria o direcci\u00f3 del Centre. El Centre, tutora o altres membres del claustre es comunicar\u00e0 amb els representants delegats via e-mail o a les sortides dels alumnes de l&#8217;escola. Objectius Afavorir [&hellip;]<\/p>\n","protected":false},"author":1,"featured_media":0,"parent":22,"menu_order":0,"comment_status":"closed","ping_status":"closed","template":"page-templates\/side-menu.php","meta":{"_bbp_topic_count":0,"_bbp_reply_count":0,"_bbp_total_topic_count":0,"_bbp_total_reply_count":0,"_bbp_voice_count":0,"_bbp_anonymous_reply_count":0,"_bbp_topic_count_hidden":0,"_bbp_reply_count_hidden":0,"_bbp_forum_subforum_count":0,"site-sidebar-layout":"default","site-content-layout":"","ast-site-content-layout":"","site-content-style":"default","site-sidebar-style":"default","ast-global-header-display":"","ast-banner-title-visibility":"","ast-main-header-display":"","ast-hfb-above-header-display":"","ast-hfb-below-header-display":"","ast-hfb-mobile-header-display":"","site-post-title":"","ast-breadcrumbs-content":"","ast-featured-img":"","footer-sml-layout":"","theme-transparent-header-meta":"","adv-header-id-meta":"","stick-header-meta":"","header-above-stick-meta":"","header-main-stick-meta":"","header-below-stick-meta":"","astra-migrate-meta-layouts":"default","ast-page-background-enabled":"default","ast-page-background-meta":{"desktop":{"background-color":"var(--ast-global-color-4)","background-image":"","background-repeat":"repeat","background-position":"center center","background-size":"auto","background-attachment":"scroll","background-type":"","background-media":"","overlay-type":"","overlay-color":"","overlay-opacity":"","overlay-gradient":""},"tablet":{"background-color":"","background-image":"","background-repeat":"repeat","background-position":"center center","background-size":"auto","background-attachment":"scroll","background-type":"","background-media":"","overlay-type":"","overlay-color":"","overlay-opacity":"","overlay-gradient":""},"mobile":{"background-color":"","background-image":"","background-repeat":"repeat","background-position":"center center","background-size":"auto","background-attachment":"scroll","background-type":"","background-media":"","overlay-type":"","overlay-color":"","overlay-opacity":"","overlay-gradient":""}},"ast-content-background-meta":{"desktop":{"background-color":"var(--ast-global-color-5)","background-image":"","background-repeat":"repeat","background-position":"center center","background-size":"auto","background-attachment":"scroll","background-type":"","background-media":"","overlay-type":"","overlay-color":"","overlay-opacity":"","overlay-gradient":""},"tablet":{"background-color":"var(--ast-global-color-5)","background-image":"","background-repeat":"repeat","background-position":"center center","background-size":"auto","background-attachment":"scroll","background-type":"","background-media":"","overlay-type":"","overlay-color":"","overlay-opacity":"","overlay-gradient":""},"mobile":{"background-color":"var(--ast-global-color-5)","background-image":"","background-repeat":"repeat","background-position":"center center","background-size":"auto","background-attachment":"scroll","background-type":"","background-media":"","overlay-type":"","overlay-color":"","overlay-opacity":"","overlay-gradient":""}},"footnotes":""},"class_list":["post-5777","page","type-page","status-publish","hentry"],"post_mailing_queue_ids":[],"_links":{"self":[{"href":"https:\/\/agora.xtec.cat\/iepepacolomer\/wp-json\/wp\/v2\/pages\/5777","targetHints":{"allow":["GET"]}}],"collection":[{"href":"https:\/\/agora.xtec.cat\/iepepacolomer\/wp-json\/wp\/v2\/pages"}],"about":[{"href":"https:\/\/agora.xtec.cat\/iepepacolomer\/wp-json\/wp\/v2\/types\/page"}],"author":[{"embeddable":true,"href":"https:\/\/agora.xtec.cat\/iepepacolomer\/wp-json\/wp\/v2\/users\/1"}],"replies":[{"embeddable":true,"href":"https:\/\/agora.xtec.cat\/iepepacolomer\/wp-json\/wp\/v2\/comments?post=5777"}],"version-history":[{"count":4,"href":"https:\/\/agora.xtec.cat\/iepepacolomer\/wp-json\/wp\/v2\/pages\/5777\/revisions"}],"predecessor-version":[{"id":6853,"href":"https:\/\/agora.xtec.cat\/iepepacolomer\/wp-json\/wp\/v2\/pages\/5777\/revisions\/6853"}],"up":[{"embeddable":true,"href":"https:\/\/agora.xtec.cat\/iepepacolomer\/wp-json\/wp\/v2\/pages\/22"}],"wp:attachment":[{"href":"https:\/\/agora.xtec.cat\/iepepacolomer\/wp-json\/wp\/v2\/media?parent=5777"}],"curies":[{"name":"wp","href":"https:\/\/api.w.org\/{rel}","templated":true}]}}