{"id":4541,"date":"2021-01-04T21:20:33","date_gmt":"2021-01-04T20:20:33","guid":{"rendered":"http:\/\/agora.xtec.cat\/iepepacolomer\/?page_id=4541"},"modified":"2021-01-04T21:22:49","modified_gmt":"2021-01-04T20:22:49","slug":"comunitat-de-mitjans","status":"publish","type":"page","link":"https:\/\/agora.xtec.cat\/iepepacolomer\/nivells\/comunitat-de-mitjans\/","title":{"rendered":"Comunitat de Mitjans"},"content":{"rendered":"<p>La comunitat de mitjans est\u00e0 formada per la majoria dels alumnes que estan en grups de prim\u00e0ria, m\u00e9s concretament aquelles nenes i nens que formen part de les classes de 2n fins a 5\u00e8 de prim\u00e0ria.<\/p>\n<p>Aquests s\u00f3n els principis que volem per als nostres alumnes<\/p>\n<p><a href=\"https:\/\/agora.xtec.cat\/iepepacolomer\/wp-content\/uploads\/usu1405\/2021\/01\/primaria.jpg\"><img loading=\"lazy\" decoding=\"async\" class=\"aligncenter wp-image-4544\" src=\"https:\/\/agora.xtec.cat\/iepepacolomer\/wp-content\/uploads\/usu1405\/2021\/01\/primaria.jpg\" alt=\"\" width=\"613\" height=\"696\" srcset=\"https:\/\/agora.xtec.cat\/iepepacolomer\/wp-content\/uploads\/usu1405\/2021\/01\/primaria.jpg 619w, https:\/\/agora.xtec.cat\/iepepacolomer\/wp-content\/uploads\/usu1405\/2021\/01\/primaria-264x300.jpg 264w\" sizes=\"auto, (max-width: 613px) 100vw, 613px\" \/><\/a><\/p>\n","protected":false},"excerpt":{"rendered":"<p>La comunitat de mitjans est\u00e0 formada per la majoria dels alumnes que estan en grups de prim\u00e0ria, m\u00e9s concretament aquelles nenes i nens que formen part de les classes de 2n fins a 5\u00e8 de prim\u00e0ria. Aquests s\u00f3n els principis que volem per als nostres alumnes<\/p>\n","protected":false},"author":1,"featured_media":0,"parent":87,"menu_order":0,"comment_status":"closed","ping_status":"closed","template":"page-templates\/side-menu.php","meta":{"_bbp_topic_count":0,"_bbp_reply_count":0,"_bbp_total_topic_count":0,"_bbp_total_reply_count":0,"_bbp_voice_count":0,"_bbp_anonymous_reply_count":0,"_bbp_topic_count_hidden":0,"_bbp_reply_count_hidden":0,"_bbp_forum_subforum_count":0,"site-sidebar-layout":"default","site-content-layout":"","ast-site-content-layout":"","site-content-style":"default","site-sidebar-style":"default","ast-global-header-display":"","ast-banner-title-visibility":"","ast-main-header-display":"","ast-hfb-above-header-display":"","ast-hfb-below-header-display":"","ast-hfb-mobile-header-display":"","site-post-title":"","ast-breadcrumbs-content":"","ast-featured-img":"","footer-sml-layout":"","theme-transparent-header-meta":"","adv-header-id-meta":"","stick-header-meta":"","header-above-stick-meta":"","header-main-stick-meta":"","header-below-stick-meta":"","astra-migrate-meta-layouts":"default","ast-page-background-enabled":"default","ast-page-background-meta":{"desktop":{"background-color":"var(--ast-global-color-4)","background-image":"","background-repeat":"repeat","background-position":"center center","background-size":"auto","background-attachment":"scroll","background-type":"","background-media":"","overlay-type":"","overlay-color":"","overlay-opacity":"","overlay-gradient":""},"tablet":{"background-color":"","background-image":"","background-repeat":"repeat","background-position":"center center","background-size":"auto","background-attachment":"scroll","background-type":"","background-media":"","overlay-type":"","overlay-color":"","overlay-opacity":"","overlay-gradient":""},"mobile":{"background-color":"","background-image":"","background-repeat":"repeat","background-position":"center center","background-size":"auto","background-attachment":"scroll","background-type":"","background-media":"","overlay-type":"","overlay-color":"","overlay-opacity":"","overlay-gradient":""}},"ast-content-background-meta":{"desktop":{"background-color":"var(--ast-global-color-5)","background-image":"","background-repeat":"repeat","background-position":"center center","background-size":"auto","background-attachment":"scroll","background-type":"","background-media":"","overlay-type":"","overlay-color":"","overlay-opacity":"","overlay-gradient":""},"tablet":{"background-color":"var(--ast-global-color-5)","background-image":"","background-repeat":"repeat","background-position":"center center","background-size":"auto","background-attachment":"scroll","background-type":"","background-media":"","overlay-type":"","overlay-color":"","overlay-opacity":"","overlay-gradient":""},"mobile":{"background-color":"var(--ast-global-color-5)","background-image":"","background-repeat":"repeat","background-position":"center center","background-size":"auto","background-attachment":"scroll","background-type":"","background-media":"","overlay-type":"","overlay-color":"","overlay-opacity":"","overlay-gradient":""}},"footnotes":""},"class_list":["post-4541","page","type-page","status-publish","hentry"],"post_mailing_queue_ids":[],"_links":{"self":[{"href":"https:\/\/agora.xtec.cat\/iepepacolomer\/wp-json\/wp\/v2\/pages\/4541","targetHints":{"allow":["GET"]}}],"collection":[{"href":"https:\/\/agora.xtec.cat\/iepepacolomer\/wp-json\/wp\/v2\/pages"}],"about":[{"href":"https:\/\/agora.xtec.cat\/iepepacolomer\/wp-json\/wp\/v2\/types\/page"}],"author":[{"embeddable":true,"href":"https:\/\/agora.xtec.cat\/iepepacolomer\/wp-json\/wp\/v2\/users\/1"}],"replies":[{"embeddable":true,"href":"https:\/\/agora.xtec.cat\/iepepacolomer\/wp-json\/wp\/v2\/comments?post=4541"}],"version-history":[{"count":2,"href":"https:\/\/agora.xtec.cat\/iepepacolomer\/wp-json\/wp\/v2\/pages\/4541\/revisions"}],"predecessor-version":[{"id":4545,"href":"https:\/\/agora.xtec.cat\/iepepacolomer\/wp-json\/wp\/v2\/pages\/4541\/revisions\/4545"}],"up":[{"embeddable":true,"href":"https:\/\/agora.xtec.cat\/iepepacolomer\/wp-json\/wp\/v2\/pages\/87"}],"wp:attachment":[{"href":"https:\/\/agora.xtec.cat\/iepepacolomer\/wp-json\/wp\/v2\/media?parent=4541"}],"curies":[{"name":"wp","href":"https:\/\/api.w.org\/{rel}","templated":true}]}}