{"id":4534,"date":"2021-01-04T20:35:04","date_gmt":"2021-01-04T19:35:04","guid":{"rendered":"http:\/\/agora.xtec.cat\/iepepacolomer\/?page_id=4534"},"modified":"2025-10-15T12:32:46","modified_gmt":"2025-10-15T10:32:46","slug":"comunitat-de-petits","status":"publish","type":"page","link":"https:\/\/agora.xtec.cat\/iepepacolomer\/nivells\/comunitat-de-petits\/","title":{"rendered":"Comunitat de Petits"},"content":{"rendered":"<p>La comunitat de petits del nostre centre est\u00e0 formada per totes les nenes i els nens en edats m\u00e9s primerenques.<\/p>\n<p>Formen part d&#8217;aquesta comunitat les classes de P-3, P-4, P-5 i 1r de prim\u00e0ria.<\/p>\n<p align=\"JUSTIFY\">En aquesta etapa s&#8217;afavorir\u00e0 que els infants desenvolupin les capacitats que els han de permetre cr\u00e9ixer integralment com a persones en el m\u00f3n d&#8217;avui, en uns aprenentatges continuats i progressius, que seguiran en l&#8217;etapa d&#8217;educaci\u00f3 prim\u00e0ria amb l&#8217;adquisici\u00f3 de les compet\u00e8ncies b\u00e0siques que ha d&#8217;assolir l&#8217;alumnat en finalitzar l&#8217;educaci\u00f3 obligat\u00f2ria.<\/p>\n<p align=\"JUSTIFY\">Els objectius de cicle precisen les capacitats que els infants han d&#8217;haver desenvolupat en acabar l&#8217;etapa, en relaci\u00f3 amb els continguts de les \u00e0rees i els criteris d&#8217;avaluaci\u00f3.<\/p>\n<p align=\"JUSTIFY\">L&#8217;infant haur\u00e0 de ser capa\u00e7 de:<\/p>\n<ul>\n<li>Progressar en el coneixement i domini del seu cos, en el moviment i la coordinaci\u00f3, tot adonant-se de les seves possibilitats.<\/li>\n<li>Assolir progressivament seguretat afectiva i emocional i anar-se formant una imatge positiva d&#8217;ell mateix i dels altres.<\/li>\n<li>Adquirir progressivament h\u00e0bits b\u00e0sics d&#8217;autonomia en accions quotidianes, per actuar amb seguretat i efic\u00e0cia.<\/li>\n<li>Pensar, crear, elaborar explicacions i iniciar-se en les habilitats matem\u00e0tiques b\u00e0siques.<\/li>\n<li>Progressar en la comunicaci\u00f3 i expressi\u00f3 ajustada als diferents contextos i situacions de comunicaci\u00f3 habituals per mitj\u00e0 dels diversos llenguatges.<\/li>\n<li>Observar i explorar l&#8217;entorn immediat, natural i f\u00edsic, amb una actitud de curiositat i respecte i participar, gradualment, en activitats socials i culturals.<\/li>\n<li>Mostrar iniciativa per afrontar situacions de la vida quotidiana, identificar-ne els perills i aprendre a actuar en conseq\u00fc\u00e8ncia.<\/li>\n<li>Conviure en la diversitat, avan\u00e7ant en la relaci\u00f3 amb els altres i en la resoluci\u00f3 pac\u00edfica de conflictes.<\/li>\n<li>Comportar-se d&#8217;acord amb unes pautes de conviv\u00e8ncia que el portin cap a una autonomia personal, cap a la col\u00b7laboraci\u00f3 amb el grup i cap a la integraci\u00f3 social.<\/li>\n<\/ul>\n","protected":false},"excerpt":{"rendered":"<p>La comunitat de petits del nostre centre est\u00e0 formada per totes les nenes i els nens en edats m\u00e9s primerenques. Formen part d&#8217;aquesta comunitat les classes de P-3, P-4, P-5 i 1r de prim\u00e0ria. En aquesta etapa s&#8217;afavorir\u00e0 que els infants desenvolupin les capacitats que els han de permetre cr\u00e9ixer integralment com a persones en [&hellip;]<\/p>\n","protected":false},"author":1,"featured_media":7075,"parent":87,"menu_order":0,"comment_status":"closed","ping_status":"closed","template":"","meta":{"_bbp_topic_count":0,"_bbp_reply_count":0,"_bbp_total_topic_count":0,"_bbp_total_reply_count":0,"_bbp_voice_count":0,"_bbp_anonymous_reply_count":0,"_bbp_topic_count_hidden":0,"_bbp_reply_count_hidden":0,"_bbp_forum_subforum_count":0,"site-sidebar-layout":"default","site-content-layout":"","ast-site-content-layout":"default","site-content-style":"default","site-sidebar-style":"default","ast-global-header-display":"","ast-banner-title-visibility":"","ast-main-header-display":"","ast-hfb-above-header-display":"","ast-hfb-below-header-display":"","ast-hfb-mobile-header-display":"","site-post-title":"","ast-breadcrumbs-content":"","ast-featured-img":"","footer-sml-layout":"","theme-transparent-header-meta":"","adv-header-id-meta":"","stick-header-meta":"","header-above-stick-meta":"","header-main-stick-meta":"","header-below-stick-meta":"","astra-migrate-meta-layouts":"set","ast-page-background-enabled":"default","ast-page-background-meta":{"desktop":{"background-color":"var(--ast-global-color-4)","background-image":"","background-repeat":"repeat","background-position":"center center","background-size":"auto","background-attachment":"scroll","background-type":"","background-media":"","overlay-type":"","overlay-color":"","overlay-opacity":"","overlay-gradient":""},"tablet":{"background-color":"","background-image":"","background-repeat":"repeat","background-position":"center center","background-size":"auto","background-attachment":"scroll","background-type":"","background-media":"","overlay-type":"","overlay-color":"","overlay-opacity":"","overlay-gradient":""},"mobile":{"background-color":"","background-image":"","background-repeat":"repeat","background-position":"center center","background-size":"auto","background-attachment":"scroll","background-type":"","background-media":"","overlay-type":"","overlay-color":"","overlay-opacity":"","overlay-gradient":""}},"ast-content-background-meta":{"desktop":{"background-color":"var(--ast-global-color-5)","background-image":"","background-repeat":"repeat","background-position":"center center","background-size":"auto","background-attachment":"scroll","background-type":"","background-media":"","overlay-type":"","overlay-color":"","overlay-opacity":"","overlay-gradient":""},"tablet":{"background-color":"var(--ast-global-color-5)","background-image":"","background-repeat":"repeat","background-position":"center center","background-size":"auto","background-attachment":"scroll","background-type":"","background-media":"","overlay-type":"","overlay-color":"","overlay-opacity":"","overlay-gradient":""},"mobile":{"background-color":"var(--ast-global-color-5)","background-image":"","background-repeat":"repeat","background-position":"center center","background-size":"auto","background-attachment":"scroll","background-type":"","background-media":"","overlay-type":"","overlay-color":"","overlay-opacity":"","overlay-gradient":""}},"footnotes":""},"class_list":["post-4534","page","type-page","status-publish","has-post-thumbnail","hentry"],"post_mailing_queue_ids":[],"_links":{"self":[{"href":"https:\/\/agora.xtec.cat\/iepepacolomer\/wp-json\/wp\/v2\/pages\/4534","targetHints":{"allow":["GET"]}}],"collection":[{"href":"https:\/\/agora.xtec.cat\/iepepacolomer\/wp-json\/wp\/v2\/pages"}],"about":[{"href":"https:\/\/agora.xtec.cat\/iepepacolomer\/wp-json\/wp\/v2\/types\/page"}],"author":[{"embeddable":true,"href":"https:\/\/agora.xtec.cat\/iepepacolomer\/wp-json\/wp\/v2\/users\/1"}],"replies":[{"embeddable":true,"href":"https:\/\/agora.xtec.cat\/iepepacolomer\/wp-json\/wp\/v2\/comments?post=4534"}],"version-history":[{"count":2,"href":"https:\/\/agora.xtec.cat\/iepepacolomer\/wp-json\/wp\/v2\/pages\/4534\/revisions"}],"predecessor-version":[{"id":7076,"href":"https:\/\/agora.xtec.cat\/iepepacolomer\/wp-json\/wp\/v2\/pages\/4534\/revisions\/7076"}],"up":[{"embeddable":true,"href":"https:\/\/agora.xtec.cat\/iepepacolomer\/wp-json\/wp\/v2\/pages\/87"}],"wp:featuredmedia":[{"embeddable":true,"href":"https:\/\/agora.xtec.cat\/iepepacolomer\/wp-json\/wp\/v2\/media\/7075"}],"wp:attachment":[{"href":"https:\/\/agora.xtec.cat\/iepepacolomer\/wp-json\/wp\/v2\/media?parent=4534"}],"curies":[{"name":"wp","href":"https:\/\/api.w.org\/{rel}","templated":true}]}}