{"id":3811,"date":"2020-05-08T18:52:09","date_gmt":"2020-05-08T16:52:09","guid":{"rendered":"https:\/\/agora.xtec.cat\/iepallerola\/\/?page_id=3811"},"modified":"2026-04-29T10:12:38","modified_gmt":"2026-04-29T08:12:38","slug":"portes-obertes-virtuals","status":"publish","type":"page","link":"https:\/\/agora.xtec.cat\/iepallerola\/portes-obertes-virtuals\/","title":{"rendered":"JORNADA DE PORTES OBERTES I PREINSCRIPCI\u00d3 ESCOLAR"},"content":{"rendered":"\n<p>Un any m\u00e9s comen\u00e7a el per\u00edode de preinscripci\u00f3 escolar al municipi. Escollir l&#8217;escola dels vostres infants \u00e9s una decisi\u00f3 important i des del Pallerola us volem obrir les nostres portes per tal de que podeu veure de m\u00e9s a prop quin \u00e9s el nostre projecte educatiu. <\/p>\n\n\n\n<figure class=\"wp-block-image aligncenter size-large is-resized\"><a href=\"https:\/\/agora.xtec.cat\/iepallerola\/wp-content\/uploads\/usu355\/2026\/01\/PORTES-OBERTES-2026_page-0001-1-scaled.jpg\"><img loading=\"lazy\" decoding=\"async\" width=\"725\" height=\"1024\" src=\"https:\/\/agora.xtec.cat\/iepallerola\/wp-content\/uploads\/usu355\/2026\/01\/PORTES-OBERTES-2026_page-0001-1-725x1024.jpg\" alt=\"\" class=\"wp-image-5367\" style=\"width:351px;height:auto\" srcset=\"https:\/\/agora.xtec.cat\/iepallerola\/wp-content\/uploads\/usu355\/2026\/01\/PORTES-OBERTES-2026_page-0001-1-725x1024.jpg 725w, https:\/\/agora.xtec.cat\/iepallerola\/wp-content\/uploads\/usu355\/2026\/01\/PORTES-OBERTES-2026_page-0001-1-212x300.jpg 212w, https:\/\/agora.xtec.cat\/iepallerola\/wp-content\/uploads\/usu355\/2026\/01\/PORTES-OBERTES-2026_page-0001-1-768x1085.jpg 768w, https:\/\/agora.xtec.cat\/iepallerola\/wp-content\/uploads\/usu355\/2026\/01\/PORTES-OBERTES-2026_page-0001-1-1087x1536.jpg 1087w, https:\/\/agora.xtec.cat\/iepallerola\/wp-content\/uploads\/usu355\/2026\/01\/PORTES-OBERTES-2026_page-0001-1-1449x2048.jpg 1449w, https:\/\/agora.xtec.cat\/iepallerola\/wp-content\/uploads\/usu355\/2026\/01\/PORTES-OBERTES-2026_page-0001-1-scaled.jpg 1812w\" sizes=\"auto, (max-width: 725px) 100vw, 725px\" \/><\/a><\/figure>\n\n\n\n<blockquote class=\"wp-block-quote is-layout-flow wp-block-quote-is-layout-flow\">\n<p><strong>&#8220;Quina \u00e9s la millor escola?<\/strong> No hi ha millor escola per a tothom, la mateixa. Es tracta d\u2019escollir la millor escola per als nostres fills, aix\u00f2 s\u00ed.&#8221;&nbsp;<\/p>\n<cite>&nbsp;Mart\u00ed Teixid\u00f3<\/cite><\/blockquote>\n\n\n\n<h2 class=\"wp-block-heading\">Preinscripci\u00f3 curs 2026-2027<\/h2>\n\n\n\n<p class=\"has-medium-font-size\">\u200bDates de presentaci\u00f3 de sol\u00b7licituds per a la preinscripci\u00f3 del curs 2026-202\u200b7&nbsp;:<\/p>\n\n\n\n<p class=\"has-ast-global-color-0-background-color has-background\"><strong>Segon cicle d&#8217;educaci\u00f3 infa\u200bntil i educaci\u00f3 prim\u00e0ria<\/strong><\/p>\n\n\n\n<p>Del 4 al 18 de mar\u00e7 de 2026<\/p>\n\n\n\n<div data-wp-interactive=\"core\/file\" class=\"wp-block-file\"><object data-wp-bind--hidden=\"!state.hasPdfPreview\" hidden class=\"wp-block-file__embed\" data=\"https:\/\/agora.xtec.cat\/iepallerola\/wp-content\/uploads\/usu355\/2026\/04\/INFORME_BAREM_LLISTA-ORDENADA.pdf\" type=\"application\/pdf\" style=\"width:100%;height:600px\" aria-label=\"Incrustaci\u00f3 del fitxer INFORME_BAREM_LLISTA ORDENADA.\"><\/object><a id=\"wp-block-file--media-03261964-a918-4937-a5e3-b412f8c3c23c\" href=\"https:\/\/agora.xtec.cat\/iepallerola\/wp-content\/uploads\/usu355\/2026\/04\/INFORME_BAREM_LLISTA-ORDENADA.pdf\">INFORME_BAREM_LLISTA ORDENADA<\/a><a href=\"https:\/\/agora.xtec.cat\/iepallerola\/wp-content\/uploads\/usu355\/2026\/04\/INFORME_BAREM_LLISTA-ORDENADA.pdf\" class=\"wp-block-file__button wp-element-button\" download aria-describedby=\"wp-block-file--media-03261964-a918-4937-a5e3-b412f8c3c23c\">Baixa<\/a><\/div>\n\n\n\n<div data-wp-interactive=\"core\/file\" class=\"wp-block-file\"><object data-wp-bind--hidden=\"!state.hasPdfPreview\" hidden class=\"wp-block-file__embed\" data=\"https:\/\/agora.xtec.cat\/iepallerola\/wp-content\/uploads\/usu355\/2026\/04\/INFORME_BAREM_RESOLTES_BAREM.pdf\" type=\"application\/pdf\" style=\"width:100%;height:600px\" aria-label=\"Incrustaci\u00f3 del fitxer INFORME_BAREM_RESOLTES_BAREM.\"><\/object><a id=\"wp-block-file--media-c9c314b7-5302-4a0f-90a1-c24bf9d91242\" href=\"https:\/\/agora.xtec.cat\/iepallerola\/wp-content\/uploads\/usu355\/2026\/04\/INFORME_BAREM_RESOLTES_BAREM.pdf\">INFORME_BAREM_RESOLTES_BAREM<\/a><a href=\"https:\/\/agora.xtec.cat\/iepallerola\/wp-content\/uploads\/usu355\/2026\/04\/INFORME_BAREM_RESOLTES_BAREM.pdf\" class=\"wp-block-file__button wp-element-button\" download aria-describedby=\"wp-block-file--media-c9c314b7-5302-4a0f-90a1-c24bf9d91242\">Baixa<\/a><\/div>\n\n\n\n<div data-wp-interactive=\"core\/file\" class=\"wp-block-file\"><object data-wp-bind--hidden=\"!state.hasPdfPreview\" hidden class=\"wp-block-file__embed\" data=\"https:\/\/agora.xtec.cat\/iepallerola\/wp-content\/uploads\/usu355\/2026\/04\/INFORME_BAREM_PROVISIONAL_BAREM.pdf\" type=\"application\/pdf\" style=\"width:100%;height:600px\" aria-label=\"Incrustaci\u00f3 del fitxer INFORME_BAREM_PROVISIONAL_BAREM.\"><\/object><a id=\"wp-block-file--media-d6e8ba76-483b-4924-820e-9e54b05a57f3\" href=\"https:\/\/agora.xtec.cat\/iepallerola\/wp-content\/uploads\/usu355\/2026\/04\/INFORME_BAREM_PROVISIONAL_BAREM.pdf\">INFORME_BAREM_PROVISIONAL_BAREM<\/a><a href=\"https:\/\/agora.xtec.cat\/iepallerola\/wp-content\/uploads\/usu355\/2026\/04\/INFORME_BAREM_PROVISIONAL_BAREM.pdf\" class=\"wp-block-file__button wp-element-button\" download aria-describedby=\"wp-block-file--media-d6e8ba76-483b-4924-820e-9e54b05a57f3\">Baixa<\/a><\/div>\n\n\n\n<div data-wp-interactive=\"core\/file\" class=\"wp-block-file\"><object data-wp-bind--hidden=\"!state.hasPdfPreview\" hidden class=\"wp-block-file__embed\" data=\"https:\/\/agora.xtec.cat\/iepallerola\/wp-content\/uploads\/usu355\/2026\/03\/INFORME_OFERTA_OME_INFORME_OFERTA-2.pdf\" type=\"application\/pdf\" style=\"width:100%;height:600px\" aria-label=\"Incrustaci\u00f3 del fitxer OFERTA INICAL DE PLACES.\"><\/object><a id=\"wp-block-file--media-c9ef7817-d24a-4c60-8eb7-6ecb4ce537b3\" href=\"https:\/\/agora.xtec.cat\/iepallerola\/wp-content\/uploads\/usu355\/2026\/03\/INFORME_OFERTA_OME_INFORME_OFERTA-2.pdf\">OFERTA INICAL DE PLACES<\/a><a href=\"https:\/\/agora.xtec.cat\/iepallerola\/wp-content\/uploads\/usu355\/2026\/03\/INFORME_OFERTA_OME_INFORME_OFERTA-2.pdf\" class=\"wp-block-file__button wp-element-button\" download aria-describedby=\"wp-block-file--media-c9ef7817-d24a-4c60-8eb7-6ecb4ce537b3\">Baixa<\/a><\/div>\n\n\n\n<p>Podeu trobar tota la informaci\u00f3  <a href=\"https:\/\/preinscripcio.gencat.cat\/ca\/estudis\/eso\/inici\/\">AQU\u00cd. <\/a><\/p>\n\n\n\n<p><a href=\"https:\/\/tramits.gencat.cat\/ca\/tramits\/tramits-temes\/perinscripcio-obligatoris?moda=1\">Presentaci\u00f3 sol\u00b7licitud INFANTIL. <\/a><\/p>\n\n\n\n<p><a href=\"https:\/\/tramits.gencat.cat\/ca\/tramits\/tramits-temes\/perinscripcio-obligatoris?moda=2\">Presentaci\u00f3 sol\u00b7licitud PRIM\u00c0RIA. <\/a><\/p>\n\n\n\n<p class=\"has-ast-global-color-0-background-color has-background\"><strong>Educac\u200b\u200b\u200bi\u00f3 secund\u00e0ria obligat\u00f2ria<\/strong><\/p>\n\n\n\n<p>Del 6 al 18 de mar\u00e7 de 2026<\/p>\n\n\n\n<p><\/p>\n\n\n\n<figure class=\"wp-block-image size-full\"><a href=\"https:\/\/agora.xtec.cat\/iepallerola\/wp-content\/uploads\/usu355\/2026\/02\/image-1.png\"><img loading=\"lazy\" decoding=\"async\" width=\"832\" height=\"468\" src=\"https:\/\/agora.xtec.cat\/iepallerola\/wp-content\/uploads\/usu355\/2026\/02\/image-1.png\" alt=\"\" class=\"wp-image-5407\" srcset=\"https:\/\/agora.xtec.cat\/iepallerola\/wp-content\/uploads\/usu355\/2026\/02\/image-1.png 832w, https:\/\/agora.xtec.cat\/iepallerola\/wp-content\/uploads\/usu355\/2026\/02\/image-1-300x169.png 300w, https:\/\/agora.xtec.cat\/iepallerola\/wp-content\/uploads\/usu355\/2026\/02\/image-1-768x432.png 768w\" sizes=\"auto, (max-width: 832px) 100vw, 832px\" \/><\/a><\/figure>\n\n\n\n<p><a href=\"https:\/\/tramits.gencat.cat\/ca\/tramits\/tramits-temes\/perinscripcio-obligatoris?moda=3\">Presentaci\u00f3 sol\u00b7licitud SECUND\u00c0RIA. <\/a><\/p>\n\n\n\n<h3 class=\"wp-block-heading\">Presentaci\u00f3 del nostre projecte d&#8217;Infantil i Prim\u00e0ria, ESO&nbsp; i uns v\u00eddeos.<\/h3>\n\n\n\n<div class=\"wp-block-group is-layout-constrained wp-block-group-is-layout-constrained\">\n<figure class=\"wp-block-embed is-type-video is-provider-youtube wp-block-embed-youtube wp-embed-aspect-16-9 wp-has-aspect-ratio\"><div class=\"wp-block-embed__wrapper\">\n<div class=\"ast-oembed-container \" style=\"height: 100%;\"><iframe loading=\"lazy\" title=\"PORTES OBERTES 2026\" width=\"500\" height=\"281\" src=\"https:\/\/www.youtube.com\/embed\/T_cez-Ce-FE?feature=oembed\" frameborder=\"0\" allow=\"accelerometer; autoplay; clipboard-write; encrypted-media; gyroscope; picture-in-picture; web-share\" referrerpolicy=\"strict-origin-when-cross-origin\" allowfullscreen><\/iframe><\/div>\n<\/div><\/figure>\n\n\n\n<div data-wp-interactive=\"core\/file\" class=\"wp-block-file\"><object data-wp-bind--hidden=\"!state.hasPdfPreview\" hidden class=\"wp-block-file__embed\" data=\"https:\/\/agora.xtec.cat\/iepallerola\/wp-content\/uploads\/usu355\/2026\/02\/PROJECTE-EDUCATIU-DE-CENTRE_compressed.pdf\" type=\"application\/pdf\" style=\"width:100%;height:600px\" aria-label=\"Incrustaci\u00f3 del fitxer PROJECTE EDUCATIU 25-26.\"><\/object><a id=\"wp-block-file--media-59e620c0-8ac4-4249-aab1-2287d9570143\" href=\"https:\/\/agora.xtec.cat\/iepallerola\/wp-content\/uploads\/usu355\/2026\/02\/PROJECTE-EDUCATIU-DE-CENTRE_compressed.pdf\">PROJECTE EDUCATIU 25-26<\/a><a href=\"https:\/\/agora.xtec.cat\/iepallerola\/wp-content\/uploads\/usu355\/2026\/02\/PROJECTE-EDUCATIU-DE-CENTRE_compressed.pdf\" class=\"wp-block-file__button wp-element-button\" download aria-describedby=\"wp-block-file--media-59e620c0-8ac4-4249-aab1-2287d9570143\">Baixa<\/a><\/div>\n<\/div>\n\n\n\n<div class=\"wp-block-columns is-layout-flex wp-container-core-columns-is-layout-1 wp-block-columns-is-layout-flex\">\n<div class=\"wp-block-column is-layout-flow wp-block-column-is-layout-flow\">\n<p><iframe loading=\"lazy\" title=\"YouTube video player\" src=\"https:\/\/www.youtube.com\/embed\/S6E_5Tft2RE?si=sK2cgnfNq_Y5tnOV\" width=\"560\" height=\"315\" frameborder=\"0\" allowfullscreen=\"allowfullscreen\"><span data-mce-type=\"bookmark\" style=\"display: inline-block; width: 0px; overflow: hidden; line-height: 0;\" class=\"mce_SELRES_start\">\ufeff<\/span><\/iframe><\/p>\n<\/div>\n\n\n\n<div class=\"wp-block-column is-layout-flow wp-block-column-is-layout-flow\">\n<p><iframe loading=\"lazy\" title=\"YouTube video player\" src=\"https:\/\/www.youtube.com\/embed\/rBgQL3CNXQ4\" width=\"560\" height=\"315\" frameborder=\"0\" allowfullscreen=\"allowfullscreen\"><span data-mce-type=\"bookmark\" style=\"display: inline-block; width: 0px; overflow: hidden; line-height: 0;\" class=\"mce_SELRES_start\">\ufeff<\/span><\/iframe><\/p>\n<\/div>\n<\/div>\n","protected":false},"excerpt":{"rendered":"<p>Un any m\u00e9s comen\u00e7a el per\u00edode de preinscripci\u00f3 escolar al municipi. Escollir l&#8217;escola dels vostres infants \u00e9s una decisi\u00f3 important [&hellip;]<\/p>\n","protected":false},"author":1,"featured_media":0,"parent":0,"menu_order":0,"comment_status":"closed","ping_status":"closed","template":"","meta":{"_bbp_topic_count":0,"_bbp_reply_count":0,"_bbp_total_topic_count":0,"_bbp_total_reply_count":0,"_bbp_voice_count":0,"_bbp_anonymous_reply_count":0,"_bbp_topic_count_hidden":0,"_bbp_reply_count_hidden":0,"_bbp_forum_subforum_count":0,"site-sidebar-layout":"no-sidebar","site-content-layout":"","ast-site-content-layout":"default","site-content-style":"default","site-sidebar-style":"default","ast-global-header-display":"","ast-banner-title-visibility":"","ast-main-header-display":"","ast-hfb-above-header-display":"","ast-hfb-below-header-display":"","ast-hfb-mobile-header-display":"","site-post-title":"","ast-breadcrumbs-content":"","ast-featured-img":"disabled","footer-sml-layout":"","theme-transparent-header-meta":"","adv-header-id-meta":"","stick-header-meta":"","header-above-stick-meta":"","header-main-stick-meta":"","header-below-stick-meta":"","astra-migrate-meta-layouts":"set","ast-page-background-enabled":"default","ast-page-background-meta":{"desktop":{"background-color":"var(--ast-global-color-4)","background-image":"","background-repeat":"repeat","background-position":"center center","background-size":"auto","background-attachment":"scroll","background-type":"","background-media":"","overlay-type":"","overlay-color":"","overlay-opacity":"","overlay-gradient":""},"tablet":{"background-color":"","background-image":"","background-repeat":"repeat","background-position":"center center","background-size":"auto","background-attachment":"scroll","background-type":"","background-media":"","overlay-type":"","overlay-color":"","overlay-opacity":"","overlay-gradient":""},"mobile":{"background-color":"","background-image":"","background-repeat":"repeat","background-position":"center center","background-size":"auto","background-attachment":"scroll","background-type":"","background-media":"","overlay-type":"","overlay-color":"","overlay-opacity":"","overlay-gradient":""}},"ast-content-background-meta":{"desktop":{"background-color":"var(--ast-global-color-5)","background-image":"","background-repeat":"repeat","background-position":"center center","background-size":"auto","background-attachment":"scroll","background-type":"","background-media":"","overlay-type":"","overlay-color":"","overlay-opacity":"","overlay-gradient":""},"tablet":{"background-color":"var(--ast-global-color-5)","background-image":"","background-repeat":"repeat","background-position":"center center","background-size":"auto","background-attachment":"scroll","background-type":"","background-media":"","overlay-type":"","overlay-color":"","overlay-opacity":"","overlay-gradient":""},"mobile":{"background-color":"var(--ast-global-color-5)","background-image":"","background-repeat":"repeat","background-position":"center center","background-size":"auto","background-attachment":"scroll","background-type":"","background-media":"","overlay-type":"","overlay-color":"","overlay-opacity":"","overlay-gradient":""}},"footnotes":""},"class_list":["post-3811","page","type-page","status-publish","hentry"],"post_mailing_queue_ids":[],"_links":{"self":[{"href":"https:\/\/agora.xtec.cat\/iepallerola\/wp-json\/wp\/v2\/pages\/3811","targetHints":{"allow":["GET"]}}],"collection":[{"href":"https:\/\/agora.xtec.cat\/iepallerola\/wp-json\/wp\/v2\/pages"}],"about":[{"href":"https:\/\/agora.xtec.cat\/iepallerola\/wp-json\/wp\/v2\/types\/page"}],"author":[{"embeddable":true,"href":"https:\/\/agora.xtec.cat\/iepallerola\/wp-json\/wp\/v2\/users\/1"}],"replies":[{"embeddable":true,"href":"https:\/\/agora.xtec.cat\/iepallerola\/wp-json\/wp\/v2\/comments?post=3811"}],"version-history":[{"count":6,"href":"https:\/\/agora.xtec.cat\/iepallerola\/wp-json\/wp\/v2\/pages\/3811\/revisions"}],"predecessor-version":[{"id":5474,"href":"https:\/\/agora.xtec.cat\/iepallerola\/wp-json\/wp\/v2\/pages\/3811\/revisions\/5474"}],"wp:attachment":[{"href":"https:\/\/agora.xtec.cat\/iepallerola\/wp-json\/wp\/v2\/media?parent=3811"}],"curies":[{"name":"wp","href":"https:\/\/api.w.org\/{rel}","templated":true}]}}