{"id":38,"date":"2014-09-18T12:34:08","date_gmt":"2014-09-18T12:34:08","guid":{"rendered":"http:\/\/agora.xtec.cat\/iepallerola\/\/?page_id=38"},"modified":"2025-06-18T13:00:20","modified_gmt":"2025-06-18T11:00:20","slug":"salut","status":"publish","type":"page","link":"https:\/\/agora.xtec.cat\/iepallerola\/lescola\/salut\/","title":{"rendered":"Documents alumnat-fam\u00edlies"},"content":{"rendered":"<h5><span style=\"text-decoration: underline;\"><strong>Autoritzacions i documents de comprom\u00eds<\/strong><\/span><\/h5>\n<ul>\n<li><a href=\"https:\/\/documents.espai.educacio.gencat.cat\/FormularisModels\/ProteccioDades\/A251.pdf\">Autoritzaci\u00f3 \u00fas de dades i drets d&#8217;imatge per a menors de 14 anys<\/a><\/li>\n<li><a href=\"https:\/\/documents.espai.educacio.gencat.cat\/FormularisModels\/ProteccioDades\/A254.pdf\">Autoritzaci\u00f3 \u00fas de dades i drets d&#8217;imatge per a majors de 14 anys i dels professors i personal del centre<\/a><\/li>\n<li><a href=\"https:\/\/drive.google.com\/file\/d\/1n1Ak9EMEEmYHOtMprvZDusxKDuODmYD8\/view?usp=sharing\">Autoritzaci\u00f3 \u00fas recursos digitals per a menors de 14 anys<\/a><\/li>\n<li><a href=\"https:\/\/agora.xtec.cat\/iepallerola\/wp-content\/uploads\/usu355\/2025\/06\/Justificant_absencia_escola.docx.pdf\">Abs\u00e8ncia de llarga durada<\/a><\/li>\n<\/ul>\n<h5><span style=\"text-decoration: underline;\"><strong>En cas de malaltia<\/strong><\/span><\/h5>\n<p>Quan un alumne\/a presenti s\u00edmptomes de malaltia es trucar\u00e0 a casa per tal de que vinguin a recollir-lo. En cas de que la recollida sigui allargada per causes majors i el nen\/a tingui febre, des de l&#8217;escola li subministrarem paracetamol si tenim l&#8217;autoritzaci\u00f3 de la fam\u00edlia.<\/p>\n<p>Si cal subministrar a l&#8217;alumne qualsevol altre medicament en horari escolar cal presentar la recepta m\u00e8dica i firmar el full d&#8217;autoritzaci\u00f3 d&#8217;administraci\u00f3. El podeu descarregar en el seg\u00fcent enlla\u00e7:<\/p>\n<ul>\n<li><a href=\"https:\/\/agora.xtec.cat\/iepallerola\/wp-content\/uploads\/usu355\/2025\/06\/AUTORITZACIO-MEDICAMENT-GENERIC.docx.pdf\">Full d&#8217;autoritzaci\u00f3 d&#8217;administraci\u00f3 de medicaments<\/a><\/li>\n<\/ul>\n<p>Les fam\u00edlies dels alumnes que tinguin qualsevol tipus d&#8217;al\u00b7l\u00e8rgia, ho han de comunicar a l&#8217;escola. Si aquesta al\u00b7l\u00e8rgia \u00e9s de tipus aliment\u00e0ria o al l\u00e0tex, cal omplir els documents seg\u00fcents:<\/p>\n<ul>\n<li><a href=\"https:\/\/drive.google.com\/file\/d\/1QR0TUwz_smeizOu839gRSdtZqMS7PZCQ\/view?usp=sharing\">Full informaci\u00f3 al\u00b7l\u00e8rgies aliment\u00e0ries o l\u00e0tex<\/a><\/li>\n<li><a href=\"https:\/\/agora.xtec.cat\/iepallerola\/wp-content\/uploads\/usu355\/2025\/06\/autoritzacio-al.lergies-PLE.pdf\">Autoritzaci\u00f3 subministrament medicaci\u00f3 per al\u00b7l\u00e8rgies aliment\u00e0ries o l\u00e0tex<\/a><\/li>\n<\/ul>\n<p>Si el nen o la nena deixa de patir una al\u00b7l\u00e8rgia diagnosticada anteriorment, cal comunicar-ho per tal de modificar els nostres protocols i registres.<\/p>\n","protected":false},"excerpt":{"rendered":"<p>Autoritzacions i documents de comprom\u00eds Autoritzaci\u00f3 \u00fas de dades i drets d&#8217;imatge per a menors de 14 anys Autoritzaci\u00f3 \u00fas [&hellip;]<\/p>\n","protected":false},"author":2,"featured_media":0,"parent":22,"menu_order":7,"comment_status":"closed","ping_status":"closed","template":"","meta":{"_bbp_topic_count":0,"_bbp_reply_count":0,"_bbp_total_topic_count":0,"_bbp_total_reply_count":0,"_bbp_voice_count":0,"_bbp_anonymous_reply_count":0,"_bbp_topic_count_hidden":0,"_bbp_reply_count_hidden":0,"_bbp_forum_subforum_count":0,"site-sidebar-layout":"no-sidebar","site-content-layout":"","ast-site-content-layout":"default","site-content-style":"default","site-sidebar-style":"default","ast-global-header-display":"","ast-banner-title-visibility":"","ast-main-header-display":"","ast-hfb-above-header-display":"","ast-hfb-below-header-display":"","ast-hfb-mobile-header-display":"","site-post-title":"","ast-breadcrumbs-content":"","ast-featured-img":"","footer-sml-layout":"","theme-transparent-header-meta":"","adv-header-id-meta":"","stick-header-meta":"","header-above-stick-meta":"","header-main-stick-meta":"","header-below-stick-meta":"","astra-migrate-meta-layouts":"set","ast-page-background-enabled":"default","ast-page-background-meta":{"desktop":{"background-color":"var(--ast-global-color-4)","background-image":"","background-repeat":"repeat","background-position":"center center","background-size":"auto","background-attachment":"scroll","background-type":"","background-media":"","overlay-type":"","overlay-color":"","overlay-opacity":"","overlay-gradient":""},"tablet":{"background-color":"","background-image":"","background-repeat":"repeat","background-position":"center center","background-size":"auto","background-attachment":"scroll","background-type":"","background-media":"","overlay-type":"","overlay-color":"","overlay-opacity":"","overlay-gradient":""},"mobile":{"background-color":"","background-image":"","background-repeat":"repeat","background-position":"center center","background-size":"auto","background-attachment":"scroll","background-type":"","background-media":"","overlay-type":"","overlay-color":"","overlay-opacity":"","overlay-gradient":""}},"ast-content-background-meta":{"desktop":{"background-color":"var(--ast-global-color-5)","background-image":"","background-repeat":"repeat","background-position":"center center","background-size":"auto","background-attachment":"scroll","background-type":"","background-media":"","overlay-type":"","overlay-color":"","overlay-opacity":"","overlay-gradient":""},"tablet":{"background-color":"var(--ast-global-color-5)","background-image":"","background-repeat":"repeat","background-position":"center center","background-size":"auto","background-attachment":"scroll","background-type":"","background-media":"","overlay-type":"","overlay-color":"","overlay-opacity":"","overlay-gradient":""},"mobile":{"background-color":"var(--ast-global-color-5)","background-image":"","background-repeat":"repeat","background-position":"center center","background-size":"auto","background-attachment":"scroll","background-type":"","background-media":"","overlay-type":"","overlay-color":"","overlay-opacity":"","overlay-gradient":""}},"footnotes":""},"class_list":["post-38","page","type-page","status-publish","hentry"],"post_mailing_queue_ids":[],"_links":{"self":[{"href":"https:\/\/agora.xtec.cat\/iepallerola\/wp-json\/wp\/v2\/pages\/38","targetHints":{"allow":["GET"]}}],"collection":[{"href":"https:\/\/agora.xtec.cat\/iepallerola\/wp-json\/wp\/v2\/pages"}],"about":[{"href":"https:\/\/agora.xtec.cat\/iepallerola\/wp-json\/wp\/v2\/types\/page"}],"author":[{"embeddable":true,"href":"https:\/\/agora.xtec.cat\/iepallerola\/wp-json\/wp\/v2\/users\/2"}],"replies":[{"embeddable":true,"href":"https:\/\/agora.xtec.cat\/iepallerola\/wp-json\/wp\/v2\/comments?post=38"}],"version-history":[{"count":6,"href":"https:\/\/agora.xtec.cat\/iepallerola\/wp-json\/wp\/v2\/pages\/38\/revisions"}],"predecessor-version":[{"id":5290,"href":"https:\/\/agora.xtec.cat\/iepallerola\/wp-json\/wp\/v2\/pages\/38\/revisions\/5290"}],"up":[{"embeddable":true,"href":"https:\/\/agora.xtec.cat\/iepallerola\/wp-json\/wp\/v2\/pages\/22"}],"wp:attachment":[{"href":"https:\/\/agora.xtec.cat\/iepallerola\/wp-json\/wp\/v2\/media?parent=38"}],"curies":[{"name":"wp","href":"https:\/\/api.w.org\/{rel}","templated":true}]}}