{"id":22,"date":"2014-09-18T12:19:57","date_gmt":"2014-09-18T12:19:57","guid":{"rendered":"http:\/\/agora.xtec.cat\/iepallerola\/\/?page_id=22"},"modified":"2025-02-13T13:35:52","modified_gmt":"2025-02-13T12:35:52","slug":"lescola","status":"publish","type":"page","link":"https:\/\/agora.xtec.cat\/iepallerola\/lescola\/","title":{"rendered":"L&#8217;Institut Escola"},"content":{"rendered":"<p><strong>SITUACI\u00d3<\/strong><\/p>\n<p>La nostra \u00e9s una escola d\u2019educaci\u00f3 infantil, prim\u00e0ria i secund\u00e0ria i que per tant acull nens i nenes de 3 a 16 anys.\u00a0 Quan va ser constru\u00efda, quedava a les afores del poble i donava la sensaci\u00f3 d\u2019estar totalment apartada de la civilitzaci\u00f3, rodejada de descampats, no sempre nets i polits.\u00a0 Actualment el creixement urban\u00edstic ha fet que es constru\u00eds per tots els voltants i est\u00e0 situada en una bona zona, nova i plena d\u2019espais verds, tot i aix\u00f2, continuem estant en una zona rural, no urbanitzable, que ens permet gaudir d\u2019un entorn envejable.<\/p>\n<p><strong>ESPAIS\u00a0<\/strong><\/p>\n<p>L\u2019escola t\u00e9 molt de terreny, est\u00e0 dividida en 4 edificis, 2 m\u00f2duls prefabricats i tres patis de dimensions considerables.\u00a0 Les aules s\u00f3n espaioses i comptem amb uns halls molt amplis, que ens permeten habilitar-los com espais per fer diferents activitats.<\/p>\n<p>Disposem d&#8217;aula de m\u00fasica, dues aules d\u2019educaci\u00f3 especial, gimn\u00e0s, aula de psicomotricitat, laboratori de ci\u00e8ncies,\u00a0 taller de tecnologia, aula de rob\u00f2tica, aula de joc simb\u00f2lic, aula d&#8217;acollida i dues aules de desdoblament.<\/p>\n<p>Oferim servei de menjador amb cuina al propi centre. Est\u00e0 gestionat per una empresa, que tamb\u00e9 es fa c\u00e0rrec del servei de monitoratge.<\/p>\n<p><strong>COM ESCOLA PRETENEM:<\/strong><\/p>\n<p>-Desenvolupar les capacitats individuals dels infants<br \/>\n-Educar en l\u2019autonomia<br \/>\n-Motivar per aprendre<br \/>\n-Educar en la conviv\u00e8ncia i el respecte mutu<br \/>\n-Fomentar el coneixement, l\u2019estimaci\u00f3 i el respecte a la natura<br \/>\n-Fomentar l\u2019aprenentatge experimental, utilitzant les \u00faltimes tecnologies<br \/>\n-Educar en el coneixement i l\u2019estimaci\u00f3 de la llengua i cultura catalana<\/p>\n<p>Volem potenciar la participaci\u00f3, comprom\u00eds i responsabilitat de tota la comunitat educativa<br \/>\nVolem continuar mantenint la satisfacci\u00f3 de la comunitat educativa i ser capa\u00e7os de transmetre aquesta circumst\u00e0ncia a l\u2019entorn social del municipi.<br \/>\nVolem aconseguir millores en els resultats d\u2019aprenentatge dels alumnes<br \/>\nPretenem seguir afavorint la formaci\u00f3 del professorat<\/p>\n","protected":false},"excerpt":{"rendered":"<p>SITUACI\u00d3 La nostra \u00e9s una escola d\u2019educaci\u00f3 infantil, prim\u00e0ria i secund\u00e0ria i que per tant acull nens i nenes de [&hellip;]<\/p>\n","protected":false},"author":2,"featured_media":0,"parent":0,"menu_order":0,"comment_status":"closed","ping_status":"closed","template":"","meta":{"_bbp_topic_count":0,"_bbp_reply_count":0,"_bbp_total_topic_count":0,"_bbp_total_reply_count":0,"_bbp_voice_count":0,"_bbp_anonymous_reply_count":0,"_bbp_topic_count_hidden":0,"_bbp_reply_count_hidden":0,"_bbp_forum_subforum_count":0,"site-sidebar-layout":"no-sidebar","site-content-layout":"","ast-site-content-layout":"default","site-content-style":"default","site-sidebar-style":"default","ast-global-header-display":"","ast-banner-title-visibility":"","ast-main-header-display":"","ast-hfb-above-header-display":"","ast-hfb-below-header-display":"","ast-hfb-mobile-header-display":"","site-post-title":"","ast-breadcrumbs-content":"","ast-featured-img":"","footer-sml-layout":"","theme-transparent-header-meta":"","adv-header-id-meta":"","stick-header-meta":"","header-above-stick-meta":"","header-main-stick-meta":"","header-below-stick-meta":"","astra-migrate-meta-layouts":"set","ast-page-background-enabled":"default","ast-page-background-meta":{"desktop":{"background-color":"var(--ast-global-color-4)","background-image":"","background-repeat":"repeat","background-position":"center center","background-size":"auto","background-attachment":"scroll","background-type":"","background-media":"","overlay-type":"","overlay-color":"","overlay-opacity":"","overlay-gradient":""},"tablet":{"background-color":"","background-image":"","background-repeat":"repeat","background-position":"center center","background-size":"auto","background-attachment":"scroll","background-type":"","background-media":"","overlay-type":"","overlay-color":"","overlay-opacity":"","overlay-gradient":""},"mobile":{"background-color":"","background-image":"","background-repeat":"repeat","background-position":"center center","background-size":"auto","background-attachment":"scroll","background-type":"","background-media":"","overlay-type":"","overlay-color":"","overlay-opacity":"","overlay-gradient":""}},"ast-content-background-meta":{"desktop":{"background-color":"var(--ast-global-color-5)","background-image":"","background-repeat":"repeat","background-position":"center center","background-size":"auto","background-attachment":"scroll","background-type":"","background-media":"","overlay-type":"","overlay-color":"","overlay-opacity":"","overlay-gradient":""},"tablet":{"background-color":"var(--ast-global-color-5)","background-image":"","background-repeat":"repeat","background-position":"center center","background-size":"auto","background-attachment":"scroll","background-type":"","background-media":"","overlay-type":"","overlay-color":"","overlay-opacity":"","overlay-gradient":""},"mobile":{"background-color":"var(--ast-global-color-5)","background-image":"","background-repeat":"repeat","background-position":"center center","background-size":"auto","background-attachment":"scroll","background-type":"","background-media":"","overlay-type":"","overlay-color":"","overlay-opacity":"","overlay-gradient":""}},"footnotes":""},"class_list":["post-22","page","type-page","status-publish","hentry"],"post_mailing_queue_ids":[],"_links":{"self":[{"href":"https:\/\/agora.xtec.cat\/iepallerola\/wp-json\/wp\/v2\/pages\/22","targetHints":{"allow":["GET"]}}],"collection":[{"href":"https:\/\/agora.xtec.cat\/iepallerola\/wp-json\/wp\/v2\/pages"}],"about":[{"href":"https:\/\/agora.xtec.cat\/iepallerola\/wp-json\/wp\/v2\/types\/page"}],"author":[{"embeddable":true,"href":"https:\/\/agora.xtec.cat\/iepallerola\/wp-json\/wp\/v2\/users\/2"}],"replies":[{"embeddable":true,"href":"https:\/\/agora.xtec.cat\/iepallerola\/wp-json\/wp\/v2\/comments?post=22"}],"version-history":[{"count":5,"href":"https:\/\/agora.xtec.cat\/iepallerola\/wp-json\/wp\/v2\/pages\/22\/revisions"}],"predecessor-version":[{"id":5116,"href":"https:\/\/agora.xtec.cat\/iepallerola\/wp-json\/wp\/v2\/pages\/22\/revisions\/5116"}],"wp:attachment":[{"href":"https:\/\/agora.xtec.cat\/iepallerola\/wp-json\/wp\/v2\/media?parent=22"}],"curies":[{"name":"wp","href":"https:\/\/api.w.org\/{rel}","templated":true}]}}