{"id":73,"date":"2014-09-18T14:01:51","date_gmt":"2014-09-18T14:01:51","guid":{"rendered":"http:\/\/agora.xtec.cat\/iemossenjoanbatlle\/\/?page_id=73"},"modified":"2025-09-19T09:51:18","modified_gmt":"2025-09-19T07:51:18","slug":"menjador-escolar","status":"publish","type":"page","link":"https:\/\/agora.xtec.cat\/iemossenjoanbatlle\/menjador-escolar\/","title":{"rendered":"Menjador"},"content":{"rendered":"<p>El Consell Comarcal de la Selva \u00e9s qui gestiona el servei de menjador a trav\u00e9s de l&#8217;empresa <strong>Vilanova<\/strong>.<br \/>\nPer l&#8217;alumnat d&#8217;Educaci\u00f3 Infantil i Prim\u00e0ria l&#8217;horari de menjador \u00e9s de <strong>12:30h a 15:00h.<\/strong><\/p>\n<p>Per l&#8217;alumnat d&#8217;Educaci\u00f3 Secund\u00e0ria, l&#8217;horari de menjador \u00e9s de <strong>12:30h a 14:30h els dilluns i dimarts<\/strong> i de <strong>14:40h a 15:20h els dimecres, dijous i divendres<\/strong>.<\/p>\n<ul style=\"list-style-type: square;\">\n<li>El servei est\u00e0 organitzat en 2 torns.<\/li>\n<li>El preu del menjador \u00e9s:\u00a0 \u00a0<span style=\"color: #800000;\"><strong> 6.43<\/strong><\/span><span style=\"color: #ff6600;\"><strong><span style=\"color: #800000;\">\u20ac <\/span>\/DIA PER ALUMNES FIXES\u00a0 \u00a0 \u00a0 \u00a0 <span style=\"color: #993300;\">\u00a07,08\u20ac <\/span>\/DIA PER ALUMNES ESPOR\u00c0DICS<\/strong><\/span><\/li>\n<\/ul>\n<p>Per qualsevol tema relacionat amb el servei de menjador us podeu dirigir a la coordinadora de dilluns a divendres de 9.00h a 9.30h a la biblioteca de l&#8217;escola o b\u00e9 trucant al tel\u00e8fon 634384843 (YOLANDA).<\/p>\n<p><a href=\"https:\/\/educacio.selva.cat\/centre-detall.php?id=23\"><strong><span style=\"color: #339966;\">Aqu\u00ed us deixem l&#8217;enlla\u00e7 on podreu consultar els men\u00fas de cada mes.<\/span><\/strong><\/a><\/p>\n<p>&nbsp;<\/p>\n<p>&nbsp;<\/p>\n","protected":false},"excerpt":{"rendered":"<p>El Consell Comarcal de la Selva \u00e9s qui gestiona el servei de menjador a trav\u00e9s de l&#8217;empresa Vilanova.<br \/>\nPer l&#8217;alumnat d&#8217;Educaci\u00f3 Infantil i Prim\u00e0ria l&#8217;horari de menjador \u00e9s de 12:30h a 15:00h.<br \/>\nPer l&#8217;alumnat d&#8217;Educaci\u00f3 Secund\u00e0ria, l&#8217;horari de menjador \u00e9s de 12:30h a 14:30h els dilluns i&hellip;  <a href=\"https:\/\/agora.xtec.cat\/iemossenjoanbatlle\/menjador-escolar\/\" title=\"Read Menjador\">Llegeix m\u00e9s\u00bb<\/a><\/p>\n","protected":false},"author":2,"featured_media":0,"parent":0,"menu_order":0,"comment_status":"closed","ping_status":"closed","template":"page-templates\/side-menu.php","meta":{"_bbp_topic_count":0,"_bbp_reply_count":0,"_bbp_total_topic_count":0,"_bbp_total_reply_count":0,"_bbp_voice_count":0,"_bbp_anonymous_reply_count":0,"_bbp_topic_count_hidden":0,"_bbp_reply_count_hidden":0,"_bbp_forum_subforum_count":0,"footnotes":""},"class_list":["post-73","page","type-page","status-publish","hentry"],"post_mailing_queue_ids":[],"_links":{"self":[{"href":"https:\/\/agora.xtec.cat\/iemossenjoanbatlle\/wp-json\/wp\/v2\/pages\/73","targetHints":{"allow":["GET"]}}],"collection":[{"href":"https:\/\/agora.xtec.cat\/iemossenjoanbatlle\/wp-json\/wp\/v2\/pages"}],"about":[{"href":"https:\/\/agora.xtec.cat\/iemossenjoanbatlle\/wp-json\/wp\/v2\/types\/page"}],"author":[{"embeddable":true,"href":"https:\/\/agora.xtec.cat\/iemossenjoanbatlle\/wp-json\/wp\/v2\/users\/2"}],"replies":[{"embeddable":true,"href":"https:\/\/agora.xtec.cat\/iemossenjoanbatlle\/wp-json\/wp\/v2\/comments?post=73"}],"version-history":[{"count":6,"href":"https:\/\/agora.xtec.cat\/iemossenjoanbatlle\/wp-json\/wp\/v2\/pages\/73\/revisions"}],"predecessor-version":[{"id":20079,"href":"https:\/\/agora.xtec.cat\/iemossenjoanbatlle\/wp-json\/wp\/v2\/pages\/73\/revisions\/20079"}],"wp:attachment":[{"href":"https:\/\/agora.xtec.cat\/iemossenjoanbatlle\/wp-json\/wp\/v2\/media?parent=73"}],"curies":[{"name":"wp","href":"https:\/\/api.w.org\/{rel}","templated":true}]}}