{"id":71,"date":"2014-09-18T12:44:56","date_gmt":"2014-09-18T12:44:56","guid":{"rendered":"http:\/\/agora.xtec.cat\/iemossenjoanbatlle\/\/?page_id=71"},"modified":"2022-10-18T13:22:47","modified_gmt":"2022-10-18T11:22:47","slug":"serveis-digitals","status":"publish","type":"page","link":"https:\/\/agora.xtec.cat\/iemossenjoanbatlle\/serveis\/serveis-digitals\/","title":{"rendered":"Activitats complement\u00e0ries"},"content":{"rendered":"<p lang=\"ca-ES\" align=\"justify\"><span style=\"font-family: Arial, sans-serif;\"><span style=\"font-size: xx-large;\"><span style=\"font-family: Verdana, sans-serif;\"><span style=\"font-size: medium;\"><b>Sortides i col\u00f2nies CURS 2022-2023<\/b><\/span><\/span><\/span><\/span><\/p>\n<p lang=\"ca-ES\" align=\"justify\"><span style=\"font-family: Verdana, sans-serif;\"><span style=\"font-size: medium;\">Cada comunitat organitza diferents sortides segons els objectius i continguts de la programaci\u00f3 del curs. Normalment es fa una sortida per trimestre i col\u00f2nies al finalitzar al cicle. A part de les sortides i col\u00f2nies que es recullen en el quadre seg\u00fcent, tamb\u00e9 es realitzen sortides a l&#8217;entorn proper durant l&#8217;horari escolar dins la franja hor\u00e0ria de mat\u00ed o de tarda, en funci\u00f3 dels objectius a treballar, programacions i\/o interessos dels alumnes.<\/span><\/span><\/p>\n<p lang=\"ca-ES\" align=\"justify\"><img loading=\"lazy\" decoding=\"async\" class=\"aligncenter size-full wp-image-19044\" src=\"https:\/\/agora.xtec.cat\/iemossenjoanbatlle\/\/wp-content\/uploads\/usu1208\/2022\/10\/Captura-2.jpg\" alt=\"\" width=\"939\" height=\"347\" srcset=\"https:\/\/agora.xtec.cat\/iemossenjoanbatlle\/wp-content\/uploads\/usu1208\/2022\/10\/Captura-2.jpg 939w, https:\/\/agora.xtec.cat\/iemossenjoanbatlle\/wp-content\/uploads\/usu1208\/2022\/10\/Captura-2-300x111.jpg 300w, https:\/\/agora.xtec.cat\/iemossenjoanbatlle\/wp-content\/uploads\/usu1208\/2022\/10\/Captura-2-768x284.jpg 768w\" sizes=\"auto, (max-width: 939px) 100vw, 939px\" \/><img loading=\"lazy\" decoding=\"async\" class=\"aligncenter size-full wp-image-19045\" src=\"https:\/\/agora.xtec.cat\/iemossenjoanbatlle\/\/wp-content\/uploads\/usu1208\/2022\/10\/Captura-3.jpg\" alt=\"\" width=\"933\" height=\"391\" srcset=\"https:\/\/agora.xtec.cat\/iemossenjoanbatlle\/wp-content\/uploads\/usu1208\/2022\/10\/Captura-3.jpg 933w, https:\/\/agora.xtec.cat\/iemossenjoanbatlle\/wp-content\/uploads\/usu1208\/2022\/10\/Captura-3-300x126.jpg 300w, https:\/\/agora.xtec.cat\/iemossenjoanbatlle\/wp-content\/uploads\/usu1208\/2022\/10\/Captura-3-768x322.jpg 768w\" sizes=\"auto, (max-width: 933px) 100vw, 933px\" \/><img loading=\"lazy\" decoding=\"async\" class=\"aligncenter size-full wp-image-19046\" src=\"https:\/\/agora.xtec.cat\/iemossenjoanbatlle\/\/wp-content\/uploads\/usu1208\/2022\/10\/Captura-4.jpg\" alt=\"\" width=\"935\" height=\"208\" srcset=\"https:\/\/agora.xtec.cat\/iemossenjoanbatlle\/wp-content\/uploads\/usu1208\/2022\/10\/Captura-4.jpg 935w, https:\/\/agora.xtec.cat\/iemossenjoanbatlle\/wp-content\/uploads\/usu1208\/2022\/10\/Captura-4-300x67.jpg 300w, https:\/\/agora.xtec.cat\/iemossenjoanbatlle\/wp-content\/uploads\/usu1208\/2022\/10\/Captura-4-768x171.jpg 768w\" sizes=\"auto, (max-width: 935px) 100vw, 935px\" \/><img loading=\"lazy\" decoding=\"async\" class=\"aligncenter size-full wp-image-19048\" src=\"https:\/\/agora.xtec.cat\/iemossenjoanbatlle\/\/wp-content\/uploads\/usu1208\/2022\/10\/Captura-6.jpg\" alt=\"\" width=\"934\" height=\"305\" srcset=\"https:\/\/agora.xtec.cat\/iemossenjoanbatlle\/wp-content\/uploads\/usu1208\/2022\/10\/Captura-6.jpg 934w, https:\/\/agora.xtec.cat\/iemossenjoanbatlle\/wp-content\/uploads\/usu1208\/2022\/10\/Captura-6-300x98.jpg 300w, https:\/\/agora.xtec.cat\/iemossenjoanbatlle\/wp-content\/uploads\/usu1208\/2022\/10\/Captura-6-768x251.jpg 768w\" sizes=\"auto, (max-width: 934px) 100vw, 934px\" \/><img loading=\"lazy\" decoding=\"async\" class=\"aligncenter size-full wp-image-19049\" src=\"https:\/\/agora.xtec.cat\/iemossenjoanbatlle\/\/wp-content\/uploads\/usu1208\/2022\/10\/Captura-7.jpg\" alt=\"\" width=\"935\" height=\"431\" srcset=\"https:\/\/agora.xtec.cat\/iemossenjoanbatlle\/wp-content\/uploads\/usu1208\/2022\/10\/Captura-7.jpg 935w, https:\/\/agora.xtec.cat\/iemossenjoanbatlle\/wp-content\/uploads\/usu1208\/2022\/10\/Captura-7-300x138.jpg 300w, https:\/\/agora.xtec.cat\/iemossenjoanbatlle\/wp-content\/uploads\/usu1208\/2022\/10\/Captura-7-768x354.jpg 768w\" sizes=\"auto, (max-width: 935px) 100vw, 935px\" \/><\/p>\n<p lang=\"ca-ES\" align=\"justify\"><span style=\"font-family: Verdana, sans-serif;\"><span style=\"font-size: medium;\"><b>Piscina<\/b><\/span><\/span><\/p>\n<p lang=\"ca-ES\" align=\"justify\"><span style=\"font-family: Verdana, sans-serif;\"><span style=\"font-size: medium;\">Els alumnes de P5, 1r i del SIEI realitzen unes sessions de piscina al llarg del curs dins l\u2019hora de psicomotricitat\/Educaci\u00f3 F\u00edsica. <\/span><\/span><\/p>\n<p lang=\"ca-ES\" align=\"justify\"><strong><span style=\"font-family: Verdana, sans-serif;\"><span style=\"font-size: medium;\">Vela <\/span><\/span><\/strong><\/p>\n<p lang=\"ca-ES\" align=\"justify\"><span style=\"font-family: Verdana, sans-serif;\"><span style=\"font-size: medium;\">Els alumnes de 5\u00e8 realitzen l&#8217;activitat de vela dins el projecte &#8220;Esport Blau&#8221; del Club de Vela Blanes.<\/span><\/span><\/p>\n<p lang=\"ca-ES\" align=\"justify\"><span style=\"font-family: Verdana, sans-serif;\"><span style=\"font-size: medium;\"><b>Festes d&#8217;escola<\/b><\/span><\/span><\/p>\n<p lang=\"ca-ES\" align=\"justify\"><span style=\"font-family: Verdana, sans-serif;\"><span style=\"font-size: medium;\">Durant el curs es realitzen diferents festes i activitats relacionades amb les costums i tradicions del nostre poble i altres objectius de la programaci\u00f3 del centre.<\/span><\/span><\/p>\n<p lang=\"ca-ES\" align=\"justify\"><img loading=\"lazy\" decoding=\"async\" class=\"aligncenter  wp-image-19043\" src=\"https:\/\/agora.xtec.cat\/iemossenjoanbatlle\/\/wp-content\/uploads\/usu1208\/2022\/10\/Captura-1.jpg\" alt=\"\" width=\"992\" height=\"263\" srcset=\"https:\/\/agora.xtec.cat\/iemossenjoanbatlle\/wp-content\/uploads\/usu1208\/2022\/10\/Captura-1.jpg 928w, https:\/\/agora.xtec.cat\/iemossenjoanbatlle\/wp-content\/uploads\/usu1208\/2022\/10\/Captura-1-300x80.jpg 300w, https:\/\/agora.xtec.cat\/iemossenjoanbatlle\/wp-content\/uploads\/usu1208\/2022\/10\/Captura-1-768x204.jpg 768w\" sizes=\"auto, (max-width: 992px) 100vw, 992px\" \/><\/p>\n<p lang=\"ca-ES\" align=\"justify\">\n","protected":false},"excerpt":{"rendered":"<p>Sortides i col\u00f2nies CURS 2022-2023<br \/>\nCada comunitat organitza diferents sortides segons els objectius i continguts de la programaci\u00f3 del curs. Normalment es fa una sortida per trimestre i col\u00f2nies al finalitzar al cicle. A part de les sortides i col\u00f2nies que es recullen en el quadre&hellip;  <a href=\"https:\/\/agora.xtec.cat\/iemossenjoanbatlle\/serveis\/serveis-digitals\/\" title=\"Read Activitats complement\u00e0ries\">Llegeix m\u00e9s\u00bb<\/a><\/p>\n","protected":false},"author":2,"featured_media":0,"parent":66,"menu_order":10,"comment_status":"closed","ping_status":"closed","template":"page-templates\/side-menu.php","meta":{"_bbp_topic_count":0,"_bbp_reply_count":0,"_bbp_total_topic_count":0,"_bbp_total_reply_count":0,"_bbp_voice_count":0,"_bbp_anonymous_reply_count":0,"_bbp_topic_count_hidden":0,"_bbp_reply_count_hidden":0,"_bbp_forum_subforum_count":0,"footnotes":""},"class_list":["post-71","page","type-page","status-publish","hentry"],"post_mailing_queue_ids":[],"_links":{"self":[{"href":"https:\/\/agora.xtec.cat\/iemossenjoanbatlle\/wp-json\/wp\/v2\/pages\/71","targetHints":{"allow":["GET"]}}],"collection":[{"href":"https:\/\/agora.xtec.cat\/iemossenjoanbatlle\/wp-json\/wp\/v2\/pages"}],"about":[{"href":"https:\/\/agora.xtec.cat\/iemossenjoanbatlle\/wp-json\/wp\/v2\/types\/page"}],"author":[{"embeddable":true,"href":"https:\/\/agora.xtec.cat\/iemossenjoanbatlle\/wp-json\/wp\/v2\/users\/2"}],"replies":[{"embeddable":true,"href":"https:\/\/agora.xtec.cat\/iemossenjoanbatlle\/wp-json\/wp\/v2\/comments?post=71"}],"version-history":[{"count":3,"href":"https:\/\/agora.xtec.cat\/iemossenjoanbatlle\/wp-json\/wp\/v2\/pages\/71\/revisions"}],"predecessor-version":[{"id":19050,"href":"https:\/\/agora.xtec.cat\/iemossenjoanbatlle\/wp-json\/wp\/v2\/pages\/71\/revisions\/19050"}],"up":[{"embeddable":true,"href":"https:\/\/agora.xtec.cat\/iemossenjoanbatlle\/wp-json\/wp\/v2\/pages\/66"}],"wp:attachment":[{"href":"https:\/\/agora.xtec.cat\/iemossenjoanbatlle\/wp-json\/wp\/v2\/media?parent=71"}],"curies":[{"name":"wp","href":"https:\/\/api.w.org\/{rel}","templated":true}]}}