{"id":438,"date":"2015-09-09T13:06:15","date_gmt":"2015-09-09T12:06:15","guid":{"rendered":"http:\/\/agora.xtec.cat\/iemossenjoanbatlle\/\/?page_id=438"},"modified":"2025-10-02T16:52:29","modified_gmt":"2025-10-02T14:52:29","slug":"documents-de-centre","status":"publish","type":"page","link":"https:\/\/agora.xtec.cat\/iemossenjoanbatlle\/documents-de-centre\/","title":{"rendered":"Documents de centre"},"content":{"rendered":"<p><a href=\"https:\/\/sites.google.com\/xtec.cat\/edcmossenjoanbatlle\/benvinguda\" target=\"_blank\" rel=\"noopener\">ESTRAT\u00c8GIA DIGITAL DE CENTRE<\/a><\/p>\n<p><a href=\"https:\/\/drive.google.com\/file\/d\/1vY6GA7AIyAbVZ92eZ6Ks8yxa5xO409Q9\/view?usp=sharing\">PROJECTE DE DIRECCI\u00d3 MJB 2025-2029<\/a><\/p>\n<p><a href=\"http:\/\/blocs.xtec.cat\/mjbatlle\/files\/2012\/11\/PLA-D%C2%B4ATENCI%C3%93-A-LA-DIVERSITAT1.pdf\">PLA D\u00b4ATENCI\u00d3 A LA DIVERSITAT(en revisi\u00f3)<\/a><\/p>\n<p><a href=\"http:\/\/blocs.xtec.cat\/mjbatlle\/files\/2012\/11\/PROJECTE-DE-CONVIV%C3%88NCIA.pdf\">PROJECTE DE CONVIV\u00c8NCIA (en revisi\u00f3)<\/a><\/p>\n<p><a href=\"https:\/\/drive.google.com\/file\/d\/1sBBTayDZHdnamViQQ4MQL05KziUI5ZFc\/view?usp=sharing\">PROJECTE LING\u00dc\u00cdSTIC (en revisi\u00f3)<\/a><\/p>\n<p><a href=\"https:\/\/drive.google.com\/file\/d\/1yE8zja1DHDNPFJdsbYvliY0eLkjyKJQF\/view?usp=sharing\">CONVIV\u00c8NCIA EN EL CENTRE-NOFC<\/a> <span style=\"color: #ff0000;\">(actualitzat 24-25)<\/span><\/p>\n<p><a href=\"https:\/\/drive.google.com\/file\/d\/1goIS-5s0b0rJiIkmjSaG8GKKB8iAFD8F\/view?usp=sharing\">PLA D&#8217;ACOLLIDA<\/a> <span style=\"color: #ff0000;\">(actualitzat 24-25)<\/span><\/p>\n<p><a href=\"https:\/\/drive.google.com\/file\/d\/0BwuCObKVNWRyRFZUWjZkazI0TlU\/view?usp=sharing\" target=\"_blank\" rel=\"noopener noreferrer\">PLA D\u00b4ACCI\u00d3 TUTORIAL(en revisi\u00f3)<\/a><\/p>\n<p><a href=\"https:\/\/drive.google.com\/file\/d\/1zFF-F9IEiKT2-y33DJEOFAOYMmj06YMG\/view?usp=sharing\">CARTA DE COMPROM\u00cdS<\/a><\/p>\n<p><a href=\"https:\/\/drive.google.com\/file\/d\/1dp8iMuXKLKgX-YQa7z164VvCDLRV7sIv\/view?usp=sharing\" target=\"_blank\" rel=\"noopener\">PRESSUPOST 2022<\/a><\/p>\n<p><a href=\"https:\/\/drive.google.com\/file\/d\/1Urs1-fyKM52JQspe2aLEM1LXMDFX1ASn\/view?usp=sharing\" target=\"_blank\" rel=\"noopener\">LIQUIDACI\u00d3 2021<\/a><\/p>\n<p><a href=\"https:\/\/drive.google.com\/file\/d\/1AAXW7Pbmpj4pC9F7xaBkQ26EGkJ55uF6\/view?usp=sharing\" target=\"_blank\" rel=\"noopener\">PRESSUPOST 2023<\/a><\/p>\n<p><a href=\"https:\/\/drive.google.com\/file\/d\/1hwuC-znjdIvJ_nvJVzrX7pS6j3zDIHjK\/view?usp=share_link\" target=\"_blank\" rel=\"noopener\">LIQUIDACI\u00d3 2022<\/a><\/p>\n<p><strong>ACORDS DEL CONSELL ESCOLAR 2022<\/strong><\/p>\n<p><a href=\"https:\/\/drive.google.com\/file\/d\/1XlCIcDfhXSGzIcEKea684-NG_Ks0MdBg\/view?usp=sharing\" target=\"_blank\" rel=\"noopener\">Acords acta consell escolar 31-01-2022<\/a><\/p>\n<p><a href=\"https:\/\/drive.google.com\/file\/d\/1NioR04PGT6RMF_WMVBcbW4t43p13wEkI\/view?usp=sharing\" target=\"_blank\" rel=\"noopener\">Acords acta consell escolar 16-11-2022<\/a><\/p>\n<p><a href=\"https:\/\/drive.google.com\/file\/d\/1A9AzRKWeV2Nt3t-svwgcSgg94F6qHc0O\/view?usp=sharing\" target=\"_blank\" rel=\"noopener\">Acords acta consell escolar 31-01-2023<\/a><\/p>\n<p><a href=\"https:\/\/drive.google.com\/file\/d\/1ZT2O2YbnNBQu0LLpNgifdGWBoPhP9k0F\/view?usp=sharing\" target=\"_blank\" rel=\"noopener\">Acords acta consell escolar 02-03-2023<\/a><\/p>\n<p><a href=\"https:\/\/drive.google.com\/file\/d\/1mi6zWgKj8FPDZrFFV2CUMbPKGUyUw5fm\/view?usp=sharing\" target=\"_blank\" rel=\"noopener\">Acords acta consell escolar 31-03-2023<\/a><\/p>\n","protected":false},"excerpt":{"rendered":"<p><a href=\"https:\/\/sites.google.com\/xtec.cat\/edcmossenjoanbatlle\/benvinguda\" target=\"_blank\" rel=\"noopener\">ESTRAT\u00c8GIA DIGITAL DE CENTRE<\/a><br \/>\n<a href=\"https:\/\/drive.google.com\/file\/d\/1vY6GA7AIyAbVZ92eZ6Ks8yxa5xO409Q9\/view?usp=sharing\">PROJECTE DE DIRECCI\u00d3 MJB 2025-2029<\/a><br \/>\n<a href=\"http:\/\/blocs.xtec.cat\/mjbatlle\/files\/2012\/11\/PLA-D%C2%B4ATENCI%C3%93-A-LA-DIVERSITAT1.pdf\">PLA D\u00b4ATENCI\u00d3 A LA DIVERSITAT(en revisi\u00f3)<\/a><br \/>\n<a href=\"http:\/\/blocs.xtec.cat\/mjbatlle\/files\/2012\/11\/PROJECTE-DE-CONVIV%C3%88NCIA.pdf\">PROJECTE DE CONVIV\u00c8NCIA (en revisi\u00f3)<\/a><br \/>\n<a href=\"https:\/\/drive.google.com\/file\/d\/1sBBTayDZHdnamViQQ4MQL05KziUI5ZFc\/view?usp=sharing\">PROJECTE LING\u00dc\u00cdSTIC (en revisi\u00f3)<\/a><br \/>\n<a href=\"https:\/\/drive.google.com\/file\/d\/1yE8zja1DHDNPFJdsbYvliY0eLkjyKJQF\/view?usp=sharing\">CONVIV\u00c8NCIA EN EL CENTRE-NOFC<\/a> (actualitzat 24-25)<br \/>\n<a href=\"https:\/\/drive.google.com\/file\/d\/1goIS-5s0b0rJiIkmjSaG8GKKB8iAFD8F\/view?usp=sharing\">PLA D&#8217;ACOLLIDA<\/a> (actualitzat 24-25)<br \/>\n<a href=\"https:\/\/drive.google.com\/file\/d\/0BwuCObKVNWRyRFZUWjZkazI0TlU\/view?usp=sharing\" target=\"_blank\" rel=\"noopener noreferrer\">PLA D\u00b4ACCI\u00d3 TUTORIAL(en revisi\u00f3)<\/a><br \/>\n<a href=\"https:\/\/drive.google.com\/file\/d\/1zFF-F9IEiKT2-y33DJEOFAOYMmj06YMG\/view?usp=sharing\">CARTA&hellip;  <a href=\"https:\/\/agora.xtec.cat\/iemossenjoanbatlle\/documents-de-centre\/\" title=\"Read Documents de centre\">Llegeix m\u00e9s\u00bb<\/a><\/p>\n","protected":false},"author":1,"featured_media":0,"parent":0,"menu_order":0,"comment_status":"closed","ping_status":"closed","template":"page-templates\/side-menu.php","meta":{"_bbp_topic_count":0,"_bbp_reply_count":0,"_bbp_total_topic_count":0,"_bbp_total_reply_count":0,"_bbp_voice_count":0,"_bbp_anonymous_reply_count":0,"_bbp_topic_count_hidden":0,"_bbp_reply_count_hidden":0,"_bbp_forum_subforum_count":0,"footnotes":""},"class_list":["post-438","page","type-page","status-publish","hentry"],"post_mailing_queue_ids":[],"_links":{"self":[{"href":"https:\/\/agora.xtec.cat\/iemossenjoanbatlle\/wp-json\/wp\/v2\/pages\/438","targetHints":{"allow":["GET"]}}],"collection":[{"href":"https:\/\/agora.xtec.cat\/iemossenjoanbatlle\/wp-json\/wp\/v2\/pages"}],"about":[{"href":"https:\/\/agora.xtec.cat\/iemossenjoanbatlle\/wp-json\/wp\/v2\/types\/page"}],"author":[{"embeddable":true,"href":"https:\/\/agora.xtec.cat\/iemossenjoanbatlle\/wp-json\/wp\/v2\/users\/1"}],"replies":[{"embeddable":true,"href":"https:\/\/agora.xtec.cat\/iemossenjoanbatlle\/wp-json\/wp\/v2\/comments?post=438"}],"version-history":[{"count":7,"href":"https:\/\/agora.xtec.cat\/iemossenjoanbatlle\/wp-json\/wp\/v2\/pages\/438\/revisions"}],"predecessor-version":[{"id":7512,"href":"https:\/\/agora.xtec.cat\/iemossenjoanbatlle\/wp-json\/wp\/v2\/pages\/438\/revisions\/7512"}],"wp:attachment":[{"href":"https:\/\/agora.xtec.cat\/iemossenjoanbatlle\/wp-json\/wp\/v2\/media?parent=438"}],"curies":[{"name":"wp","href":"https:\/\/api.w.org\/{rel}","templated":true}]}}