{"id":4277,"date":"2017-02-07T09:08:08","date_gmt":"2017-02-07T08:08:08","guid":{"rendered":"http:\/\/agora.xtec.cat\/iemossenjoanbatlle\/\/?page_id=4277"},"modified":"2024-10-18T16:59:39","modified_gmt":"2024-10-18T14:59:39","slug":"ampa-escola-mossen-joan-batlle","status":"publish","type":"page","link":"https:\/\/agora.xtec.cat\/iemossenjoanbatlle\/ampa-escola-mossen-joan-batlle\/","title":{"rendered":"AFA"},"content":{"rendered":"<p lang=\"ca-ES\" align=\"justify\"><span style=\"font-family: Verdana, sans-serif;\"><span style=\"font-size: medium;\">Es la representaci\u00f3 de totes les fam\u00edlies dels alumnes del centre, que de forma volunt\u00e0ria i sense \u00e0nim de lucre, participen activament en la vida quotidiana de l\u2019escola.<\/span><\/span><\/p>\n<p lang=\"ca-ES\" align=\"justify\"><span style=\"font-family: Verdana, sans-serif;\"><span style=\"font-size: medium;\">Des de l\u2019AFA es duen a terme diferents accions, totes elles relacionades i destinades als alumnes, les seves fam\u00edlies i el centre.<\/span><\/span><\/p>\n<ul>\n<li>\n<p lang=\"ca-ES\" align=\"justify\"><span style=\"font-family: Verdana, sans-serif;\"><span style=\"font-size: medium;\">Gestionen la venda de llibres<\/span><\/span><\/p>\n<\/li>\n<li>\n<p lang=\"ca-ES\" align=\"justify\"><span style=\"font-family: Verdana, sans-serif;\"><span style=\"font-size: medium;\">Col\u00b7laboren activament, junt amb el centre, en l\u2019organitzaci\u00f3 i subvenci\u00f3 de les diferents festes escolars<\/span><\/span><\/p>\n<\/li>\n<li>\n<p lang=\"ca-ES\" align=\"justify\"><span style=\"font-family: Verdana, sans-serif;\"><span style=\"font-size: medium;\">Organitzen jornades familiars<\/span><\/span><\/p>\n<\/li>\n<li>\n<p lang=\"ca-ES\" align=\"justify\"><span style=\"font-family: Verdana, sans-serif;\"><span style=\"font-size: medium;\">Donen suport econ\u00f2mic a l\u2019escola per a la renovaci\u00f3 i\/o ampliaci\u00f3 de materials.<\/span><\/span><\/p>\n<\/li>\n<li>\n<p lang=\"ca-ES\" align=\"justify\"><span style=\"font-family: Verdana, sans-serif;\"><span style=\"font-size: medium;\">Organitzen les activitats extraescolars<\/span><\/span><\/p>\n<\/li>\n<\/ul>\n<p lang=\"ca-ES\" align=\"justify\"><strong><span style=\"font-family: Verdana, sans-serif;\"><span style=\"font-size: medium;\">Estatuts<\/span><\/span><\/strong>\u00a0<a href=\"https:\/\/drive.google.com\/file\/d\/0B63qTtWDSwAkTTRnMnFDeWFLNXRRZXBNdVVsT2x5eUZfb1Iw\/view?usp=sharing&amp;resourcekey=0-UjmhFHQ_J82ktgSfblTGeA\">(fes clic aqu\u00ed)<\/a><\/p>\n<p lang=\"ca-ES\" align=\"justify\"><span style=\"font-family: Verdana, sans-serif;\"><span style=\"font-size: medium;\"><strong>Horari d&#8217;atenci\u00f3 fam\u00edlies<\/strong>: divendres de 15:00h a 16:25h<\/span><\/span><\/p>\n<p lang=\"ca-ES\" align=\"justify\"><span style=\"font-family: Verdana, sans-serif;\"><span style=\"font-size: medium;\"><strong>Tel\u00e8fon<\/strong>: 675 762 646<\/span><\/span><\/p>\n<p lang=\"ca-ES\" align=\"justify\"><span style=\"font-family: Verdana, sans-serif;\"><span style=\"font-size: medium;\"><strong>Correu:<\/strong> afamjbatlle@gmail.com<\/span><\/span><\/p>\n<p>&nbsp;<\/p>\n","protected":false},"excerpt":{"rendered":"<p>Es la representaci\u00f3 de totes les fam\u00edlies dels alumnes del centre, que de forma volunt\u00e0ria i sense \u00e0nim de lucre, participen activament en la vida quotidiana de l\u2019escola.<br \/>\nDes de l\u2019AFA es duen a terme diferents accions, totes elles relacionades i destinades als alumnes, les seves&hellip;  <a href=\"https:\/\/agora.xtec.cat\/iemossenjoanbatlle\/ampa-escola-mossen-joan-batlle\/\" title=\"Read AFA\">Llegeix m\u00e9s\u00bb<\/a><\/p>\n","protected":false},"author":1,"featured_media":0,"parent":0,"menu_order":0,"comment_status":"closed","ping_status":"closed","template":"","meta":{"_bbp_topic_count":0,"_bbp_reply_count":0,"_bbp_total_topic_count":0,"_bbp_total_reply_count":0,"_bbp_voice_count":0,"_bbp_anonymous_reply_count":0,"_bbp_topic_count_hidden":0,"_bbp_reply_count_hidden":0,"_bbp_forum_subforum_count":0,"footnotes":""},"class_list":["post-4277","page","type-page","status-publish","hentry"],"post_mailing_queue_ids":[],"_links":{"self":[{"href":"https:\/\/agora.xtec.cat\/iemossenjoanbatlle\/wp-json\/wp\/v2\/pages\/4277","targetHints":{"allow":["GET"]}}],"collection":[{"href":"https:\/\/agora.xtec.cat\/iemossenjoanbatlle\/wp-json\/wp\/v2\/pages"}],"about":[{"href":"https:\/\/agora.xtec.cat\/iemossenjoanbatlle\/wp-json\/wp\/v2\/types\/page"}],"author":[{"embeddable":true,"href":"https:\/\/agora.xtec.cat\/iemossenjoanbatlle\/wp-json\/wp\/v2\/users\/1"}],"replies":[{"embeddable":true,"href":"https:\/\/agora.xtec.cat\/iemossenjoanbatlle\/wp-json\/wp\/v2\/comments?post=4277"}],"version-history":[{"count":5,"href":"https:\/\/agora.xtec.cat\/iemossenjoanbatlle\/wp-json\/wp\/v2\/pages\/4277\/revisions"}],"predecessor-version":[{"id":19874,"href":"https:\/\/agora.xtec.cat\/iemossenjoanbatlle\/wp-json\/wp\/v2\/pages\/4277\/revisions\/19874"}],"wp:attachment":[{"href":"https:\/\/agora.xtec.cat\/iemossenjoanbatlle\/wp-json\/wp\/v2\/media?parent=4277"}],"curies":[{"name":"wp","href":"https:\/\/api.w.org\/{rel}","templated":true}]}}