{"id":73,"date":"2014-09-18T14:01:51","date_gmt":"2014-09-18T14:01:51","guid":{"rendered":"http:\/\/agora.xtec.cat\/iemorera\/\/?page_id=73"},"modified":"2026-04-08T11:39:52","modified_gmt":"2026-04-08T09:39:52","slug":"menjador-escolar","status":"publish","type":"page","link":"https:\/\/agora.xtec.cat\/iemorera\/serveis\/menjador-escolar\/","title":{"rendered":"Menjador escolar"},"content":{"rendered":"<h1 style=\"font-style: normal;\"><img loading=\"lazy\" decoding=\"async\" class=\"aligncenter size-large wp-image-11050\" src=\"https:\/\/agora.xtec.cat\/iemorera\/wp-content\/uploads\/usu148\/2026\/04\/abril-1024x718.jpg\" alt=\"\" width=\"1024\" height=\"718\" srcset=\"https:\/\/agora.xtec.cat\/iemorera\/wp-content\/uploads\/usu148\/2026\/04\/abril-1024x718.jpg 1024w, https:\/\/agora.xtec.cat\/iemorera\/wp-content\/uploads\/usu148\/2026\/04\/abril-300x210.jpg 300w, https:\/\/agora.xtec.cat\/iemorera\/wp-content\/uploads\/usu148\/2026\/04\/abril-768x538.jpg 768w, https:\/\/agora.xtec.cat\/iemorera\/wp-content\/uploads\/usu148\/2026\/04\/abril.jpg 1228w\" sizes=\"auto, (max-width: 1024px) 100vw, 1024px\" \/> <img loading=\"lazy\" decoding=\"async\" class=\"aligncenter size-large wp-image-11051\" src=\"https:\/\/agora.xtec.cat\/iemorera\/wp-content\/uploads\/usu148\/2026\/04\/maig-1024x715.jpg\" alt=\"\" width=\"1024\" height=\"715\" srcset=\"https:\/\/agora.xtec.cat\/iemorera\/wp-content\/uploads\/usu148\/2026\/04\/maig-1024x715.jpg 1024w, https:\/\/agora.xtec.cat\/iemorera\/wp-content\/uploads\/usu148\/2026\/04\/maig-300x209.jpg 300w, https:\/\/agora.xtec.cat\/iemorera\/wp-content\/uploads\/usu148\/2026\/04\/maig-768x536.jpg 768w, https:\/\/agora.xtec.cat\/iemorera\/wp-content\/uploads\/usu148\/2026\/04\/maig.jpg 1225w\" sizes=\"auto, (max-width: 1024px) 100vw, 1024px\" \/> <img loading=\"lazy\" decoding=\"async\" class=\"aligncenter size-large wp-image-11052\" src=\"https:\/\/agora.xtec.cat\/iemorera\/wp-content\/uploads\/usu148\/2026\/04\/juny-1024x720.jpg\" alt=\"\" width=\"1024\" height=\"720\" srcset=\"https:\/\/agora.xtec.cat\/iemorera\/wp-content\/uploads\/usu148\/2026\/04\/juny-1024x720.jpg 1024w, https:\/\/agora.xtec.cat\/iemorera\/wp-content\/uploads\/usu148\/2026\/04\/juny-300x211.jpg 300w, https:\/\/agora.xtec.cat\/iemorera\/wp-content\/uploads\/usu148\/2026\/04\/juny-768x540.jpg 768w, https:\/\/agora.xtec.cat\/iemorera\/wp-content\/uploads\/usu148\/2026\/04\/juny.jpg 1221w\" sizes=\"auto, (max-width: 1024px) 100vw, 1024px\" \/><\/h1>\n<h1><\/h1>\n<h1><\/h1>\n<h1><\/h1>\n<p>&nbsp;<\/p>\n<h1 style=\"text-align: center;\">AUSOLAN<img loading=\"lazy\" decoding=\"async\" class=\"aligncenter\" src=\"https:\/\/ampaceipcancoll.files.wordpress.com\/2013\/09\/pere_mariona1.jpg?w=320&amp;h=284\" alt=\"Resultat d'imatges de ausolan\" width=\"135\" height=\"119\" \/><\/h1>\n<p style=\"text-align: justify;\"><span style=\"font-weight: 400;\">El menjador \u00e9s una aula m\u00e9s de l&#8217;escola, una oportunitat di\u00e0ria de treballar les compet\u00e8ncies del saber estar i les habilitats que requereix alimentar-se, i la cultura de la nutrici\u00f3. Tot plegat, un llarg i bonic cam\u00ed.<\/span><\/p>\n<p style=\"text-align: left;\"><span style=\"font-weight: 400;\">Treballem amb AUSOLAN, per la import\u00e0ncia que donen, tamb\u00e9, a la gesti\u00f3 pedag\u00f2gica. I a la proximitat per a trobar solucions a totes les q\u00fcestions di\u00e0ries que generen els menjadors escolars.<\/span><\/p>\n<p><img loading=\"lazy\" decoding=\"async\" class=\"aligncenter size-full wp-image-10919\" src=\"https:\/\/agora.xtec.cat\/iemorera\/wp-content\/uploads\/usu148\/2025\/09\/menjador.jpeg\" alt=\"\" width=\"720\" height=\"557\" srcset=\"https:\/\/agora.xtec.cat\/iemorera\/wp-content\/uploads\/usu148\/2025\/09\/menjador.jpeg 720w, https:\/\/agora.xtec.cat\/iemorera\/wp-content\/uploads\/usu148\/2025\/09\/menjador-300x232.jpeg 300w\" sizes=\"auto, (max-width: 720px) 100vw, 720px\" \/><\/p>\n<p style=\"text-align: center;\">Aqu\u00ed teniu l&#8217;enlla\u00e7 per fer el pagament online: <a href=\"https:\/\/comocomen.com\/__cecoc402\" target=\"_blank\" rel=\"noopener noreferrer\">Pagament menjador<\/a><\/p>\n<p>&nbsp;<\/p>\n","protected":false},"excerpt":{"rendered":"<p>&nbsp; AUSOLAN El menjador \u00e9s una aula m\u00e9s de l&#8217;escola, una oportunitat di\u00e0ria de treballar les compet\u00e8ncies del saber estar i les habilitats que requereix alimentar-se, i la cultura de la nutrici\u00f3. Tot plegat, un llarg i bonic cam\u00ed. Treballem amb AUSOLAN, per la import\u00e0ncia que donen, tamb\u00e9, a la gesti\u00f3 pedag\u00f2gica. I a la [&hellip;]<\/p>\n","protected":false},"author":2,"featured_media":0,"parent":66,"menu_order":30,"comment_status":"closed","ping_status":"closed","template":"","meta":{"_bbp_topic_count":0,"_bbp_reply_count":0,"_bbp_total_topic_count":0,"_bbp_total_reply_count":0,"_bbp_voice_count":0,"_bbp_anonymous_reply_count":0,"_bbp_topic_count_hidden":0,"_bbp_reply_count_hidden":0,"_bbp_forum_subforum_count":0,"site-sidebar-layout":"default","site-content-layout":"","ast-site-content-layout":"default","site-content-style":"default","site-sidebar-style":"default","ast-global-header-display":"","ast-banner-title-visibility":"","ast-main-header-display":"","ast-hfb-above-header-display":"","ast-hfb-below-header-display":"","ast-hfb-mobile-header-display":"","site-post-title":"","ast-breadcrumbs-content":"","ast-featured-img":"","footer-sml-layout":"","theme-transparent-header-meta":"default","adv-header-id-meta":"","stick-header-meta":"","header-above-stick-meta":"","header-main-stick-meta":"","header-below-stick-meta":"","astra-migrate-meta-layouts":"set","ast-page-background-enabled":"default","ast-page-background-meta":{"desktop":{"background-color":"var(--ast-global-color-4)","background-image":"","background-repeat":"repeat","background-position":"center center","background-size":"auto","background-attachment":"scroll","background-type":"","background-media":"","overlay-type":"","overlay-color":"","overlay-opacity":"","overlay-gradient":""},"tablet":{"background-color":"","background-image":"","background-repeat":"repeat","background-position":"center center","background-size":"auto","background-attachment":"scroll","background-type":"","background-media":"","overlay-type":"","overlay-color":"","overlay-opacity":"","overlay-gradient":""},"mobile":{"background-color":"","background-image":"","background-repeat":"repeat","background-position":"center center","background-size":"auto","background-attachment":"scroll","background-type":"","background-media":"","overlay-type":"","overlay-color":"","overlay-opacity":"","overlay-gradient":""}},"ast-content-background-meta":{"desktop":{"background-color":"var(--ast-global-color-5)","background-image":"","background-repeat":"repeat","background-position":"center center","background-size":"auto","background-attachment":"scroll","background-type":"","background-media":"","overlay-type":"","overlay-color":"","overlay-opacity":"","overlay-gradient":""},"tablet":{"background-color":"var(--ast-global-color-5)","background-image":"","background-repeat":"repeat","background-position":"center center","background-size":"auto","background-attachment":"scroll","background-type":"","background-media":"","overlay-type":"","overlay-color":"","overlay-opacity":"","overlay-gradient":""},"mobile":{"background-color":"var(--ast-global-color-5)","background-image":"","background-repeat":"repeat","background-position":"center center","background-size":"auto","background-attachment":"scroll","background-type":"","background-media":"","overlay-type":"","overlay-color":"","overlay-opacity":"","overlay-gradient":""}},"footnotes":""},"class_list":["post-73","page","type-page","status-publish","hentry"],"post_mailing_queue_ids":[],"_links":{"self":[{"href":"https:\/\/agora.xtec.cat\/iemorera\/wp-json\/wp\/v2\/pages\/73","targetHints":{"allow":["GET"]}}],"collection":[{"href":"https:\/\/agora.xtec.cat\/iemorera\/wp-json\/wp\/v2\/pages"}],"about":[{"href":"https:\/\/agora.xtec.cat\/iemorera\/wp-json\/wp\/v2\/types\/page"}],"author":[{"embeddable":true,"href":"https:\/\/agora.xtec.cat\/iemorera\/wp-json\/wp\/v2\/users\/2"}],"replies":[{"embeddable":true,"href":"https:\/\/agora.xtec.cat\/iemorera\/wp-json\/wp\/v2\/comments?post=73"}],"version-history":[{"count":7,"href":"https:\/\/agora.xtec.cat\/iemorera\/wp-json\/wp\/v2\/pages\/73\/revisions"}],"predecessor-version":[{"id":11053,"href":"https:\/\/agora.xtec.cat\/iemorera\/wp-json\/wp\/v2\/pages\/73\/revisions\/11053"}],"up":[{"embeddable":true,"href":"https:\/\/agora.xtec.cat\/iemorera\/wp-json\/wp\/v2\/pages\/66"}],"wp:attachment":[{"href":"https:\/\/agora.xtec.cat\/iemorera\/wp-json\/wp\/v2\/media?parent=73"}],"curies":[{"name":"wp","href":"https:\/\/api.w.org\/{rel}","templated":true}]}}