{"id":64,"date":"2014-09-18T12:39:08","date_gmt":"2014-09-18T12:39:08","guid":{"rendered":"http:\/\/agora.xtec.cat\/iemorera\/\/?page_id=64"},"modified":"2021-03-26T09:37:45","modified_gmt":"2021-03-26T08:37:45","slug":"trets-d-identitat","status":"publish","type":"page","link":"https:\/\/agora.xtec.cat\/iemorera\/lescola\/trets-d-identitat\/","title":{"rendered":"Trets d&#8217;identitat"},"content":{"rendered":"<ul>\n<li style=\"text-align: justify;\"><img loading=\"lazy\" decoding=\"async\" class=\" wp-image-1569 alignright\" src=\"http:\/\/agora.xtec.cat\/iemorera\/\/wp-content\/uploads\/usu148\/2014\/09\/GEgants-680x1024.jpg\" alt=\"gegants\" width=\"407\" height=\"613\" srcset=\"https:\/\/agora.xtec.cat\/iemorera\/wp-content\/uploads\/usu148\/2014\/09\/GEgants-680x1024.jpg 680w, https:\/\/agora.xtec.cat\/iemorera\/wp-content\/uploads\/usu148\/2014\/09\/GEgants-199x300.jpg 199w, https:\/\/agora.xtec.cat\/iemorera\/wp-content\/uploads\/usu148\/2014\/09\/GEgants-768x1156.jpg 768w, https:\/\/agora.xtec.cat\/iemorera\/wp-content\/uploads\/usu148\/2014\/09\/GEgants.jpg 1063w\" sizes=\"auto, (max-width: 407px) 100vw, 407px\" \/><b>L\u2019objectiu troncal de l\u2019escola \u00e9s aprendre a aprendre:\u00a0<\/b><span style=\"font-weight: 400;\">dotar-los d\u2019oportunitats per a con\u00e8ixer-se i de desenvolupar-se intel\u00b7lectualment, afectivament, f\u00edsicament\u2026, oferir-los oportunitats per establir lligams amb els altres i amb l\u2019entorn; com el goig de viure.<\/span><\/li>\n<li style=\"text-align: justify;\"><b>La diversitat i identitat <\/b><span style=\"font-weight: 400;\">ens enriqueix: La diversitat d\u2019or\u00edgens, la diversitat de fam\u00edlies,\u00a0de religions, de maneres de pensar, de lleng\u00fces maternes, dotant-nos d\u2019identitats complement\u00e0ries<\/span><\/li>\n<li style=\"text-align: justify;\"><b>La igualtat i cooperaci\u00f3<\/b><span style=\"font-weight: 400;\"> com a persones ens fa m\u00e9s forts. La certesa de que totes\u00a0les persones compartim la mateixa ess\u00e8ncia i som iguals en dignitat ens dona la seguretat dels vincles solidaris<\/span><\/li>\n<li style=\"text-align: justify;\"><b>Valors de context : catalana, laica i sostenible. <\/b><span style=\"font-weight: 400;\">L\u2019escola fa immersi\u00f3 per a dotar-los amb tots els elements del context , donant valor al patrimoni cultural i natural.<\/span><\/li>\n<li style=\"text-align: justify;\"><b>L\u2019equitat educativa<\/b><span style=\"font-weight: 400;\">, volem donar al nostre alumnat les oportunitats que necessita per a desenvolupar totes les seves capacitats humanes, superant les barreres econ\u00f2miques, de sexe, cultural\u2026 I en cada situaci\u00f3 espec\u00edfica, atendre les necessitats de l\u2019alumnat.<br \/>\n<\/span><\/li>\n<li style=\"text-align: justify;\"><b>L\u2019escola compromesa <\/b><span style=\"font-weight: 400;\">a respondre a l\u2019entorn i a la societat, respecte als reptes educatius i formatius, donant les eines necess\u00e0ries pel futur.<\/span><\/li>\n<li><strong>La cursa de colors\u00a0<\/strong>&#8230;<\/li>\n<\/ul>\n<p><em>Amb la Festa aprenem a relacionar-nos com a comunitat d\u2019una manera cooperativa i l\u00fadica. A trav\u00e9s de l\u2019alegria de viure, ens capbussem en un seguit d\u2019aprenentatges: l\u2019afirmaci\u00f3 de la pau, la solidaritat, la cultura popular, les relacions humanes, les pr\u00f2pies habilitats&#8230; Per tant, el paper pedag\u00f2gic de la Festa Major \u00e9s essencial a l\u2019escola.<\/em><\/p>\n<ul>\n<li><strong>Himne de l&#8217;escola <\/strong>creat a l&#8217;any 2018 pels nens i nenes de totes les edats, anomenat\u00a0<em>La nostra segona casa: l&#8217;escola<\/em><\/li>\n<\/ul>\n<!--[if lt IE 9]><script>document.createElement('audio');<\/script><![endif]-->\n<audio class=\"wp-audio-shortcode\" id=\"audio-64-1\" preload=\"none\" style=\"width: 100%;\" controls=\"controls\"><source type=\"audio\/mpeg\" src=\"http:\/\/agora.xtec.cat\/iemorera\/\/wp-content\/uploads\/usu148\/2014\/09\/WhatsApp-Audio-2018-05-24-at-20.17.52-online-audio-converter.com_.mp3?_=1\" \/><a href=\"http:\/\/agora.xtec.cat\/iemorera\/\/wp-content\/uploads\/usu148\/2014\/09\/WhatsApp-Audio-2018-05-24-at-20.17.52-online-audio-converter.com_.mp3\">http:\/\/agora.xtec.cat\/iemorera\/\/wp-content\/uploads\/usu148\/2014\/09\/WhatsApp-Audio-2018-05-24-at-20.17.52-online-audio-converter.com_.mp3<\/a><\/audio>\n<p>&nbsp;<\/p>\n<h2 style=\"text-align: center;\"><span style=\"font-family: inherit; font-size: 1em; color: #cc99ff;\">COM \u00c9S EL NOSTRE PROJECTE?<\/span><\/h2>\n<p style=\"text-align: center;\"><a href=\"https:\/\/agora.xtec.cat\/iemorera\/\/wp-content\/uploads\/usu148\/2021\/02\/ESCOLA-MESTRE-MORERA-Low.pdf\" target=\"_blank\" rel=\"noopener noreferrer\"><img loading=\"lazy\" decoding=\"async\" class=\"alignnone wp-image-7388 size-large\" src=\"https:\/\/agora.xtec.cat\/iemorera\/\/wp-content\/uploads\/usu148\/2021\/02\/PDF-e1613504566220-1024x366.png\" alt=\"\" width=\"1024\" height=\"366\" srcset=\"https:\/\/agora.xtec.cat\/iemorera\/wp-content\/uploads\/usu148\/2021\/02\/PDF-e1613504566220-1024x366.png 1024w, https:\/\/agora.xtec.cat\/iemorera\/wp-content\/uploads\/usu148\/2021\/02\/PDF-e1613504566220-300x107.png 300w, https:\/\/agora.xtec.cat\/iemorera\/wp-content\/uploads\/usu148\/2021\/02\/PDF-e1613504566220-768x274.png 768w, https:\/\/agora.xtec.cat\/iemorera\/wp-content\/uploads\/usu148\/2021\/02\/PDF-e1613504566220.png 1577w\" sizes=\"auto, (max-width: 1024px) 100vw, 1024px\" \/><\/a><\/p>\n","protected":false},"excerpt":{"rendered":"<p>L\u2019objectiu troncal de l\u2019escola \u00e9s aprendre a aprendre:\u00a0dotar-los d\u2019oportunitats per a con\u00e8ixer-se i de desenvolupar-se intel\u00b7lectualment, afectivament, f\u00edsicament\u2026, oferir-los oportunitats per establir lligams amb els altres i amb l\u2019entorn; com el goig de viure. La diversitat i identitat ens enriqueix: La diversitat d\u2019or\u00edgens, la diversitat de fam\u00edlies,\u00a0de religions, de maneres de pensar, de lleng\u00fces maternes, [&hellip;]<\/p>\n","protected":false},"author":2,"featured_media":0,"parent":22,"menu_order":21,"comment_status":"closed","ping_status":"closed","template":"page-templates\/side-menu.php","meta":{"_bbp_topic_count":0,"_bbp_reply_count":0,"_bbp_total_topic_count":0,"_bbp_total_reply_count":0,"_bbp_voice_count":0,"_bbp_anonymous_reply_count":0,"_bbp_topic_count_hidden":0,"_bbp_reply_count_hidden":0,"_bbp_forum_subforum_count":0,"site-sidebar-layout":"default","site-content-layout":"","ast-site-content-layout":"","site-content-style":"default","site-sidebar-style":"default","ast-global-header-display":"","ast-banner-title-visibility":"","ast-main-header-display":"","ast-hfb-above-header-display":"","ast-hfb-below-header-display":"","ast-hfb-mobile-header-display":"","site-post-title":"","ast-breadcrumbs-content":"","ast-featured-img":"","footer-sml-layout":"","theme-transparent-header-meta":"","adv-header-id-meta":"","stick-header-meta":"","header-above-stick-meta":"","header-main-stick-meta":"","header-below-stick-meta":"","astra-migrate-meta-layouts":"default","ast-page-background-enabled":"default","ast-page-background-meta":{"desktop":{"background-color":"var(--ast-global-color-4)","background-image":"","background-repeat":"repeat","background-position":"center center","background-size":"auto","background-attachment":"scroll","background-type":"","background-media":"","overlay-type":"","overlay-color":"","overlay-opacity":"","overlay-gradient":""},"tablet":{"background-color":"","background-image":"","background-repeat":"repeat","background-position":"center center","background-size":"auto","background-attachment":"scroll","background-type":"","background-media":"","overlay-type":"","overlay-color":"","overlay-opacity":"","overlay-gradient":""},"mobile":{"background-color":"","background-image":"","background-repeat":"repeat","background-position":"center center","background-size":"auto","background-attachment":"scroll","background-type":"","background-media":"","overlay-type":"","overlay-color":"","overlay-opacity":"","overlay-gradient":""}},"ast-content-background-meta":{"desktop":{"background-color":"var(--ast-global-color-5)","background-image":"","background-repeat":"repeat","background-position":"center center","background-size":"auto","background-attachment":"scroll","background-type":"","background-media":"","overlay-type":"","overlay-color":"","overlay-opacity":"","overlay-gradient":""},"tablet":{"background-color":"var(--ast-global-color-5)","background-image":"","background-repeat":"repeat","background-position":"center center","background-size":"auto","background-attachment":"scroll","background-type":"","background-media":"","overlay-type":"","overlay-color":"","overlay-opacity":"","overlay-gradient":""},"mobile":{"background-color":"var(--ast-global-color-5)","background-image":"","background-repeat":"repeat","background-position":"center center","background-size":"auto","background-attachment":"scroll","background-type":"","background-media":"","overlay-type":"","overlay-color":"","overlay-opacity":"","overlay-gradient":""}},"footnotes":""},"class_list":["post-64","page","type-page","status-publish","hentry"],"post_mailing_queue_ids":[],"_links":{"self":[{"href":"https:\/\/agora.xtec.cat\/iemorera\/wp-json\/wp\/v2\/pages\/64","targetHints":{"allow":["GET"]}}],"collection":[{"href":"https:\/\/agora.xtec.cat\/iemorera\/wp-json\/wp\/v2\/pages"}],"about":[{"href":"https:\/\/agora.xtec.cat\/iemorera\/wp-json\/wp\/v2\/types\/page"}],"author":[{"embeddable":true,"href":"https:\/\/agora.xtec.cat\/iemorera\/wp-json\/wp\/v2\/users\/2"}],"replies":[{"embeddable":true,"href":"https:\/\/agora.xtec.cat\/iemorera\/wp-json\/wp\/v2\/comments?post=64"}],"version-history":[{"count":4,"href":"https:\/\/agora.xtec.cat\/iemorera\/wp-json\/wp\/v2\/pages\/64\/revisions"}],"predecessor-version":[{"id":7524,"href":"https:\/\/agora.xtec.cat\/iemorera\/wp-json\/wp\/v2\/pages\/64\/revisions\/7524"}],"up":[{"embeddable":true,"href":"https:\/\/agora.xtec.cat\/iemorera\/wp-json\/wp\/v2\/pages\/22"}],"wp:attachment":[{"href":"https:\/\/agora.xtec.cat\/iemorera\/wp-json\/wp\/v2\/media?parent=64"}],"curies":[{"name":"wp","href":"https:\/\/api.w.org\/{rel}","templated":true}]}}