{"id":6356,"date":"2020-06-27T18:36:57","date_gmt":"2020-06-27T16:36:57","guid":{"rendered":"https:\/\/agora.xtec.cat\/iemorera\/\/?page_id=6356"},"modified":"2020-06-27T18:36:57","modified_gmt":"2020-06-27T16:36:57","slug":"autoritzacions","status":"publish","type":"page","link":"https:\/\/agora.xtec.cat\/iemorera\/lescola\/secretaria\/autoritzacions\/","title":{"rendered":"Autoritzacions"},"content":{"rendered":"<p>Aqu\u00ed teniu les diferents autoritzacions:<\/p>\n<ul>\n<li>Autoritzaci\u00f3 a l&#8217;escola per donar medicaci\u00f3:\u00a0<a href=\"http:\/\/agora.xtec.cat\/iemorera\/\/wp-content\/uploads\/usu148\/2015\/02\/Autoritzaci\u00f3-medicaci\u00f3.pdf\">autoritzacio-medicacio<\/a><\/li>\n<li>Fixa m\u00e8dica per anar de col\u00f2nies:<a href=\"http:\/\/agora.xtec.cat\/iemorera\/\/wp-content\/uploads\/usu148\/2015\/02\/Fitxa-m\u00e8dica-col\u00f2nies.pdf\">fitxa m\u00e8dica col\u00f2nies<\/a><\/li>\n<li>Autoritzaci\u00f3 \u00fas d\u00b4internet:\u00a0<a href=\"http:\/\/agora.xtec.cat\/iemorera\/\/wp-content\/uploads\/usu148\/2015\/02\/Autoritzaci\u00f3-\u00fas-dInternet.pdf\">autoritzaci\u00f3 \u00fas d&#8217;Internet<\/a><\/li>\n<li>Autoritzaci\u00f3 per marxar sols a casa:\u00a0<a href=\"http:\/\/agora.xtec.cat\/iemorera\/\/wp-content\/uploads\/usu148\/2015\/02\/Marxar-sols-a-casa.pdf\">marxar sols a casa<\/a><\/li>\n<li>Autoritzaci\u00f3 per la medicaci\u00f3 del menjador:\u00a0<a href=\"http:\/\/agora.xtec.cat\/iemorera\/\/wp-content\/uploads\/usu148\/2015\/02\/Medicaci\u00f3-menjador.pdf\">medicaci\u00f3 menjador<\/a><\/li>\n<li>Autoritzaci\u00f3 \u00fas\u00a0Paracetamol:\u00a0<a href=\"http:\/\/agora.xtec.cat\/iemorera\/\/wp-content\/uploads\/usu148\/2015\/02\/Paracetamol.pdf\">Paracetamol<\/a><\/li>\n<li>Autoritzaci\u00f3\u00a0per anar a la\u00a0piscina 1r:\u00a0<a href=\"http:\/\/agora.xtec.cat\/iemorera\/\/wp-content\/uploads\/usu148\/2015\/02\/Piscina-1r.pdf\">piscina 1r<\/a><\/li>\n<li>Autoritzaci\u00f3 recollida alumnes infantil i inicial:\u00a0<a href=\"http:\/\/agora.xtec.cat\/iemorera\/\/wp-content\/uploads\/usu148\/2015\/02\/Recollida-alumnes-infantil-i-inicial.pdf\">recollida alumnes infantil i inicial<\/a><\/li>\n<li>Autoritzaci\u00f3\u00a0recursos digitals:\u00a0<a href=\"http:\/\/agora.xtec.cat\/iemorera\/\/wp-content\/uploads\/usu148\/2015\/02\/Recursos-digitals.pdf\">recursos digitals<\/a><\/li>\n<li>Autoritzaci\u00f3\u00a0sortides:\u00a0<a href=\"http:\/\/agora.xtec.cat\/iemorera\/\/wp-content\/uploads\/usu148\/2015\/02\/Sortides.pdf\">sortides<\/a><\/li>\n<\/ul>\n","protected":false},"excerpt":{"rendered":"<p>Aqu\u00ed teniu les diferents autoritzacions: Autoritzaci\u00f3 a l&#8217;escola per donar medicaci\u00f3:\u00a0autoritzacio-medicacio Fixa m\u00e8dica per anar de col\u00f2nies:fitxa m\u00e8dica col\u00f2nies Autoritzaci\u00f3 \u00fas d\u00b4internet:\u00a0autoritzaci\u00f3 \u00fas d&#8217;Internet Autoritzaci\u00f3 per marxar sols a casa:\u00a0marxar sols a casa Autoritzaci\u00f3 per la medicaci\u00f3 del menjador:\u00a0medicaci\u00f3 menjador Autoritzaci\u00f3 \u00fas\u00a0Paracetamol:\u00a0Paracetamol Autoritzaci\u00f3\u00a0per anar a la\u00a0piscina 1r:\u00a0piscina 1r Autoritzaci\u00f3 recollida alumnes infantil i inicial:\u00a0recollida alumnes [&hellip;]<\/p>\n","protected":false},"author":1,"featured_media":0,"parent":174,"menu_order":30,"comment_status":"closed","ping_status":"closed","template":"page-templates\/side-menu.php","meta":{"_bbp_topic_count":0,"_bbp_reply_count":0,"_bbp_total_topic_count":0,"_bbp_total_reply_count":0,"_bbp_voice_count":0,"_bbp_anonymous_reply_count":0,"_bbp_topic_count_hidden":0,"_bbp_reply_count_hidden":0,"_bbp_forum_subforum_count":0,"site-sidebar-layout":"default","site-content-layout":"","ast-site-content-layout":"","site-content-style":"default","site-sidebar-style":"default","ast-global-header-display":"","ast-banner-title-visibility":"","ast-main-header-display":"","ast-hfb-above-header-display":"","ast-hfb-below-header-display":"","ast-hfb-mobile-header-display":"","site-post-title":"","ast-breadcrumbs-content":"","ast-featured-img":"","footer-sml-layout":"","theme-transparent-header-meta":"","adv-header-id-meta":"","stick-header-meta":"","header-above-stick-meta":"","header-main-stick-meta":"","header-below-stick-meta":"","astra-migrate-meta-layouts":"default","ast-page-background-enabled":"default","ast-page-background-meta":{"desktop":{"background-color":"var(--ast-global-color-4)","background-image":"","background-repeat":"repeat","background-position":"center center","background-size":"auto","background-attachment":"scroll","background-type":"","background-media":"","overlay-type":"","overlay-color":"","overlay-opacity":"","overlay-gradient":""},"tablet":{"background-color":"","background-image":"","background-repeat":"repeat","background-position":"center center","background-size":"auto","background-attachment":"scroll","background-type":"","background-media":"","overlay-type":"","overlay-color":"","overlay-opacity":"","overlay-gradient":""},"mobile":{"background-color":"","background-image":"","background-repeat":"repeat","background-position":"center center","background-size":"auto","background-attachment":"scroll","background-type":"","background-media":"","overlay-type":"","overlay-color":"","overlay-opacity":"","overlay-gradient":""}},"ast-content-background-meta":{"desktop":{"background-color":"var(--ast-global-color-5)","background-image":"","background-repeat":"repeat","background-position":"center center","background-size":"auto","background-attachment":"scroll","background-type":"","background-media":"","overlay-type":"","overlay-color":"","overlay-opacity":"","overlay-gradient":""},"tablet":{"background-color":"var(--ast-global-color-5)","background-image":"","background-repeat":"repeat","background-position":"center center","background-size":"auto","background-attachment":"scroll","background-type":"","background-media":"","overlay-type":"","overlay-color":"","overlay-opacity":"","overlay-gradient":""},"mobile":{"background-color":"var(--ast-global-color-5)","background-image":"","background-repeat":"repeat","background-position":"center center","background-size":"auto","background-attachment":"scroll","background-type":"","background-media":"","overlay-type":"","overlay-color":"","overlay-opacity":"","overlay-gradient":""}},"footnotes":""},"class_list":["post-6356","page","type-page","status-publish","hentry"],"post_mailing_queue_ids":[],"_links":{"self":[{"href":"https:\/\/agora.xtec.cat\/iemorera\/wp-json\/wp\/v2\/pages\/6356","targetHints":{"allow":["GET"]}}],"collection":[{"href":"https:\/\/agora.xtec.cat\/iemorera\/wp-json\/wp\/v2\/pages"}],"about":[{"href":"https:\/\/agora.xtec.cat\/iemorera\/wp-json\/wp\/v2\/types\/page"}],"author":[{"embeddable":true,"href":"https:\/\/agora.xtec.cat\/iemorera\/wp-json\/wp\/v2\/users\/1"}],"replies":[{"embeddable":true,"href":"https:\/\/agora.xtec.cat\/iemorera\/wp-json\/wp\/v2\/comments?post=6356"}],"version-history":[{"count":1,"href":"https:\/\/agora.xtec.cat\/iemorera\/wp-json\/wp\/v2\/pages\/6356\/revisions"}],"predecessor-version":[{"id":6357,"href":"https:\/\/agora.xtec.cat\/iemorera\/wp-json\/wp\/v2\/pages\/6356\/revisions\/6357"}],"up":[{"embeddable":true,"href":"https:\/\/agora.xtec.cat\/iemorera\/wp-json\/wp\/v2\/pages\/174"}],"wp:attachment":[{"href":"https:\/\/agora.xtec.cat\/iemorera\/wp-json\/wp\/v2\/media?parent=6356"}],"curies":[{"name":"wp","href":"https:\/\/api.w.org\/{rel}","templated":true}]}}