{"id":6353,"date":"2020-06-27T18:25:40","date_gmt":"2020-06-27T16:25:40","guid":{"rendered":"https:\/\/agora.xtec.cat\/iemorera\/\/?page_id=6353"},"modified":"2020-06-27T19:23:33","modified_gmt":"2020-06-27T17:23:33","slug":"ajuts-menjador","status":"publish","type":"page","link":"https:\/\/agora.xtec.cat\/iemorera\/lescola\/secretaria\/ajuts-menjador\/","title":{"rendered":"Ajuts menjador"},"content":{"rendered":"<h4><span style=\"color: #ac31c4;\"><strong>Ajuts Menjador curs 20-21<\/strong><\/span><\/h4>\n<h6><span style=\"text-decoration: underline; color: #339966;\">Presentaci\u00f3 de sol\u00b7licituds<\/span><\/h6>\n<ul>\n<li>Per\u00edode de sol\u00b7licituds de juny 2020: <strong>entre el 23 de juny i el 9 de juliol, ambd\u00f3s inclosos<\/strong>.<\/li>\n<li>Per\u00edode de sol\u00b7licituds de setembre 2020: <strong>entre el 7 i el 20 de setembre, ambd\u00f3s inclosos<\/strong>.<\/li>\n<li>Un cop finalitzats els per\u00edodes de juny i setembre, s\u2019estableix un<strong> per\u00edode obert<\/strong> de presentaci\u00f3 de sol\u00b7licituds per atendre situacions sobrevingudes i per a l\u2019alumnat de nova incorporaci\u00f3.<\/li>\n<\/ul>\n<h6><span style=\"text-decoration: underline; color: #339966;\">Fer la sol\u00b7licitud telem\u00e0tica<\/span><\/h6>\n<p>Un cop emplenada la sol\u00b7licitud i enviada es generar\u00e0 un resguard de la sol\u00b7licitud que caldr\u00e0\u00a0 signar i lliurar a l&#8217;escola amb la documentaci\u00f3 que sigui necess\u00e0ria.<\/p>\n<ul>\n<li><a href=\"https:\/\/www.edubcn.cat\/ajutsmenjador\" target=\"_blank\" rel=\"noopener noreferrer\">Formulari de sol\u00b7licitud<\/a><\/li>\n<\/ul>\n<h6><span style=\"text-decoration: underline; color: #339966;\">Ajuda per fer la sol\u00b7licitud telem\u00e0tica<\/span><\/h6>\n<ul>\n<li>Demanat cita pr\u00e8via a l&#8217;escola 634.28.83.99<\/li>\n<li>Oficina d\u2019atenci\u00f3 del Consorci d\u2019Educaci\u00f3 de Barcelona, Pla\u00e7a Urquinaona,6\u00a0\u00a0(atenci\u00f3 amb cita pr\u00e8via)<\/li>\n<li>Oficina d&#8217;Escolaritzaci\u00f3 de Sant Andreu, c\/ Sant Adri\u00e0, 20 recinte Fabra i Coats\u00a0\u00a0(atenci\u00f3 amb cita pr\u00e8via)<\/li>\n<li>Oficina d&#8217;Escolaritzaci\u00f3 de Ciutat Vella, Placeta del Pi, 2 ( atenci\u00f3 amb cita pr\u00e8via)<\/li>\n<li>Institut Rambla Prim, c\/ Crist\u00f3bal de Moura 223\u00a0\u00a0(atenci\u00f3 amb cita pr\u00e8via)<\/li>\n<li>Tel\u00e8fons d\u2019assist\u00e8ncia per a tramitaci\u00f3 de la sol\u00b7licitud 667 366 863 i 638 684 531 (tamb\u00e9 es pot demanar cita pr\u00e8via per fer l\u2019atenci\u00f3 telef\u00f2nica)<\/li>\n<\/ul>\n<p>*Per m\u00e9s informaci\u00f3 podeu visitar el web del Consorci d&#8217;Educaci\u00f3:\u00a0<a href=\"https:\/\/www.edubcn.cat\/ca\/alumnat_i_familia\/ajuts_beques_i_subvencions\/ajuts_de_menjador_escolar\">Ajuts menjador 20-21<\/a><\/p>\n<ul>\n<li style=\"list-style-type: none;\"><\/li>\n<\/ul>\n","protected":false},"excerpt":{"rendered":"<p>Ajuts Menjador curs 20-21 Presentaci\u00f3 de sol\u00b7licituds Per\u00edode de sol\u00b7licituds de juny 2020: entre el 23 de juny i el 9 de juliol, ambd\u00f3s inclosos. Per\u00edode de sol\u00b7licituds de setembre 2020: entre el 7 i el 20 de setembre, ambd\u00f3s inclosos. Un cop finalitzats els per\u00edodes de juny i setembre, s\u2019estableix un per\u00edode obert de [&hellip;]<\/p>\n","protected":false},"author":1,"featured_media":0,"parent":174,"menu_order":20,"comment_status":"closed","ping_status":"closed","template":"page-templates\/side-menu.php","meta":{"_bbp_topic_count":0,"_bbp_reply_count":0,"_bbp_total_topic_count":0,"_bbp_total_reply_count":0,"_bbp_voice_count":0,"_bbp_anonymous_reply_count":0,"_bbp_topic_count_hidden":0,"_bbp_reply_count_hidden":0,"_bbp_forum_subforum_count":0,"site-sidebar-layout":"default","site-content-layout":"","ast-site-content-layout":"","site-content-style":"default","site-sidebar-style":"default","ast-global-header-display":"","ast-banner-title-visibility":"","ast-main-header-display":"","ast-hfb-above-header-display":"","ast-hfb-below-header-display":"","ast-hfb-mobile-header-display":"","site-post-title":"","ast-breadcrumbs-content":"","ast-featured-img":"","footer-sml-layout":"","theme-transparent-header-meta":"","adv-header-id-meta":"","stick-header-meta":"","header-above-stick-meta":"","header-main-stick-meta":"","header-below-stick-meta":"","astra-migrate-meta-layouts":"default","ast-page-background-enabled":"default","ast-page-background-meta":{"desktop":{"background-color":"var(--ast-global-color-4)","background-image":"","background-repeat":"repeat","background-position":"center center","background-size":"auto","background-attachment":"scroll","background-type":"","background-media":"","overlay-type":"","overlay-color":"","overlay-opacity":"","overlay-gradient":""},"tablet":{"background-color":"","background-image":"","background-repeat":"repeat","background-position":"center center","background-size":"auto","background-attachment":"scroll","background-type":"","background-media":"","overlay-type":"","overlay-color":"","overlay-opacity":"","overlay-gradient":""},"mobile":{"background-color":"","background-image":"","background-repeat":"repeat","background-position":"center center","background-size":"auto","background-attachment":"scroll","background-type":"","background-media":"","overlay-type":"","overlay-color":"","overlay-opacity":"","overlay-gradient":""}},"ast-content-background-meta":{"desktop":{"background-color":"var(--ast-global-color-5)","background-image":"","background-repeat":"repeat","background-position":"center center","background-size":"auto","background-attachment":"scroll","background-type":"","background-media":"","overlay-type":"","overlay-color":"","overlay-opacity":"","overlay-gradient":""},"tablet":{"background-color":"var(--ast-global-color-5)","background-image":"","background-repeat":"repeat","background-position":"center center","background-size":"auto","background-attachment":"scroll","background-type":"","background-media":"","overlay-type":"","overlay-color":"","overlay-opacity":"","overlay-gradient":""},"mobile":{"background-color":"var(--ast-global-color-5)","background-image":"","background-repeat":"repeat","background-position":"center center","background-size":"auto","background-attachment":"scroll","background-type":"","background-media":"","overlay-type":"","overlay-color":"","overlay-opacity":"","overlay-gradient":""}},"footnotes":""},"class_list":["post-6353","page","type-page","status-publish","hentry"],"post_mailing_queue_ids":[],"_links":{"self":[{"href":"https:\/\/agora.xtec.cat\/iemorera\/wp-json\/wp\/v2\/pages\/6353","targetHints":{"allow":["GET"]}}],"collection":[{"href":"https:\/\/agora.xtec.cat\/iemorera\/wp-json\/wp\/v2\/pages"}],"about":[{"href":"https:\/\/agora.xtec.cat\/iemorera\/wp-json\/wp\/v2\/types\/page"}],"author":[{"embeddable":true,"href":"https:\/\/agora.xtec.cat\/iemorera\/wp-json\/wp\/v2\/users\/1"}],"replies":[{"embeddable":true,"href":"https:\/\/agora.xtec.cat\/iemorera\/wp-json\/wp\/v2\/comments?post=6353"}],"version-history":[{"count":3,"href":"https:\/\/agora.xtec.cat\/iemorera\/wp-json\/wp\/v2\/pages\/6353\/revisions"}],"predecessor-version":[{"id":6380,"href":"https:\/\/agora.xtec.cat\/iemorera\/wp-json\/wp\/v2\/pages\/6353\/revisions\/6380"}],"up":[{"embeddable":true,"href":"https:\/\/agora.xtec.cat\/iemorera\/wp-json\/wp\/v2\/pages\/174"}],"wp:attachment":[{"href":"https:\/\/agora.xtec.cat\/iemorera\/wp-json\/wp\/v2\/media?parent=6353"}],"curies":[{"name":"wp","href":"https:\/\/api.w.org\/{rel}","templated":true}]}}