{"id":5747,"date":"2020-04-24T12:22:28","date_gmt":"2020-04-24T10:22:28","guid":{"rendered":"https:\/\/agora.xtec.cat\/iemorera\/\/?page_id=5747"},"modified":"2020-04-24T12:46:37","modified_gmt":"2020-04-24T10:46:37","slug":"colonies-virtuals-de-pasqua","status":"publish","type":"page","link":"https:\/\/agora.xtec.cat\/iemorera\/colonies-virtuals-de-pasqua\/","title":{"rendered":"Col\u00f2nies virtuals de pasqua"},"content":{"rendered":"<p>Aquesta setmana de pasqua del 2020, hem viscut unes col\u00f2nies confinades visitant els cinc continents. La volta al m\u00f3n en 5 dies!<a href=\"https:\/\/earth.google.com\/web\/data=MicKJQojCiExSEdqQTdRYU1MVWZTejNLTWFZeUFLMmxVeUEtUEViZ0Y\"><img loading=\"lazy\" decoding=\"async\" class=\"alignright wp-image-5750 size-medium\" src=\"https:\/\/agora.xtec.cat\/iemorera\/\/wp-content\/uploads\/usu148\/2020\/04\/planisferi_22M_ml-300x156.jpg\" alt=\"\" width=\"300\" height=\"156\" srcset=\"https:\/\/agora.xtec.cat\/iemorera\/wp-content\/uploads\/usu148\/2020\/04\/planisferi_22M_ml-300x156.jpg 300w, https:\/\/agora.xtec.cat\/iemorera\/wp-content\/uploads\/usu148\/2020\/04\/planisferi_22M_ml-768x399.jpg 768w, https:\/\/agora.xtec.cat\/iemorera\/wp-content\/uploads\/usu148\/2020\/04\/planisferi_22M_ml.jpg 1000w\" sizes=\"auto, (max-width: 300px) 100vw, 300px\" \/><\/a><\/p>\n<p>Hem pogut gaudir d&#8217;un munt de propostes de tots els confins del planeta, cliqueu a la imatge per veure la nostra ruta i poder fer visites virtuals pel google earth!<\/p>\n<p>Hem estat a l&#8217;\u00c0frica, l&#8217;\u00c0sia, l&#8217;Oceania, l&#8217;Am\u00e8rica i l&#8217;Europa.<\/p>\n<p>Aqu\u00ed us deixem les activitats que hem fet a cada continent!<\/p>\n<h3><span style=\"color: #ff6600;\">\u00c0frica<\/span><\/h3>\n<p>Endavant!! Comen\u00e7a el viatge!! El dilluns vam visitar el gran continent afric\u00e0:<\/p>\n<ul>\n<li>Aqu\u00ed teniu <a href=\"https:\/\/drive.google.com\/open?id=1QukQIJAzIhz4R3w2vxTZQUQzLPwGh08v\">ball afric\u00e0 <\/a>tradicional fet per nenes i nens de l&#8217;escola kelele del poble Kymia d&#8217;Uganda. A ballar!!<\/li>\n<li>Per poder sentir-vos a l&#8217;\u00c0frica podeu fer una <a href=\"https:\/\/drive.google.com\/file\/d\/12bvcMTQY-AhFY7Hnx2jrzIeSxqjzPDzr\/view?usp=sharing\">disfressa africana<\/a>&#8230;<\/li>\n<li>El <a href=\"https:\/\/drive.google.com\/open?id=1QGwq_0abEFN3EeLQbCdTAslpmerRXEov\">conte<\/a> &#8220;La petita Masai&#8221; \u00e9s un conte de Tanzania. Us encantar\u00e0.<\/li>\n<li>Ac\u00ed teniu una <a href=\"https:\/\/www.youtube.com\/watch?v=JMxqtJqyjTs&amp;feature=youtu.be\">faula Africana<\/a> que ens conta el Pablo d&#8217;EducArts.<\/li>\n<li>Us fem tamb\u00e9 3 propostes per veure i podeu inventar-vos la car\u00e0tula de la pel\u00b7l\u00edcula. Amunt la creativitat!\n<ul>\n<li><a href=\"https:\/\/www.youtube.com\/watch?v=7z1xF6N6538\">El viatge de Said\u00a0\u00a0<\/a>\u00c9s un curtmetratge d\u2019animaci\u00f3 que explica la hist\u00f2ria d\u2019un nen que viu en un poble coster del Marroc i que un dia, decideix fer un viatge a un lloc que tothom creu que \u00e9s \u201cla terra de les oportunitats\u201d. Ser\u00e0 realment tan m\u00e0gic aquest lloc?<\/li>\n<li><a href=\"https:\/\/www.youtube.com\/watch?v=DzhbKdKW_9k%203\">Kirik\u00fa i les b\u00e8sties salvatges \u00a0<\/a>\u00a0Un petit nen afric\u00e0 ha de buscar el valor, l&#8217;ast\u00facia, l\u2019amor i la generositat que s\u2019amaguen al seu interior per poder lluitar contra tot all\u00f2 dolent. Per aconseguir-ho passar\u00e0 per tot un seguit de professions.<\/li>\n<li><a href=\"https:\/\/www.youtube.com\/watch?v=1m4ZOcy9SdI\">Zambezia \u00a0<\/a>L\u2019aventura d\u2019uns ocells pels meravellosos paisatges de Sud-\u00e0frica.<\/li>\n<\/ul>\n<\/li>\n<li>\u00a0Arriba ja la nit&#8230; Sortirem a veure el cel i buscarem quines<a href=\"https:\/\/www.skymaponline.net\/Default.aspx\"> constel\u00b7lacions<\/a> trobarem, fiqueu el n\u00f3m d&#8217;una ciutat Africana!<\/li>\n<\/ul>\n<p>Descanseu molt aquesta nit, dem\u00e0 seguim el viatge&#8230;<\/p>\n<h3><span style=\"color: #ff6600;\">\u00c0sia<\/span><\/h3>\n<p>Qu\u00e8 us va semblar \u00c0frica? Segur que us va encantar!<\/p>\n<p>Doncs avui dimarts descobrirem l&#8217;\u00c0sia&#8230;<\/p>\n<ul>\n<li>Comencem amb uns audiovisuals per con\u00e8ixer una mica millor el continent asi\u00e0tic i, a m\u00e9s a m\u00e9s, reflexiona sobre el que has vist&#8230; en qu\u00e8 t\u2019ha fet pensar aquesta pel\u00b7l\u00edcula? Vols escriure-ho o dibuixar-ho? Endavant!\n<ul>\n<li><a href=\"https:\/\/www.youtube.com\/watch?v=M4OhrUpguJU&amp;t=981s\"><strong>Camino a la escuela<\/strong><\/a>: \u00e9s un documental on es pot veure els diferents camins que han de prendre nens i nenes de diferents indrets del m\u00f3n per arribar a l\u2019escola. Alguns son molt i molt llargs! Nosaltres podem anar caminant a l\u2019escola en 10 minuts, per\u00f2 a tot arreu \u00e9s aix\u00ed?<\/li>\n<li><a href=\"https:\/\/www.youtube.com\/watch?v=so3Mr-OKG60\"><strong>Pensant en els altres: <\/strong><\/a>\u00e9s un documental on el mestre Toshiro Kanamori, a una escola del Jap\u00f3, ensenya als seus alumnes que la clau de la felicitat es troba en pensar en els altres. I \u00e9s que quan deixem que la gent visqui en el nostre cor, es construeixen els aut\u00e8ntics lligams.<\/li>\n<\/ul>\n<\/li>\n<li><a href=\"https:\/\/drive.google.com\/open?id=1pSVzAzhQasIUwniDi1wcasdnrz7lx2Y4\">Hei io io<\/a>, \u00e9s una can\u00e7\u00f3 dansada t\u00edpica dels pescadors de Taiwan. Taiwan \u00e9s la illa m\u00e9s gran de la Rep\u00fablica de la Xina. Comen\u00e7a el moviment!<\/li>\n<li>Sabem que el Jap\u00f3 \u00e9s una illa que us agrada molt&#8230; Us deixem el conte <a href=\"https:\/\/drive.google.com\/file\/d\/17AsxNz3HXkpmpTSaWVFlZsItDCdB15bo\/view?usp=sharing\">La llavor de l&#8217;Emperador<\/a>, explicat per alg\u00fa que coneixeu&#8230;<\/li>\n<li>A m\u00e9s, tamb\u00e9 us deixem com fer una <a href=\"https:\/\/www.youtube.com\/watch?v=-FVpSJZ642s&amp;feature=youtu.be\">rever\u00e8ncia<\/a>, una salutaci\u00f3 tradicional del Jap\u00f3.<\/li>\n<li>Quina manualitat podem fer? Doncs un preci\u00f3s <a href=\"https:\/\/drive.google.com\/open?id=1LSYI8INERYJAWMfR3G_Ow_qbamXqsyzG\">Ventall d&#8217;Asia&#8230;<\/a> Volem fotografies!<\/li>\n<li>Hem arribat a la nit&#8230; Quines <a href=\"https:\/\/www.skymaponline.net\/Default.aspx\">constel\u00b7lacions veurem des de Tail\u00e0ndia<\/a>? Busqueu-les!<\/li>\n<\/ul>\n<p>Dem\u00e0 m\u00e9s aventures&#8230;<\/p>\n<h3><span style=\"color: #ff6600;\">Oceania<\/span><\/h3>\n<p>Ja estem a dimecres&#8230; Comencem el dia? Som-m&#8217;hi!<\/p>\n<ul>\n<li>Oceania t\u00e9 paisatges incre\u00efbles i tamb\u00e9 han passat algun moment dif\u00edcil. Aqu\u00ed teniu diferents opcions per con\u00e8ixer aquest preci\u00f3s continent. Com t\u2019imagines Austr\u00e0lia? Dibuixa o descriu!\n<ul>\n<li><a href=\"https:\/\/www.ccma.cat\/tv3\/super3\/infok\/com-estan-els-incendis-daustralia\/video\/6028314\/\"><strong>Com estan els incendis d\u2019Austr\u00e0lia? <\/strong><\/a>Petit documental on nenes i nens d\u2019Austr\u00e0lia expliquen com estan els incendis i les seves sensacions al respecte.<\/li>\n<li><a href=\"https:\/\/www.youtube.com\/watch?v=ua78XLVeLws\"><strong>Aventura con los Kratt:<\/strong><\/a> S\u00f3n uns dibuixos animats de dos germans que viatgen a Austr\u00e0lia i expliquen coses molt interessants de diferents animals que es troben en la seva aventura per aquest pa\u00eds.<\/li>\n<li><a href=\"https:\/\/www.youtube.com\/watch?v=7ycz-cL9Ijk\"><strong>Las aventuras de Sammy la tortuga<\/strong><\/a>: \u00e9s una pel\u00b7l\u00edcula d\u2019animaci\u00f3 que narra la hist\u00f2ria d\u2019una tortuga que viaja per l\u2019oce\u00e0 Pac\u00edfic per diferents platges fins fer-se gran i tornar al lloc on va n\u00e9ixer.<\/li>\n<\/ul>\n<\/li>\n<li>Despr\u00e9s de veure el documental o la pel\u00b7l\u00edcula, anem a ballar i jugar una estoneta&#8230; El <a href=\"https:\/\/drive.google.com\/open?id=1_b7FN9Zt-3i6MpKF_AWWjUWuuczUl2i3\">&#8220;papa wairi&#8221;<\/a>, joc dansat provinent de la cultura Maouri de Nova Zelanda&#8230;<\/li>\n<li>Us deixem un conte d&#8217;un <a href=\"https:\/\/www.youtube.com\/watch?v=O3TkE0Ke15M&amp;feature=youtu.be\">camale\u00f3 entremaliat<\/a>&#8230; Ja sabem que quan viatgem necessitem l&#8217;angl\u00e8s!<\/li>\n<li>Moment de la manualitat del dia&#8230; Farem un<a href=\"https:\/\/drive.google.com\/open?id=1pam233k_z1WCAfiwqhh1YmkVHHkhdY0F\"> pla de pluja<\/a>, ens anir\u00e0 molt b\u00e9 per relaxar-nos aquests dies.<\/li>\n<li>Un altre dia que ja es fa fosc&#8230; mirem el <a href=\"https:\/\/www.skymaponline.net\/Default.aspx\">cel de Nova Zelanda<\/a>&#8230; Busqueu el pa\u00eds i veureu quines constel\u00b7lacions es veuen des d&#8217;all\u00e0!<\/li>\n<\/ul>\n<p>Ja hem passat m\u00e9s de la meitat del nostre meravell\u00f3s viatge&#8230; Ens veiem dem\u00e0!!<\/p>\n<h3><span style=\"color: #ff6600;\">Am\u00e8rica<\/span><\/h3>\n<p>Cansades del viatge? Segur que no. Avui dijous descobrim l&#8217;Am\u00e8rica Llatina&#8230;<\/p>\n<ul>\n<li>Inventa\u2019t un \u00e9sser que sigui la meitat vegetal i la meitat animal i que pugui viure als boscos de Costa Rica. Posa en marxa la imaginaci\u00f3!\u00a0 Per si necessiteu inspiraci\u00f3 us deixem aquestes propostes &#8230;\n<ul>\n<li><strong><a href=\"https:\/\/www.youtube.com\/watch?v=1qVFvn26Hgg\">National Geographic<\/a>: <\/strong>documental del National Geographic sobre el parad\u00eds natural de Costa Rica. Comen\u00e7a a la capital \u201cSan Jos\u00e9\u201d, passa per \u201cValle Central\u201di descobreix la regi\u00f3 de \u201cGuanacaste\u201d t\u00edpica pels seus volcans i el bosc de \u201cMonteverde\u201d. Despr\u00e9s, el documental fa un recorregut pel litoral sud de Costa Rica fins a la pen\u00ednsula d\u2019Osa acabant al c\u00e0lid mar Carib.<\/li>\n<li><a href=\"https:\/\/www.youtube.com\/watch?v=gmOy37w4yCM\"><strong>Abuela grillo<\/strong><\/a>: \u00e9s la hist\u00f2ria d\u2019una iaia d\u2019un poble ind\u00edgena de Bolivia que amb el cant fa apar\u00e8ixer la pluja, per\u00f2\u00a0 de vegades plou massa i la gent del poble s\u2019enfada amb ella&#8230;<\/li>\n<li><a href=\"https:\/\/vimeo.com\/199007073\"><strong>Land Without Evil<\/strong><\/a>: \u00e9s curtmetratge basat en la mitologia guaran\u00ed on es mostra una visi\u00f3 del parad\u00eds on totes les criatures viuen en harmonia i unitat.<\/li>\n<\/ul>\n<\/li>\n<li>La capoeira \u00e9s una expressi\u00f3 cultural que engloba diverses facetes \u00e9s origin\u00e0ria del Brasil. Es practica amb acompanyamnet musical i es considera al mateix temps lluita i dansa. A l&#8217;escola hi ha nens i nenes que us heu animat a fer capoeira, sobretot mireu el <a href=\"https:\/\/drive.google.com\/file\/d\/1tCe-ieV8nexVDn6NlsZBDUq2SXQjlGAb\/view?usp=sharing\">v\u00eddeo<\/a>, ens podrieu fer un v\u00eddeo per veure tot el que heu apr\u00e8s!<\/li>\n<li>El Pablo d&#8217;EducArts ens canta una preciosa <a href=\"https:\/\/www.youtube.com\/watch?v=lfoyhbobHDk&amp;feature=youtu.be\">can\u00e7\u00f3 de l&#8217;Argentina<\/a>.<\/li>\n<li><a href=\"https:\/\/www.youtube.com\/watch?v=qgU9fixW29o&amp;t=355s\">BIBLIOBURRO<\/a> \u00e9s una hist\u00f2ria real a Colombia hi ha unes muntanyes alt\u00edssimes perqu\u00e8 totes les persones tinguin acc\u00e9s a contes i llibres ho fan aix\u00ed&#8230;<\/li>\n<li>El color \u00e9s molt important a l&#8217;Am\u00e8rica&#8230;\u00a0 Qu\u00e8 farem? Doncs unes <a href=\"https:\/\/drive.google.com\/file\/d\/1SRjniqDozY2FAMrYqQS0OXpckFIZECNo\/view?usp=sharing\">maraques<\/a> i <a href=\"https:\/\/drive.google.com\/file\/d\/1OsngK2dd1UpIe1EfMBw417hZkge97PGM\/view?usp=sharing\">paper picat. \u00a0<\/a><\/li>\n<li>Un altre dia ple d&#8217;activitats, dem\u00e0 ja s&#8217;acaba aquesta bonica volta al m\u00f3n&#8230; No ens oblidem de mirar <a href=\"https:\/\/www.google.com\/intl\/es_es\/sky\/\">les estrelles<\/a>&#8230;<\/li>\n<\/ul>\n<p>Ens llegim dem\u00e0! Bona nit!<\/p>\n<h3><span style=\"color: #ff6600;\">Europa<\/span><\/h3>\n<p>Ja es divendres, hem de tornar a casa, per\u00f2 abans aprofitarem molt b\u00e9 el dia.\u00a0 Endavant!<\/p>\n<ul>\n<li>Acabem amb propostes que ens expliquen diferents visions d&#8217;Europa&#8230;\u00a0 Pots dibuixar un mapa amb el recorregut que faries pels diferents pa\u00efsos. Ep! Recorda que pots mirar el Google Earth!\n<ul>\n<li><strong><a href=\"https:\/\/www.ccma.cat\/tv3\/super3\/infok\/historia-del-poble-gitano-a-catalunya\/video\/5593743\/\">Hist\u00f2ria del poble gitano<\/a>: <\/strong>petit documental on nenes i nens expliquen la hist\u00f2ria del poble gitano.\u00a0 Recordem que el 8 d&#8217;abril va ser el dia del poble gitano, encara que estiguessim a Oceania ens vam enrecordar!<\/li>\n<li><strong><a href=\"https:\/\/www.youtube.com\/watch?v=vklt-AD-hoQ\">El viatge de l\u2019Unai<\/a>:<\/strong> La hist\u00f2ria d\u2019un nen de deu anys, l\u2019Unai, i la seva fam\u00edlia en un viatge extraordinari al voltant del m\u00f3n. En aquest viatge l\u2019Unai trepitjar\u00e0 paisatges naturals molt especials i observar\u00e0 de ben aprop animals que estan en perill d\u2019extinci\u00f3. Tota aquesta aventura far\u00e0 reflexionar molt a l\u2019Unai envers el seu amor cap a la natura.<\/li>\n<li><a href=\"https:\/\/vimeo.com\/208191993\"><strong>L&#8217;Alliance<\/strong><\/a>: \u00e9s un curtmetratge que fa una cr\u00edtica a la desforestaci\u00f3 on Europa t\u00e9 un paper important, mostrant a un personatge buscant dos arbres per poder-hi penjar una hamaca.<\/li>\n<\/ul>\n<\/li>\n<li>Anem a la m\u00fasica, que sabem que us agrada molt&#8230; El <a href=\"https:\/\/drive.google.com\/file\/d\/1DEA-f6jjW0TdLJF8FvQMMe1oq44ZuRwd\/view?usp=sharing\">rap<\/a> \u00e9s una forma musical de cantar poes\u00eda. Va arribar al nostre pa\u00eds a finals del 1980. Fins fa poc, el rap tenia representaci\u00f3 majorit\u00e0riament masculina, per\u00f2 en els \u00faltims anys hem viscut un augment de la representaci\u00f3 femenina en els escenaris de tot el m\u00f3n. Aix\u00ed sorgeixen el grup de Pupil\u00b7les i Tremenda Jaur\u00eda, dos grups d\u2019aquest pa\u00eds que col\u00b7laboren en aquesta can\u00e7\u00f3.<\/li>\n<li>No marxem molt lluny de la m\u00fasica, el conte d&#8217;avui t\u00e9 molt a veure, <a href=\"https:\/\/www.youtube.com\/watch?v=4aPm95nIutw&amp;feature=emb_title\">Els m\u00fasics de Bremen<\/a>.<\/li>\n<li>S&#8217;apropa un dia molt especial per molts i moltes de vosaltres, una bonica i deliciosa tradici\u00f3 catalana, el dilluns ser\u00e0 el dia de la mona, us deixem una recepta perqu\u00e8 pogeu fer les <a href=\"https:\/\/drive.google.com\/open?id=1_knVgRwmFHj8mca0v-h_Dsl6OhrwdBCj\">vostres mones<\/a>, que aprofiti. Tamb\u00e9 cal tenir present que a l&#8217;Europa tamb\u00e9 \u00e9s molt tradicional pintar ous de pasqua.<\/li>\n<\/ul>\n<p>Hem arribat al final del nostre fant\u00e0stic viatge!<\/p>\n<p>Ens ha encantat compartir aquestes col\u00f2nies virtuals amb vosaltres, ho hem fet amb tot el nostre esfor\u00e7 i carinyo.\u00a0 Esperem que tamb\u00e9 a vosaltres. Descanseu i carregueu piles.<\/p>\n<p>Cuideu-vos molt\u00edssim fam\u00edlies!<\/p>\n","protected":false},"excerpt":{"rendered":"<p>Aquesta setmana de pasqua del 2020, hem viscut unes col\u00f2nies confinades visitant els cinc continents. La volta al m\u00f3n en 5 dies! Hem pogut gaudir d&#8217;un munt de propostes de tots els confins del planeta, cliqueu a la imatge per veure la nostra ruta i poder fer visites virtuals pel google earth! Hem estat a [&hellip;]<\/p>\n","protected":false},"author":1,"featured_media":0,"parent":0,"menu_order":0,"comment_status":"closed","ping_status":"closed","template":"","meta":{"_bbp_topic_count":0,"_bbp_reply_count":0,"_bbp_total_topic_count":0,"_bbp_total_reply_count":0,"_bbp_voice_count":0,"_bbp_anonymous_reply_count":0,"_bbp_topic_count_hidden":0,"_bbp_reply_count_hidden":0,"_bbp_forum_subforum_count":0,"site-sidebar-layout":"default","site-content-layout":"","ast-site-content-layout":"","site-content-style":"default","site-sidebar-style":"default","ast-global-header-display":"","ast-banner-title-visibility":"","ast-main-header-display":"","ast-hfb-above-header-display":"","ast-hfb-below-header-display":"","ast-hfb-mobile-header-display":"","site-post-title":"","ast-breadcrumbs-content":"","ast-featured-img":"","footer-sml-layout":"","theme-transparent-header-meta":"","adv-header-id-meta":"","stick-header-meta":"","header-above-stick-meta":"","header-main-stick-meta":"","header-below-stick-meta":"","astra-migrate-meta-layouts":"default","ast-page-background-enabled":"default","ast-page-background-meta":{"desktop":{"background-color":"var(--ast-global-color-4)","background-image":"","background-repeat":"repeat","background-position":"center center","background-size":"auto","background-attachment":"scroll","background-type":"","background-media":"","overlay-type":"","overlay-color":"","overlay-opacity":"","overlay-gradient":""},"tablet":{"background-color":"","background-image":"","background-repeat":"repeat","background-position":"center center","background-size":"auto","background-attachment":"scroll","background-type":"","background-media":"","overlay-type":"","overlay-color":"","overlay-opacity":"","overlay-gradient":""},"mobile":{"background-color":"","background-image":"","background-repeat":"repeat","background-position":"center center","background-size":"auto","background-attachment":"scroll","background-type":"","background-media":"","overlay-type":"","overlay-color":"","overlay-opacity":"","overlay-gradient":""}},"ast-content-background-meta":{"desktop":{"background-color":"var(--ast-global-color-5)","background-image":"","background-repeat":"repeat","background-position":"center center","background-size":"auto","background-attachment":"scroll","background-type":"","background-media":"","overlay-type":"","overlay-color":"","overlay-opacity":"","overlay-gradient":""},"tablet":{"background-color":"var(--ast-global-color-5)","background-image":"","background-repeat":"repeat","background-position":"center center","background-size":"auto","background-attachment":"scroll","background-type":"","background-media":"","overlay-type":"","overlay-color":"","overlay-opacity":"","overlay-gradient":""},"mobile":{"background-color":"var(--ast-global-color-5)","background-image":"","background-repeat":"repeat","background-position":"center center","background-size":"auto","background-attachment":"scroll","background-type":"","background-media":"","overlay-type":"","overlay-color":"","overlay-opacity":"","overlay-gradient":""}},"footnotes":""},"class_list":["post-5747","page","type-page","status-publish","hentry"],"post_mailing_queue_ids":[],"_links":{"self":[{"href":"https:\/\/agora.xtec.cat\/iemorera\/wp-json\/wp\/v2\/pages\/5747","targetHints":{"allow":["GET"]}}],"collection":[{"href":"https:\/\/agora.xtec.cat\/iemorera\/wp-json\/wp\/v2\/pages"}],"about":[{"href":"https:\/\/agora.xtec.cat\/iemorera\/wp-json\/wp\/v2\/types\/page"}],"author":[{"embeddable":true,"href":"https:\/\/agora.xtec.cat\/iemorera\/wp-json\/wp\/v2\/users\/1"}],"replies":[{"embeddable":true,"href":"https:\/\/agora.xtec.cat\/iemorera\/wp-json\/wp\/v2\/comments?post=5747"}],"version-history":[{"count":3,"href":"https:\/\/agora.xtec.cat\/iemorera\/wp-json\/wp\/v2\/pages\/5747\/revisions"}],"predecessor-version":[{"id":5752,"href":"https:\/\/agora.xtec.cat\/iemorera\/wp-json\/wp\/v2\/pages\/5747\/revisions\/5752"}],"wp:attachment":[{"href":"https:\/\/agora.xtec.cat\/iemorera\/wp-json\/wp\/v2\/media?parent=5747"}],"curies":[{"name":"wp","href":"https:\/\/api.w.org\/{rel}","templated":true}]}}