{"id":4202,"date":"2019-04-07T20:50:47","date_gmt":"2019-04-07T18:50:47","guid":{"rendered":"http:\/\/agora.xtec.cat\/iemorera\/\/?page_id=4202"},"modified":"2019-09-30T17:42:19","modified_gmt":"2019-09-30T15:42:19","slug":"xarxes-per-al-canvi","status":"publish","type":"page","link":"https:\/\/agora.xtec.cat\/iemorera\/lescola\/xarxes-per-al-canvi\/","title":{"rendered":"Xarxes per al canvi"},"content":{"rendered":"<p><img loading=\"lazy\" decoding=\"async\" class=\"aligncenter wp-image-4203\" src=\"https:\/\/agora.xtec.cat\/iemorera\/\/wp-content\/uploads\/usu148\/2019\/04\/Escola_LEstel_Xarxes_Canvi.jpg\" alt=\"\" width=\"469\" height=\"175\" srcset=\"https:\/\/agora.xtec.cat\/iemorera\/wp-content\/uploads\/usu148\/2019\/04\/Escola_LEstel_Xarxes_Canvi.jpg 1200w, https:\/\/agora.xtec.cat\/iemorera\/wp-content\/uploads\/usu148\/2019\/04\/Escola_LEstel_Xarxes_Canvi-300x112.jpg 300w, https:\/\/agora.xtec.cat\/iemorera\/wp-content\/uploads\/usu148\/2019\/04\/Escola_LEstel_Xarxes_Canvi-768x287.jpg 768w, https:\/\/agora.xtec.cat\/iemorera\/wp-content\/uploads\/usu148\/2019\/04\/Escola_LEstel_Xarxes_Canvi-1024x382.jpg 1024w\" sizes=\"auto, (max-width: 469px) 100vw, 469px\" \/><\/p>\n<p>&nbsp;<\/p>\n<p style=\"text-align: justify;\">L&#8217;escola forma part d&#8217;aquest projecte per a la innovaci\u00f3 des del curs 2017-18. Tamb\u00e9 tenim una mentora que ens acompanya en tot aquest proc\u00e9s.<\/p>\n<p style=\"text-align: justify;\">Les principals funcions de les xarxes s\u00f3n compartir i adquirir els coneixements rellevants per a avan\u00e7ar cap a un horitz\u00f3 com\u00fa de transformaci\u00f3 educativa; interactuar al voltant dels recursos que generi el programa; impulsar i articular processos de coneixement, formaci\u00f3 i capacitaci\u00f3 de forma col\u00b7laborativa i autogestionada i compartir experi\u00e8ncies dels centres en el proc\u00e9s de transformaci\u00f3.<\/p>\n","protected":false},"excerpt":{"rendered":"<p>&nbsp; L&#8217;escola forma part d&#8217;aquest projecte per a la innovaci\u00f3 des del curs 2017-18. Tamb\u00e9 tenim una mentora que ens acompanya en tot aquest proc\u00e9s. Les principals funcions de les xarxes s\u00f3n compartir i adquirir els coneixements rellevants per a avan\u00e7ar cap a un horitz\u00f3 com\u00fa de transformaci\u00f3 educativa; interactuar al voltant dels recursos que [&hellip;]<\/p>\n","protected":false},"author":1,"featured_media":0,"parent":22,"menu_order":45,"comment_status":"closed","ping_status":"closed","template":"page-templates\/side-menu.php","meta":{"_bbp_topic_count":0,"_bbp_reply_count":0,"_bbp_total_topic_count":0,"_bbp_total_reply_count":0,"_bbp_voice_count":0,"_bbp_anonymous_reply_count":0,"_bbp_topic_count_hidden":0,"_bbp_reply_count_hidden":0,"_bbp_forum_subforum_count":0,"site-sidebar-layout":"default","site-content-layout":"","ast-site-content-layout":"","site-content-style":"default","site-sidebar-style":"default","ast-global-header-display":"","ast-banner-title-visibility":"","ast-main-header-display":"","ast-hfb-above-header-display":"","ast-hfb-below-header-display":"","ast-hfb-mobile-header-display":"","site-post-title":"","ast-breadcrumbs-content":"","ast-featured-img":"","footer-sml-layout":"","theme-transparent-header-meta":"","adv-header-id-meta":"","stick-header-meta":"","header-above-stick-meta":"","header-main-stick-meta":"","header-below-stick-meta":"","astra-migrate-meta-layouts":"default","ast-page-background-enabled":"default","ast-page-background-meta":{"desktop":{"background-color":"var(--ast-global-color-4)","background-image":"","background-repeat":"repeat","background-position":"center center","background-size":"auto","background-attachment":"scroll","background-type":"","background-media":"","overlay-type":"","overlay-color":"","overlay-opacity":"","overlay-gradient":""},"tablet":{"background-color":"","background-image":"","background-repeat":"repeat","background-position":"center center","background-size":"auto","background-attachment":"scroll","background-type":"","background-media":"","overlay-type":"","overlay-color":"","overlay-opacity":"","overlay-gradient":""},"mobile":{"background-color":"","background-image":"","background-repeat":"repeat","background-position":"center center","background-size":"auto","background-attachment":"scroll","background-type":"","background-media":"","overlay-type":"","overlay-color":"","overlay-opacity":"","overlay-gradient":""}},"ast-content-background-meta":{"desktop":{"background-color":"var(--ast-global-color-5)","background-image":"","background-repeat":"repeat","background-position":"center center","background-size":"auto","background-attachment":"scroll","background-type":"","background-media":"","overlay-type":"","overlay-color":"","overlay-opacity":"","overlay-gradient":""},"tablet":{"background-color":"var(--ast-global-color-5)","background-image":"","background-repeat":"repeat","background-position":"center center","background-size":"auto","background-attachment":"scroll","background-type":"","background-media":"","overlay-type":"","overlay-color":"","overlay-opacity":"","overlay-gradient":""},"mobile":{"background-color":"var(--ast-global-color-5)","background-image":"","background-repeat":"repeat","background-position":"center center","background-size":"auto","background-attachment":"scroll","background-type":"","background-media":"","overlay-type":"","overlay-color":"","overlay-opacity":"","overlay-gradient":""}},"footnotes":""},"class_list":["post-4202","page","type-page","status-publish","hentry"],"post_mailing_queue_ids":[],"_links":{"self":[{"href":"https:\/\/agora.xtec.cat\/iemorera\/wp-json\/wp\/v2\/pages\/4202","targetHints":{"allow":["GET"]}}],"collection":[{"href":"https:\/\/agora.xtec.cat\/iemorera\/wp-json\/wp\/v2\/pages"}],"about":[{"href":"https:\/\/agora.xtec.cat\/iemorera\/wp-json\/wp\/v2\/types\/page"}],"author":[{"embeddable":true,"href":"https:\/\/agora.xtec.cat\/iemorera\/wp-json\/wp\/v2\/users\/1"}],"replies":[{"embeddable":true,"href":"https:\/\/agora.xtec.cat\/iemorera\/wp-json\/wp\/v2\/comments?post=4202"}],"version-history":[{"count":1,"href":"https:\/\/agora.xtec.cat\/iemorera\/wp-json\/wp\/v2\/pages\/4202\/revisions"}],"predecessor-version":[{"id":4204,"href":"https:\/\/agora.xtec.cat\/iemorera\/wp-json\/wp\/v2\/pages\/4202\/revisions\/4204"}],"up":[{"embeddable":true,"href":"https:\/\/agora.xtec.cat\/iemorera\/wp-json\/wp\/v2\/pages\/22"}],"wp:attachment":[{"href":"https:\/\/agora.xtec.cat\/iemorera\/wp-json\/wp\/v2\/media?parent=4202"}],"curies":[{"name":"wp","href":"https:\/\/api.w.org\/{rel}","templated":true}]}}