{"id":4197,"date":"2019-04-07T20:24:20","date_gmt":"2019-04-07T18:24:20","guid":{"rendered":"http:\/\/agora.xtec.cat\/iemorera\/\/?page_id=4197"},"modified":"2024-10-20T01:18:58","modified_gmt":"2024-10-19T23:18:58","slug":"escoles-per-la-igualtat-i-la-diversitat","status":"publish","type":"page","link":"https:\/\/agora.xtec.cat\/iemorera\/lescola\/escoles-per-la-igualtat-i-la-diversitat\/","title":{"rendered":"Escoles per la igualtat i la diversitat"},"content":{"rendered":"<p><img loading=\"lazy\" decoding=\"async\" class=\"aligncenter size-full wp-image-4198\" src=\"https:\/\/agora.xtec.cat\/iemorera\/\/wp-content\/uploads\/usu148\/2019\/04\/baixa.jpg\" alt=\"\" width=\"313\" height=\"161\" srcset=\"https:\/\/agora.xtec.cat\/iemorera\/wp-content\/uploads\/usu148\/2019\/04\/baixa.jpg 313w, https:\/\/agora.xtec.cat\/iemorera\/wp-content\/uploads\/usu148\/2019\/04\/baixa-300x154.jpg 300w\" sizes=\"auto, (max-width: 313px) 100vw, 313px\" \/><\/p>\n<p style=\"text-align: justify;\">L&#8217;Institut escola participa en el programa &#8220;Escoles per la Igualtat i la Diversitat&#8221;.\u00a0 \u00c9s un programa de formaci\u00f3, assessorament i acompanyament als claustres de les escoles\u00a0 per a la implementaci\u00f3 d\u2019un programa de <strong>prevenci\u00f3 de les relacions abusives, la viol\u00e8ncia masclista, la discriminaci\u00f3 racial, i la discriminaci\u00f3 per diversitat funcional, sexual, de g\u00e8nere, identitat, orientaci\u00f3 sexual, etnicocultural i religiosa.<\/strong><\/p>\n<p style=\"text-align: justify;\">El programa, de tres anys de durada, pivota sobre tres eixos (diversitat afectiva sexual i de g\u00e8nere; diversitat d\u2019origen, cultural i religiosa; diversitat funcional) per tal de\u00a0<strong>potenciar unes actituds i uns comportaments en les relacions interpersonals que facin efectius els valors de la igualtat, l\u2019equitat i el respecte<\/strong>\u00a0en els infants i adolescents de 3 a 16 anys, en el seu entorn proper i les seves fam\u00edlies.<\/p>\n<p style=\"text-align: justify;\">Es treballa per tal d\u2019evitar l\u2019aparici\u00f3, i fer-ne una identificaci\u00f3 preco\u00e7, d\u2019actituds i comportaments abusius, discriminatoris i\/o xen\u00f2fobs en les relacions interpersonals, tot oferint, a les escoles i instituts, accions i recursos per treballar determinades tem\u00e0tiques, dins els objectius i prioritats del seu Projecte Educatiu de Centre (PEC), del Programa de Conviv\u00e8ncia i del Pla de Direcci\u00f3.<\/p>\n<p>&nbsp;<\/p>\n","protected":false},"excerpt":{"rendered":"<p>L&#8217;Institut escola participa en el programa &#8220;Escoles per la Igualtat i la Diversitat&#8221;.\u00a0 \u00c9s un programa de formaci\u00f3, assessorament i acompanyament als claustres de les escoles\u00a0 per a la implementaci\u00f3 d\u2019un programa de prevenci\u00f3 de les relacions abusives, la viol\u00e8ncia masclista, la discriminaci\u00f3 racial, i la discriminaci\u00f3 per diversitat funcional, sexual, de g\u00e8nere, identitat, orientaci\u00f3 [&hellip;]<\/p>\n","protected":false},"author":1,"featured_media":0,"parent":22,"menu_order":60,"comment_status":"closed","ping_status":"closed","template":"page-templates\/side-menu.php","meta":{"_bbp_topic_count":0,"_bbp_reply_count":0,"_bbp_total_topic_count":0,"_bbp_total_reply_count":0,"_bbp_voice_count":0,"_bbp_anonymous_reply_count":0,"_bbp_topic_count_hidden":0,"_bbp_reply_count_hidden":0,"_bbp_forum_subforum_count":0,"site-sidebar-layout":"default","site-content-layout":"","ast-site-content-layout":"","site-content-style":"default","site-sidebar-style":"default","ast-global-header-display":"","ast-banner-title-visibility":"","ast-main-header-display":"","ast-hfb-above-header-display":"","ast-hfb-below-header-display":"","ast-hfb-mobile-header-display":"","site-post-title":"","ast-breadcrumbs-content":"","ast-featured-img":"","footer-sml-layout":"","theme-transparent-header-meta":"","adv-header-id-meta":"","stick-header-meta":"","header-above-stick-meta":"","header-main-stick-meta":"","header-below-stick-meta":"","astra-migrate-meta-layouts":"default","ast-page-background-enabled":"default","ast-page-background-meta":{"desktop":{"background-color":"var(--ast-global-color-4)","background-image":"","background-repeat":"repeat","background-position":"center center","background-size":"auto","background-attachment":"scroll","background-type":"","background-media":"","overlay-type":"","overlay-color":"","overlay-opacity":"","overlay-gradient":""},"tablet":{"background-color":"","background-image":"","background-repeat":"repeat","background-position":"center center","background-size":"auto","background-attachment":"scroll","background-type":"","background-media":"","overlay-type":"","overlay-color":"","overlay-opacity":"","overlay-gradient":""},"mobile":{"background-color":"","background-image":"","background-repeat":"repeat","background-position":"center center","background-size":"auto","background-attachment":"scroll","background-type":"","background-media":"","overlay-type":"","overlay-color":"","overlay-opacity":"","overlay-gradient":""}},"ast-content-background-meta":{"desktop":{"background-color":"var(--ast-global-color-5)","background-image":"","background-repeat":"repeat","background-position":"center center","background-size":"auto","background-attachment":"scroll","background-type":"","background-media":"","overlay-type":"","overlay-color":"","overlay-opacity":"","overlay-gradient":""},"tablet":{"background-color":"var(--ast-global-color-5)","background-image":"","background-repeat":"repeat","background-position":"center center","background-size":"auto","background-attachment":"scroll","background-type":"","background-media":"","overlay-type":"","overlay-color":"","overlay-opacity":"","overlay-gradient":""},"mobile":{"background-color":"var(--ast-global-color-5)","background-image":"","background-repeat":"repeat","background-position":"center center","background-size":"auto","background-attachment":"scroll","background-type":"","background-media":"","overlay-type":"","overlay-color":"","overlay-opacity":"","overlay-gradient":""}},"footnotes":""},"class_list":["post-4197","page","type-page","status-publish","hentry"],"post_mailing_queue_ids":[],"_links":{"self":[{"href":"https:\/\/agora.xtec.cat\/iemorera\/wp-json\/wp\/v2\/pages\/4197","targetHints":{"allow":["GET"]}}],"collection":[{"href":"https:\/\/agora.xtec.cat\/iemorera\/wp-json\/wp\/v2\/pages"}],"about":[{"href":"https:\/\/agora.xtec.cat\/iemorera\/wp-json\/wp\/v2\/types\/page"}],"author":[{"embeddable":true,"href":"https:\/\/agora.xtec.cat\/iemorera\/wp-json\/wp\/v2\/users\/1"}],"replies":[{"embeddable":true,"href":"https:\/\/agora.xtec.cat\/iemorera\/wp-json\/wp\/v2\/comments?post=4197"}],"version-history":[{"count":2,"href":"https:\/\/agora.xtec.cat\/iemorera\/wp-json\/wp\/v2\/pages\/4197\/revisions"}],"predecessor-version":[{"id":10561,"href":"https:\/\/agora.xtec.cat\/iemorera\/wp-json\/wp\/v2\/pages\/4197\/revisions\/10561"}],"up":[{"embeddable":true,"href":"https:\/\/agora.xtec.cat\/iemorera\/wp-json\/wp\/v2\/pages\/22"}],"wp:attachment":[{"href":"https:\/\/agora.xtec.cat\/iemorera\/wp-json\/wp\/v2\/media?parent=4197"}],"curies":[{"name":"wp","href":"https:\/\/api.w.org\/{rel}","templated":true}]}}