{"id":3807,"date":"2019-02-21T13:55:44","date_gmt":"2019-02-21T12:55:44","guid":{"rendered":"http:\/\/agora.xtec.cat\/iemorera\/\/?page_id=3807"},"modified":"2024-10-20T01:36:30","modified_gmt":"2024-10-19T23:36:30","slug":"documents-descola","status":"publish","type":"page","link":"https:\/\/agora.xtec.cat\/iemorera\/lescola\/documents-descola\/","title":{"rendered":"Documents d&#8217;Escola"},"content":{"rendered":"<p style=\"text-align: justify;\"><a href=\"https:\/\/agora.xtec.cat\/iemorera\/\/wp-content\/uploads\/usu148\/2019\/12\/PEC.pdf\" target=\"_blank\" rel=\"noopener noreferrer\">Projecte Educatiu de Centre: PEC<\/a><\/p>\n<p><a href=\"https:\/\/agora.xtec.cat\/iemorera\/\/wp-content\/uploads\/usu148\/2019\/12\/Projecte-Ling\u00fc\u00edstic.pdf\" target=\"_blank\" rel=\"noopener noreferrer\">Projecte Ling\u00fc\u00edstic<\/a><\/p>\n<p><a href=\"https:\/\/agora.xtec.cat\/iemorera\/\/wp-content\/uploads\/usu148\/2019\/12\/Pla-acollida.pdf\" target=\"_blank\" rel=\"noopener noreferrer\">Pla d&#8217;Acollida<\/a><\/p>\n<p><a href=\"https:\/\/drive.google.com\/file\/d\/1OSWeqKsjdBvZnuTVmWJiEtpKMFCL_o1a\/view?usp=sharing\">Normes d&#8217;organitzaci\u00f3 i funcionament de centres. NOFC<\/a><\/p>\n<p><a href=\"https:\/\/agora.xtec.cat\/iemorera\/\/wp-content\/uploads\/usu148\/2019\/12\/Pla-TAC-v.1-1.pdf\" target=\"_blank\" rel=\"noopener noreferrer\">Pla de Tecnologies de l&#8217;Aprenentatge i la Comunicaci\u00f3: Pla TAC versi\u00f3 1\u00a0(fins 2020)<\/a><\/p>\n<p><a href=\"https:\/\/agora.xtec.cat\/iemorera\/\/wp-content\/uploads\/usu148\/2020\/02\/Carta-de-comprom\u00eds-complerta.pdf\">Carta de comprom\u00eds<\/a><\/p>\n<p><a href=\"https:\/\/drive.google.com\/file\/d\/1iicfs9hfM3kFF9ZDqq5Ya96zlmat29NT\/view?usp=sharing\">Informacions inici de curs INFANTIL<\/a><\/p>\n<p><a href=\"https:\/\/drive.google.com\/file\/d\/1aU45Pcniq6lO-hFOFVJIhzc1xOEBK5lx\/view?usp=sharing\">Informacions inici de curs PRIM\u00c0RIA\/SECUND\u00c0RIA<\/a><\/p>\n<p><a href=\"https:\/\/agora.xtec.cat\/iemorera\/\/wp-content\/uploads\/usu148\/2022\/10\/Guia-families-lectura.docx.pdf\">Guia de lectura fam\u00edlies INFANTIL<\/a><\/p>\n<p><a href=\"https:\/\/agora.xtec.cat\/iemorera\/\/wp-content\/uploads\/usu148\/2022\/12\/RECURSOS-DEL-BARRI-DE-ZONA-NORD.pdf\">Recursos del barri de Zona Nord<\/a><\/p>\n","protected":false},"excerpt":{"rendered":"<p>Projecte Educatiu de Centre: PEC Projecte Ling\u00fc\u00edstic Pla d&#8217;Acollida Normes d&#8217;organitzaci\u00f3 i funcionament de centres. NOFC Pla de Tecnologies de l&#8217;Aprenentatge i la Comunicaci\u00f3: Pla TAC versi\u00f3 1\u00a0(fins 2020) Carta de comprom\u00eds Informacions inici de curs INFANTIL Informacions inici de curs PRIM\u00c0RIA\/SECUND\u00c0RIA Guia de lectura fam\u00edlies INFANTIL Recursos del barri de Zona Nord<\/p>\n","protected":false},"author":1,"featured_media":0,"parent":22,"menu_order":50,"comment_status":"closed","ping_status":"closed","template":"page-templates\/side-menu.php","meta":{"_bbp_topic_count":0,"_bbp_reply_count":0,"_bbp_total_topic_count":0,"_bbp_total_reply_count":0,"_bbp_voice_count":0,"_bbp_anonymous_reply_count":0,"_bbp_topic_count_hidden":0,"_bbp_reply_count_hidden":0,"_bbp_forum_subforum_count":0,"site-sidebar-layout":"default","site-content-layout":"","ast-site-content-layout":"","site-content-style":"default","site-sidebar-style":"default","ast-global-header-display":"","ast-banner-title-visibility":"","ast-main-header-display":"","ast-hfb-above-header-display":"","ast-hfb-below-header-display":"","ast-hfb-mobile-header-display":"","site-post-title":"","ast-breadcrumbs-content":"","ast-featured-img":"","footer-sml-layout":"","theme-transparent-header-meta":"","adv-header-id-meta":"","stick-header-meta":"","header-above-stick-meta":"","header-main-stick-meta":"","header-below-stick-meta":"","astra-migrate-meta-layouts":"default","ast-page-background-enabled":"default","ast-page-background-meta":{"desktop":{"background-color":"var(--ast-global-color-4)","background-image":"","background-repeat":"repeat","background-position":"center center","background-size":"auto","background-attachment":"scroll","background-type":"","background-media":"","overlay-type":"","overlay-color":"","overlay-opacity":"","overlay-gradient":""},"tablet":{"background-color":"","background-image":"","background-repeat":"repeat","background-position":"center center","background-size":"auto","background-attachment":"scroll","background-type":"","background-media":"","overlay-type":"","overlay-color":"","overlay-opacity":"","overlay-gradient":""},"mobile":{"background-color":"","background-image":"","background-repeat":"repeat","background-position":"center center","background-size":"auto","background-attachment":"scroll","background-type":"","background-media":"","overlay-type":"","overlay-color":"","overlay-opacity":"","overlay-gradient":""}},"ast-content-background-meta":{"desktop":{"background-color":"var(--ast-global-color-5)","background-image":"","background-repeat":"repeat","background-position":"center center","background-size":"auto","background-attachment":"scroll","background-type":"","background-media":"","overlay-type":"","overlay-color":"","overlay-opacity":"","overlay-gradient":""},"tablet":{"background-color":"var(--ast-global-color-5)","background-image":"","background-repeat":"repeat","background-position":"center center","background-size":"auto","background-attachment":"scroll","background-type":"","background-media":"","overlay-type":"","overlay-color":"","overlay-opacity":"","overlay-gradient":""},"mobile":{"background-color":"var(--ast-global-color-5)","background-image":"","background-repeat":"repeat","background-position":"center center","background-size":"auto","background-attachment":"scroll","background-type":"","background-media":"","overlay-type":"","overlay-color":"","overlay-opacity":"","overlay-gradient":""}},"footnotes":""},"class_list":["post-3807","page","type-page","status-publish","hentry"],"post_mailing_queue_ids":[],"_links":{"self":[{"href":"https:\/\/agora.xtec.cat\/iemorera\/wp-json\/wp\/v2\/pages\/3807","targetHints":{"allow":["GET"]}}],"collection":[{"href":"https:\/\/agora.xtec.cat\/iemorera\/wp-json\/wp\/v2\/pages"}],"about":[{"href":"https:\/\/agora.xtec.cat\/iemorera\/wp-json\/wp\/v2\/types\/page"}],"author":[{"embeddable":true,"href":"https:\/\/agora.xtec.cat\/iemorera\/wp-json\/wp\/v2\/users\/1"}],"replies":[{"embeddable":true,"href":"https:\/\/agora.xtec.cat\/iemorera\/wp-json\/wp\/v2\/comments?post=3807"}],"version-history":[{"count":5,"href":"https:\/\/agora.xtec.cat\/iemorera\/wp-json\/wp\/v2\/pages\/3807\/revisions"}],"predecessor-version":[{"id":10563,"href":"https:\/\/agora.xtec.cat\/iemorera\/wp-json\/wp\/v2\/pages\/3807\/revisions\/10563"}],"up":[{"embeddable":true,"href":"https:\/\/agora.xtec.cat\/iemorera\/wp-json\/wp\/v2\/pages\/22"}],"wp:attachment":[{"href":"https:\/\/agora.xtec.cat\/iemorera\/wp-json\/wp\/v2\/media?parent=3807"}],"curies":[{"name":"wp","href":"https:\/\/api.w.org\/{rel}","templated":true}]}}