{"id":28,"date":"2014-09-18T12:29:35","date_gmt":"2014-09-18T12:29:35","guid":{"rendered":"http:\/\/agora.xtec.cat\/iemorera\/\/?page_id=28"},"modified":"2025-10-03T12:28:35","modified_gmt":"2025-10-03T10:28:35","slug":"equip-morera","status":"publish","type":"page","link":"https:\/\/agora.xtec.cat\/iemorera\/lescola\/equip-morera\/","title":{"rendered":"Equip Morera"},"content":{"rendered":"<table dir=\"ltr\" style=\"width: 100%;\" border=\"1\" cellspacing=\"0\" cellpadding=\"0\" data-sheets-root=\"1\" data-sheets-baot=\"1\">\n<colgroup>\n<col width=\"123\" \/>\n<col width=\"132\" \/>\n<col width=\"192\" \/>\n<col width=\"207\" \/><\/colgroup>\n<tbody>\n<tr>\n<td style=\"width: 12.76%;\"><\/td>\n<td style=\"width: 24.4106%;\">NOM<\/td>\n<td style=\"width: 27.7392%;\">ESPECIALITAT<\/td>\n<td style=\"width: 34.9515%;\">CORREU ELECTR\u00d2NIC<\/td>\n<\/tr>\n<tr>\n<td style=\"width: 12.76%;\"><\/td>\n<td style=\"width: 24.4106%;\"><\/td>\n<td style=\"width: 27.7392%;\"><\/td>\n<td style=\"width: 34.9515%;\"><\/td>\n<\/tr>\n<tr>\n<td style=\"width: 12.76%;\">INFANTIL<\/td>\n<td style=\"width: 24.4106%;\"><\/td>\n<td style=\"width: 27.7392%;\"><\/td>\n<td style=\"width: 34.9515%;\"><\/td>\n<\/tr>\n<tr>\n<td style=\"width: 12.76%;\"><\/td>\n<td style=\"width: 24.4106%;\">Dori Anglada<\/td>\n<td style=\"width: 27.7392%;\">Tutora I3<\/td>\n<td style=\"width: 34.9515%;\">dori.anglada@iemorera.cat<\/td>\n<\/tr>\n<tr>\n<td style=\"width: 12.76%;\"><\/td>\n<td style=\"width: 24.4106%;\">Ana\u00efs Queralt<\/td>\n<td style=\"width: 27.7392%;\">Tutora I4<\/td>\n<td style=\"width: 34.9515%;\">anais.queralt@iemorera.cat<\/td>\n<\/tr>\n<tr>\n<td style=\"width: 12.76%;\"><\/td>\n<td style=\"width: 24.4106%;\">Bianca Hern\u00e1ndez<\/td>\n<td style=\"width: 27.7392%;\">Tutora I5<\/td>\n<td style=\"width: 34.9515%;\">bianca.hernandez@iemorera.cat<\/td>\n<\/tr>\n<tr>\n<td style=\"width: 12.76%;\"><\/td>\n<td style=\"width: 24.4106%;\">Yolanda Dur\u00e0<\/td>\n<td style=\"width: 27.7392%;\">Refor\u00e7 Inf.\/Coord. Inf.<\/td>\n<td style=\"width: 34.9515%;\">yolanda.dura@iemorera.cat<\/td>\n<\/tr>\n<tr>\n<td style=\"width: 12.76%;\"><\/td>\n<td style=\"width: 24.4106%;\">Carlos Rodr\u00edguez<\/td>\n<td style=\"width: 27.7392%;\">MALL<\/td>\n<td style=\"width: 34.9515%;\">carlos.rodriguez@iemorera.cat<\/td>\n<\/tr>\n<tr>\n<td style=\"width: 12.76%;\"><\/td>\n<td style=\"width: 24.4106%;\">Marc Medina<\/td>\n<td style=\"width: 27.7392%;\">M\u00fasica<\/td>\n<td style=\"width: 34.9515%;\">marc.medina@iemorera.cat<\/td>\n<\/tr>\n<tr>\n<td style=\"width: 12.76%;\"><\/td>\n<td style=\"width: 24.4106%;\">Gemma Costa<\/td>\n<td style=\"width: 27.7392%;\">TEI<\/td>\n<td style=\"width: 34.9515%;\">gemma.costa@iemorera.cat<\/td>\n<\/tr>\n<tr>\n<td style=\"width: 12.76%;\"><\/td>\n<td style=\"width: 24.4106%;\"><\/td>\n<td style=\"width: 27.7392%;\"><\/td>\n<td style=\"width: 34.9515%;\"><\/td>\n<\/tr>\n<tr>\n<td style=\"width: 12.76%;\">PRIM\u00c0RIA<\/td>\n<td style=\"width: 24.4106%;\"><\/td>\n<td style=\"width: 27.7392%;\"><\/td>\n<td style=\"width: 34.9515%;\"><\/td>\n<\/tr>\n<tr>\n<td style=\"width: 12.76%;\"><\/td>\n<td style=\"width: 24.4106%;\">Eva Hern\u00e1ndez<\/td>\n<td style=\"width: 27.7392%;\">Tutora 1r \/Cap d&#8217;estudis<\/td>\n<td style=\"width: 34.9515%;\">eva.hernandez@iemorera.cat<\/td>\n<\/tr>\n<tr>\n<td style=\"width: 12.76%;\"><\/td>\n<td style=\"width: 24.4106%;\">Zaira Aguilar<\/td>\n<td style=\"width: 27.7392%;\">Tutora 2n<\/td>\n<td style=\"width: 34.9515%;\">zaira.aguilar@iemorera.cat<\/td>\n<\/tr>\n<tr>\n<td style=\"width: 12.76%;\"><\/td>\n<td style=\"width: 24.4106%;\">Marta Sanch\u00eds<\/td>\n<td style=\"width: 27.7392%;\">Tutora 2n<\/td>\n<td style=\"width: 34.9515%;\">marta.sanchis@iemorera.cat<\/td>\n<\/tr>\n<tr>\n<td style=\"width: 12.76%;\"><\/td>\n<td style=\"width: 24.4106%;\">Merche Oriola<\/td>\n<td style=\"width: 27.7392%;\">Tutora 3r<\/td>\n<td style=\"width: 34.9515%;\">merche.oriola@iemorera.cat<\/td>\n<\/tr>\n<tr>\n<td style=\"width: 12.76%;\"><\/td>\n<td style=\"width: 24.4106%;\">Merc\u00e8 Salvador<\/td>\n<td style=\"width: 27.7392%;\">Tutora 4t \/ M\u00fasica 3r i 4t<\/td>\n<td style=\"width: 34.9515%;\">merce.salvador@iemorera.cat<\/td>\n<\/tr>\n<tr>\n<td style=\"width: 12.76%;\"><\/td>\n<td style=\"width: 24.4106%;\">N\u00faria Casenave<\/td>\n<td style=\"width: 27.7392%;\">Tutora 5\u00e8<\/td>\n<td style=\"width: 34.9515%;\">nuria.casenave@iemorera.cat<\/td>\n<\/tr>\n<tr>\n<td style=\"width: 12.76%;\"><\/td>\n<td style=\"width: 24.4106%;\">Laia Cirera<\/td>\n<td style=\"width: 27.7392%;\">1\/2 5\u00e8<\/td>\n<td style=\"width: 34.9515%;\">laia.cirera@iemorera.cat<\/td>\n<\/tr>\n<tr>\n<td style=\"width: 12.76%;\"><\/td>\n<td style=\"width: 24.4106%;\">M\u00f3nica Peral<\/td>\n<td style=\"width: 27.7392%;\">Tutora 6\u00e8<\/td>\n<td style=\"width: 34.9515%;\">monica.peral@iemorera.cat<\/td>\n<\/tr>\n<tr>\n<td style=\"width: 12.76%;\"><\/td>\n<td style=\"width: 24.4106%;\">Elisenda Roda<\/td>\n<td style=\"width: 27.7392%;\">Matem\u00e0tiques \/ Direcci\u00f3<\/td>\n<td style=\"width: 34.9515%;\">elisenda.roda@iemorera.cat<\/td>\n<\/tr>\n<tr>\n<td style=\"width: 12.76%;\"><\/td>\n<td style=\"width: 24.4106%;\">Elisabet Sopesens<\/td>\n<td style=\"width: 27.7392%;\">Teatre\/Secretaria<\/td>\n<td style=\"width: 34.9515%;\">elisabet.sopesens@iemorera.cat<\/td>\n<\/tr>\n<tr>\n<td style=\"width: 12.76%;\"><\/td>\n<td style=\"width: 24.4106%;\">Isabel Moreno<\/td>\n<td style=\"width: 27.7392%;\">Ed. Especial\/Coord. Pri.<\/td>\n<td style=\"width: 34.9515%;\">isabel.moreno@iemorera.cat<\/td>\n<\/tr>\n<tr>\n<td style=\"width: 12.76%;\"><\/td>\n<td style=\"width: 24.4106%;\">J\u00falia Povo<\/td>\n<td style=\"width: 27.7392%;\">SIEI<\/td>\n<td style=\"width: 34.9515%;\">julia.povo@iemorera.cat<\/td>\n<\/tr>\n<tr>\n<td style=\"width: 12.76%;\"><\/td>\n<td style=\"width: 24.4106%;\">Marga Mart\u00edn<\/td>\n<td style=\"width: 27.7392%;\">SIEI<\/td>\n<td style=\"width: 34.9515%;\">marga.martin@iemorera.cat<\/td>\n<\/tr>\n<tr>\n<td style=\"width: 12.76%;\"><\/td>\n<td style=\"width: 24.4106%;\">Eli Navarro<\/td>\n<td style=\"width: 27.7392%;\">Aula d&#8217;acollida\/Coord. Digital<\/td>\n<td style=\"width: 34.9515%;\">elisabeth.navarro@iemorera.cat<\/td>\n<\/tr>\n<tr>\n<td style=\"width: 12.76%;\"><\/td>\n<td style=\"width: 24.4106%;\">Ignacio de Salas<\/td>\n<td style=\"width: 27.7392%;\">Religi\u00f3<\/td>\n<td style=\"width: 34.9515%;\">ignaci.desalas@iemorera.cat<\/td>\n<\/tr>\n<tr>\n<td style=\"width: 12.76%;\"><\/td>\n<td style=\"width: 24.4106%;\">Marc Medina<\/td>\n<td style=\"width: 27.7392%;\">M\u00fasica<\/td>\n<td style=\"width: 34.9515%;\">marc.medina@iemorera.cat<\/td>\n<\/tr>\n<tr>\n<td style=\"width: 12.76%;\"><\/td>\n<td style=\"width: 24.4106%;\">Mart\u00ed Farr\u00e9<\/td>\n<td style=\"width: 27.7392%;\">Angl\u00e8s<\/td>\n<td style=\"width: 34.9515%;\">marti.farre@iemorera.cat<\/td>\n<\/tr>\n<tr>\n<td style=\"width: 12.76%;\"><\/td>\n<td style=\"width: 24.4106%;\">Judit Bonmat\u00ed<\/td>\n<td style=\"width: 27.7392%;\">Ed. F\u00edsica<\/td>\n<td style=\"width: 34.9515%;\">judit.bonmati@iemorera.cat<\/td>\n<\/tr>\n<tr>\n<td style=\"width: 12.76%;\"><\/td>\n<td style=\"width: 24.4106%;\">Maria C\u00f3nsul<\/td>\n<td style=\"width: 27.7392%;\">Refor\u00e7<\/td>\n<td style=\"width: 34.9515%;\">maria.consul@iemorera.cat<\/td>\n<\/tr>\n<tr>\n<td style=\"width: 12.76%;\"><\/td>\n<td style=\"width: 24.4106%;\">Ana Sim\u00f3n<\/td>\n<td style=\"width: 27.7392%;\">Ed. Especial<\/td>\n<td style=\"width: 34.9515%;\">ana.simon@iemorera.cat<\/td>\n<\/tr>\n<tr>\n<td style=\"width: 12.76%;\"><\/td>\n<td style=\"width: 24.4106%;\">Marta Tobar<\/td>\n<td style=\"width: 27.7392%;\">Castell\u00e0<\/td>\n<td style=\"width: 34.9515%;\">marta.tobar@iemorera.cat<\/td>\n<\/tr>\n<tr>\n<td style=\"width: 12.76%;\">ESO<\/td>\n<td style=\"width: 24.4106%;\"><\/td>\n<td style=\"width: 27.7392%;\"><\/td>\n<td style=\"width: 34.9515%;\"><\/td>\n<\/tr>\n<tr>\n<td style=\"width: 12.76%;\"><\/td>\n<td style=\"width: 24.4106%;\">David Torrens<\/td>\n<td style=\"width: 27.7392%;\">Biologia \/ Tutor 1r<\/td>\n<td style=\"width: 34.9515%;\">david.torrens@iemorera.cat<\/td>\n<\/tr>\n<tr>\n<td style=\"width: 12.76%;\"><\/td>\n<td style=\"width: 24.4106%;\">Daniel Jimbert<\/td>\n<td style=\"width: 27.7392%;\">Geo \/ Hist.<\/td>\n<td style=\"width: 34.9515%;\">daniel.jimbert@iemorera.cat<\/td>\n<\/tr>\n<tr>\n<td style=\"width: 12.76%;\"><\/td>\n<td style=\"width: 24.4106%;\">Carla Belton<\/td>\n<td style=\"width: 27.7392%;\">Angl\u00e8s \/ Tutora 2n<\/td>\n<td style=\"width: 34.9515%;\">carla.belton@iemorera.cat<\/td>\n<\/tr>\n<tr>\n<td style=\"width: 12.76%;\"><\/td>\n<td style=\"width: 24.4106%;\">Carles Roca<\/td>\n<td style=\"width: 27.7392%;\">Matem\u00e0tiques<\/td>\n<td style=\"width: 34.9515%;\">carles.roca@iemorera.cat<\/td>\n<\/tr>\n<tr>\n<td style=\"width: 12.76%;\"><\/td>\n<td style=\"width: 24.4106%;\">Jaume Porta<\/td>\n<td style=\"width: 27.7392%;\">Catal\u00e0<\/td>\n<td style=\"width: 34.9515%;\">jaume.porta@iemorera.cat<\/td>\n<\/tr>\n<tr>\n<td style=\"width: 12.76%;\"><\/td>\n<td style=\"width: 24.4106%;\">Sandra Alfani<\/td>\n<td style=\"width: 27.7392%;\">Orientadora<\/td>\n<td style=\"width: 34.9515%;\">sandra.alfani@iemorera.cat<\/td>\n<\/tr>\n<tr>\n<td style=\"width: 12.76%;\"><\/td>\n<td style=\"width: 24.4106%;\">Joan Mart\u00ed<\/td>\n<td style=\"width: 27.7392%;\">Ed. F\u00edsica<\/td>\n<td style=\"width: 34.9515%;\">joan.marti@iemorera.cat<\/td>\n<\/tr>\n<tr>\n<td style=\"width: 12.76%;\"><\/td>\n<td style=\"width: 24.4106%;\">Chus Mart\u00ednez<\/td>\n<td style=\"width: 27.7392%;\">SIEI<\/td>\n<td style=\"width: 34.9515%;\">chus.martinez@iemorera.cat<\/td>\n<\/tr>\n<tr>\n<td style=\"width: 12.76%;\"><\/td>\n<td style=\"width: 24.4106%;\"><\/td>\n<td style=\"width: 27.7392%;\"><\/td>\n<td style=\"width: 34.9515%;\"><\/td>\n<\/tr>\n<tr>\n<td style=\"width: 12.76%;\">SERVEIS<\/td>\n<td style=\"width: 24.4106%;\"><\/td>\n<td style=\"width: 27.7392%;\"><\/td>\n<td style=\"width: 34.9515%;\"><\/td>\n<\/tr>\n<tr>\n<td style=\"width: 12.76%;\"><\/td>\n<td style=\"width: 24.4106%;\">Mari Paz<\/td>\n<td style=\"width: 27.7392%;\">Conserge<\/td>\n<td style=\"width: 34.9515%;\"><\/td>\n<\/tr>\n<tr>\n<td style=\"width: 12.76%;\"><\/td>\n<td style=\"width: 24.4106%;\">Mar Ruiz<\/td>\n<td style=\"width: 27.7392%;\">Administrativa<\/td>\n<td style=\"width: 34.9515%;\">mar.ruiz@iemorera.cat<\/td>\n<\/tr>\n<tr>\n<td style=\"width: 12.76%;\"><\/td>\n<td style=\"width: 24.4106%;\">Judit Barroso<\/td>\n<td style=\"width: 27.7392%;\">Educadora Social<\/td>\n<td style=\"width: 34.9515%;\">judit.barroso@iemorera.cat<\/td>\n<\/tr>\n<tr>\n<td style=\"width: 12.76%;\"><\/td>\n<td style=\"width: 24.4106%;\">Natalia Fern\u00e1ndez<\/td>\n<td style=\"width: 27.7392%;\">Educadora Social<\/td>\n<td style=\"width: 34.9515%;\">natalia.fernandez@iemorera.cat<\/td>\n<\/tr>\n<tr>\n<td style=\"width: 12.76%;\"><\/td>\n<td style=\"width: 24.4106%;\">N\u00faria Pacheco<\/td>\n<td style=\"width: 27.7392%;\">Coord. Menjador<\/td>\n<td style=\"width: 34.9515%;\">nuria.pacheco@iemorera.cat<\/td>\n<\/tr>\n<\/tbody>\n<\/table>\n","protected":false},"excerpt":{"rendered":"<p>NOM ESPECIALITAT CORREU ELECTR\u00d2NIC INFANTIL Dori Anglada Tutora I3 dori.anglada@iemorera.cat Ana\u00efs Queralt Tutora I4 anais.queralt@iemorera.cat Bianca Hern\u00e1ndez Tutora I5 bianca.hernandez@iemorera.cat Yolanda Dur\u00e0 Refor\u00e7 Inf.\/Coord. Inf. yolanda.dura@iemorera.cat Carlos Rodr\u00edguez MALL carlos.rodriguez@iemorera.cat Marc Medina M\u00fasica marc.medina@iemorera.cat Gemma Costa TEI gemma.costa@iemorera.cat PRIM\u00c0RIA Eva Hern\u00e1ndez Tutora 1r \/Cap d&#8217;estudis eva.hernandez@iemorera.cat Zaira Aguilar Tutora 2n zaira.aguilar@iemorera.cat Marta Sanch\u00eds Tutora 2n [&hellip;]<\/p>\n","protected":false},"author":2,"featured_media":0,"parent":22,"menu_order":30,"comment_status":"closed","ping_status":"closed","template":"","meta":{"_bbp_topic_count":0,"_bbp_reply_count":0,"_bbp_total_topic_count":0,"_bbp_total_reply_count":0,"_bbp_voice_count":0,"_bbp_anonymous_reply_count":0,"_bbp_topic_count_hidden":0,"_bbp_reply_count_hidden":0,"_bbp_forum_subforum_count":0,"site-sidebar-layout":"default","site-content-layout":"","ast-site-content-layout":"default","site-content-style":"default","site-sidebar-style":"default","ast-global-header-display":"","ast-banner-title-visibility":"","ast-main-header-display":"","ast-hfb-above-header-display":"","ast-hfb-below-header-display":"","ast-hfb-mobile-header-display":"","site-post-title":"","ast-breadcrumbs-content":"","ast-featured-img":"","footer-sml-layout":"","theme-transparent-header-meta":"default","adv-header-id-meta":"","stick-header-meta":"","header-above-stick-meta":"","header-main-stick-meta":"","header-below-stick-meta":"","astra-migrate-meta-layouts":"set","ast-page-background-enabled":"default","ast-page-background-meta":{"desktop":{"background-color":"var(--ast-global-color-4)","background-image":"","background-repeat":"repeat","background-position":"center center","background-size":"auto","background-attachment":"scroll","background-type":"","background-media":"","overlay-type":"","overlay-color":"","overlay-opacity":"","overlay-gradient":""},"tablet":{"background-color":"","background-image":"","background-repeat":"repeat","background-position":"center center","background-size":"auto","background-attachment":"scroll","background-type":"","background-media":"","overlay-type":"","overlay-color":"","overlay-opacity":"","overlay-gradient":""},"mobile":{"background-color":"","background-image":"","background-repeat":"repeat","background-position":"center center","background-size":"auto","background-attachment":"scroll","background-type":"","background-media":"","overlay-type":"","overlay-color":"","overlay-opacity":"","overlay-gradient":""}},"ast-content-background-meta":{"desktop":{"background-color":"var(--ast-global-color-5)","background-image":"","background-repeat":"repeat","background-position":"center center","background-size":"auto","background-attachment":"scroll","background-type":"","background-media":"","overlay-type":"","overlay-color":"","overlay-opacity":"","overlay-gradient":""},"tablet":{"background-color":"var(--ast-global-color-5)","background-image":"","background-repeat":"repeat","background-position":"center center","background-size":"auto","background-attachment":"scroll","background-type":"","background-media":"","overlay-type":"","overlay-color":"","overlay-opacity":"","overlay-gradient":""},"mobile":{"background-color":"var(--ast-global-color-5)","background-image":"","background-repeat":"repeat","background-position":"center center","background-size":"auto","background-attachment":"scroll","background-type":"","background-media":"","overlay-type":"","overlay-color":"","overlay-opacity":"","overlay-gradient":""}},"footnotes":""},"class_list":["post-28","page","type-page","status-publish","hentry"],"post_mailing_queue_ids":[],"_links":{"self":[{"href":"https:\/\/agora.xtec.cat\/iemorera\/wp-json\/wp\/v2\/pages\/28","targetHints":{"allow":["GET"]}}],"collection":[{"href":"https:\/\/agora.xtec.cat\/iemorera\/wp-json\/wp\/v2\/pages"}],"about":[{"href":"https:\/\/agora.xtec.cat\/iemorera\/wp-json\/wp\/v2\/types\/page"}],"author":[{"embeddable":true,"href":"https:\/\/agora.xtec.cat\/iemorera\/wp-json\/wp\/v2\/users\/2"}],"replies":[{"embeddable":true,"href":"https:\/\/agora.xtec.cat\/iemorera\/wp-json\/wp\/v2\/comments?post=28"}],"version-history":[{"count":6,"href":"https:\/\/agora.xtec.cat\/iemorera\/wp-json\/wp\/v2\/pages\/28\/revisions"}],"predecessor-version":[{"id":10959,"href":"https:\/\/agora.xtec.cat\/iemorera\/wp-json\/wp\/v2\/pages\/28\/revisions\/10959"}],"up":[{"embeddable":true,"href":"https:\/\/agora.xtec.cat\/iemorera\/wp-json\/wp\/v2\/pages\/22"}],"wp:attachment":[{"href":"https:\/\/agora.xtec.cat\/iemorera\/wp-json\/wp\/v2\/media?parent=28"}],"curies":[{"name":"wp","href":"https:\/\/api.w.org\/{rel}","templated":true}]}}