{"id":26,"date":"2014-09-18T12:24:32","date_gmt":"2014-09-18T12:24:32","guid":{"rendered":"http:\/\/agora.xtec.cat\/iemorera\/\/?page_id=26"},"modified":"2024-10-10T19:01:45","modified_gmt":"2024-10-10T17:01:45","slug":"historia","status":"publish","type":"page","link":"https:\/\/agora.xtec.cat\/iemorera\/lescola\/historia\/","title":{"rendered":"Hist\u00f2ria"},"content":{"rendered":"<p style=\"text-align: justify;\">L\u2019Institut Escola Mestre Morera est\u00e0 situat a Ciutat Meridiana, a la Zona Nord de Nou Barris. Est\u00e0 ubicat a la part m\u00e9s alta de Ciutat Meridiana, tocant el Parc de Collserola. \u00c9s una escola amb m\u00e9s de 50 anys d\u2019hist\u00f2ria.<\/p>\n<p style=\"text-align: justify;\">Eren els anys 70 quan va n\u00e9ixer, com tots els altres serveis del barri, de la reivindicaci\u00f3 dels ve\u00efns de Ciutat Meridiana per tal de dotar del dret de l\u2019educaci\u00f3 als seus fills i filles.\u00a0<span style=\"font-weight: 400;\">Aquesta zona de la ciutat sempre ha acollit immigraci\u00f3 i ha hagut de lluitar i exigir serveis que s\u2019han aconseguit amb la for\u00e7a del col\u00b7lectiu, a trav\u00e9s del moviment associatiu i l\u2019organitzaci\u00f3 ve\u00efnal. La gent del barri d\u00f3na valor a all\u00f2 que tant ha costat d\u2019aconseguir i ha aportat un tret distintiu de la seva identitat cultural.<\/span><\/p>\n","protected":false},"excerpt":{"rendered":"<p>L\u2019Institut Escola Mestre Morera est\u00e0 situat a Ciutat Meridiana, a la Zona Nord de Nou Barris. Est\u00e0 ubicat a la part m\u00e9s alta de Ciutat Meridiana, tocant el Parc de Collserola. \u00c9s una escola amb m\u00e9s de 50 anys d\u2019hist\u00f2ria. Eren els anys 70 quan va n\u00e9ixer, com tots els altres serveis del barri, de [&hellip;]<\/p>\n","protected":false},"author":2,"featured_media":0,"parent":22,"menu_order":20,"comment_status":"closed","ping_status":"closed","template":"page-templates\/side-menu.php","meta":{"_bbp_topic_count":0,"_bbp_reply_count":0,"_bbp_total_topic_count":0,"_bbp_total_reply_count":0,"_bbp_voice_count":0,"_bbp_anonymous_reply_count":0,"_bbp_topic_count_hidden":0,"_bbp_reply_count_hidden":0,"_bbp_forum_subforum_count":0,"site-sidebar-layout":"default","site-content-layout":"","ast-site-content-layout":"","site-content-style":"default","site-sidebar-style":"default","ast-global-header-display":"","ast-banner-title-visibility":"","ast-main-header-display":"","ast-hfb-above-header-display":"","ast-hfb-below-header-display":"","ast-hfb-mobile-header-display":"","site-post-title":"","ast-breadcrumbs-content":"","ast-featured-img":"","footer-sml-layout":"","theme-transparent-header-meta":"","adv-header-id-meta":"","stick-header-meta":"","header-above-stick-meta":"","header-main-stick-meta":"","header-below-stick-meta":"","astra-migrate-meta-layouts":"default","ast-page-background-enabled":"default","ast-page-background-meta":{"desktop":{"background-color":"var(--ast-global-color-4)","background-image":"","background-repeat":"repeat","background-position":"center center","background-size":"auto","background-attachment":"scroll","background-type":"","background-media":"","overlay-type":"","overlay-color":"","overlay-opacity":"","overlay-gradient":""},"tablet":{"background-color":"","background-image":"","background-repeat":"repeat","background-position":"center center","background-size":"auto","background-attachment":"scroll","background-type":"","background-media":"","overlay-type":"","overlay-color":"","overlay-opacity":"","overlay-gradient":""},"mobile":{"background-color":"","background-image":"","background-repeat":"repeat","background-position":"center center","background-size":"auto","background-attachment":"scroll","background-type":"","background-media":"","overlay-type":"","overlay-color":"","overlay-opacity":"","overlay-gradient":""}},"ast-content-background-meta":{"desktop":{"background-color":"var(--ast-global-color-5)","background-image":"","background-repeat":"repeat","background-position":"center center","background-size":"auto","background-attachment":"scroll","background-type":"","background-media":"","overlay-type":"","overlay-color":"","overlay-opacity":"","overlay-gradient":""},"tablet":{"background-color":"var(--ast-global-color-5)","background-image":"","background-repeat":"repeat","background-position":"center center","background-size":"auto","background-attachment":"scroll","background-type":"","background-media":"","overlay-type":"","overlay-color":"","overlay-opacity":"","overlay-gradient":""},"mobile":{"background-color":"var(--ast-global-color-5)","background-image":"","background-repeat":"repeat","background-position":"center center","background-size":"auto","background-attachment":"scroll","background-type":"","background-media":"","overlay-type":"","overlay-color":"","overlay-opacity":"","overlay-gradient":""}},"footnotes":""},"class_list":["post-26","page","type-page","status-publish","hentry"],"post_mailing_queue_ids":[],"_links":{"self":[{"href":"https:\/\/agora.xtec.cat\/iemorera\/wp-json\/wp\/v2\/pages\/26","targetHints":{"allow":["GET"]}}],"collection":[{"href":"https:\/\/agora.xtec.cat\/iemorera\/wp-json\/wp\/v2\/pages"}],"about":[{"href":"https:\/\/agora.xtec.cat\/iemorera\/wp-json\/wp\/v2\/types\/page"}],"author":[{"embeddable":true,"href":"https:\/\/agora.xtec.cat\/iemorera\/wp-json\/wp\/v2\/users\/2"}],"replies":[{"embeddable":true,"href":"https:\/\/agora.xtec.cat\/iemorera\/wp-json\/wp\/v2\/comments?post=26"}],"version-history":[{"count":6,"href":"https:\/\/agora.xtec.cat\/iemorera\/wp-json\/wp\/v2\/pages\/26\/revisions"}],"predecessor-version":[{"id":10516,"href":"https:\/\/agora.xtec.cat\/iemorera\/wp-json\/wp\/v2\/pages\/26\/revisions\/10516"}],"up":[{"embeddable":true,"href":"https:\/\/agora.xtec.cat\/iemorera\/wp-json\/wp\/v2\/pages\/22"}],"wp:attachment":[{"href":"https:\/\/agora.xtec.cat\/iemorera\/wp-json\/wp\/v2\/media?parent=26"}],"curies":[{"name":"wp","href":"https:\/\/api.w.org\/{rel}","templated":true}]}}