{"id":630,"date":"2020-02-05T12:53:06","date_gmt":"2020-02-05T11:53:06","guid":{"rendered":"https:\/\/agora.xtec.cat\/iemontsant\/?page_id=630"},"modified":"2024-10-18T15:26:11","modified_gmt":"2024-10-18T13:26:11","slug":"activitats-extraescolars-i-pcee","status":"publish","type":"page","link":"https:\/\/agora.xtec.cat\/iemontsant\/activitats-extraescolars-i-pcee\/","title":{"rendered":"Activitats Extraescolars i PCEE"},"content":{"rendered":"<p><span style=\"font-weight: 400;\">El Pla catal\u00e0 de l\u2019Esport a l\u2019escola \u00e9s un pla impulsat pel Departament d\u2019Educaci\u00f3.\u00a0<\/span><\/p>\n<p><span style=\"font-weight: 400;\">El Pla i les activitats extraescolars pretenen posar a l&#8217;abast de tot l&#8217;alumnat la pr\u00e0ctica d&#8217;activitats f\u00edsiques i esportives i culturals, i aprofitar el gran potencial d&#8217;aquestes activitats per contribuir a la formaci\u00f3 personal i c\u00edvica dels nostres infants i joves.<\/span><\/p>\n<p><a href=\"https:\/\/www.canva.com\/design\/DAGT7eE0zjA\/hegh-7sQKoR78oZfP8xAKg\/view?utm_content=DAGT7eE0zjA&amp;utm_campaign=designshare&amp;utm_medium=link&amp;utm_source=editor\">Mira les activitats extraescolars del curs 24-25.<\/a><\/p>\n<p><a href=\"https:\/\/www.canva.com\/design\/DAGRMvbTAK8\/L5ollhWh9AT5uk2bGrEvHw\/view?utm_content=DAGRMvbTAK8&amp;utm_campaign=designshare&amp;utm_medium=link&amp;utm_source=editor\">Extraescolars de tota la Zona Rural Integrada<\/a><\/p>\n<p>&nbsp;<\/p>\n<p>&nbsp;<\/p>\n","protected":false},"excerpt":{"rendered":"<p>El Pla catal\u00e0 de l\u2019Esport a l\u2019escola \u00e9s un pla impulsat pel Departament d\u2019Educaci\u00f3.\u00a0<br \/>\nEl Pla i les activitats extraescolars pretenen posar a l&#8217;abast de tot l&#8217;alumnat la pr\u00e0ctica d&#8217;activitats f\u00edsiques i esportives i culturals, i aprofitar el gran potencial d&#8217;aquestes activitats per contribuir a la&hellip;  <a href=\"https:\/\/agora.xtec.cat\/iemontsant\/activitats-extraescolars-i-pcee\/\" title=\"Read Activitats Extraescolars i PCEE\">Llegeix m\u00e9s\u00bb<\/a><\/p>\n","protected":false},"author":1,"featured_media":0,"parent":0,"menu_order":0,"comment_status":"closed","ping_status":"closed","template":"","meta":{"_bbp_topic_count":0,"_bbp_reply_count":0,"_bbp_total_topic_count":0,"_bbp_total_reply_count":0,"_bbp_voice_count":0,"_bbp_anonymous_reply_count":0,"_bbp_topic_count_hidden":0,"_bbp_reply_count_hidden":0,"_bbp_forum_subforum_count":0,"footnotes":""},"class_list":["post-630","page","type-page","status-publish","hentry"],"post_mailing_queue_ids":[],"_links":{"self":[{"href":"https:\/\/agora.xtec.cat\/iemontsant\/wp-json\/wp\/v2\/pages\/630","targetHints":{"allow":["GET"]}}],"collection":[{"href":"https:\/\/agora.xtec.cat\/iemontsant\/wp-json\/wp\/v2\/pages"}],"about":[{"href":"https:\/\/agora.xtec.cat\/iemontsant\/wp-json\/wp\/v2\/types\/page"}],"author":[{"embeddable":true,"href":"https:\/\/agora.xtec.cat\/iemontsant\/wp-json\/wp\/v2\/users\/1"}],"replies":[{"embeddable":true,"href":"https:\/\/agora.xtec.cat\/iemontsant\/wp-json\/wp\/v2\/comments?post=630"}],"version-history":[{"count":6,"href":"https:\/\/agora.xtec.cat\/iemontsant\/wp-json\/wp\/v2\/pages\/630\/revisions"}],"predecessor-version":[{"id":1398,"href":"https:\/\/agora.xtec.cat\/iemontsant\/wp-json\/wp\/v2\/pages\/630\/revisions\/1398"}],"wp:attachment":[{"href":"https:\/\/agora.xtec.cat\/iemontsant\/wp-json\/wp\/v2\/media?parent=630"}],"curies":[{"name":"wp","href":"https:\/\/api.w.org\/{rel}","templated":true}]}}