{"id":510,"date":"2020-02-05T12:57:00","date_gmt":"2020-02-05T11:57:00","guid":{"rendered":"https:\/\/agora.xtec.cat\/iemontsant\/?page_id=510"},"modified":"2026-02-03T15:53:19","modified_gmt":"2026-02-03T14:53:19","slug":"documentacio","status":"publish","type":"page","link":"https:\/\/agora.xtec.cat\/iemontsant\/documentacio\/","title":{"rendered":"Documentaci\u00f3"},"content":{"rendered":"<p>En aquesta p\u00e0gina trobareu els documents de centre de car\u00e0cter p\u00fablic.<\/p>\n<table style=\"border-collapse: collapse; width: 61.7439%; height: 165px;\">\n<tbody>\n<tr style=\"height: 33px;\">\n<td style=\"width: 42.349%; height: 33px;\"><span style=\"font-size: 16px;\">Projecte Educatiu\u00a0<\/span><\/td>\n<td style=\"width: 19.396%; height: 33px;\"><a href=\"https:\/\/www.calameo.com\/read\/007792974c9eef3b74355\">Enlla\u00e7<\/a><\/td>\n<\/tr>\n<tr style=\"height: 33px;\">\n<td style=\"width: 42.349%; height: 33px;\"><span style=\"font-size: 16px;\">Normes d&#8217;Organitzaci\u00f3 i Funcionament<\/span><\/td>\n<td style=\"width: 19.396%; height: 33px;\"><a href=\"https:\/\/www.calameo.com\/read\/0077929742864351b65cc\">Enlla\u00e7<\/a><\/td>\n<\/tr>\n<tr style=\"height: 33px;\">\n<td style=\"width: 42.349%; height: 33px;\"><span style=\"font-size: 16px; background-color: #ffffff;\">Programaci\u00f3 General anual Curs 25-26<\/span><\/td>\n<td style=\"width: 19.396%; height: 33px;\"><a href=\"https:\/\/www.calameo.com\/read\/0077929743799fc86498c\">Enlla\u00e7<\/a><\/td>\n<\/tr>\n<tr style=\"height: 33px;\">\n<td style=\"width: 42.349%; height: 33px;\"><span style=\"font-size: 16px; background-color: #ffffff;\">Pla de funcionament de menjador<\/span><\/td>\n<td style=\"width: 19.396%; height: 33px;\"><a href=\"https:\/\/www.calameo.com\/books\/0077929748d0fcf596147\">Enlla\u00e7<\/a><\/td>\n<\/tr>\n<tr style=\"height: 33px;\">\n<td style=\"width: 42.349%; height: 33px;\"><span style=\"font-size: 16px; background-color: #ffffff;\">Pla de funcionament de transport<\/span><\/td>\n<td style=\"width: 19.396%; height: 33px;\"><a href=\"https:\/\/www.calameo.com\/read\/007792974105a6e94db86\">Enlla\u00e7<\/a><\/td>\n<\/tr>\n<\/tbody>\n<\/table>\n","protected":false},"excerpt":{"rendered":"<p>En aquesta p\u00e0gina trobareu els documents de centre de car\u00e0cter p\u00fablic.<\/p>\n<p>Projecte Educatiu\u00a0<br \/>\n<a href=\"https:\/\/www.calameo.com\/read\/007792974c9eef3b74355\">Enlla\u00e7<\/a><\/p>\n<p>Normes d&#8217;Organitzaci\u00f3 i Funcionament<br \/>\n<a href=\"https:\/\/www.calameo.com\/read\/0077929742864351b65cc\">Enlla\u00e7<\/a><\/p>\n<p>Programaci\u00f3 General anual Curs 25-26<br \/>\n<a href=\"https:\/\/www.calameo.com\/read\/0077929743799fc86498c\">Enlla\u00e7<\/a><\/p>\n<p>Pla de funcionament de menjador<br \/>\n<a href=\"https:\/\/www.calameo.com\/books\/0077929748d0fcf596147\">Enlla\u00e7<\/a><\/p>\n<p>Pla de funcionament de transport<br \/>\n<a href=\"https:\/\/www.calameo.com\/read\/007792974105a6e94db86\">Enlla\u00e7<\/a><\/p>\n","protected":false},"author":1,"featured_media":0,"parent":0,"menu_order":0,"comment_status":"closed","ping_status":"closed","template":"","meta":{"_bbp_topic_count":0,"_bbp_reply_count":0,"_bbp_total_topic_count":0,"_bbp_total_reply_count":0,"_bbp_voice_count":0,"_bbp_anonymous_reply_count":0,"_bbp_topic_count_hidden":0,"_bbp_reply_count_hidden":0,"_bbp_forum_subforum_count":0,"footnotes":""},"class_list":["post-510","page","type-page","status-publish","hentry"],"post_mailing_queue_ids":[],"_links":{"self":[{"href":"https:\/\/agora.xtec.cat\/iemontsant\/wp-json\/wp\/v2\/pages\/510","targetHints":{"allow":["GET"]}}],"collection":[{"href":"https:\/\/agora.xtec.cat\/iemontsant\/wp-json\/wp\/v2\/pages"}],"about":[{"href":"https:\/\/agora.xtec.cat\/iemontsant\/wp-json\/wp\/v2\/types\/page"}],"author":[{"embeddable":true,"href":"https:\/\/agora.xtec.cat\/iemontsant\/wp-json\/wp\/v2\/users\/1"}],"replies":[{"embeddable":true,"href":"https:\/\/agora.xtec.cat\/iemontsant\/wp-json\/wp\/v2\/comments?post=510"}],"version-history":[{"count":6,"href":"https:\/\/agora.xtec.cat\/iemontsant\/wp-json\/wp\/v2\/pages\/510\/revisions"}],"predecessor-version":[{"id":1484,"href":"https:\/\/agora.xtec.cat\/iemontsant\/wp-json\/wp\/v2\/pages\/510\/revisions\/1484"}],"wp:attachment":[{"href":"https:\/\/agora.xtec.cat\/iemontsant\/wp-json\/wp\/v2\/media?parent=510"}],"curies":[{"name":"wp","href":"https:\/\/api.w.org\/{rel}","templated":true}]}}