{"id":46,"date":"2014-09-17T16:53:45","date_gmt":"2014-09-17T16:53:45","guid":{"rendered":"http:\/\/agora.xtec.cat\/iemontsant\/?page_id=46"},"modified":"2025-09-24T11:36:10","modified_gmt":"2025-09-24T09:36:10","slug":"organigrama","status":"publish","type":"page","link":"https:\/\/agora.xtec.cat\/iemontsant\/linstitut\/organigrama\/","title":{"rendered":"Organigrama"},"content":{"rendered":"<p><strong>Equip directiu<\/strong><\/p>\n<ul>\n<li><span style=\"font-size: medium;\">Directora: M\u00f2nica Gandux\u00e9<\/span><\/li>\n<li>Cap d&#8217;Estudis Prim\u00e0ria: Mireia Abell\u00f3<\/li>\n<li>Coordinadora pedag\u00f2gica: Blanca Torres<\/li>\n<li>Secretari: Eduard Serrano<\/li>\n<\/ul>\n<p><strong>Equip educatiu<\/strong><\/p>\n<table>\n<tbody>\n<tr>\n<td><span style=\"font-weight: 400;\">Alba Suanes<\/span><\/td>\n<td><span style=\"font-weight: 400;\">Petits<\/span><\/td>\n<td><span style=\"font-weight: 400;\">Tutora petits, coordinadora de suport a la documentaci\u00f3.<\/span><\/td>\n<\/tr>\n<tr>\n<td><span style=\"font-weight: 400;\">Neus Figueres<\/span><\/td>\n<td><span style=\"font-weight: 400;\">Petits<\/span><\/td>\n<td><span style=\"font-weight: 400;\">Tutora petits, Coordinadora petits<\/span><\/td>\n<\/tr>\n<tr>\n<td><span style=\"font-weight: 400;\">N\u00faria Tarr\u00e9s<\/span><\/td>\n<td><span style=\"font-weight: 400;\">Mitjans<\/span><\/td>\n<td><span style=\"font-weight: 400;\">Tutora mitjans, coordinadora de prim\u00e0ria<\/span><\/td>\n<\/tr>\n<tr>\n<td><span style=\"font-weight: 400;\">Rosa Bayo<\/span><\/td>\n<td><span style=\"font-weight: 400;\">Mitjans<\/span><\/td>\n<td><span style=\"font-weight: 400;\">Tutora mitjans<\/span><\/td>\n<\/tr>\n<tr>\n<td><span style=\"font-weight: 400;\">Montse Fabra<\/span><\/td>\n<td><span style=\"font-weight: 400;\">Petits, mitjans, grans<\/span><\/td>\n<td><span style=\"font-weight: 400;\">Angl\u00e8s a infantil i prim\u00e0ria\u00a0<\/span><\/td>\n<\/tr>\n<tr>\n<td><span style=\"font-weight: 400;\">Maria Cros \/ M\u00f2nica Cochs<\/span><\/td>\n<td><span style=\"font-weight: 400;\">Grans\u00a0<\/span><\/td>\n<td><span style=\"font-weight: 400;\">Tutora grans<\/span><\/td>\n<\/tr>\n<tr>\n<td><span style=\"font-weight: 400;\">Carles Vidal<\/span><\/td>\n<td><span style=\"font-weight: 400;\">Grans<\/span><\/td>\n<td><span style=\"font-weight: 400;\">Tutor grans i docent m\u00fasica<\/span><\/td>\n<\/tr>\n<tr>\n<td><span style=\"font-weight: 400;\">Anel Salvad\u00f3<\/span><\/td>\n<td><span style=\"font-weight: 400;\">Joves, grans<\/span><\/td>\n<td><span style=\"font-weight: 400;\">Tutor de 1r d\u2019ESO, docent de ViP i Art a grans<\/span><\/td>\n<\/tr>\n<tr>\n<td><span style=\"font-weight: 400;\">Rosa Peris<\/span><\/td>\n<td><span style=\"font-weight: 400;\">Joves<\/span><\/td>\n<td><span style=\"font-weight: 400;\">Tutor de 1rd\u2019ESO, docent de matem\u00e0tiques, coordinadora de suport inform\u00e0tic<\/span><\/td>\n<\/tr>\n<tr>\n<td><span style=\"font-weight: 400;\">Marta Reig<\/span><\/td>\n<td><span style=\"font-weight: 400;\">Joves<\/span><\/td>\n<td><span style=\"font-weight: 400;\">Tutora 2n d\u2019ESO, docent\u00a0 F\u00edsica i Qu\u00edmica, coordinadora de joves<\/span><\/td>\n<\/tr>\n<tr>\n<td><span style=\"font-weight: 400;\">Verd Gatell<\/span><\/td>\n<td><span style=\"font-weight: 400;\">Joves<\/span><\/td>\n<td><span style=\"font-weight: 400;\">Tutor 2n d\u2019ESO, docent de castell\u00e0<\/span><\/td>\n<\/tr>\n<tr>\n<td><span style=\"font-weight: 400;\">Marta Arana<\/span><\/td>\n<td><span style=\"font-weight: 400;\">Joves<\/span><\/td>\n<td><span style=\"font-weight: 400;\">Tutora de 3r d\u2019ESO, docent de tecnologia.<\/span><\/td>\n<\/tr>\n<tr>\n<td><span style=\"font-weight: 400;\">Ismael Lancharro<\/span><\/td>\n<td><span style=\"font-weight: 400;\">Joves<\/span><\/td>\n<td><span style=\"font-weight: 400;\">Tutor de 3r d\u2019ESO, docent d\u2019angl\u00e8s, coordinador de Riscos Laborals<\/span><\/td>\n<\/tr>\n<tr>\n<td><span style=\"font-weight: 400;\">Josep Artigas<\/span><\/td>\n<td><span style=\"font-weight: 400;\">Joves<\/span><\/td>\n<td><span style=\"font-weight: 400;\">Tutora 4t d\u2019ESO, docent catal\u00e0.<\/span><\/td>\n<\/tr>\n<tr>\n<td><span style=\"font-weight: 400;\">Laura Mart\u00ednez<\/span><\/td>\n<td><span style=\"font-weight: 400;\">Joves<\/span><\/td>\n<td><span style=\"font-weight: 400;\">Tutora de 4t\u00a0 d\u2019ESO, docent socials<\/span><\/td>\n<\/tr>\n<tr>\n<td><span style=\"font-weight: 400;\">Blanca Torres<\/span><\/td>\n<td><span style=\"font-weight: 400;\">Joves<\/span><\/td>\n<td><span style=\"font-weight: 400;\">Tutora de 4t ESO, docent Biologia i geologia, coordinadora Joves<\/span><\/td>\n<\/tr>\n<tr>\n<td><span style=\"font-weight: 400;\">Auri Cail\u00e0<\/span><\/td>\n<td><span style=\"font-weight: 400;\">Joves<\/span><\/td>\n<td><span style=\"font-weight: 400;\">Emprenedoria, orientaci\u00f3 i psicopedagogia referent de coeducaci\u00f3 i perspectiva de g\u00e8nere<\/span><\/td>\n<\/tr>\n<tr>\n<td><span style=\"font-weight: 400;\">Kiko Sol\u00f3rzano<\/span><\/td>\n<td><span style=\"font-weight: 400;\">Joves<\/span><\/td>\n<td><span style=\"font-weight: 400;\">Docent educaci\u00f3 f\u00edsica, coordinador del PCEE.\u00a0<\/span><\/td>\n<\/tr>\n<tr>\n<td><span style=\"font-weight: 400;\">Carina Asensi<\/span><\/td>\n<td><span style=\"font-weight: 400;\">Joves<\/span><\/td>\n<td><span style=\"font-weight: 400;\">Docent de M\u00fasica<\/span><\/td>\n<\/tr>\n<tr>\n<td><span style=\"font-weight: 400;\">T\u00e0nia Raga<\/span><\/td>\n<td><span style=\"font-weight: 400;\">Mitjans, grans i joves<\/span><\/td>\n<td><span style=\"font-weight: 400;\">Religi\u00f3 prim\u00e0ria i ESO<\/span><\/td>\n<\/tr>\n<tr>\n<td><span style=\"font-weight: 400;\">Pepi C\u00e1ceres<\/span><\/td>\n<td><span style=\"font-weight: 400;\">Petits, mitjans, grans.<\/span><\/td>\n<td><span style=\"font-weight: 400;\">Suport infantil i prim\u00e0ria.<\/span><\/td>\n<\/tr>\n<tr>\n<td><span style=\"font-weight: 400;\">M\u00f2nica Gandux\u00e9<\/span><\/td>\n<td><span style=\"font-weight: 400;\">Petits, mitjans, grans i joves<\/span><\/td>\n<td><span style=\"font-weight: 400;\">Directora del centre,\u00a0 suports<\/span><\/td>\n<\/tr>\n<tr>\n<td><span style=\"font-weight: 400;\">Eduard Serrano<\/span><\/td>\n<td><span style=\"font-weight: 400;\">Mitjans, grans i joves<\/span><\/td>\n<td><span style=\"font-weight: 400;\">Secretari, educaci\u00f3 f\u00edsica prim\u00e0ria i coordinador TAC<\/span><\/td>\n<\/tr>\n<tr>\n<td><span style=\"font-weight: 400;\">Blanca Torres<\/span><\/td>\n<td><span style=\"font-weight: 400;\">Joves<\/span><\/td>\n<td><span style=\"font-weight: 400;\"> Coordinadora Pedag\u00f2gica i docent Biologia i geologia.<\/span><\/td>\n<\/tr>\n<tr>\n<td><span style=\"font-weight: 400;\">Mireia Abell\u00f3<\/span><\/td>\n<td><span style=\"font-weight: 400;\">Petits, mitjans, grans i joves<\/span><\/td>\n<td><span style=\"font-weight: 400;\">Cap d\u2019estudis, suports<\/span><\/td>\n<\/tr>\n<\/tbody>\n<\/table>\n<p><strong>Personal PAS<\/strong><\/p>\n<ul>\n<li>Subaltern: Joan Roig<\/li>\n<li>Administrativa: Mar Llurba<\/li>\n<\/ul>\n<p><strong>Personal extern<\/strong><\/p>\n<ul>\n<li><strong>EAP<\/strong>\n<ul>\n<li>Ta\u00eds Sim\u00f3<\/li>\n<\/ul>\n<\/li>\n<li><strong>Treballadora social<\/strong>\n<ul>\n<li>Merc\u00e8 Tartera<\/li>\n<\/ul>\n<\/li>\n<li><strong>CREDA<\/strong>\n<ul>\n<li>Pendent de confirmar<\/li>\n<\/ul>\n<\/li>\n<li><strong>Assessora LIC\/Llengua i Cohesi\u00f3 social<\/strong>\n<ul>\n<li>L\u00eddia Mass\u00f3<\/li>\n<\/ul>\n<\/li>\n<li><strong>Personal de transport<\/strong>\n<ul>\n<li>Magda Campi\u00f1a (monitora l\u00ednia de Prades)<\/li>\n<li>Anna Maria Juncosa (monitora l\u00ednia d&#8217;Ulldemolins)<\/li>\n<li>Larisa Clepa (monitora l\u00ednia Poboleda)<\/li>\n<li>Maria Teresa Sent\u00eds (monitora l\u00ednia Scaladei-La Morera)<\/li>\n<\/ul>\n<\/li>\n<li><strong>Personal de menjador<\/strong>\n<ul>\n<li>Cuinera i coordinadora: Berta Gonz\u00e0lez.<\/li>\n<li>Monitores: Eva Sent\u00eds, <span style=\"font-weight: 400;\">Gemma Martinez<\/span>, <span style=\"font-weight: 400;\">J\u00falia Quero Guerrero<\/span>, N\u00faria Gomis.<\/li>\n<\/ul>\n<\/li>\n<li><strong>Personal de salut<\/strong>\n<ul>\n<li>Irene Gallego<\/li>\n<li>Anna Tost<\/li>\n<li>Violeta Castellv\u00ed<\/li>\n<\/ul>\n<\/li>\n<li><strong>Altre personal del centre:<\/strong>\n<ul>\n<li>Cl\u00e0udia Bonet: Vetlladora<\/li>\n<\/ul>\n<\/li>\n<li><strong>Equip de l&#8217;Oficina Jove del Priorat<\/strong>\n<ul>\n<li>Responsable de l&#8217;OJ: Marc Vernet<\/li>\n<li>Referent d&#8217;ocupaci\u00f3 de l&#8217;OJ: Eloi Giralt<\/li>\n<li>Informadora Juvenil: Eli Garcia<\/li>\n<li>T\u00e8cnica Referent d&#8217;Emancipaci\u00f3 i Inclusi\u00f3 Juvenil: Eli Sed\u00f3<\/li>\n<li>Psic\u00f2loga i coordinadora del SIAD: S\u00f3nia Coca<\/li>\n<li>T\u00e8cnics Comarcals de Joventut: Jose Maria Coll &#8211; Pol Pena<\/li>\n<\/ul>\n<\/li>\n<\/ul>\n","protected":false},"excerpt":{"rendered":"<p>Equip directiu<\/p>\n<ul>\n<li>Directora: M\u00f2nica Gandux\u00e9<\/li>\n<li>Cap d&#8217;Estudis Prim\u00e0ria: Mireia Abell\u00f3<\/li>\n<li>Coordinadora pedag\u00f2gica: Blanca Torres<\/li>\n<li>Secretari: Eduard Serrano<\/li>\n<\/ul>\n<p>Equip educatiu<\/p>\n<p>Alba Suanes<br \/>\nPetits<br \/>\nTutora petits, coordinadora de suport a la documentaci\u00f3.<\/p>\n<p>Neus Figueres<br \/>\nPetits<br \/>\nTutora petits, Coordinadora petits<\/p>\n<p>N\u00faria Tarr\u00e9s<br \/>\nMitjans<br \/>\nTutora mitjans, coordinadora de prim\u00e0ria<\/p>\n<p>Rosa Bayo<br \/>\nMitjans<br \/>\nTutora mitjans<\/p>\n<p>Montse Fabra<br \/>\nPetits, mitjans, grans<br \/>\nAngl\u00e8s a infantil i prim\u00e0ria\u00a0<\/p>\n<p>Maria Cros \/ M\u00f2nica Cochs<br \/>\nGrans\u00a0<br \/>\nTutora grans<\/p>\n<p>Carles&hellip;  <a href=\"https:\/\/agora.xtec.cat\/iemontsant\/linstitut\/organigrama\/\" title=\"Read Organigrama\">Llegeix m\u00e9s\u00bb<\/a><\/p>\n","protected":false},"author":1,"featured_media":0,"parent":19,"menu_order":50,"comment_status":"closed","ping_status":"closed","template":"page-templates\/side-menu.php","meta":{"_bbp_topic_count":0,"_bbp_reply_count":0,"_bbp_total_topic_count":0,"_bbp_total_reply_count":0,"_bbp_voice_count":0,"_bbp_anonymous_reply_count":0,"_bbp_topic_count_hidden":0,"_bbp_reply_count_hidden":0,"_bbp_forum_subforum_count":0,"footnotes":""},"class_list":["post-46","page","type-page","status-publish","hentry"],"post_mailing_queue_ids":[],"_links":{"self":[{"href":"https:\/\/agora.xtec.cat\/iemontsant\/wp-json\/wp\/v2\/pages\/46","targetHints":{"allow":["GET"]}}],"collection":[{"href":"https:\/\/agora.xtec.cat\/iemontsant\/wp-json\/wp\/v2\/pages"}],"about":[{"href":"https:\/\/agora.xtec.cat\/iemontsant\/wp-json\/wp\/v2\/types\/page"}],"author":[{"embeddable":true,"href":"https:\/\/agora.xtec.cat\/iemontsant\/wp-json\/wp\/v2\/users\/1"}],"replies":[{"embeddable":true,"href":"https:\/\/agora.xtec.cat\/iemontsant\/wp-json\/wp\/v2\/comments?post=46"}],"version-history":[{"count":6,"href":"https:\/\/agora.xtec.cat\/iemontsant\/wp-json\/wp\/v2\/pages\/46\/revisions"}],"predecessor-version":[{"id":1457,"href":"https:\/\/agora.xtec.cat\/iemontsant\/wp-json\/wp\/v2\/pages\/46\/revisions\/1457"}],"up":[{"embeddable":true,"href":"https:\/\/agora.xtec.cat\/iemontsant\/wp-json\/wp\/v2\/pages\/19"}],"wp:attachment":[{"href":"https:\/\/agora.xtec.cat\/iemontsant\/wp-json\/wp\/v2\/media?parent=46"}],"curies":[{"name":"wp","href":"https:\/\/api.w.org\/{rel}","templated":true}]}}