{"id":43,"date":"2014-09-17T16:45:07","date_gmt":"2014-09-17T16:45:07","guid":{"rendered":"http:\/\/agora.xtec.cat\/iemontsant\/?page_id=43"},"modified":"2026-03-23T11:29:16","modified_gmt":"2026-03-23T10:29:16","slug":"consell-escolar","status":"publish","type":"page","link":"https:\/\/agora.xtec.cat\/iemontsant\/linstitut\/consell-escolar\/","title":{"rendered":"Consell escolar"},"content":{"rendered":"<p><span style=\"font-weight: 400;\">El consell escolar \u00e9s l&#8217;\u00f2rgan de participaci\u00f3 dels diferents sectors de la comunitat educativa en el govern dels centres.<\/span><\/p>\n<p><span style=\"font-weight: 400;\">El formen els representants de tota la comunitat educativa, \u00e9s a dir, direcci\u00f3, professors, alumnes, fam\u00edlies, AFA, personal d&#8217;administraci\u00f3 i serveis, i un representant de l&#8217;administraci\u00f3 local.<\/span><\/p>\n<p><span style=\"font-weight: 400;\">El consell escolar ha de designar un dels membres com a responsable per impulsar les mesures educatives de foment de la igualtat real i efectiva entre homes i dones.<\/span><\/p>\n<p><span style=\"font-weight: 400;\">Es reuneix de manera ordin\u00e0ria tres vegades al trimestre i totes aquelles vegades que de manera extraordin\u00e0ria sigui d\u2019inter\u00e8s per a la comunitat educativa.<\/span><\/p>\n<p><b>4.1.COMPOSICI\u00d3 DEL CONSELL ESCOLAR\u00a0<\/b><\/p>\n<p><span style=\"font-weight: 400;\">Aquesta \u00e9s la composici\u00f3 resultant de les eleccions realitzades durant el es de novembre de 2021:<br \/>\n<\/span><\/p>\n<table style=\"width: 67.2526%; height: 580px;\">\n<tbody>\n<tr style=\"height: 32px;\">\n<td style=\"height: 32px; width: 25.9557%;\"><b>Representant<\/b><\/td>\n<td style=\"height: 32px; width: 72.4346%;\"><b>Funcions<\/b><\/td>\n<\/tr>\n<tr style=\"height: 32px;\">\n<td style=\"height: 32px; width: 25.9557%;\"><span style=\"font-weight: 400;\">M\u00f2nica Gandux\u00e9\u00a0<\/span><\/td>\n<td style=\"height: 32px; width: 72.4346%;\"><span style=\"font-weight: 400;\">Presidenta<\/span><\/td>\n<\/tr>\n<tr style=\"height: 32px;\">\n<td style=\"height: 32px; width: 25.9557%;\"><span style=\"font-weight: 400;\">Mireia Abell\u00f3\u00a0<\/span><\/td>\n<td style=\"height: 32px; width: 72.4346%;\"><span style=\"font-weight: 400;\">Cap d\u2019Estudis de prim\u00e0ria<\/span><\/td>\n<\/tr>\n<tr style=\"height: 48px;\">\n<td style=\"height: 48px; width: 25.9557%;\"><span style=\"font-weight: 400;\">Blanca Torres<\/span><\/td>\n<td style=\"height: 48px; width: 72.4346%;\"><span style=\"font-weight: 400;\">Coordinadora pedag\u00f2gica<\/span><\/td>\n<\/tr>\n<tr style=\"height: 32px;\">\n<td style=\"height: 32px; width: 25.9557%;\"><span style=\"font-weight: 400;\">Eduard Serrano<\/span><\/td>\n<td style=\"height: 32px; width: 72.4346%;\"><span style=\"font-weight: 400;\">Secretari<\/span><\/td>\n<\/tr>\n<tr style=\"height: 32px;\">\n<td style=\"height: 32px; width: 25.9557%;\"><span style=\"font-weight: 400;\">Carles Vidal<br \/>\n<\/span><\/td>\n<td style=\"height: 32px; width: 72.4346%;\"><span style=\"background-color: #ffffff;\">Representant de docents<\/span><\/td>\n<\/tr>\n<tr style=\"height: 32px;\">\n<td style=\"height: 32px; width: 25.9557%;\"><span style=\"background-color: #f9f9f9;\">Neus Figueres<\/span><\/td>\n<td style=\"height: 32px; width: 72.4346%;\"><span style=\"background-color: #f9f9f9;\">Representant de docents<\/span><\/td>\n<\/tr>\n<tr style=\"height: 32px;\">\n<td style=\"height: 32px; width: 25.9557%;\">Laura Mart\u00ednez<\/td>\n<td style=\"height: 32px; width: 72.4346%;\"><span style=\"font-weight: 400;\">Representant de docents<\/span><\/td>\n<\/tr>\n<tr>\n<td style=\"width: 25.9557%;\"><span style=\"background-color: #ffffff;\">Anel Salvad\u00f3<\/span><\/td>\n<td style=\"width: 72.4346%;\"><span style=\"font-weight: 400;\">Representant de docents<\/span><\/td>\n<\/tr>\n<tr style=\"height: 32px;\">\n<td style=\"height: 32px; width: 25.9557%;\">Josefa C\u00e0ceres<\/td>\n<td style=\"height: 32px; width: 72.4346%;\">Representant de docents<\/td>\n<\/tr>\n<tr style=\"height: 32px;\">\n<td style=\"height: 32px; width: 25.9557%;\"><span style=\"font-weight: 400;\">Mar Llurba<\/span><\/td>\n<td style=\"height: 32px; width: 72.4346%;\"><span style=\"font-weight: 400;\">Representant del PAS<\/span><\/td>\n<\/tr>\n<tr style=\"height: 32px;\">\n<td style=\"height: 32px; width: 25.9557%;\"><span style=\"background-color: #ffffff;\">Carles Must\u00e9<\/span><\/td>\n<td style=\"height: 32px; width: 72.4346%;\">Representant d&#8217;alumnes<\/td>\n<\/tr>\n<tr>\n<td style=\"width: 25.9557%;\">Eloi Ar\u00e9valo<\/td>\n<td style=\"width: 72.4346%;\"><span style=\"font-weight: 400;\">Representant d&#8217;alumnes<\/span><\/td>\n<\/tr>\n<tr style=\"height: 32px;\">\n<td style=\"height: 32px; width: 25.9557%;\">Berta Alfonseca<\/td>\n<td style=\"height: 32px; width: 72.4346%;\"><span style=\"font-weight: 400;\">Representant d\u2019alumnes<\/span><\/td>\n<\/tr>\n<tr style=\"height: 32px;\">\n<td style=\"height: 32px; width: 25.9557%;\">Rub\u00e9n Sabat\u00e9<\/td>\n<td style=\"height: 32px; width: 72.4346%;\"><span style=\"font-weight: 400;\">Representant de fam\u00edlies<\/span><\/td>\n<\/tr>\n<tr style=\"height: 32px;\">\n<td style=\"height: 32px; width: 25.9557%;\">Berta Gonz\u00e0lez<\/td>\n<td style=\"height: 32px; width: 72.4346%;\">Representant de fam\u00edlies<\/td>\n<\/tr>\n<tr style=\"height: 20px;\">\n<td style=\"width: 25.9557%; height: 20px;\">Enric P\u00e0mies<\/td>\n<td style=\"width: 72.4346%; height: 20px;\"><span style=\"font-weight: 400;\">Representant d\u2019AFA<br \/>\n<\/span><\/td>\n<\/tr>\n<tr style=\"height: 32px;\">\n<td style=\"height: 32px; width: 25.9557%;\"><span style=\"background-color: #f9f9f9;\">Meritxell Cardona<\/span><\/td>\n<td style=\"height: 32px; width: 72.4346%;\"><span style=\"background-color: #f9f9f9;\">Representant d\u2019ajuntament<\/span><\/td>\n<\/tr>\n<\/tbody>\n<\/table>\n<p>&nbsp;<\/p>\n<table style=\"border-collapse: collapse; width: 100%; height: 384px;\">\n<tbody>\n<tr style=\"height: 32px;\">\n<td style=\"width: 50.6757%; height: 32px;\">Acords consell escolar dia&#8230;.<\/td>\n<td style=\"width: 49.3243%; height: 32px;\">Document.<\/td>\n<\/tr>\n<tr style=\"height: 32px;\">\n<td style=\"width: 50.6757%; height: 32px;\">8 d&#8217;octubre de 2025<\/td>\n<td style=\"width: 49.3243%; height: 32px;\"><a href=\"https:\/\/www.calameo.com\/read\/007792974cba4945101cb\">ACORDS<\/a><\/td>\n<\/tr>\n<tr style=\"height: 32px;\">\n<td style=\"width: 50.6757%; height: 32px;\">2 de desembre de 2025<\/td>\n<td style=\"width: 49.3243%; height: 32px;\"><a href=\"https:\/\/www.calameo.com\/read\/007792974b01e74fb0148\">ACORDS<\/a><\/td>\n<\/tr>\n<tr style=\"height: 32px;\">\n<td style=\"width: 50.6757%; height: 32px;\">5 de febrer de 2026<\/td>\n<td style=\"width: 49.3243%; height: 32px;\"><a href=\"https:\/\/www.calameo.com\/read\/007792974848f6429a01d\">ACORDS<\/a><\/td>\n<\/tr>\n<tr style=\"height: 32px;\">\n<td style=\"width: 50.6757%; height: 32px;\">23 de mar\u00e7 de 2026<\/td>\n<td style=\"width: 49.3243%; height: 32px;\"><a href=\"https:\/\/www.calameo.com\/read\/0077929742fa84e158468\">ACORDS<\/a><\/td>\n<\/tr>\n<tr style=\"height: 32px;\">\n<td style=\"width: 50.6757%; height: 32px;\"><\/td>\n<td style=\"width: 49.3243%; height: 32px;\"><\/td>\n<\/tr>\n<tr style=\"height: 32px;\">\n<td style=\"width: 50.6757%; height: 32px;\"><\/td>\n<td style=\"width: 49.3243%; height: 32px;\"><\/td>\n<\/tr>\n<tr style=\"height: 32px;\">\n<td style=\"width: 50.6757%; height: 32px;\"><\/td>\n<td style=\"width: 49.3243%; height: 32px;\"><\/td>\n<\/tr>\n<tr style=\"height: 32px;\">\n<td style=\"width: 50.6757%; height: 32px;\"><\/td>\n<td style=\"width: 49.3243%; height: 32px;\"><\/td>\n<\/tr>\n<tr style=\"height: 32px;\">\n<td style=\"width: 50.6757%; height: 32px;\"><\/td>\n<td style=\"width: 49.3243%; height: 32px;\"><\/td>\n<\/tr>\n<tr style=\"height: 32px;\">\n<td style=\"width: 50.6757%; height: 32px;\"><\/td>\n<td style=\"width: 49.3243%; height: 32px;\"><\/td>\n<\/tr>\n<tr style=\"height: 32px;\">\n<td style=\"width: 50.6757%; height: 32px;\"><\/td>\n<td style=\"width: 49.3243%; height: 32px;\"><\/td>\n<\/tr>\n<\/tbody>\n<\/table>\n","protected":false},"excerpt":{"rendered":"<p>El consell escolar \u00e9s l&#8217;\u00f2rgan de participaci\u00f3 dels diferents sectors de la comunitat educativa en el govern dels centres.<br \/>\nEl formen els representants de tota la comunitat educativa, \u00e9s a dir, direcci\u00f3, professors, alumnes, fam\u00edlies, AFA, personal d&#8217;administraci\u00f3 i serveis, i un representant de l&#8217;administraci\u00f3 local.<br \/>\nEl&hellip;  <a href=\"https:\/\/agora.xtec.cat\/iemontsant\/linstitut\/consell-escolar\/\" title=\"Read Consell escolar\">Llegeix m\u00e9s\u00bb<\/a><\/p>\n","protected":false},"author":1,"featured_media":0,"parent":19,"menu_order":40,"comment_status":"closed","ping_status":"closed","template":"page-templates\/side-menu.php","meta":{"_bbp_topic_count":0,"_bbp_reply_count":0,"_bbp_total_topic_count":0,"_bbp_total_reply_count":0,"_bbp_voice_count":0,"_bbp_anonymous_reply_count":0,"_bbp_topic_count_hidden":0,"_bbp_reply_count_hidden":0,"_bbp_forum_subforum_count":0,"footnotes":""},"class_list":["post-43","page","type-page","status-publish","hentry"],"post_mailing_queue_ids":[],"_links":{"self":[{"href":"https:\/\/agora.xtec.cat\/iemontsant\/wp-json\/wp\/v2\/pages\/43","targetHints":{"allow":["GET"]}}],"collection":[{"href":"https:\/\/agora.xtec.cat\/iemontsant\/wp-json\/wp\/v2\/pages"}],"about":[{"href":"https:\/\/agora.xtec.cat\/iemontsant\/wp-json\/wp\/v2\/types\/page"}],"author":[{"embeddable":true,"href":"https:\/\/agora.xtec.cat\/iemontsant\/wp-json\/wp\/v2\/users\/1"}],"replies":[{"embeddable":true,"href":"https:\/\/agora.xtec.cat\/iemontsant\/wp-json\/wp\/v2\/comments?post=43"}],"version-history":[{"count":6,"href":"https:\/\/agora.xtec.cat\/iemontsant\/wp-json\/wp\/v2\/pages\/43\/revisions"}],"predecessor-version":[{"id":1502,"href":"https:\/\/agora.xtec.cat\/iemontsant\/wp-json\/wp\/v2\/pages\/43\/revisions\/1502"}],"up":[{"embeddable":true,"href":"https:\/\/agora.xtec.cat\/iemontsant\/wp-json\/wp\/v2\/pages\/19"}],"wp:attachment":[{"href":"https:\/\/agora.xtec.cat\/iemontsant\/wp-json\/wp\/v2\/media?parent=43"}],"curies":[{"name":"wp","href":"https:\/\/api.w.org\/{rel}","templated":true}]}}