{"id":27,"date":"2014-09-17T16:24:03","date_gmt":"2014-09-17T16:24:03","guid":{"rendered":"http:\/\/agora.xtec.cat\/iemontsant\/?page_id=27"},"modified":"2024-11-18T15:59:39","modified_gmt":"2024-11-18T14:59:39","slug":"historia","status":"publish","type":"page","link":"https:\/\/agora.xtec.cat\/iemontsant\/linstitut\/historia\/","title":{"rendered":"Hist\u00f2ria"},"content":{"rendered":"<p><span style=\"font-weight: 400;\">Cal fer esment que l\u2019Institut Escola Corbatera neix aquest curs 2019-20, per tant \u00e9s un centre de nova creaci\u00f3 que sorgeix fruit de la fusi\u00f3 de dos centres, l\u2019escola Dr. Pi\u00f1ol i Aguad\u00e9 i de l\u2019Institut Montsant de Cornudella de Montsant.\u00a0<\/span><\/p>\n<p><span style=\"font-weight: 400;\">El centre acull alumnat de tres etapes educatives: infantil, prim\u00e0ria i ESO. L\u2019alumnat d\u2019Infantil i prim\u00e0ria prov\u00e9 del propi municipi que inclou Siurana, i del municipi ve\u00ed, La Morera de Montsant que inclou Scala Dei.<\/span><\/p>\n<p><span style=\"font-weight: 400;\">L\u2019alumnat de l\u2019ESO, a m\u00e9s a m\u00e9s dels municipis esmentats, tamb\u00e9 prov\u00e9 de Prades que inclou Capafons i la Febr\u00f3, Poboleda i Ulldemolins, municipis que formen part de la ZER Montsant \u2013 Serra de Prades.\u00a0<\/span><\/p>\n<p><span style=\"font-weight: 400;\">Per aquest motiu el nostre centre t\u00e9 un especial lligam de coordinaci\u00f3 amb la ZER quant a Projecte Educatiu i, per tant, tamb\u00e9 en la PGA que es presenta, per una q\u00fcesti\u00f3 de coher\u00e8ncia pedag\u00f2gica i de cohesi\u00f3 de zona.<\/span><\/p>\n<p><iframe class=\"wp-embedded-content\" sandbox=\"allow-scripts\" security=\"restricted\" title=\"L&#039;institut Escola Corbatera\" frameborder='0' width='1200' height='675' src='https:\/\/view.genially.com\/604b7d04f617f30d8ebd081d#?secret=ZVhqfyQDPi' data-secret='ZVhqfyQDPi' scrolling='yes'><\/iframe><\/p>\n<p><a href=\"http:\/\/www.flickr.com\/photos\/126377747@N05\/15103917192\" target=\"_blank\" rel=\"noopener noreferrer\" data-v-4370462c=\"\">&#8220;<\/a><img loading=\"lazy\" decoding=\"async\" class=\"\" src=\"https:\/\/farm4.staticflickr.com\/3894\/15103917192_3aa66f703d_b.jpg\" alt=\"DSCF3827\" width=\"440\" height=\"587\" \/><\/p>\n<p><span style=\"color: #000000;\"><a style=\"color: #000000;\" href=\"http:\/\/www.flickr.com\/photos\/126377747@N05\/15103917192\" target=\"_blank\" rel=\"noopener noreferrer\" data-v-4370462c=\"\">DSCF3827&#8243;<\/a>\u00a0by\u00a0<a style=\"color: #000000;\" href=\"http:\/\/www.flickr.com\/photos\/126377747@N05\" target=\"_blank\" rel=\"noopener noreferrer\" data-v-4370462c=\"\">jesusmtibau<\/a>\u00a0is licensed under\u00a0<a class=\"photo_license\" style=\"color: #000000;\" href=\"https:\/\/creativecommons.org\/licenses\/by-nc-sa\/2.0\/?ref=ccsearch&amp;atype=rich\" target=\"_blank\" rel=\"noopener noreferrer\" data-v-4370462c=\"\">CC BY-NC-SA 2.0\u00a0<\/a><\/span><\/p>\n","protected":false},"excerpt":{"rendered":"<p>Cal fer esment que l\u2019Institut Escola Corbatera neix aquest curs 2019-20, per tant \u00e9s un centre de nova creaci\u00f3 que sorgeix fruit de la fusi\u00f3 de dos centres, l\u2019escola Dr. Pi\u00f1ol i Aguad\u00e9 i de l\u2019Institut Montsant de Cornudella de Montsant.\u00a0<br \/>\nEl centre acull alumnat de&hellip;  <a href=\"https:\/\/agora.xtec.cat\/iemontsant\/linstitut\/historia\/\" title=\"Read Hist\u00f2ria\">Llegeix m\u00e9s\u00bb<\/a><\/p>\n","protected":false},"author":1,"featured_media":0,"parent":19,"menu_order":20,"comment_status":"closed","ping_status":"closed","template":"page-templates\/side-menu.php","meta":{"_bbp_topic_count":0,"_bbp_reply_count":0,"_bbp_total_topic_count":0,"_bbp_total_reply_count":0,"_bbp_voice_count":0,"_bbp_anonymous_reply_count":0,"_bbp_topic_count_hidden":0,"_bbp_reply_count_hidden":0,"_bbp_forum_subforum_count":0,"footnotes":""},"class_list":["post-27","page","type-page","status-publish","hentry"],"post_mailing_queue_ids":[],"_links":{"self":[{"href":"https:\/\/agora.xtec.cat\/iemontsant\/wp-json\/wp\/v2\/pages\/27","targetHints":{"allow":["GET"]}}],"collection":[{"href":"https:\/\/agora.xtec.cat\/iemontsant\/wp-json\/wp\/v2\/pages"}],"about":[{"href":"https:\/\/agora.xtec.cat\/iemontsant\/wp-json\/wp\/v2\/types\/page"}],"author":[{"embeddable":true,"href":"https:\/\/agora.xtec.cat\/iemontsant\/wp-json\/wp\/v2\/users\/1"}],"replies":[{"embeddable":true,"href":"https:\/\/agora.xtec.cat\/iemontsant\/wp-json\/wp\/v2\/comments?post=27"}],"version-history":[{"count":4,"href":"https:\/\/agora.xtec.cat\/iemontsant\/wp-json\/wp\/v2\/pages\/27\/revisions"}],"predecessor-version":[{"id":1418,"href":"https:\/\/agora.xtec.cat\/iemontsant\/wp-json\/wp\/v2\/pages\/27\/revisions\/1418"}],"up":[{"embeddable":true,"href":"https:\/\/agora.xtec.cat\/iemontsant\/wp-json\/wp\/v2\/pages\/19"}],"wp:attachment":[{"href":"https:\/\/agora.xtec.cat\/iemontsant\/wp-json\/wp\/v2\/media?parent=27"}],"curies":[{"name":"wp","href":"https:\/\/api.w.org\/{rel}","templated":true}]}}