{"id":195,"date":"2014-09-22T10:39:39","date_gmt":"2014-09-22T10:39:39","guid":{"rendered":"http:\/\/agora.xtec.cat\/iemontsant\/?page_id=195"},"modified":"2023-10-30T06:56:33","modified_gmt":"2023-10-30T05:56:33","slug":"estudis","status":"publish","type":"page","link":"https:\/\/agora.xtec.cat\/iemontsant\/estudis\/","title":{"rendered":"Estudis"},"content":{"rendered":"<h1>ESTUDIS<\/h1>\n<p>L&#8217;<strong>Institut-Escola Montsant<\/strong> \u00e9s un centre 3-16, es a dir, podem trobar les tres etapes de l&#8217;ensenyament obligatori: <strong>Infantil<\/strong>, <strong>Prim\u00e0ria<\/strong> i <strong>ESO<\/strong>. En aquesta p\u00e0gina trobareu informaci\u00f3 sobre les tres etapes.<\/p>\n<p>Ens organitzem per comunitats:<\/p>\n<ul>\n<li>Comunitat de petits: correspon a l&#8217;educaci\u00f3 infantil (I3, I4 i I5).CFGM<\/li>\n<li>Comunitat de mitjans: correspon als primers tres cursos de l&#8217;educaci\u00f3 prim\u00e0ria (1r, 2n i 3r).<\/li>\n<li>Comunitat de grans: correspon als tres darrers cursos de l&#8217;educaci\u00f3 prim\u00e0ria (4t, 5\u00e8 i 6\u00e8).<\/li>\n<li>Comunitat de joves: correspon als quatre cursos de l&#8217;educaci\u00f3 secund\u00e0ria obligat\u00f2ria.<\/li>\n<\/ul>\n<div class=\"entry-content\" style=\"color: #444444;\">\n<p>&nbsp;<\/p>\n<header class=\"entry-header\"><\/header>\n<\/div>\n<div class=\"entry-content\" style=\"color: #444444;\">\n<div class=\"entry-content\"><\/div>\n<\/div>\n","protected":false},"excerpt":{"rendered":"<p>ESTUDIS<br \/>\nL&#8217;Institut-Escola Montsant \u00e9s un centre 3-16, es a dir, podem trobar les tres etapes de l&#8217;ensenyament obligatori: Infantil, Prim\u00e0ria i ESO. En aquesta p\u00e0gina trobareu informaci\u00f3 sobre les tres etapes.<br \/>\nEns organitzem per comunitats:<\/p>\n<ul>\n<li>Comunitat de petits: correspon a l&#8217;educaci\u00f3 infantil (I3, I4 i I5).CFGM<\/li>\n<li>Comunitat de mitjans:&hellip;  <a href=\"https:\/\/agora.xtec.cat\/iemontsant\/estudis\/\" title=\"Read Estudis\">Llegeix m\u00e9s\u00bb<\/a><br \/>\n","protected":false},"author":1,"featured_media":0,"parent":0,"menu_order":0,"comment_status":"closed","ping_status":"closed","template":"","meta":{"_bbp_topic_count":0,"_bbp_reply_count":0,"_bbp_total_topic_count":0,"_bbp_total_reply_count":0,"_bbp_voice_count":0,"_bbp_anonymous_reply_count":0,"_bbp_topic_count_hidden":0,"_bbp_reply_count_hidden":0,"_bbp_forum_subforum_count":0,"footnotes":""},"class_list":["post-195","page","type-page","status-publish","hentry"],"post_mailing_queue_ids":[],"_links":{"self":[{"href":"https:\/\/agora.xtec.cat\/iemontsant\/wp-json\/wp\/v2\/pages\/195","targetHints":{"allow":["GET"]}}],"collection":[{"href":"https:\/\/agora.xtec.cat\/iemontsant\/wp-json\/wp\/v2\/pages"}],"about":[{"href":"https:\/\/agora.xtec.cat\/iemontsant\/wp-json\/wp\/v2\/types\/page"}],"author":[{"embeddable":true,"href":"https:\/\/agora.xtec.cat\/iemontsant\/wp-json\/wp\/v2\/users\/1"}],"replies":[{"embeddable":true,"href":"https:\/\/agora.xtec.cat\/iemontsant\/wp-json\/wp\/v2\/comments?post=195"}],"version-history":[{"count":4,"href":"https:\/\/agora.xtec.cat\/iemontsant\/wp-json\/wp\/v2\/pages\/195\/revisions"}],"predecessor-version":[{"id":1268,"href":"https:\/\/agora.xtec.cat\/iemontsant\/wp-json\/wp\/v2\/pages\/195\/revisions\/1268"}],"wp:attachment":[{"href":"https:\/\/agora.xtec.cat\/iemontsant\/wp-json\/wp\/v2\/media?parent=195"}],"curies":[{"name":"wp","href":"https:\/\/api.w.org\/{rel}","templated":true}]}}