{"id":1292,"date":"2023-11-09T12:22:41","date_gmt":"2023-11-09T11:22:41","guid":{"rendered":"https:\/\/agora.xtec.cat\/iemontsant\/?page_id=1292"},"modified":"2025-09-24T09:16:10","modified_gmt":"2025-09-24T07:16:10","slug":"espai-familia","status":"publish","type":"page","link":"https:\/\/agora.xtec.cat\/iemontsant\/espai-familia\/","title":{"rendered":"Espai fam\u00edlia"},"content":{"rendered":"<h1 data-sourcepos=\"1:1-1:35\">Pla de digitalitzaci\u00f3 responsable<\/h1>\n<p>El Pla de digitalitzaci\u00f3 responsable interpel\u00b7la tota la comunitat educativa, i especialment les fam\u00edlies. Un dels punts del Pla \u00e9s l&#8217;eliminaci\u00f3 total en els centres educatius de l&#8217;\u00fas de tel\u00e8fons m\u00f2bils per part de l&#8217;alumnat a totes les etapes educatives obligat\u00f2ries. La prohibici\u00f3 inclou rellotges intel\u00b7ligents. Per aquest motiu, el Departament d&#8217;Educaci\u00f3 i Formaci\u00f3 Professional ha elaborat una guia per acompanyar-les en el proc\u00e9s de digitalitzaci\u00f3 responsable dels seus fills i filles.<\/p>\n<p><a href=\"https:\/\/objenv.gencat.cat\/v4\/public\/estadisticas\/link\/gencat_educacio\/2089\/2\/16703\/8e917434e1deb77cc675dbdbc8311679\/\" target=\"_blank\" rel=\"noopener\" data-saferedirecturl=\"https:\/\/www.google.com\/url?q=https:\/\/objenv.gencat.cat\/v4\/public\/estadisticas\/link\/gencat_educacio\/2089\/2\/16703\/8e917434e1deb77cc675dbdbc8311679\/&amp;source=gmail&amp;ust=1758782967011000&amp;usg=AOvVaw3-8wJaprRQBHdqyGjHGXtI\">Accediu a la guia per acompanyar les fam\u00edlies del Pla de digitalitzaci\u00f3 responsable<\/a><\/p>\n<p>Tamb\u00e9 podeu trobar:<\/p>\n<ul>\n<li>\n<div><a href=\"https:\/\/objenv.gencat.cat\/v4\/public\/estadisticas\/link\/gencat_educacio\/2089\/3\/16703\/8e917434e1deb77cc675dbdbc8311679\/\" target=\"_blank\" rel=\"noopener\" data-saferedirecturl=\"https:\/\/www.google.com\/url?q=https:\/\/objenv.gencat.cat\/v4\/public\/estadisticas\/link\/gencat_educacio\/2089\/3\/16703\/8e917434e1deb77cc675dbdbc8311679\/&amp;source=gmail&amp;ust=1758782967011000&amp;usg=AOvVaw19nm5rq0mL8qfPkdO4V1gj\">una presentaci\u00f3<\/a>\u00a0on s\u2019expliquen les mesures principals del Pla, i<\/div>\n<\/li>\n<li>\n<div><a href=\"https:\/\/objenv.gencat.cat\/v4\/public\/estadisticas\/link\/gencat_educacio\/2089\/4\/16703\/8e917434e1deb77cc675dbdbc8311679\/\" target=\"_blank\" rel=\"noopener\" data-saferedirecturl=\"https:\/\/www.google.com\/url?q=https:\/\/objenv.gencat.cat\/v4\/public\/estadisticas\/link\/gencat_educacio\/2089\/4\/16703\/8e917434e1deb77cc675dbdbc8311679\/&amp;source=gmail&amp;ust=1758782967011000&amp;usg=AOvVaw1ZkDEpCAhuNzbCpxRCkns7\">un videoresum<\/a>\u00a0de la iniciativa.<\/div>\n<\/li>\n<\/ul>\n<h1 data-sourcepos=\"1:1-1:35\"><strong>L&#8217;\u00fas del m\u00f2bil\u00a0<\/strong><\/h1>\n<p data-sourcepos=\"3:1-3:288\">L&#8217;\u00fas del m\u00f2bil \u00e9s una realitat quotidiana per a la majoria de les fam\u00edlies. Els m\u00f2bils poden ser una eina molt \u00fatil per a l&#8217;aprenentatge, la comunicaci\u00f3 i l&#8217;oci. No obstant aix\u00f2, tamb\u00e9 poden representar riscos, com ara l&#8217;addicci\u00f3, el ciberassetjament o l&#8217;exposici\u00f3 a contingut inadequat.<\/p>\n<p data-sourcepos=\"5:1-5:173\">Per aquest motiu, el nostre centre educatiu considera important que fam\u00edlies i alumnat treballem junts per aconseguir un \u00fas responsable i segur dels m\u00f2bils.<\/p>\n<p data-sourcepos=\"7:1-7:30\"><strong>Informaci\u00f3 i recomanacions<\/strong><\/p>\n<p data-sourcepos=\"9:1-9:229\">En aquest espai trobareu informaci\u00f3 i recomanacions sobre l&#8217;\u00fas del m\u00f2bil. Aquestes recomanacions estan dirigides a fam\u00edlies i alumnat, i tenen com a objectiu ajudar-los a crear h\u00e0bits saludables d&#8217;\u00fas dels m\u00f2bils.<\/p>\n<p data-sourcepos=\"11:1-11:67\">Esperem que aquesta informaci\u00f3 i recomanacions us siguin \u00fatils.<\/p>\n<h2><strong>Enlla\u00e7os amb recomanacions de l&#8217;\u00fas del m\u00f2bil segons edat.<\/strong><\/h2>\n<p><span style=\"text-decoration: underline;\"><a href=\"https:\/\/drive.google.com\/file\/d\/1C_zcXW_hOtEeiHdkFzeZgSrwgB4d3SH7\/view?usp=sharing\">Per a infants de 0 a 12 anys<\/a><\/span><\/p>\n<p><span style=\"text-decoration: underline;\"><a href=\"https:\/\/drive.google.com\/file\/d\/1t8ErgVwS6Uj-4guc6YBgRzzSm5exwnv-\/view?usp=drive_link\">Per a adolescent de 12 a 16 anys<\/a><\/span><\/p>\n<p>&nbsp;<\/p>\n<h2><strong>Guia per a fam\u00edlies cruels i malvades en versi\u00f3 digital de Som Connexi\u00f3.\u00a0<\/strong><\/h2>\n<p>A la guia trobareu informaci\u00f3, bons consells, i algunes estrat\u00e8gies, com per exemple:<\/p>\n<ul>\n<li aria-level=\"1\">Iniciar la incorporaci\u00f3 a aquesta tecnologia amb un\u00a0<strong>dispositiu familiar d\u2019\u00fas compartit\u00a0<\/strong>al qual tenen un acc\u00e9s limitat i en pres\u00e8ncia d\u2019un adult.<\/li>\n<li aria-level=\"1\">Una<a href=\"https:\/\/somconnexio.coop\/wp-content\/uploads\/2022\/05\/plantilla-pacte-us.pdf\">\u00a0<span style=\"text-decoration: underline;\">plantilla de pacte d\u2019\u00fas<\/span><\/a>, exemple que us servir\u00e0 per arribar a acords amb ells i elles i que podeu anar ampliant o restringint segons la maduresa del vostre fill o filla durant el proc\u00e9s d\u2019incorporaci\u00f3 del m\u00f2bil.<\/li>\n<\/ul>\n<p><span style=\"text-decoration: underline;\"><a href=\"https:\/\/agora.xtec.cat\/iemontsant\/wp-content\/uploads\/usu1605\/2023\/11\/GuiaSomConnexioCatOnline.pdf\">Enlla\u00e7 a la guia<\/a><\/span><\/p>\n<p>M\u00e9s informaci\u00f3 a la p\u00e0gina de <span style=\"text-decoration: underline;\"><a href=\"https:\/\/somconnexio.coop\/arriba-la-guia-per-a-families-cruels-i-malvades-en-versio-digital\/\">Som Connexi\u00f3.<\/a><\/span><\/p>\n<p>&nbsp;<\/p>\n<h2><strong>P\u00e0gina del departament d&#8217;educaci\u00f3 sobre el bon \u00fas de les tecnologies.\u00a0<\/strong><\/h2>\n<p><span style=\"text-decoration: underline;\"><a href=\"https:\/\/educacio.gencat.cat\/ca\/arees-actuacio\/families\/us-tecnologies\/us-saludable-tecnologies\/\">Enlla\u00e7 a la p\u00e0gina<\/a><\/span><\/p>\n<p>&nbsp;<\/p>\n<p>&nbsp;<\/p>\n","protected":false},"excerpt":{"rendered":"<p>Pla de digitalitzaci\u00f3 responsable<br \/>\nEl Pla de digitalitzaci\u00f3 responsable interpel\u00b7la tota la comunitat educativa, i especialment les fam\u00edlies. Un dels punts del Pla \u00e9s l&#8217;eliminaci\u00f3 total en els centres educatius de l&#8217;\u00fas de tel\u00e8fons m\u00f2bils per part de l&#8217;alumnat a totes les etapes educatives obligat\u00f2ries. La&hellip;  <a href=\"https:\/\/agora.xtec.cat\/iemontsant\/espai-familia\/\" title=\"Read Espai fam\u00edlia\">Llegeix m\u00e9s\u00bb<\/a><\/p>\n","protected":false},"author":1,"featured_media":0,"parent":0,"menu_order":0,"comment_status":"closed","ping_status":"closed","template":"","meta":{"_bbp_topic_count":0,"_bbp_reply_count":0,"_bbp_total_topic_count":0,"_bbp_total_reply_count":0,"_bbp_voice_count":0,"_bbp_anonymous_reply_count":0,"_bbp_topic_count_hidden":0,"_bbp_reply_count_hidden":0,"_bbp_forum_subforum_count":0,"footnotes":""},"class_list":["post-1292","page","type-page","status-publish","hentry"],"post_mailing_queue_ids":[],"_links":{"self":[{"href":"https:\/\/agora.xtec.cat\/iemontsant\/wp-json\/wp\/v2\/pages\/1292","targetHints":{"allow":["GET"]}}],"collection":[{"href":"https:\/\/agora.xtec.cat\/iemontsant\/wp-json\/wp\/v2\/pages"}],"about":[{"href":"https:\/\/agora.xtec.cat\/iemontsant\/wp-json\/wp\/v2\/types\/page"}],"author":[{"embeddable":true,"href":"https:\/\/agora.xtec.cat\/iemontsant\/wp-json\/wp\/v2\/users\/1"}],"replies":[{"embeddable":true,"href":"https:\/\/agora.xtec.cat\/iemontsant\/wp-json\/wp\/v2\/comments?post=1292"}],"version-history":[{"count":6,"href":"https:\/\/agora.xtec.cat\/iemontsant\/wp-json\/wp\/v2\/pages\/1292\/revisions"}],"predecessor-version":[{"id":1446,"href":"https:\/\/agora.xtec.cat\/iemontsant\/wp-json\/wp\/v2\/pages\/1292\/revisions\/1446"}],"wp:attachment":[{"href":"https:\/\/agora.xtec.cat\/iemontsant\/wp-json\/wp\/v2\/media?parent=1292"}],"curies":[{"name":"wp","href":"https:\/\/api.w.org\/{rel}","templated":true}]}}