{"id":941,"date":"2019-12-02T01:14:21","date_gmt":"2019-12-02T00:14:21","guid":{"rendered":"https:\/\/agora.xtec.cat\/iemontagut\/?page_id=941"},"modified":"2025-10-17T12:40:08","modified_gmt":"2025-10-17T10:40:08","slug":"equip-huma-ie-montagut","status":"publish","type":"page","link":"https:\/\/agora.xtec.cat\/iemontagut\/lescola\/equip-huma-ie-montagut\/","title":{"rendered":"Equip hum\u00e0 IE Montagut"},"content":{"rendered":"<div dir=\"ltr\" align=\"center\">\n<p><span style=\"color: #339966;\"><strong>EQUIP DOCENT 2025-26<\/strong><\/span><\/p>\n<ol>\n<li style=\"list-style-type: none;\">\u00a0<\/li>\n<\/ol>\n<div dir=\"ltr\" align=\"center\">\n<table><colgroup> <col width=\"234\" \/> <col width=\"234\" \/><\/colgroup>\n<tbody>\n<tr>\n<td colspan=\"2\">\n<p dir=\"ltr\"><strong>EQUIP DIRECTIU<\/strong><\/p>\n<\/td>\n<\/tr>\n<tr>\n<td>\n<p dir=\"ltr\">DIRECTORA<\/p>\n<\/td>\n<td>\n<p dir=\"ltr\">Montse Rodr\u00edguez<\/p>\n<\/td>\n<\/tr>\n<tr>\n<td>\n<p dir=\"ltr\">CAP D\u2019ESTUDIS PRIM.<\/p>\n<\/td>\n<td>\n<p dir=\"ltr\"><span style=\"font-weight: 400;\">Judith Massagu\u00e9<\/span><\/p>\n<\/td>\n<\/tr>\n<tr>\n<td>\n<p dir=\"ltr\">CAP D&#8217;ESTUDIS SEC.<\/p>\n<\/td>\n<td>\n<p dir=\"ltr\">Laia Duran<\/p>\n<\/td>\n<\/tr>\n<tr>\n<td>\n<p dir=\"ltr\">COORDINADOR PEDAG\u00d2GIC<\/p>\n<\/td>\n<td>\n<p dir=\"ltr\">Josep Calataiud<\/p>\n<\/td>\n<\/tr>\n<tr>\n<td>\n<p dir=\"ltr\">SECRET\u00c0RIA<\/p>\n<\/td>\n<td>\n<p dir=\"ltr\">Olga Chinchilla<\/p>\n<\/td>\n<\/tr>\n<\/tbody>\n<\/table>\n<\/div>\n<div dir=\"ltr\" align=\"center\">\n<table style=\"width: 92.5%; height: 475px;\"><colgroup> <col width=\"470\" \/><\/colgroup>\n<tbody>\n<tr style=\"height: 68px;\">\n<td style=\"height: 68px;\">\n<p dir=\"ltr\"><strong>CONSELL DE DIRECCI\u00d3<\/strong><\/p>\n<\/td>\n<\/tr>\n<tr style=\"height: 68px;\">\n<td style=\"height: 68px;\">\n<p dir=\"ltr\">Montse Rodr\u00edguez<\/p>\n<\/td>\n<\/tr>\n<tr style=\"height: 68px;\">\n<td style=\"height: 68px;\">\n<p dir=\"ltr\">Judith Massagu\u00e9<\/p>\n<\/td>\n<\/tr>\n<tr style=\"height: 68px;\">\n<td style=\"height: 68px;\">\n<p dir=\"ltr\">Laia Duran<\/p>\n<\/td>\n<\/tr>\n<tr style=\"height: 68px;\">\n<td style=\"height: 68px;\">\n<p dir=\"ltr\">Olga Chinchilla<\/p>\n<\/td>\n<\/tr>\n<\/tbody>\n<\/table>\n<\/div>\n<div dir=\"ltr\" align=\"center\">\n<table style=\"width: 71.7011%; height: 1169px;\"><colgroup> <col width=\"234\" \/> <col width=\"234\" \/><\/colgroup>\n<tbody>\n<tr style=\"height: 57px;\">\n<td style=\"width: 151.845%; height: 57px;\" colspan=\"2\">\n<p dir=\"ltr\"><strong>TUTORIES<\/strong><\/p>\n<\/td>\n<\/tr>\n<tr style=\"height: 57px;\">\n<td style=\"width: 57.7657%; height: 57px;\">\n<p dir=\"ltr\">EDUCACI\u00d3 INFANTIL I3<\/p>\n<\/td>\n<td style=\"width: 94.0796%; height: 57px;\">\n<p dir=\"ltr\"><span style=\"font-weight: 400;\">Anna Torrent<\/span><\/p>\n<\/td>\n<\/tr>\n<tr style=\"height: 57px;\">\n<td style=\"width: 57.7657%; height: 57px;\">\n<p dir=\"ltr\">EDUCACI\u00d3 INFANTIL I4<\/p>\n<\/td>\n<td style=\"width: 94.0796%; height: 57px;\">\n<p dir=\"ltr\"><span style=\"font-weight: 400;\">Marifeli Carrillo<\/span><\/p>\n<\/td>\n<\/tr>\n<tr>\n<td style=\"width: 57.7657%;\">\n<p dir=\"ltr\">EDUCACI\u00d3 INFANTIL I5 A<\/p>\n<\/td>\n<td style=\"width: 94.0796%;\">\n<p dir=\"ltr\"><span style=\"font-weight: 400;\">Regina Balastegui<\/span><\/p>\n<\/td>\n<\/tr>\n<tr style=\"height: 57px;\">\n<td style=\"width: 57.7657%; height: 57px;\">\n<p dir=\"ltr\">EDUCACI\u00d3 INFANTIL I5 B<\/p>\n<\/td>\n<td style=\"width: 94.0796%; height: 57px;\">\n<p dir=\"ltr\"><span style=\"font-weight: 400;\">Meritxell Xubet i Anna Serrano<\/span><\/p>\n<\/td>\n<\/tr>\n<tr style=\"height: 57px;\">\n<td style=\"width: 57.7657%; height: 57px;\">\n<p dir=\"ltr\">CICLE INICIAL 1r<\/p>\n<\/td>\n<td style=\"width: 94.0796%; height: 57px;\">\n<p dir=\"ltr\"><span style=\"font-weight: 400;\">Yasmina Janer<\/span><\/p>\n<\/td>\n<\/tr>\n<tr style=\"height: 57px;\">\n<td style=\"width: 57.7657%; height: 57px;\">\n<p dir=\"ltr\">CICLE INICIAL 2n A<\/p>\n<\/td>\n<td style=\"width: 94.0796%; height: 57px;\">\n<p dir=\"ltr\"><span style=\"font-weight: 400;\">J\u00falia Ramiro<\/span><\/p>\n<\/td>\n<\/tr>\n<tr style=\"height: 57px;\">\n<td style=\"width: 57.7657%; height: 57px;\">\n<p dir=\"ltr\">CICLE INICIAL 2n B<\/p>\n<\/td>\n<td style=\"width: 94.0796%; height: 57px;\">\n<p dir=\"ltr\"><span style=\"font-weight: 400;\">Marta Quevedo<\/span><\/p>\n<\/td>\n<\/tr>\n<tr style=\"height: 57px;\">\n<td style=\"width: 57.7657%; height: 57px;\">\n<p dir=\"ltr\">CICLE MITJ\u00c0 3r<\/p>\n<\/td>\n<td style=\"width: 94.0796%; height: 57px;\">\n<p dir=\"ltr\"><span style=\"font-weight: 400;\">Joana Godoy<\/span><\/p>\n<\/td>\n<\/tr>\n<tr style=\"height: 57px;\">\n<td style=\"width: 57.7657%; height: 57px;\">\n<p dir=\"ltr\">CICLE MITJ\u00c0 4t<\/p>\n<\/td>\n<td style=\"width: 94.0796%; height: 57px;\">\n<p dir=\"ltr\"><span style=\"font-weight: 400;\">Marta Ferreres<\/span><\/p>\n<\/td>\n<\/tr>\n<tr style=\"height: 57px;\">\n<td style=\"width: 57.7657%; height: 57px;\">\n<p dir=\"ltr\">CICLE MITJ\u00c0 5\u00e8 A<\/p>\n<\/td>\n<td style=\"width: 94.0796%; height: 57px;\">\n<p dir=\"ltr\"><span style=\"font-weight: 400;\">Susana Hern\u00e1ndez<\/span><\/p>\n<\/td>\n<\/tr>\n<tr>\n<td style=\"width: 57.7657%;\">\n<p dir=\"ltr\">CICLE MITJ\u00c0 5\u00e8 B<\/p>\n<\/td>\n<td style=\"width: 94.0796%;\"><span style=\"font-weight: 400;\">Georgina Carbonell<\/span><\/td>\n<\/tr>\n<tr style=\"height: 57px;\">\n<td style=\"width: 57.7657%; height: 57px;\">\n<p dir=\"ltr\">CICLE SUPERIOR 6\u00e8 A<\/p>\n<\/td>\n<td style=\"width: 94.0796%; height: 57px;\"><span style=\"font-weight: 400;\">Montse Massuet<\/span><\/td>\n<\/tr>\n<tr style=\"height: 57px;\">\n<td style=\"width: 57.7657%; height: 57px;\">\n<p dir=\"ltr\">CICLE SUPERIOR 6\u00e8 B<\/p>\n<\/td>\n<td style=\"width: 94.0796%; height: 57px;\">\n<p dir=\"ltr\"><span style=\"font-weight: 400;\">Alba T\u00e0pia<\/span><\/p>\n<\/td>\n<\/tr>\n<tr style=\"height: 57px;\">\n<td style=\"width: 57.7657%; height: 57px;\">\n<p dir=\"ltr\">ESO 1r<\/p>\n<\/td>\n<td style=\"width: 94.0796%; height: 57px;\">\n<p dir=\"ltr\"><span style=\"font-weight: 400;\">Elena Gras<\/span><\/p>\n<\/td>\n<\/tr>\n<tr style=\"height: 57px;\">\n<td style=\"width: 57.7657%; height: 57px;\">\n<p dir=\"ltr\">ESO 2n A<\/p>\n<\/td>\n<td style=\"width: 94.0796%; height: 57px;\">\n<p dir=\"ltr\"><span style=\"font-weight: 400;\">Marc Romacho<\/span><\/p>\n<\/td>\n<\/tr>\n<tr style=\"height: 57px;\">\n<td style=\"width: 57.7657%; height: 57px;\">\n<p dir=\"ltr\">ESO 2n B<\/p>\n<\/td>\n<td style=\"width: 94.0796%; height: 57px;\">\n<p dir=\"ltr\"><span style=\"font-weight: 400;\">Maria Jim\u00e9nez<\/span><\/p>\n<\/td>\n<\/tr>\n<tr style=\"height: 57px;\">\n<td style=\"width: 57.7657%; height: 57px;\">\n<p dir=\"ltr\">ESO 3r A<\/p>\n<\/td>\n<td style=\"width: 94.0796%; height: 57px;\">\n<p dir=\"ltr\"><span style=\"font-weight: 400;\">Francesc Bonastra<\/span><\/p>\n<\/td>\n<\/tr>\n<tr>\n<td style=\"width: 57.7657%;\">\n<p dir=\"ltr\">ESO 3r B<\/p>\n<\/td>\n<td style=\"width: 94.0796%;\">\n<p dir=\"ltr\"><span style=\"font-weight: 400;\">Josep Alarc\u00f3n<\/span><\/p>\n<\/td>\n<\/tr>\n<tr>\n<td style=\"width: 57.7657%;\">\n<p dir=\"ltr\">ESO 4t A<\/p>\n<\/td>\n<td style=\"width: 94.0796%;\">\n<p dir=\"ltr\"><span style=\"font-weight: 400;\">Xevi Toston<\/span><\/p>\n<\/td>\n<\/tr>\n<tr>\n<td style=\"width: 57.7657%;\">\n<p dir=\"ltr\">ESO 4t B<\/p>\n<\/td>\n<td style=\"width: 94.0796%;\">\n<p dir=\"ltr\"><span style=\"font-weight: 400;\">Francesc F\u00e0brega<\/span><\/p>\n<\/td>\n<\/tr>\n<tr>\n<td style=\"width: 57.7657%;\">\n<p dir=\"ltr\">AULA ACOLLIDA<\/p>\n<\/td>\n<td style=\"width: 94.0796%;\">\n<p dir=\"ltr\"><span style=\"font-weight: 400;\">Ver\u00f3nica Gallego<\/span><\/p>\n<\/td>\n<\/tr>\n<\/tbody>\n<\/table>\n<\/div>\n<div dir=\"ltr\" align=\"center\">\n<table><colgroup> <col width=\"234\" \/> <col width=\"234\" \/><\/colgroup>\n<tbody>\n<tr>\n<td colspan=\"2\">\n<p dir=\"ltr\"><strong>ESPECIALISTES<\/strong><\/p>\n<\/td>\n<\/tr>\n<tr>\n<td>\n<p dir=\"ltr\">PSICOMOTRICITAT I EDUCACI\u00d3 F\u00cdSICA<\/p>\n<\/td>\n<td>\n<p dir=\"ltr\">Anna Sicart,<\/p>\n<\/td>\n<\/tr>\n<tr>\n<td>\n<p dir=\"ltr\">LLENGUA CATALANA<\/p>\n<\/td>\n<td>\n<p dir=\"ltr\">Josep Calataiud \/ S\u00edlvia L\u00f3pez \/ <span style=\"font-weight: 400;\">Marc Romacho<\/span><\/p>\n<\/td>\n<\/tr>\n<tr>\n<td>\n<p dir=\"ltr\">LLENGUA CASTELLANA<\/p>\n<\/td>\n<td>\n<p dir=\"ltr\"><span style=\"font-weight: 400;\">Francesc F\u00e0brega \/ Maria Jim\u00e9nez<\/span><\/p>\n<\/td>\n<\/tr>\n<tr>\n<td>\n<p dir=\"ltr\">LLENGUA ANGLESA\u00a0 INFANTIL I PRIM\u00c0RIA<\/p>\n<\/td>\n<td><span style=\"font-weight: 400;\">Yaiza Gil \/ Marta Quevedo \/ V\u00edctor Joyanes<\/span><\/td>\n<\/tr>\n<tr>\n<td>\n<p dir=\"ltr\">LLENGUA ANGLESA SECUNDARIA<\/p>\n<\/td>\n<td>\n<p dir=\"ltr\">Juli S\u00e1nchez \/ Paula Vives<\/p>\n<\/td>\n<\/tr>\n<tr>\n<td>\n<p dir=\"ltr\">LLENGUA FRANCESA<\/p>\n<\/td>\n<td>\n<p dir=\"ltr\"><span style=\"font-weight: 400;\">Maria Jim\u00e9nez<\/span><\/p>\n<\/td>\n<\/tr>\n<tr>\n<td>\n<p dir=\"ltr\">EDUCACI\u00d3 MUSICAL<\/p>\n<\/td>\n<td>\n<p dir=\"ltr\"><span style=\"font-weight: 400;\">Meritxell Mar\u00e8s i Josep Alarc\u00f3n<\/span><\/p>\n<\/td>\n<\/tr>\n<tr>\n<td>\n<p dir=\"ltr\">EDUCACI\u00d3 ESPECIAL<\/p>\n<\/td>\n<td>\n<p dir=\"ltr\">Maria Chaos<\/p>\n<\/td>\n<\/tr>\n<tr>\n<td>\n<p dir=\"ltr\">ORIENTACI\u00d3 EDUCATIVA<\/p>\n<\/td>\n<td>\n<p dir=\"ltr\">Isabel Escudero \/ Aitana Dellonder<\/p>\n<\/td>\n<\/tr>\n<tr>\n<td>\n<p dir=\"ltr\">MATEM\u00c0TIQUES<\/p>\n<\/td>\n<td>\n<p dir=\"ltr\">Enric Lleonart \/ <span style=\"font-weight: 400;\">Olga Fuster<\/span><\/p>\n<\/td>\n<\/tr>\n<tr>\n<td>\n<p dir=\"ltr\">TECNOLOGIA<\/p>\n<\/td>\n<td>\n<p dir=\"ltr\"><span style=\"font-weight: 400;\">Ferran Jordan i Ireneu Alvarado<\/span><\/p>\n<\/td>\n<\/tr>\n<tr>\n<td>\n<p dir=\"ltr\">RELIGI\u00d3<\/p>\n<\/td>\n<td>\n<p dir=\"ltr\">\u00a0<\/p>\n<\/td>\n<\/tr>\n<tr>\n<td>\n<p dir=\"ltr\">F\u00cdSICA I QU\u00cdMICA<\/p>\n<\/td>\n<td>\n<p dir=\"ltr\"><span style=\"font-weight: 400;\">Amin Boulahfa<\/span><\/p>\n<\/td>\n<\/tr>\n<tr>\n<td>\n<p dir=\"ltr\">GEOGRAFIA I HIST\u00d2RIA<\/p>\n<\/td>\n<td>\n<p dir=\"ltr\">Elena Gras \/ <span style=\"font-weight: 400;\">Francesc Bonastra<\/span><\/p>\n<\/td>\n<\/tr>\n<tr>\n<td>\n<p dir=\"ltr\">BIOLOGIA I GEOLOGIA<\/p>\n<\/td>\n<td>\n<p dir=\"ltr\">Laia Duran \/ <span style=\"font-weight: 400;\">Eusebi V\u00e1zquez<\/span><\/p>\n<\/td>\n<\/tr>\n<tr>\n<td>\n<p dir=\"ltr\">VISUAL I PL\u00c0STICA<\/p>\n<\/td>\n<td>Elena Santacreu \/ <span style=\"font-weight: 400;\">V\u00edctor Joyanes<\/span><\/td>\n<\/tr>\n<\/tbody>\n<\/table>\n<\/div>\n<div dir=\"ltr\" align=\"center\">\n<table><colgroup> <col width=\"234\" \/> <col width=\"234\" \/><\/colgroup>\n<tbody>\n<tr>\n<td colspan=\"2\">\n<p dir=\"ltr\">COORDINACIONS DE CICLE<\/p>\n<\/td>\n<\/tr>\n<tr>\n<td>\n<p dir=\"ltr\">EDUCACI\u00d3 INFANTIL<\/p>\n<\/td>\n<td>\n<p dir=\"ltr\"><span style=\"font-weight: 400;\">Regina Balastegui<\/span><\/p>\n<\/td>\n<\/tr>\n<tr>\n<td>\n<p dir=\"ltr\">EDUCACI\u00d3 PRIM\u00c0RIA<\/p>\n<\/td>\n<td>\n<p dir=\"ltr\"><span style=\"font-weight: 400;\">Maria Chaos<\/span><\/p>\n<\/td>\n<\/tr>\n<tr>\n<td>\n<p dir=\"ltr\">EDUCACI\u00d3 SECUND\u00c0RIA 1r CICLE<\/p>\n<\/td>\n<td>\n<p dir=\"ltr\">Paula Vives<\/p>\n<\/td>\n<\/tr>\n<tr>\n<td>\n<p dir=\"ltr\">EDUCACI\u00d3 SECUND\u00c0RIA 2n CICLE<\/p>\n<\/td>\n<td>\n<p dir=\"ltr\">S\u00edlvia L\u00f3pez<\/p>\n<\/td>\n<\/tr>\n<\/tbody>\n<\/table>\n<\/div>\n<div dir=\"ltr\" align=\"center\">\n<table style=\"width: 52.8816%; height: 761px;\"><colgroup> <col width=\"234\" \/> <col width=\"234\" \/><\/colgroup>\n<tbody>\n<tr style=\"height: 57px;\">\n<td style=\"height: 57px; width: 98.7395%;\" colspan=\"2\">\n<p dir=\"ltr\">COORDINACIONS \u00a0\/ COMISSIONS<\/p>\n<\/td>\n<\/tr>\n<tr style=\"height: 57px;\">\n<td style=\"height: 57px; width: 49.3697%;\">\n<p dir=\"ltr\">Coordinacions<\/p>\n<\/td>\n<td style=\"height: 57px; width: 49.3697%;\">\n<p dir=\"ltr\">Docent responsable<\/p>\n<\/td>\n<\/tr>\n<tr style=\"height: 57px;\">\n<td style=\"height: 57px; width: 49.3697%;\">\n<p dir=\"ltr\">Coordinador digital<\/p>\n<\/td>\n<td style=\"height: 57px; width: 49.3697%;\">\n<p dir=\"ltr\"><span style=\"font-weight: 400;\">Ferran Jordan<\/span><\/p>\n<\/td>\n<\/tr>\n<tr style=\"height: 57px;\">\n<td style=\"height: 57px; width: 49.3697%;\">\n<p dir=\"ltr\">Coordinadora LIC<\/p>\n<\/td>\n<td style=\"height: 57px; width: 49.3697%;\">\n<p dir=\"ltr\"><span style=\"font-weight: 400;\">Ver\u00f3nica Gallego<\/span><\/p>\n<\/td>\n<\/tr>\n<tr style=\"height: 57px;\">\n<td style=\"height: 57px; width: 49.3697%;\">\n<p dir=\"ltr\">Coordinadora Riscos Laborals<\/p>\n<\/td>\n<td style=\"height: 57px; width: 49.3697%;\">\n<p dir=\"ltr\"><span style=\"font-weight: 400;\">Amin Boulahfa<\/span><\/p>\n<\/td>\n<\/tr>\n<tr style=\"height: 57px;\">\n<td style=\"height: 57px; width: 49.3697%;\">Coordinador de Conviv\u00e8ncia i Benestar<\/td>\n<td style=\"height: 57px; width: 49.3697%;\"><span style=\"font-weight: 400;\">Aitana Dellonder<\/span><\/td>\n<\/tr>\n<tr style=\"height: 57px;\">\n<td style=\"height: 57px; width: 49.3697%;\">Mentor 4.0<\/td>\n<td style=\"height: 57px; width: 49.3697%;\">\n<p dir=\"ltr\">Ignasi Pardo<\/p>\n<\/td>\n<\/tr>\n<tr style=\"height: 57px;\">\n<td style=\"height: 57px; width: 49.3697%;\">EAP<\/td>\n<td style=\"height: 57px; width: 49.3697%;\"><span style=\"font-weight: 400;\">Anna Carrasco<\/span><\/td>\n<\/tr>\n<tr style=\"height: 57px;\">\n<td style=\"height: 57px; width: 49.3697%;\">CREDV<\/td>\n<td style=\"height: 57px; width: 49.3697%;\"><span style=\"font-weight: 400;\">Montse Orta<\/span><\/td>\n<\/tr>\n<\/tbody>\n<\/table>\n<\/div>\n<div dir=\"ltr\" align=\"left\">\n<table class=\" aligncenter\" style=\"width: 54.4662%; height: 282px;\"><colgroup> <col width=\"146\" \/> <col width=\"326\" \/><\/colgroup>\n<tbody>\n<tr style=\"height: 68px;\">\n<td style=\"width: 53.75%; height: 68px;\" colspan=\"2\">\n<p dir=\"ltr\">PERSONAL NO DOCENT<\/p>\n<\/td>\n<\/tr>\n<tr style=\"height: 68px;\">\n<td style=\"width: 16.5909%; height: 68px;\">\n<p dir=\"ltr\">Conserge\/Subaltern<\/p>\n<\/td>\n<td style=\"width: 37.1591%; height: 68px;\">\n<p dir=\"ltr\">Rosa Merino \/ Anna P\u00e9rez<\/p>\n<\/td>\n<\/tr>\n<tr style=\"height: 68px;\">\n<td style=\"width: 16.5909%; height: 68px;\">\n<p dir=\"ltr\">Administrativa<\/p>\n<\/td>\n<td style=\"width: 37.1591%; height: 68px;\">\n<p dir=\"ltr\">Ma Carmen Aguado<\/p>\n<\/td>\n<\/tr>\n<tr style=\"height: 68px;\">\n<td style=\"width: 16.5909%; height: 68px;\">\n<p dir=\"ltr\">Vetlladores<\/p>\n<\/td>\n<td style=\"width: 37.1591%; height: 68px;\">\n<p dir=\"ltr\">Pili<\/p>\n<\/td>\n<\/tr>\n<\/tbody>\n<\/table>\n<\/div>\n<\/div>\n\n\n<p><\/p>\n","protected":false},"excerpt":{"rendered":"<p>EQUIP DOCENT 2025-26 \u00a0 EQUIP DIRECTIU DIRECTORA Montse Rodr\u00edguez CAP D\u2019ESTUDIS PRIM. Judith Massagu\u00e9 CAP D&#8217;ESTUDIS SEC. Laia Duran COORDINADOR PEDAG\u00d2GIC Josep Calataiud SECRET\u00c0RIA Olga Chinchilla CONSELL DE DIRECCI\u00d3 Montse Rodr\u00edguez Judith Massagu\u00e9 Laia Duran Olga Chinchilla TUTORIES EDUCACI\u00d3 INFANTIL I3 Anna Torrent EDUCACI\u00d3 INFANTIL I4 Marifeli Carrillo EDUCACI\u00d3 INFANTIL I5 A Regina Balastegui EDUCACI\u00d3 [&hellip;]<\/p>\n","protected":false},"author":1,"featured_media":0,"parent":22,"menu_order":2,"comment_status":"closed","ping_status":"closed","template":"","meta":{"_bbp_topic_count":0,"_bbp_reply_count":0,"_bbp_total_topic_count":0,"_bbp_total_reply_count":0,"_bbp_voice_count":0,"_bbp_anonymous_reply_count":0,"_bbp_topic_count_hidden":0,"_bbp_reply_count_hidden":0,"_bbp_forum_subforum_count":0,"site-sidebar-layout":"default","site-content-layout":"","ast-site-content-layout":"","site-content-style":"default","site-sidebar-style":"default","ast-global-header-display":"","ast-banner-title-visibility":"","ast-main-header-display":"","ast-hfb-above-header-display":"","ast-hfb-below-header-display":"","ast-hfb-mobile-header-display":"","site-post-title":"","ast-breadcrumbs-content":"","ast-featured-img":"","footer-sml-layout":"","theme-transparent-header-meta":"","adv-header-id-meta":"","stick-header-meta":"","header-above-stick-meta":"","header-main-stick-meta":"","header-below-stick-meta":"","astra-migrate-meta-layouts":"default","ast-page-background-enabled":"default","ast-page-background-meta":{"desktop":{"background-color":"var(--ast-global-color-4)","background-image":"","background-repeat":"repeat","background-position":"center center","background-size":"auto","background-attachment":"scroll","background-type":"","background-media":"","overlay-type":"","overlay-color":"","overlay-opacity":"","overlay-gradient":""},"tablet":{"background-color":"","background-image":"","background-repeat":"repeat","background-position":"center center","background-size":"auto","background-attachment":"scroll","background-type":"","background-media":"","overlay-type":"","overlay-color":"","overlay-opacity":"","overlay-gradient":""},"mobile":{"background-color":"","background-image":"","background-repeat":"repeat","background-position":"center center","background-size":"auto","background-attachment":"scroll","background-type":"","background-media":"","overlay-type":"","overlay-color":"","overlay-opacity":"","overlay-gradient":""}},"ast-content-background-meta":{"desktop":{"background-color":"var(--ast-global-color-5)","background-image":"","background-repeat":"repeat","background-position":"center center","background-size":"auto","background-attachment":"scroll","background-type":"","background-media":"","overlay-type":"","overlay-color":"","overlay-opacity":"","overlay-gradient":""},"tablet":{"background-color":"var(--ast-global-color-5)","background-image":"","background-repeat":"repeat","background-position":"center center","background-size":"auto","background-attachment":"scroll","background-type":"","background-media":"","overlay-type":"","overlay-color":"","overlay-opacity":"","overlay-gradient":""},"mobile":{"background-color":"var(--ast-global-color-5)","background-image":"","background-repeat":"repeat","background-position":"center center","background-size":"auto","background-attachment":"scroll","background-type":"","background-media":"","overlay-type":"","overlay-color":"","overlay-opacity":"","overlay-gradient":""}},"footnotes":""},"class_list":["post-941","page","type-page","status-publish","hentry"],"post_mailing_queue_ids":[],"_links":{"self":[{"href":"https:\/\/agora.xtec.cat\/iemontagut\/wp-json\/wp\/v2\/pages\/941","targetHints":{"allow":["GET"]}}],"collection":[{"href":"https:\/\/agora.xtec.cat\/iemontagut\/wp-json\/wp\/v2\/pages"}],"about":[{"href":"https:\/\/agora.xtec.cat\/iemontagut\/wp-json\/wp\/v2\/types\/page"}],"author":[{"embeddable":true,"href":"https:\/\/agora.xtec.cat\/iemontagut\/wp-json\/wp\/v2\/users\/1"}],"replies":[{"embeddable":true,"href":"https:\/\/agora.xtec.cat\/iemontagut\/wp-json\/wp\/v2\/comments?post=941"}],"version-history":[{"count":5,"href":"https:\/\/agora.xtec.cat\/iemontagut\/wp-json\/wp\/v2\/pages\/941\/revisions"}],"predecessor-version":[{"id":3938,"href":"https:\/\/agora.xtec.cat\/iemontagut\/wp-json\/wp\/v2\/pages\/941\/revisions\/3938"}],"up":[{"embeddable":true,"href":"https:\/\/agora.xtec.cat\/iemontagut\/wp-json\/wp\/v2\/pages\/22"}],"wp:attachment":[{"href":"https:\/\/agora.xtec.cat\/iemontagut\/wp-json\/wp\/v2\/media?parent=941"}],"curies":[{"name":"wp","href":"https:\/\/api.w.org\/{rel}","templated":true}]}}