{"id":2843,"date":"2021-11-27T22:09:54","date_gmt":"2021-11-27T21:09:54","guid":{"rendered":"https:\/\/agora.xtec.cat\/iemontagut\/?page_id=2843"},"modified":"2021-11-29T17:26:55","modified_gmt":"2021-11-29T16:26:55","slug":"recursos-educatius-dinteres","status":"publish","type":"page","link":"https:\/\/agora.xtec.cat\/iemontagut\/recursos-educatius-dinteres\/","title":{"rendered":"Recursos educatius d&#8217;inter\u00e8s"},"content":{"rendered":"<p>El Programa biblioteca escolar &#8220;puntedu&#8221; del Departament d&#8217;Ensenyament ens ofereix una selecci\u00f3 acurada de recursos digitals de car\u00e0cter informatiu adre\u00e7ats a l&#8217;alumnat de Prim\u00e0ria, Secund\u00e0ria i docents.<\/p>\n<table class=\" alignleft\" style=\"height: 118px; width: 100%; border-collapse: collapse;\">\n<tbody>\n<tr style=\"height: 118px;\">\n<td style=\"width: 50%; height: 118px;\">Per accedir al recull de recursos de Prim\u00e0ria feu clic en aquesta imatge:<\/p>\n<p><a href=\"https:\/\/blocs.xtec.cat\/recursosdigitalsbep\/\"><img loading=\"lazy\" decoding=\"async\" class=\"aligncenter wp-image-2900 size-full\" src=\"https:\/\/agora.xtec.cat\/iemontagut\/wp-content\/uploads\/usu1267\/2021\/11\/imatge_primaria.png\" alt=\"\" width=\"317\" height=\"224\" srcset=\"https:\/\/agora.xtec.cat\/iemontagut\/wp-content\/uploads\/usu1267\/2021\/11\/imatge_primaria.png 317w, https:\/\/agora.xtec.cat\/iemontagut\/wp-content\/uploads\/usu1267\/2021\/11\/imatge_primaria-300x212.png 300w\" sizes=\"auto, (max-width: 317px) 100vw, 317px\" \/><\/a><\/td>\n<td style=\"width: 50%; height: 118px;\">Per accedir al recull de recursos de Secund\u00e0ria feu clic en aquesta imatge:<\/p>\n<p><a href=\"https:\/\/blocs.xtec.cat\/recursosdigitalsbes\/\"><img loading=\"lazy\" decoding=\"async\" class=\"aligncenter wp-image-2899 size-full\" src=\"https:\/\/agora.xtec.cat\/iemontagut\/wp-content\/uploads\/usu1267\/2021\/11\/imatge_secundaria.png\" alt=\"\" width=\"317\" height=\"224\" srcset=\"https:\/\/agora.xtec.cat\/iemontagut\/wp-content\/uploads\/usu1267\/2021\/11\/imatge_secundaria.png 317w, https:\/\/agora.xtec.cat\/iemontagut\/wp-content\/uploads\/usu1267\/2021\/11\/imatge_secundaria-300x212.png 300w\" sizes=\"auto, (max-width: 317px) 100vw, 317px\" \/><\/a><\/td>\n<\/tr>\n<\/tbody>\n<\/table>\n","protected":false},"excerpt":{"rendered":"<p>El Programa biblioteca escolar &#8220;puntedu&#8221; del Departament d&#8217;Ensenyament ens ofereix una selecci\u00f3 acurada de recursos digitals de car\u00e0cter informatiu adre\u00e7ats a l&#8217;alumnat de Prim\u00e0ria, Secund\u00e0ria i docents. Per accedir al recull de recursos de Prim\u00e0ria feu clic en aquesta imatge: Per accedir al recull de recursos de Secund\u00e0ria feu clic en aquesta imatge:<\/p>\n","protected":false},"author":60,"featured_media":0,"parent":0,"menu_order":0,"comment_status":"closed","ping_status":"closed","template":"","meta":{"_bbp_topic_count":0,"_bbp_reply_count":0,"_bbp_total_topic_count":0,"_bbp_total_reply_count":0,"_bbp_voice_count":0,"_bbp_anonymous_reply_count":0,"_bbp_topic_count_hidden":0,"_bbp_reply_count_hidden":0,"_bbp_forum_subforum_count":0,"site-sidebar-layout":"default","site-content-layout":"","ast-site-content-layout":"","site-content-style":"default","site-sidebar-style":"default","ast-global-header-display":"","ast-banner-title-visibility":"","ast-main-header-display":"","ast-hfb-above-header-display":"","ast-hfb-below-header-display":"","ast-hfb-mobile-header-display":"","site-post-title":"","ast-breadcrumbs-content":"","ast-featured-img":"","footer-sml-layout":"","theme-transparent-header-meta":"","adv-header-id-meta":"","stick-header-meta":"","header-above-stick-meta":"","header-main-stick-meta":"","header-below-stick-meta":"","astra-migrate-meta-layouts":"default","ast-page-background-enabled":"default","ast-page-background-meta":{"desktop":{"background-color":"var(--ast-global-color-4)","background-image":"","background-repeat":"repeat","background-position":"center center","background-size":"auto","background-attachment":"scroll","background-type":"","background-media":"","overlay-type":"","overlay-color":"","overlay-opacity":"","overlay-gradient":""},"tablet":{"background-color":"","background-image":"","background-repeat":"repeat","background-position":"center center","background-size":"auto","background-attachment":"scroll","background-type":"","background-media":"","overlay-type":"","overlay-color":"","overlay-opacity":"","overlay-gradient":""},"mobile":{"background-color":"","background-image":"","background-repeat":"repeat","background-position":"center center","background-size":"auto","background-attachment":"scroll","background-type":"","background-media":"","overlay-type":"","overlay-color":"","overlay-opacity":"","overlay-gradient":""}},"ast-content-background-meta":{"desktop":{"background-color":"var(--ast-global-color-5)","background-image":"","background-repeat":"repeat","background-position":"center center","background-size":"auto","background-attachment":"scroll","background-type":"","background-media":"","overlay-type":"","overlay-color":"","overlay-opacity":"","overlay-gradient":""},"tablet":{"background-color":"var(--ast-global-color-5)","background-image":"","background-repeat":"repeat","background-position":"center center","background-size":"auto","background-attachment":"scroll","background-type":"","background-media":"","overlay-type":"","overlay-color":"","overlay-opacity":"","overlay-gradient":""},"mobile":{"background-color":"var(--ast-global-color-5)","background-image":"","background-repeat":"repeat","background-position":"center center","background-size":"auto","background-attachment":"scroll","background-type":"","background-media":"","overlay-type":"","overlay-color":"","overlay-opacity":"","overlay-gradient":""}},"footnotes":""},"class_list":["post-2843","page","type-page","status-publish","hentry"],"post_mailing_queue_ids":[],"_links":{"self":[{"href":"https:\/\/agora.xtec.cat\/iemontagut\/wp-json\/wp\/v2\/pages\/2843","targetHints":{"allow":["GET"]}}],"collection":[{"href":"https:\/\/agora.xtec.cat\/iemontagut\/wp-json\/wp\/v2\/pages"}],"about":[{"href":"https:\/\/agora.xtec.cat\/iemontagut\/wp-json\/wp\/v2\/types\/page"}],"author":[{"embeddable":true,"href":"https:\/\/agora.xtec.cat\/iemontagut\/wp-json\/wp\/v2\/users\/60"}],"replies":[{"embeddable":true,"href":"https:\/\/agora.xtec.cat\/iemontagut\/wp-json\/wp\/v2\/comments?post=2843"}],"version-history":[{"count":3,"href":"https:\/\/agora.xtec.cat\/iemontagut\/wp-json\/wp\/v2\/pages\/2843\/revisions"}],"predecessor-version":[{"id":2902,"href":"https:\/\/agora.xtec.cat\/iemontagut\/wp-json\/wp\/v2\/pages\/2843\/revisions\/2902"}],"wp:attachment":[{"href":"https:\/\/agora.xtec.cat\/iemontagut\/wp-json\/wp\/v2\/media?parent=2843"}],"curies":[{"name":"wp","href":"https:\/\/api.w.org\/{rel}","templated":true}]}}