{"id":26,"date":"2014-09-18T12:24:32","date_gmt":"2014-09-18T11:24:32","guid":{"rendered":"http:\/\/agora.xtec.cat\/iemontagut\/?page_id=26"},"modified":"2025-01-26T13:30:40","modified_gmt":"2025-01-26T12:30:40","slug":"historia","status":"publish","type":"page","link":"https:\/\/agora.xtec.cat\/iemontagut\/lescola\/historia\/","title":{"rendered":"Recorregut hist\u00f2ric"},"content":{"rendered":"<p>L&#8217;Escola Montagut neix com a CEIP (Centre d&#8217;Educaci\u00f3 Infantil i Prim\u00e0ria) el curs 2007_2008. Com a centre p\u00fablic, doncs, t\u00e9 ja una traject\u00f2ria de dotze cursos escolars. Ha apostat des de sempre per un model pedag\u00f2gic d&#8217;innovaci\u00f3, destacant-hi, potser, dues fites: el reconeixement d&#8217;un model propi per a l&#8217;ensenyament de la lectoescriptura en Educaci\u00f3 Infantil i la decidida aposta pel projecte Escola Nova XXI.<\/p>\n<p>El curs 2018_19 s&#8217;arriba a un acord entre l&#8217;administraci\u00f3 local i el Departament d&#8217;Educaci\u00f3 segons el qual l&#8217;Escola Montagut es convertiria en Institut Escola, ampliant la seva oferta educativa a la Secund\u00e0ria Obligat\u00f2ria, el que es coneix comunament com ESO.<\/p>\n<p>La construcci\u00f3 d&#8217;un nou aulari, adjunt a les instal\u00b7lacions actuals del centre, possibilitar\u00e0 que el nou Institut Escola comenci a caminar en poc de temps amb les m\u00e0ximes funcionalitats possibles.<\/p>\n<p>Actualment, curs 2024-2025 el centre ja ha completat totes les etapes educatives a Infantil, Prim\u00e0ria i Secund\u00e0ria, tot i que ref\u00e0 i ajusta el Projecte Educatiu de Centre que ha de ser un text que reculli el que la Comunitat Educativa es planteja que esdevingui aquesta instituci\u00f3 educativa santasusanenca.<\/p>\n<p><img loading=\"lazy\" decoding=\"async\" class=\"aligncenter size-full wp-image-3539\" src=\"https:\/\/agora.xtec.cat\/iemontagut\/wp-content\/uploads\/usu1267\/2024\/06\/1714135589941.jpg\" alt=\"\" width=\"888\" height=\"1152\" srcset=\"https:\/\/agora.xtec.cat\/iemontagut\/wp-content\/uploads\/usu1267\/2024\/06\/1714135589941.jpg 888w, https:\/\/agora.xtec.cat\/iemontagut\/wp-content\/uploads\/usu1267\/2024\/06\/1714135589941-231x300.jpg 231w, https:\/\/agora.xtec.cat\/iemontagut\/wp-content\/uploads\/usu1267\/2024\/06\/1714135589941-789x1024.jpg 789w, https:\/\/agora.xtec.cat\/iemontagut\/wp-content\/uploads\/usu1267\/2024\/06\/1714135589941-768x996.jpg 768w\" sizes=\"auto, (max-width: 888px) 100vw, 888px\" \/><\/p>\n","protected":false},"excerpt":{"rendered":"<p>L&#8217;Escola Montagut neix com a CEIP (Centre d&#8217;Educaci\u00f3 Infantil i Prim\u00e0ria) el curs 2007_2008. Com a centre p\u00fablic, doncs, t\u00e9 ja una traject\u00f2ria de dotze cursos escolars. Ha apostat des de sempre per un model pedag\u00f2gic d&#8217;innovaci\u00f3, destacant-hi, potser, dues fites: el reconeixement d&#8217;un model propi per a l&#8217;ensenyament de la lectoescriptura en Educaci\u00f3 Infantil [&hellip;]<\/p>\n","protected":false},"author":1,"featured_media":0,"parent":22,"menu_order":20,"comment_status":"closed","ping_status":"closed","template":"page-templates\/side-menu.php","meta":{"_bbp_topic_count":0,"_bbp_reply_count":0,"_bbp_total_topic_count":0,"_bbp_total_reply_count":0,"_bbp_voice_count":0,"_bbp_anonymous_reply_count":0,"_bbp_topic_count_hidden":0,"_bbp_reply_count_hidden":0,"_bbp_forum_subforum_count":0,"site-sidebar-layout":"default","site-content-layout":"","ast-site-content-layout":"","site-content-style":"default","site-sidebar-style":"default","ast-global-header-display":"","ast-banner-title-visibility":"","ast-main-header-display":"","ast-hfb-above-header-display":"","ast-hfb-below-header-display":"","ast-hfb-mobile-header-display":"","site-post-title":"","ast-breadcrumbs-content":"","ast-featured-img":"","footer-sml-layout":"","theme-transparent-header-meta":"","adv-header-id-meta":"","stick-header-meta":"","header-above-stick-meta":"","header-main-stick-meta":"","header-below-stick-meta":"","astra-migrate-meta-layouts":"default","ast-page-background-enabled":"default","ast-page-background-meta":{"desktop":{"background-color":"var(--ast-global-color-4)","background-image":"","background-repeat":"repeat","background-position":"center center","background-size":"auto","background-attachment":"scroll","background-type":"","background-media":"","overlay-type":"","overlay-color":"","overlay-opacity":"","overlay-gradient":""},"tablet":{"background-color":"","background-image":"","background-repeat":"repeat","background-position":"center center","background-size":"auto","background-attachment":"scroll","background-type":"","background-media":"","overlay-type":"","overlay-color":"","overlay-opacity":"","overlay-gradient":""},"mobile":{"background-color":"","background-image":"","background-repeat":"repeat","background-position":"center center","background-size":"auto","background-attachment":"scroll","background-type":"","background-media":"","overlay-type":"","overlay-color":"","overlay-opacity":"","overlay-gradient":""}},"ast-content-background-meta":{"desktop":{"background-color":"var(--ast-global-color-5)","background-image":"","background-repeat":"repeat","background-position":"center center","background-size":"auto","background-attachment":"scroll","background-type":"","background-media":"","overlay-type":"","overlay-color":"","overlay-opacity":"","overlay-gradient":""},"tablet":{"background-color":"var(--ast-global-color-5)","background-image":"","background-repeat":"repeat","background-position":"center center","background-size":"auto","background-attachment":"scroll","background-type":"","background-media":"","overlay-type":"","overlay-color":"","overlay-opacity":"","overlay-gradient":""},"mobile":{"background-color":"var(--ast-global-color-5)","background-image":"","background-repeat":"repeat","background-position":"center center","background-size":"auto","background-attachment":"scroll","background-type":"","background-media":"","overlay-type":"","overlay-color":"","overlay-opacity":"","overlay-gradient":""}},"footnotes":""},"class_list":["post-26","page","type-page","status-publish","hentry"],"post_mailing_queue_ids":[],"_links":{"self":[{"href":"https:\/\/agora.xtec.cat\/iemontagut\/wp-json\/wp\/v2\/pages\/26","targetHints":{"allow":["GET"]}}],"collection":[{"href":"https:\/\/agora.xtec.cat\/iemontagut\/wp-json\/wp\/v2\/pages"}],"about":[{"href":"https:\/\/agora.xtec.cat\/iemontagut\/wp-json\/wp\/v2\/types\/page"}],"author":[{"embeddable":true,"href":"https:\/\/agora.xtec.cat\/iemontagut\/wp-json\/wp\/v2\/users\/1"}],"replies":[{"embeddable":true,"href":"https:\/\/agora.xtec.cat\/iemontagut\/wp-json\/wp\/v2\/comments?post=26"}],"version-history":[{"count":4,"href":"https:\/\/agora.xtec.cat\/iemontagut\/wp-json\/wp\/v2\/pages\/26\/revisions"}],"predecessor-version":[{"id":3659,"href":"https:\/\/agora.xtec.cat\/iemontagut\/wp-json\/wp\/v2\/pages\/26\/revisions\/3659"}],"up":[{"embeddable":true,"href":"https:\/\/agora.xtec.cat\/iemontagut\/wp-json\/wp\/v2\/pages\/22"}],"wp:attachment":[{"href":"https:\/\/agora.xtec.cat\/iemontagut\/wp-json\/wp\/v2\/media?parent=26"}],"curies":[{"name":"wp","href":"https:\/\/api.w.org\/{rel}","templated":true}]}}