{"id":917,"date":"2021-03-25T13:29:59","date_gmt":"2021-03-25T12:29:59","guid":{"rendered":"http:\/\/agora.xtec.cat\/iemiquelmartipol\/\/?page_id=917"},"modified":"2023-11-26T10:55:44","modified_gmt":"2023-11-26T09:55:44","slug":"escola-verda","status":"publish","type":"page","link":"https:\/\/agora.xtec.cat\/iemiquelmartipol\/escola-verda\/","title":{"rendered":"ESCOLA VERDA"},"content":{"rendered":"<div style=\"width: 100%;\">\n<p><strong>Continuem treballant en el Programa 50&#215;50<\/strong><\/p>\n<p>L&#8217;Estel Homs de l&#8217;empresa Projectes Educatius, que est\u00e0 impulsant el projecte 50X50, ha visitat la nostra escola amb nosaltres. Hem realitzat un recorregut enfocat en l&#8217;efici\u00e8ncia energ\u00e8tica amb la col\u00b7laboraci\u00f3 dels nostres ecodelegats i ecodelegades, els quals formaran part del nostre equip energ\u00e8tic a l&#8217;escola.<\/p>\n<p>Durant la seva visita, l&#8217;Estel ens ha facilitat dues motxilles que contenen l&#8217;equipament necessari per mesurar la llum, la temperatura i el consum d&#8217;electricitat a les nostres instal\u00b7lacions. Durant els mesos de novembre i desembre, els nostres ecodelegats i ecodelegades seran responsables de recopilar dades i registrar-les en taules espec\u00edfiques. Aix\u00ed, quan l&#8217;Estel torni a visitar-nos al gener, podrem desenvolupar un pla d&#8217;acci\u00f3 basat en les dades recollides i identificar les \u00e0rees de millora i les possibles modificacions a implementar.<\/p>\n\n\t\t<style type=\"text\/css\">\n\t\t\t#gallery-1 {\n\t\t\t\tmargin: auto;\n\t\t\t}\n\t\t\t#gallery-1 .gallery-item {\n\t\t\t\tfloat: left;\n\t\t\t\tmargin-top: 10px;\n\t\t\t\ttext-align: center;\n\t\t\t\twidth: 33%;\n\t\t\t}\n\t\t\t#gallery-1 img {\n\t\t\t\tborder: 2px solid #cfcfcf;\n\t\t\t}\n\t\t\t#gallery-1 .gallery-caption {\n\t\t\t\tmargin-left: 0;\n\t\t\t}\n\t\t\t\/* see gallery_shortcode() in wp-includes\/media.php *\/\n\t\t<\/style>\n\t\t<div id='gallery-1' class='gallery galleryid-917 gallery-columns-3 gallery-size-thumbnail'><dl class='gallery-item'>\n\t\t\t<dt class='gallery-icon portrait'>\n\t\t\t\t<a href='https:\/\/agora.xtec.cat\/iemiquelmartipol\/escola-verda\/attachment\/1699439085059\/'><img loading=\"lazy\" decoding=\"async\" width=\"150\" height=\"150\" src=\"https:\/\/agora.xtec.cat\/iemiquelmartipol\/wp-content\/uploads\/usu711\/2023\/11\/1699439085059-150x150.jpg\" class=\"attachment-thumbnail size-thumbnail\" alt=\"\" \/><\/a>\n\t\t\t<\/dt><\/dl><dl class='gallery-item'>\n\t\t\t<dt class='gallery-icon landscape'>\n\t\t\t\t<a href='https:\/\/agora.xtec.cat\/iemiquelmartipol\/escola-verda\/attachment\/1699439085100\/'><img loading=\"lazy\" decoding=\"async\" width=\"150\" height=\"150\" src=\"https:\/\/agora.xtec.cat\/iemiquelmartipol\/wp-content\/uploads\/usu711\/2023\/11\/1699439085100-150x150.jpg\" class=\"attachment-thumbnail size-thumbnail\" alt=\"\" \/><\/a>\n\t\t\t<\/dt><\/dl><dl class='gallery-item'>\n\t\t\t<dt class='gallery-icon landscape'>\n\t\t\t\t<a href='https:\/\/agora.xtec.cat\/iemiquelmartipol\/escola-verda\/attachment\/1699439085122\/'><img loading=\"lazy\" decoding=\"async\" width=\"150\" height=\"150\" src=\"https:\/\/agora.xtec.cat\/iemiquelmartipol\/wp-content\/uploads\/usu711\/2023\/11\/1699439085122-150x150.jpg\" class=\"attachment-thumbnail size-thumbnail\" alt=\"\" \/><\/a>\n\t\t\t<\/dt><\/dl><br style=\"clear: both\" \/><dl class='gallery-item'>\n\t\t\t<dt class='gallery-icon landscape'>\n\t\t\t\t<a href='https:\/\/agora.xtec.cat\/iemiquelmartipol\/escola-verda\/attachment\/1699439085131\/'><img loading=\"lazy\" decoding=\"async\" width=\"150\" height=\"150\" src=\"https:\/\/agora.xtec.cat\/iemiquelmartipol\/wp-content\/uploads\/usu711\/2023\/11\/1699439085131-150x150.jpg\" class=\"attachment-thumbnail size-thumbnail\" alt=\"\" \/><\/a>\n\t\t\t<\/dt><\/dl><dl class='gallery-item'>\n\t\t\t<dt class='gallery-icon landscape'>\n\t\t\t\t<a href='https:\/\/agora.xtec.cat\/iemiquelmartipol\/escola-verda\/attachment\/1699439085139\/'><img loading=\"lazy\" decoding=\"async\" width=\"150\" height=\"150\" src=\"https:\/\/agora.xtec.cat\/iemiquelmartipol\/wp-content\/uploads\/usu711\/2023\/11\/1699439085139-150x150.jpg\" class=\"attachment-thumbnail size-thumbnail\" alt=\"\" \/><\/a>\n\t\t\t<\/dt><\/dl>\n\t\t\t<br style='clear: both' \/>\n\t\t<\/div>\n\n<p><strong>El passat 7 de novembre vam fer reuni\u00f3 d&#8217;ecodelegats a l&#8217;escola.<\/strong><\/p>\n<p>Hem decidit les accions que realitzarem cada classe i tamb\u00e9 hem proposat possibles accions.<\/p>\n<p><img loading=\"lazy\" decoding=\"async\" class=\"size-medium wp-image-2164 aligncenter\" src=\"https:\/\/agora.xtec.cat\/iemiquelmartipol\/wp-content\/uploads\/usu711\/2022\/11\/WhatsApp-Image-2022-11-10-at-13.35.33-300x169.jpeg\" alt=\"\" width=\"300\" height=\"169\" srcset=\"https:\/\/agora.xtec.cat\/iemiquelmartipol\/wp-content\/uploads\/usu711\/2022\/11\/WhatsApp-Image-2022-11-10-at-13.35.33-300x169.jpeg 300w, https:\/\/agora.xtec.cat\/iemiquelmartipol\/wp-content\/uploads\/usu711\/2022\/11\/WhatsApp-Image-2022-11-10-at-13.35.33-1024x576.jpeg 1024w, https:\/\/agora.xtec.cat\/iemiquelmartipol\/wp-content\/uploads\/usu711\/2022\/11\/WhatsApp-Image-2022-11-10-at-13.35.33-768x432.jpeg 768w, https:\/\/agora.xtec.cat\/iemiquelmartipol\/wp-content\/uploads\/usu711\/2022\/11\/WhatsApp-Image-2022-11-10-at-13.35.33-1536x864.jpeg 1536w, https:\/\/agora.xtec.cat\/iemiquelmartipol\/wp-content\/uploads\/usu711\/2022\/11\/WhatsApp-Image-2022-11-10-at-13.35.33.jpeg 2000w\" sizes=\"auto, (max-width: 300px) 100vw, 300px\" \/><\/p>\n<p>Us animem a que mireu aquest enlla\u00e7 on podreu trobar diferents activitats que aconsellen des de l&#8217;escola de Natura.<\/p>\n<p><a href=\"http:\/\/enc.pangea.org\/web\/\" target=\"_blank\" rel=\"noopener\"><img loading=\"lazy\" decoding=\"async\" class=\"aligncenter wp-image-2165 size-medium\" src=\"https:\/\/agora.xtec.cat\/iemiquelmartipol\/wp-content\/uploads\/usu711\/2022\/11\/Icona-Centre-Edicacio-Ambiental-Corredor-300x144.png\" alt=\"\" width=\"300\" height=\"144\" srcset=\"https:\/\/agora.xtec.cat\/iemiquelmartipol\/wp-content\/uploads\/usu711\/2022\/11\/Icona-Centre-Edicacio-Ambiental-Corredor-300x144.png 300w, https:\/\/agora.xtec.cat\/iemiquelmartipol\/wp-content\/uploads\/usu711\/2022\/11\/Icona-Centre-Edicacio-Ambiental-Corredor.png 334w\" sizes=\"auto, (max-width: 300px) 100vw, 300px\" \/><\/a><\/p>\n<h6><\/h6>\n<div><\/div>\n<div><\/div>\n<div style=\"position: relative; padding-bottom: 200.00%; padding-top: 0; height: 0;\"><iframe loading=\"lazy\" style=\"position: absolute; top: 0; left: 0; width: 100%; height: 100%;\" src=\"https:\/\/view.genial.ly\/62176c792b6c5b001895924c\" width=\"800\" height=\"1600\" frameborder=\"0\" scrolling=\"yes\" allowfullscreen=\"allowfullscreen\"><\/iframe><\/div>\n<\/div>\n","protected":false},"excerpt":{"rendered":"<p>Continuem treballant en el Programa 50&#215;50<br \/>\nL&#8217;Estel Homs de l&#8217;empresa Projectes Educatius, que est\u00e0 impulsant el projecte 50X50, ha visitat la nostra escola amb nosaltres. Hem realitzat un recorregut enfocat en l&#8217;efici\u00e8ncia energ\u00e8tica amb la col\u00b7laboraci\u00f3 dels nostres ecodelegats i ecodelegades, els quals formaran part del&hellip;  <a href=\"https:\/\/agora.xtec.cat\/iemiquelmartipol\/escola-verda\/\" title=\"Read ESCOLA VERDA\">Llegeix m\u00e9s\u00bb<\/a><\/p>\n","protected":false},"author":1,"featured_media":0,"parent":0,"menu_order":0,"comment_status":"closed","ping_status":"closed","template":"","meta":{"_bbp_topic_count":0,"_bbp_reply_count":0,"_bbp_total_topic_count":0,"_bbp_total_reply_count":0,"_bbp_voice_count":0,"_bbp_anonymous_reply_count":0,"_bbp_topic_count_hidden":0,"_bbp_reply_count_hidden":0,"_bbp_forum_subforum_count":0,"footnotes":""},"class_list":["post-917","page","type-page","status-publish","hentry"],"post_mailing_queue_ids":[],"_links":{"self":[{"href":"https:\/\/agora.xtec.cat\/iemiquelmartipol\/wp-json\/wp\/v2\/pages\/917","targetHints":{"allow":["GET"]}}],"collection":[{"href":"https:\/\/agora.xtec.cat\/iemiquelmartipol\/wp-json\/wp\/v2\/pages"}],"about":[{"href":"https:\/\/agora.xtec.cat\/iemiquelmartipol\/wp-json\/wp\/v2\/types\/page"}],"author":[{"embeddable":true,"href":"https:\/\/agora.xtec.cat\/iemiquelmartipol\/wp-json\/wp\/v2\/users\/1"}],"replies":[{"embeddable":true,"href":"https:\/\/agora.xtec.cat\/iemiquelmartipol\/wp-json\/wp\/v2\/comments?post=917"}],"version-history":[{"count":4,"href":"https:\/\/agora.xtec.cat\/iemiquelmartipol\/wp-json\/wp\/v2\/pages\/917\/revisions"}],"predecessor-version":[{"id":2163,"href":"https:\/\/agora.xtec.cat\/iemiquelmartipol\/wp-json\/wp\/v2\/pages\/917\/revisions\/2163"}],"wp:attachment":[{"href":"https:\/\/agora.xtec.cat\/iemiquelmartipol\/wp-json\/wp\/v2\/media?parent=917"}],"curies":[{"name":"wp","href":"https:\/\/api.w.org\/{rel}","templated":true}]}}