{"id":460,"date":"2020-04-06T15:59:01","date_gmt":"2020-04-06T13:59:01","guid":{"rendered":"http:\/\/agora.xtec.cat\/iemiquelmartipol\/\/?page_id=460"},"modified":"2025-10-24T16:06:26","modified_gmt":"2025-10-24T14:06:26","slug":"ampa","status":"publish","type":"page","link":"https:\/\/agora.xtec.cat\/iemiquelmartipol\/serveis\/ampa\/","title":{"rendered":"AFA"},"content":{"rendered":"<p><strong>QU\u00c8 \u00c9S l\u2019AFA?<\/strong><\/p>\n<p><span style=\"font-weight: 400;\">L\u2019AFA \u00e9s un \u00f2rgan col\u00b7legiat, associatiu i voluntari de les fam\u00edlies de l\u2019escola, que considerem imprescindible per crear xarxes d\u2019informaci\u00f3, participaci\u00f3 i cooperaci\u00f3 que permetin integrar veritablement les fam\u00edlies a la comunitat educativa. Ha de rebre informaci\u00f3 completa, en especial del projecte educatiu de programacions concretes de cada grup o unitat.<\/span><\/p>\n<p><span style=\"font-weight: 400;\">Hem d\u2019intentar que aquest \u00f2rgan col\u00b7labori al m\u00e0xim en tots els aspectes del funcionament del centre, i tamb\u00e9 fomentar la m\u00e0xima flu\u00efdesa de relaci\u00f3 amb el consell d\u2019escola i amb la direcci\u00f3.<\/span><\/p>\n<p><span style=\"font-weight: 400;\">Per aix\u00f2, des de l\u2019AFA es fomenta la participaci\u00f3 de les fam\u00edlies donant suport en tot all\u00f2 que faci refer\u00e8ncia a l\u2019educaci\u00f3 i el benestar dels seus fills i filles.<\/span><\/p>\n<p><span style=\"font-weight: 400;\">Som una associaci\u00f3 sense afany de lucre que agrupem, de forma volunt\u00e0ria a les fam\u00edlies del nostre centre. Tenim unes normes de funcionament i estatuts propis regulats per la llei. La nostra finalitat principal \u00e9s facilitar la participaci\u00f3 de les fam\u00edlies en les activitats del centre, contribuir a la millora de la qualitat del sistema del centre i facilitar la prestaci\u00f3 de serveis fora de l\u2019horari lectiu. L\u2019AFA treballa conjuntament amb el centre educatiu, per l\u2019educaci\u00f3 dels nostres fills i filles, tot fomentant la comunicaci\u00f3 i la participaci\u00f3 de les fam\u00edlies.<\/span><\/p>\n<p><span style=\"font-weight: 400;\">Aix\u00ed mateix, en general, l\u2019AFA \u00e9s coresponsable de les activitats educatives del centre, planifica i gestiona les activitats extraescolars, l\u2019acollida matinal, la ludoteca de tarda, participa de les festes del centre, etc. Tamb\u00e9 formem part del Consell Escolar al centre i municipal amb un representant de l\u2019AFA.<\/span><\/p>\n<p><span style=\"font-weight: 400;\">A l\u2019Assemblea de les fam\u00edlies,\u00a0 poden participar tots els membres que hagin fet efectiu el pagament de la quota de soci\/a, i la junta.<\/span><\/p>\n<p>__________________________________________________________________________________________________________________________________________________________<\/p>\n<p><strong>COMPOSICI\u00d3 DE l\u2019 AFA:<\/strong><\/p>\n<p>Els \u00f2rgans de direcci\u00f3 de l\u2019 AFA s\u00f3n:<\/p>\n<ul>\n<li style=\"font-weight: 400;\" aria-level=\"1\"><span style=\"font-weight: 400;\">Com president\/a:\u00a0 \u00a0 \u00a0 \u00a0 \u00a0 \u00a0 \u00a0 \u00a0 \u00a0 Marianna Indriago<\/span><\/li>\n<li style=\"font-weight: 400;\" aria-level=\"1\"><span style=\"font-weight: 400;\">Com a sots-president\/a:\u00a0 \u00a0 \u00a0 \u00a0Manuel Mill\u00e1n<\/span><\/li>\n<li style=\"font-weight: 400;\" aria-level=\"1\"><span style=\"font-weight: 400;\">Com a secretari\/\u00e0ria:\u00a0 \u00a0 \u00a0 \u00a0 \u00a0 \u00a0 Laura Silva<\/span><\/li>\n<li style=\"font-weight: 400;\" aria-level=\"1\"><span style=\"font-weight: 400;\">Com a tresorer\/a: \u00a0 \u00a0 \u00a0 \u00a0 \u00a0 \u00a0 \u00a0 \u00a0 Cristina Leon<\/span><\/li>\n<\/ul>\n<p><span style=\"font-weight: 400;\">A m\u00e9s a m\u00e9s d\u2019aquests c\u00e0rrecs, tenim diversos vocals que gestionen les diverses comissions en les que treballem:<\/span><\/p>\n<ul>\n<li aria-level=\"1\"><strong>Comissi\u00f3 extraescolars<\/strong><\/li>\n<li aria-level=\"1\"><b>Comissi\u00f3 festes<\/b><\/li>\n<li aria-level=\"1\"><b>Comissi\u00f3 de patis i hort<\/b><\/li>\n<li aria-level=\"1\"><b>Comissi\u00f3 acollida i ludoteca<\/b><\/li>\n<li aria-level=\"1\"><b>Comissi\u00f3 biblioteca<\/b><\/li>\n<li><strong>Comissi\u00f3 xarxes socials<\/strong><\/li>\n<\/ul>\n<p>______________________________________________________________________________________________________________<\/p>\n<p><strong>CONTACTES:<\/strong><\/p>\n<p><span style=\"font-weight: 400;\">Podeu adre\u00e7ar-vos a l\u2019<\/span><b>AFA<\/b><span style=\"font-weight: 400;\"> de l\u2019escola mitjan\u00e7ant els correus electr\u00f2nics disponibles o b\u00e9 deixant les vostres consultes a la b\u00fastia, situada al costat de la biblioteca de l\u2019escola.<\/span><\/p>\n<p><span style=\"font-weight: 400;\">En cas de necessitar qualsevol informaci\u00f3 o de voler tenir una reuni\u00f3 us preguem ens envieu el dia i hora que us va b\u00e9 per poder atendre-us.<\/span><\/p>\n<ul>\n<li style=\"font-weight: 400;\" aria-level=\"1\"><b>Presid\u00e8ncia<\/b><span style=\"font-weight: 400;\">: <\/span><span style=\"font-weight: 400;\">\u00a0<\/span><a href=\"mailto:presidencia.afammp@gmail.com\"><span style=\"font-weight: 400;\">presidencia.afammp@gmail.com<\/span><\/a> <span style=\"font-weight: 400;\">( informaci\u00f3 general )<\/span><\/li>\n<li style=\"font-weight: 400;\" aria-level=\"1\"><b>Tresoreria:<\/b> <span style=\"font-weight: 400;\">\u00a0<\/span><a href=\"mailto:tresorera.afammp@gmail.com\"><span style=\"font-weight: 400;\">tresoreria.afammp@gmail.com<\/span><\/a> <span style=\"font-weight: 400;\">( temes relacionats amb pagaments de quotes i\/o serveis)<\/span><\/li>\n<li style=\"font-weight: 400;\" aria-level=\"1\"><b>Extraescolars<\/b><span style=\"font-weight: 400;\">: <\/span><a href=\"mailto:extraescolarsmmp@gmail.com\"><span style=\"font-weight: 400;\">extraescolarsmmp@gmail.com<\/span><\/a> <span style=\"font-weight: 400;\">\u00a0( informaci\u00f3 sobre les gestions relacionades amb les empreses d\u2019extraescolars)<\/span><\/li>\n<li style=\"font-weight: 400;\" aria-level=\"1\"><strong>Secretaria<\/strong>: <a style=\"font-family: inherit; font-size: 1em;\" href=\"mailto:secretaria.afammp@gmail.com\">secretaria.afammp@gmail.com<\/a> <span style=\"font-weight: 400;\">\u00a0<\/span><span style=\"font-weight: 400;\">( gesti\u00f3 de documentaci\u00f3)<\/span><\/li>\n<\/ul>\n<p>________________________________________________________________________________________________________________<\/p>\n<p><strong>SERVEIS AFA:<\/strong><\/p>\n<p><b><i>ACOLLIDA MATINAL \u2013\u00a0 LUDOTECA<\/i><\/b><\/p>\n<p><span style=\"font-weight: 400;\">Aquests serveis s\u00f3n gestionats directament per l&#8217;AFA. Per fer-ne \u00fas dels mateixos \u00e9s obligatori fer inscripci\u00f3 pr\u00e8via i ser soci\/a de l&#8217;AFA, ja que en cas d&#8217;incid\u00e8ncia s&#8217;ha de ser soci\/a perqu\u00e8 hi hagi una cobertura de l&#8217;asseguran\u00e7a.<\/span><\/p>\n<p><span style=\"font-weight: 400;\">Inscripcions obertes tot el curs.<\/span><\/p>\n<p><span style=\"font-weight: 400;\">Les tarifes les teniu disponibles en la fitxa d\u2019inscripci\u00f3.<\/span><\/p>\n<p><span style=\"font-weight: 400;\">Els horaris s\u00f3n els seg\u00fcents:<\/span><\/p>\n<p><b>L\u2019acollida Matinal<\/b><span style=\"font-weight: 400;\">\u00a0 \u00a0 <\/span> <span style=\"font-weight: 400;\">de 07.15 a 08.30h<\/span><\/p>\n<p><b>Ludoteca tarda <\/b><span style=\"font-weight: 400;\">\u00a0\u00a0\u00a0\u00a0\u00a0\u00a0<\/span> <span style=\"font-weight: 400;\">de 16.30 a 18.00h<\/span><\/p>\n<p><span style=\"font-weight: 400;\">Podeu demanar el full d\u2019inscripci\u00f3 directament a les monitors\/es del servei. O b\u00e9 si necessiteu gestionar l\u2019inscripci\u00f3 online podeu escriure: <\/span><a href=\"mailto:tresoreria.afammp@gmail.com\"><span style=\"font-weight: 400;\">tresoreria.afammp@gmail.com<\/span><\/a><\/p>\n<p><b><i>EXTRAESCOLARS<\/i><\/b><\/p>\n<p><span style=\"font-weight: 400;\">Aquests serveis estan gestionats directament per l\u2019<\/span><b>AFA<\/b><span style=\"font-weight: 400;\">. Per fer-ne \u00fas dels mateixos \u00e9s obligatori fer inscripci\u00f3 pr\u00e8via i ser soci\/a de l&#8217;AFA, ja que en cas d&#8217;incid\u00e8ncia s&#8217;ha de ser soci\/a perqu\u00e8 hi hagi una cobertura de l&#8217;asseguran\u00e7a.<\/span><\/p>\n<p><span style=\"font-weight: 400;\">Inscripcions obertes tot el curs.<\/span><\/p>\n<p><iframe loading=\"lazy\" title=\"PRESENTACI\u00d3 AFA 2022\" width=\"500\" height=\"281\" src=\"https:\/\/www.youtube.com\/embed\/emy9clwT83E?feature=oembed\" frameborder=\"0\" allow=\"accelerometer; autoplay; clipboard-write; encrypted-media; gyroscope; picture-in-picture; web-share\" referrerpolicy=\"strict-origin-when-cross-origin\" allowfullscreen><\/iframe><\/p>\n","protected":false},"excerpt":{"rendered":"<p>QU\u00c8 \u00c9S l\u2019AFA?<br \/>\nL\u2019AFA \u00e9s un \u00f2rgan col\u00b7legiat, associatiu i voluntari de les fam\u00edlies de l\u2019escola, que considerem imprescindible per crear xarxes d\u2019informaci\u00f3, participaci\u00f3 i cooperaci\u00f3 que permetin integrar veritablement les fam\u00edlies a la comunitat educativa. Ha de rebre informaci\u00f3 completa, en especial del projecte educatiu&hellip;  <a href=\"https:\/\/agora.xtec.cat\/iemiquelmartipol\/serveis\/ampa\/\" title=\"Read AFA\">Llegeix m\u00e9s\u00bb<\/a><\/p>\n","protected":false},"author":1,"featured_media":0,"parent":66,"menu_order":31,"comment_status":"closed","ping_status":"closed","template":"","meta":{"_bbp_topic_count":0,"_bbp_reply_count":0,"_bbp_total_topic_count":0,"_bbp_total_reply_count":0,"_bbp_voice_count":0,"_bbp_anonymous_reply_count":0,"_bbp_topic_count_hidden":0,"_bbp_reply_count_hidden":0,"_bbp_forum_subforum_count":0,"footnotes":""},"class_list":["post-460","page","type-page","status-publish","hentry"],"post_mailing_queue_ids":[],"_links":{"self":[{"href":"https:\/\/agora.xtec.cat\/iemiquelmartipol\/wp-json\/wp\/v2\/pages\/460","targetHints":{"allow":["GET"]}}],"collection":[{"href":"https:\/\/agora.xtec.cat\/iemiquelmartipol\/wp-json\/wp\/v2\/pages"}],"about":[{"href":"https:\/\/agora.xtec.cat\/iemiquelmartipol\/wp-json\/wp\/v2\/types\/page"}],"author":[{"embeddable":true,"href":"https:\/\/agora.xtec.cat\/iemiquelmartipol\/wp-json\/wp\/v2\/users\/1"}],"replies":[{"embeddable":true,"href":"https:\/\/agora.xtec.cat\/iemiquelmartipol\/wp-json\/wp\/v2\/comments?post=460"}],"version-history":[{"count":5,"href":"https:\/\/agora.xtec.cat\/iemiquelmartipol\/wp-json\/wp\/v2\/pages\/460\/revisions"}],"predecessor-version":[{"id":3911,"href":"https:\/\/agora.xtec.cat\/iemiquelmartipol\/wp-json\/wp\/v2\/pages\/460\/revisions\/3911"}],"up":[{"embeddable":true,"href":"https:\/\/agora.xtec.cat\/iemiquelmartipol\/wp-json\/wp\/v2\/pages\/66"}],"wp:attachment":[{"href":"https:\/\/agora.xtec.cat\/iemiquelmartipol\/wp-json\/wp\/v2\/media?parent=460"}],"curies":[{"name":"wp","href":"https:\/\/api.w.org\/{rel}","templated":true}]}}